{"id":926,"date":"2021-07-25T07:15:08","date_gmt":"2021-07-25T07:15:08","guid":{"rendered":"https:\/\/www.ae2serpa.pt\/?page_id=926"},"modified":"2021-08-14T16:35:48","modified_gmt":"2021-08-14T15:35:48","slug":"pessoal-docente-e-nao-docente","status":"publish","type":"page","link":"https:\/\/www.ae2serpa.pt\/index.php\/pessoal-docente-e-nao-docente\/","title":{"rendered":"PESSOAL DOCENTE E N\u00c3O DOCENTE"},"content":{"rendered":"\t\t<div data-elementor-type=\"wp-page\" data-elementor-id=\"926\" class=\"elementor elementor-926\">\n\t\t\t\t\t\t\t\t\t<section class=\"elementor-section elementor-top-section elementor-element elementor-element-f8afc18 elementor-section-boxed elementor-section-height-default elementor-section-height-default\" data-id=\"f8afc18\" data-element_type=\"section\">\n\t\t\t\t\t\t<div class=\"elementor-container elementor-column-gap-default\">\n\t\t\t\t\t<div class=\"elementor-column elementor-col-100 elementor-top-column elementor-element elementor-element-28edb59\" data-id=\"28edb59\" data-element_type=\"column\">\n\t\t\t<div class=\"elementor-widget-wrap elementor-element-populated\">\n\t\t\t\t\t\t\t\t<div class=\"elementor-element elementor-element-1c34979 elementor-widget elementor-widget-image\" data-id=\"1c34979\" data-element_type=\"widget\" data-widget_type=\"image.default\">\n\t\t\t\t<div class=\"elementor-widget-container\">\n\t\t\t\t\t\t\t\t\t\t\t\t\t\t\t<img loading=\"lazy\" decoding=\"async\" width=\"567\" height=\"227\" src=\"https:\/\/www.ae2serpa.pt\/wp-content\/uploads\/2021\/08\/Barra_PD-PND.png\" class=\"attachment-medium_large size-medium_large wp-image-3680\" alt=\"\" srcset=\"https:\/\/www.ae2serpa.pt\/wp-content\/uploads\/2021\/08\/Barra_PD-PND.png 567w, https:\/\/www.ae2serpa.pt\/wp-content\/uploads\/2021\/08\/Barra_PD-PND-300x120.png 300w\" sizes=\"(max-width: 567px) 100vw, 567px\" \/>\t\t\t\t\t\t\t\t\t\t\t\t\t\t\t<\/div>\n\t\t\t\t<\/div>\n\t\t\t\t\t<\/div>\n\t\t<\/div>\n\t\t\t\t\t\t\t<\/div>\n\t\t<\/section>\n\t\t\t\t<section class=\"elementor-section elementor-top-section elementor-element elementor-element-f1fdf39 elementor-section-boxed elementor-section-height-default elementor-section-height-default\" data-id=\"f1fdf39\" data-element_type=\"section\">\n\t\t\t\t\t\t<div class=\"elementor-container elementor-column-gap-default\">\n\t\t\t\t\t<div class=\"elementor-column elementor-col-100 elementor-top-column elementor-element elementor-element-de37870\" data-id=\"de37870\" data-element_type=\"column\">\n\t\t\t<div class=\"elementor-widget-wrap elementor-element-populated\">\n\t\t\t\t\t\t\t\t<div class=\"elementor-element elementor-element-4646ecd elementor-align-center elementor-widget elementor-widget-button\" data-id=\"4646ecd\" data-element_type=\"widget\" data-widget_type=\"button.default\">\n\t\t\t\t<div class=\"elementor-widget-container\">\n\t\t\t\t\t<div class=\"elementor-button-wrapper\">\n\t\t\t<a class=\"elementor-button elementor-button-link elementor-size-sm\" href=\"https:\/\/www.ae2serpa.pt\/index.php\/estatutolegislacao\/\" rel=\"nofollow\">\n\t\t\t\t\t\t<span class=\"elementor-button-content-wrapper\">\n\t\t\t\t\t\t<span class=\"elementor-button-text\">ESTATUTO | LEGISLA\u00c7\u00c3O<\/span>\n\t\t<\/span>\n\t\t\t\t\t<\/a>\n\t\t<\/div>\n\t\t\t\t<\/div>\n\t\t\t\t<\/div>\n\t\t\t\t\t<\/div>\n\t\t<\/div>\n\t\t\t\t\t\t\t<\/div>\n\t\t<\/section>\n\t\t\t\t<section class=\"elementor-section elementor-top-section elementor-element elementor-element-f51dfe2 elementor-section-boxed elementor-section-height-default elementor-section-height-default\" data-id=\"f51dfe2\" data-element_type=\"section\">\n\t\t\t\t\t\t<div class=\"elementor-container elementor-column-gap-default\">\n\t\t\t\t\t<div class=\"elementor-column elementor-col-100 elementor-top-column elementor-element elementor-element-04e9dea\" data-id=\"04e9dea\" data-element_type=\"column\">\n\t\t\t<div class=\"elementor-widget-wrap elementor-element-populated\">\n\t\t\t\t\t\t\t\t<div class=\"elementor-element elementor-element-097317f elementor-align-center elementor-widget elementor-widget-button\" data-id=\"097317f\" data-element_type=\"widget\" data-widget_type=\"button.default\">\n\t\t\t\t<div class=\"elementor-widget-container\">\n\t\t\t\t\t<div class=\"elementor-button-wrapper\">\n\t\t\t<a class=\"elementor-button elementor-button-link elementor-size-sm\" href=\"https:\/\/www.ae2serpa.pt\/index.php\/formacao\/\" rel=\"nofollow\">\n\t\t\t\t\t\t<span class=\"elementor-button-content-wrapper\">\n\t\t\t\t\t\t<span class=\"elementor-button-text\">FORMA\u00c7\u00c3O<\/span>\n\t\t<\/span>\n\t\t\t\t\t<\/a>\n\t\t<\/div>\n\t\t\t\t<\/div>\n\t\t\t\t<\/div>\n\t\t\t\t\t<\/div>\n\t\t<\/div>\n\t\t\t\t\t\t\t<\/div>\n\t\t<\/section>\n\t\t\t\t<section class=\"elementor-section elementor-top-section elementor-element elementor-element-9dc304e elementor-section-boxed elementor-section-height-default elementor-section-height-default\" data-id=\"9dc304e\" data-element_type=\"section\">\n\t\t\t\t\t\t<div class=\"elementor-container elementor-column-gap-default\">\n\t\t\t\t\t<div class=\"elementor-column elementor-col-100 elementor-top-column elementor-element elementor-element-add935a\" data-id=\"add935a\" data-element_type=\"column\">\n\t\t\t<div class=\"elementor-widget-wrap elementor-element-populated\">\n\t\t\t\t\t\t\t\t<div class=\"elementor-element elementor-element-330b7c0 elementor-align-center elementor-widget elementor-widget-button\" data-id=\"330b7c0\" data-element_type=\"widget\" data-widget_type=\"button.default\">\n\t\t\t\t<div class=\"elementor-widget-container\">\n\t\t\t\t\t<div class=\"elementor-button-wrapper\">\n\t\t\t<a class=\"elementor-button elementor-button-link elementor-size-sm\" href=\"https:\/\/www.ae2serpa.pt\/index.php\/concursos-docentes\/\" rel=\"nofollow\">\n\t\t\t\t\t\t<span class=\"elementor-button-content-wrapper\">\n\t\t\t\t\t\t<span class=\"elementor-button-text\">CONCURSO DOCENTES<\/span>\n\t\t<\/span>\n\t\t\t\t\t<\/a>\n\t\t<\/div>\n\t\t\t\t<\/div>\n\t\t\t\t<\/div>\n\t\t\t\t\t<\/div>\n\t\t<\/div>\n\t\t\t\t\t\t\t<\/div>\n\t\t<\/section>\n\t\t\t\t<section class=\"elementor-section elementor-top-section elementor-element elementor-element-fee2682 elementor-section-boxed elementor-section-height-default elementor-section-height-default\" data-id=\"fee2682\" data-element_type=\"section\">\n\t\t\t\t\t\t<div class=\"elementor-container elementor-column-gap-default\">\n\t\t\t\t\t<div class=\"elementor-column elementor-col-100 elementor-top-column elementor-element elementor-element-8a87935\" data-id=\"8a87935\" data-element_type=\"column\">\n\t\t\t<div class=\"elementor-widget-wrap elementor-element-populated\">\n\t\t\t\t\t\t\t\t<div class=\"elementor-element elementor-element-49cf627 elementor-align-center elementor-widget elementor-widget-button\" data-id=\"49cf627\" data-element_type=\"widget\" data-widget_type=\"button.default\">\n\t\t\t\t<div class=\"elementor-widget-container\">\n\t\t\t\t\t<div class=\"elementor-button-wrapper\">\n\t\t\t<a class=\"elementor-button elementor-button-link elementor-size-sm\" href=\"https:\/\/www.ae2serpa.pt\/index.php\/concursos-nao-docentes\/\" rel=\"nofollow\">\n\t\t\t\t\t\t<span class=\"elementor-button-content-wrapper\">\n\t\t\t\t\t\t<span class=\"elementor-button-text\">CONCURSO N\u00c3O DOCENTES<\/span>\n\t\t<\/span>\n\t\t\t\t\t<\/a>\n\t\t<\/div>\n\t\t\t\t<\/div>\n\t\t\t\t<\/div>\n\t\t\t\t\t<\/div>\n\t\t<\/div>\n\t\t\t\t\t\t\t<\/div>\n\t\t<\/section>\n\t\t\t\t<section class=\"elementor-section elementor-top-section elementor-element elementor-element-3a884d7 elementor-section-boxed elementor-section-height-default elementor-section-height-default\" data-id=\"3a884d7\" data-element_type=\"section\">\n\t\t\t\t\t\t<div class=\"elementor-container elementor-column-gap-default\">\n\t\t\t\t\t<div class=\"elementor-column elementor-col-100 elementor-top-column elementor-element elementor-element-91b91ec\" data-id=\"91b91ec\" data-element_type=\"column\">\n\t\t\t<div class=\"elementor-widget-wrap elementor-element-populated\">\n\t\t\t\t\t\t\t\t<div class=\"elementor-element elementor-element-56f4a3f elementor-align-center elementor-widget elementor-widget-button\" data-id=\"56f4a3f\" data-element_type=\"widget\" data-widget_type=\"button.default\">\n\t\t\t\t<div class=\"elementor-widget-container\">\n\t\t\t\t\t<div class=\"elementor-button-wrapper\">\n\t\t\t<a class=\"elementor-button elementor-button-link elementor-size-sm\" href=\"https:\/\/www.ae2serpa.pt\/index.php\/add-siadap\/\" rel=\"nofollow\">\n\t\t\t\t\t\t<span class=\"elementor-button-content-wrapper\">\n\t\t\t\t\t\t<span class=\"elementor-button-text\">ADD | SIADAP<\/span>\n\t\t<\/span>\n\t\t\t\t\t<\/a>\n\t\t<\/div>\n\t\t\t\t<\/div>\n\t\t\t\t<\/div>\n\t\t\t\t\t<\/div>\n\t\t<\/div>\n\t\t\t\t\t\t\t<\/div>\n\t\t<\/section>\n\t\t\t\t\t\t\t<\/div>\n\t\t","protected":false},"excerpt":{"rendered":"<p>ESTATUTO | LEGISLA\u00c7\u00c3O FORMA\u00c7\u00c3O CONCURSO DOCENTES CONCURSO N\u00c3O DOCENTES ADD | SIADAP<\/p>\n","protected":false},"author":4,"featured_media":0,"parent":0,"menu_order":0,"comment_status":"closed","ping_status":"closed","template":"","meta":{"footnotes":""},"yoast_head":"<!-- This site is optimized with the Yoast SEO plugin v22.8 - https:\/\/yoast.com\/wordpress\/plugins\/seo\/ -->\n<title>PESSOAL DOCENTE E N\u00c3O DOCENTE - Agrupamento de Escolas n.\u00ba 2 de Serpa<\/title>\n<meta name=\"robots\" content=\"index, follow, max-snippet:-1, max-image-preview:large, max-video-preview:-1\" \/>\n<link rel=\"canonical\" href=\"https:\/\/www.ae2serpa.pt\/index.php\/pessoal-docente-e-nao-docente\/\" \/>\n<meta property=\"og:locale\" content=\"pt_PT\" \/>\n<meta property=\"og:type\" content=\"article\" \/>\n<meta property=\"og:title\" content=\"PESSOAL DOCENTE E N\u00c3O DOCENTE - Agrupamento de Escolas n.\u00ba 2 de Serpa\" \/>\n<meta property=\"og:description\" content=\"ESTATUTO | LEGISLA\u00c7\u00c3O FORMA\u00c7\u00c3O CONCURSO DOCENTES CONCURSO N\u00c3O DOCENTES ADD | SIADAP\" \/>\n<meta property=\"og:url\" content=\"https:\/\/www.ae2serpa.pt\/index.php\/pessoal-docente-e-nao-docente\/\" \/>\n<meta property=\"og:site_name\" content=\"Agrupamento de Escolas n.\u00ba 2 de Serpa\" \/>\n<meta property=\"article:publisher\" content=\"https:\/\/www.facebook.com\/AE2Serpa\/\" \/>\n<meta property=\"article:modified_time\" content=\"2021-08-14T15:35:48+00:00\" \/>\n<meta property=\"og:image\" content=\"https:\/\/www.ae2serpa.pt\/wp-content\/uploads\/2021\/08\/Barra_PD-PND.png\" \/>\n<meta name=\"twitter:card\" content=\"summary_large_image\" \/>\n<meta name=\"twitter:site\" content=\"@ae2serpa\" \/>\n<meta name=\"twitter:label1\" content=\"Tempo estimado de leitura\" \/>\n\t<meta name=\"twitter:data1\" content=\"1 minuto\" \/>\n<script type=\"application\/ld+json\" class=\"yoast-schema-graph\">{\"@context\":\"https:\/\/schema.org\",\"@graph\":[{\"@type\":\"WebPage\",\"@id\":\"https:\/\/www.ae2serpa.pt\/index.php\/pessoal-docente-e-nao-docente\/\",\"url\":\"https:\/\/www.ae2serpa.pt\/index.php\/pessoal-docente-e-nao-docente\/\",\"name\":\"PESSOAL DOCENTE E N\u00c3O DOCENTE - Agrupamento de Escolas n.\u00ba 2 de Serpa\",\"isPartOf\":{\"@id\":\"https:\/\/www.ae2serpa.pt\/#website\"},\"primaryImageOfPage\":{\"@id\":\"https:\/\/www.ae2serpa.pt\/index.php\/pessoal-docente-e-nao-docente\/#primaryimage\"},\"image\":{\"@id\":\"https:\/\/www.ae2serpa.pt\/index.php\/pessoal-docente-e-nao-docente\/#primaryimage\"},\"thumbnailUrl\":\"https:\/\/www.ae2serpa.pt\/wp-content\/uploads\/2021\/08\/Barra_PD-PND.png\",\"datePublished\":\"2021-07-25T07:15:08+00:00\",\"dateModified\":\"2021-08-14T15:35:48+00:00\",\"breadcrumb\":{\"@id\":\"https:\/\/www.ae2serpa.pt\/index.php\/pessoal-docente-e-nao-docente\/#breadcrumb\"},\"inLanguage\":\"pt-PT\",\"potentialAction\":[{\"@type\":\"ReadAction\",\"target\":[\"https:\/\/www.ae2serpa.pt\/index.php\/pessoal-docente-e-nao-docente\/\"]}]},{\"@type\":\"ImageObject\",\"inLanguage\":\"pt-PT\",\"@id\":\"https:\/\/www.ae2serpa.pt\/index.php\/pessoal-docente-e-nao-docente\/#primaryimage\",\"url\":\"https:\/\/www.ae2serpa.pt\/wp-content\/uploads\/2021\/08\/Barra_PD-PND.png\",\"contentUrl\":\"https:\/\/www.ae2serpa.pt\/wp-content\/uploads\/2021\/08\/Barra_PD-PND.png\",\"width\":567,\"height\":227},{\"@type\":\"BreadcrumbList\",\"@id\":\"https:\/\/www.ae2serpa.pt\/index.php\/pessoal-docente-e-nao-docente\/#breadcrumb\",\"itemListElement\":[{\"@type\":\"ListItem\",\"position\":1,\"name\":\"In\u00edcio\",\"item\":\"https:\/\/www.ae2serpa.pt\/\"},{\"@type\":\"ListItem\",\"position\":2,\"name\":\"PESSOAL DOCENTE E N\u00c3O DOCENTE\"}]},{\"@type\":\"WebSite\",\"@id\":\"https:\/\/www.ae2serpa.pt\/#website\",\"url\":\"https:\/\/www.ae2serpa.pt\/\",\"name\":\"AGRUPAMENTO DE ESCOLAS N.\u00ba 2 DE SERPA\",\"description\":\"Agrupamento de Escolas n.\u00ba 2 de Serpa\",\"publisher\":{\"@id\":\"https:\/\/www.ae2serpa.pt\/#organization\"},\"potentialAction\":[{\"@type\":\"SearchAction\",\"target\":{\"@type\":\"EntryPoint\",\"urlTemplate\":\"https:\/\/www.ae2serpa.pt\/?s={search_term_string}\"},\"query-input\":\"required name=search_term_string\"}],\"inLanguage\":\"pt-PT\"},{\"@type\":\"Organization\",\"@id\":\"https:\/\/www.ae2serpa.pt\/#organization\",\"name\":\"AGRUMANENTO DE ESOLAS N.\u00ba 2 DE SERPA\",\"url\":\"https:\/\/www.ae2serpa.pt\/\",\"logo\":{\"@type\":\"ImageObject\",\"inLanguage\":\"pt-PT\",\"@id\":\"https:\/\/www.ae2serpa.pt\/#\/schema\/logo\/image\/\",\"url\":\"https:\/\/www.ae2serpa.pt\/wp-content\/uploads\/2021\/07\/AE2Serpa_LogoNovo-e1627067148639.png\",\"contentUrl\":\"https:\/\/www.ae2serpa.pt\/wp-content\/uploads\/2021\/07\/AE2Serpa_LogoNovo-e1627067148639.png\",\"width\":250,\"height\":149,\"caption\":\"AGRUMANENTO DE ESOLAS N.\u00ba 2 DE SERPA\"},\"image\":{\"@id\":\"https:\/\/www.ae2serpa.pt\/#\/schema\/logo\/image\/\"},\"sameAs\":[\"https:\/\/www.facebook.com\/AE2Serpa\/\",\"https:\/\/x.com\/ae2serpa\",\"https:\/\/www.instagram.com\/agresc2serpa\/\"]}]}<\/script>\n<!-- \/ Yoast SEO plugin. -->","yoast_head_json":{"title":"PESSOAL DOCENTE E N\u00c3O DOCENTE - Agrupamento de Escolas n.\u00ba 2 de Serpa","robots":{"index":"index","follow":"follow","max-snippet":"max-snippet:-1","max-image-preview":"max-image-preview:large","max-video-preview":"max-video-preview:-1"},"canonical":"https:\/\/www.ae2serpa.pt\/index.php\/pessoal-docente-e-nao-docente\/","og_locale":"pt_PT","og_type":"article","og_title":"PESSOAL DOCENTE E N\u00c3O DOCENTE - Agrupamento de Escolas n.\u00ba 2 de Serpa","og_description":"ESTATUTO | LEGISLA\u00c7\u00c3O FORMA\u00c7\u00c3O CONCURSO DOCENTES CONCURSO N\u00c3O DOCENTES ADD | SIADAP","og_url":"https:\/\/www.ae2serpa.pt\/index.php\/pessoal-docente-e-nao-docente\/","og_site_name":"Agrupamento de Escolas n.\u00ba 2 de Serpa","article_publisher":"https:\/\/www.facebook.com\/AE2Serpa\/","article_modified_time":"2021-08-14T15:35:48+00:00","og_image":[{"url":"https:\/\/www.ae2serpa.pt\/wp-content\/uploads\/2021\/08\/Barra_PD-PND.png"}],"twitter_card":"summary_large_image","twitter_site":"@ae2serpa","twitter_misc":{"Tempo estimado de leitura":"1 minuto"},"schema":{"@context":"https:\/\/schema.org","@graph":[{"@type":"WebPage","@id":"https:\/\/www.ae2serpa.pt\/index.php\/pessoal-docente-e-nao-docente\/","url":"https:\/\/www.ae2serpa.pt\/index.php\/pessoal-docente-e-nao-docente\/","name":"PESSOAL DOCENTE E N\u00c3O DOCENTE - Agrupamento de Escolas n.\u00ba 2 de Serpa","isPartOf":{"@id":"https:\/\/www.ae2serpa.pt\/#website"},"primaryImageOfPage":{"@id":"https:\/\/www.ae2serpa.pt\/index.php\/pessoal-docente-e-nao-docente\/#primaryimage"},"image":{"@id":"https:\/\/www.ae2serpa.pt\/index.php\/pessoal-docente-e-nao-docente\/#primaryimage"},"thumbnailUrl":"https:\/\/www.ae2serpa.pt\/wp-content\/uploads\/2021\/08\/Barra_PD-PND.png","datePublished":"2021-07-25T07:15:08+00:00","dateModified":"2021-08-14T15:35:48+00:00","breadcrumb":{"@id":"https:\/\/www.ae2serpa.pt\/index.php\/pessoal-docente-e-nao-docente\/#breadcrumb"},"inLanguage":"pt-PT","potentialAction":[{"@type":"ReadAction","target":["https:\/\/www.ae2serpa.pt\/index.php\/pessoal-docente-e-nao-docente\/"]}]},{"@type":"ImageObject","inLanguage":"pt-PT","@id":"https:\/\/www.ae2serpa.pt\/index.php\/pessoal-docente-e-nao-docente\/#primaryimage","url":"https:\/\/www.ae2serpa.pt\/wp-content\/uploads\/2021\/08\/Barra_PD-PND.png","contentUrl":"https:\/\/www.ae2serpa.pt\/wp-content\/uploads\/2021\/08\/Barra_PD-PND.png","width":567,"height":227},{"@type":"BreadcrumbList","@id":"https:\/\/www.ae2serpa.pt\/index.php\/pessoal-docente-e-nao-docente\/#breadcrumb","itemListElement":[{"@type":"ListItem","position":1,"name":"In\u00edcio","item":"https:\/\/www.ae2serpa.pt\/"},{"@type":"ListItem","position":2,"name":"PESSOAL DOCENTE E N\u00c3O DOCENTE"}]},{"@type":"WebSite","@id":"https:\/\/www.ae2serpa.pt\/#website","url":"https:\/\/www.ae2serpa.pt\/","name":"AGRUPAMENTO DE ESCOLAS N.\u00ba 2 DE SERPA","description":"Agrupamento de Escolas n.\u00ba 2 de Serpa","publisher":{"@id":"https:\/\/www.ae2serpa.pt\/#organization"},"potentialAction":[{"@type":"SearchAction","target":{"@type":"EntryPoint","urlTemplate":"https:\/\/www.ae2serpa.pt\/?s={search_term_string}"},"query-input":"required name=search_term_string"}],"inLanguage":"pt-PT"},{"@type":"Organization","@id":"https:\/\/www.ae2serpa.pt\/#organization","name":"AGRUMANENTO DE ESOLAS N.\u00ba 2 DE SERPA","url":"https:\/\/www.ae2serpa.pt\/","logo":{"@type":"ImageObject","inLanguage":"pt-PT","@id":"https:\/\/www.ae2serpa.pt\/#\/schema\/logo\/image\/","url":"https:\/\/www.ae2serpa.pt\/wp-content\/uploads\/2021\/07\/AE2Serpa_LogoNovo-e1627067148639.png","contentUrl":"https:\/\/www.ae2serpa.pt\/wp-content\/uploads\/2021\/07\/AE2Serpa_LogoNovo-e1627067148639.png","width":250,"height":149,"caption":"AGRUMANENTO DE ESOLAS N.\u00ba 2 DE SERPA"},"image":{"@id":"https:\/\/www.ae2serpa.pt\/#\/schema\/logo\/image\/"},"sameAs":["https:\/\/www.facebook.com\/AE2Serpa\/","https:\/\/x.com\/ae2serpa","https:\/\/www.instagram.com\/agresc2serpa\/"]}]}},"_links":{"self":[{"href":"https:\/\/www.ae2serpa.pt\/index.php\/wp-json\/wp\/v2\/pages\/926"}],"collection":[{"href":"https:\/\/www.ae2serpa.pt\/index.php\/wp-json\/wp\/v2\/pages"}],"about":[{"href":"https:\/\/www.ae2serpa.pt\/index.php\/wp-json\/wp\/v2\/types\/page"}],"author":[{"embeddable":true,"href":"https:\/\/www.ae2serpa.pt\/index.php\/wp-json\/wp\/v2\/users\/4"}],"replies":[{"embeddable":true,"href":"https:\/\/www.ae2serpa.pt\/index.php\/wp-json\/wp\/v2\/comments?post=926"}],"version-history":[{"count":22,"href":"https:\/\/www.ae2serpa.pt\/index.php\/wp-json\/wp\/v2\/pages\/926\/revisions"}],"predecessor-version":[{"id":3698,"href":"https:\/\/www.ae2serpa.pt\/index.php\/wp-json\/wp\/v2\/pages\/926\/revisions\/3698"}],"wp:attachment":[{"href":"https:\/\/www.ae2serpa.pt\/index.php\/wp-json\/wp\/v2\/media?parent=926"}],"curies":[{"name":"wp","href":"https:\/\/api.w.org\/{rel}","templated":true}]}}