{"id":922,"date":"2021-07-25T07:12:01","date_gmt":"2021-07-25T07:12:01","guid":{"rendered":"https:\/\/www.ae2serpa.pt\/?page_id=922"},"modified":"2026-01-27T16:50:43","modified_gmt":"2026-01-27T16:50:43","slug":"refeitorios","status":"publish","type":"page","link":"https:\/\/www.ae2serpa.pt\/index.php\/refeitorios\/","title":{"rendered":"REFEIT\u00d3RIOS"},"content":{"rendered":"\t\t<div data-elementor-type=\"wp-page\" data-elementor-id=\"922\" class=\"elementor elementor-922\">\n\t\t\t\t\t\t\t\t\t<section class=\"elementor-section elementor-top-section elementor-element elementor-element-7e8ac5e elementor-section-boxed elementor-section-height-default elementor-section-height-default\" data-id=\"7e8ac5e\" data-element_type=\"section\">\n\t\t\t\t\t\t<div class=\"elementor-container elementor-column-gap-default\">\n\t\t\t\t\t<div class=\"elementor-column elementor-col-100 elementor-top-column elementor-element elementor-element-6753d4a\" data-id=\"6753d4a\" data-element_type=\"column\">\n\t\t\t<div class=\"elementor-widget-wrap elementor-element-populated\">\n\t\t\t\t\t\t\t\t<div class=\"elementor-element elementor-element-5ca9d05 elementor-widget elementor-widget-heading\" data-id=\"5ca9d05\" data-element_type=\"widget\" data-widget_type=\"heading.default\">\n\t\t\t\t<div class=\"elementor-widget-container\">\n\t\t\t<h2 class=\"elementor-heading-title elementor-size-default\">Ementas semanais<\/h2>\t\t<\/div>\n\t\t\t\t<\/div>\n\t\t\t\t\t<\/div>\n\t\t<\/div>\n\t\t\t\t\t\t\t<\/div>\n\t\t<\/section>\n\t\t\t\t<section class=\"elementor-section elementor-top-section elementor-element elementor-element-ab215bc elementor-section-boxed elementor-section-height-default elementor-section-height-default\" data-id=\"ab215bc\" data-element_type=\"section\">\n\t\t\t\t\t\t<div class=\"elementor-container elementor-column-gap-default\">\n\t\t\t\t\t<div class=\"elementor-column elementor-col-33 elementor-top-column elementor-element elementor-element-b0c22e3\" data-id=\"b0c22e3\" data-element_type=\"column\">\n\t\t\t<div class=\"elementor-widget-wrap elementor-element-populated\">\n\t\t\t\t\t\t\t\t<div class=\"elementor-element elementor-element-e8345f1 elementor-widget elementor-widget-text-editor\" data-id=\"e8345f1\" data-element_type=\"widget\" data-widget_type=\"text-editor.default\">\n\t\t\t\t<div class=\"elementor-widget-container\">\n\t\t\t\t\t\t\t<p style=\"text-align: center;\"><strong>Vila Nova de S\u00e3o Bento:<\/strong><br \/>EB1 VNSB| EB2 VNSB | Pr\u00e9-escolar (Todos) | EB VVF<br \/>(Clique na imagem)<br \/><a href=\"https:\/\/www.ae2serpa.pt\/wp-content\/uploads\/2026\/01\/VNSB-25_30_JAN.pdf\">Descarregue em PDF<\/a><\/p>\t\t\t\t\t\t<\/div>\n\t\t\t\t<\/div>\n\t\t\t\t\t<\/div>\n\t\t<\/div>\n\t\t\t\t<div class=\"elementor-column elementor-col-66 elementor-top-column elementor-element elementor-element-37f8d3e\" data-id=\"37f8d3e\" data-element_type=\"column\">\n\t\t\t<div class=\"elementor-widget-wrap elementor-element-populated\">\n\t\t\t\t\t\t\t\t<div class=\"elementor-element elementor-element-f0ffda1 elementor-widget__width-initial elementor-widget elementor-widget-image\" data-id=\"f0ffda1\" data-element_type=\"widget\" data-widget_type=\"image.default\">\n\t\t\t\t<div class=\"elementor-widget-container\">\n\t\t\t\t\t\t\t\t\t\t\t\t\t\t\t\t<a href=\"https:\/\/www.ae2serpa.pt\/wp-content\/uploads\/2026\/01\/VNSB-25_30_JAN.png\" data-elementor-open-lightbox=\"yes\" data-elementor-lightbox-title=\"VNSB 25_30_JAN\" data-e-action-hash=\"#elementor-action%3Aaction%3Dlightbox%26settings%3DeyJpZCI6MTAyMjcsInVybCI6Imh0dHBzOlwvXC93d3cuYWUyc2VycGEucHRcL3dwLWNvbnRlbnRcL3VwbG9hZHNcLzIwMjZcLzAxXC9WTlNCLTI1XzMwX0pBTi5wbmcifQ%3D%3D\">\n\t\t\t\t\t\t\t<img loading=\"lazy\" decoding=\"async\" width=\"212\" height=\"300\" src=\"https:\/\/www.ae2serpa.pt\/wp-content\/uploads\/2026\/01\/VNSB-25_30_JAN-212x300.png\" class=\"attachment-medium size-medium wp-image-10227\" alt=\"\" srcset=\"https:\/\/www.ae2serpa.pt\/wp-content\/uploads\/2026\/01\/VNSB-25_30_JAN-212x300.png 212w, https:\/\/www.ae2serpa.pt\/wp-content\/uploads\/2026\/01\/VNSB-25_30_JAN-724x1024.png 724w, https:\/\/www.ae2serpa.pt\/wp-content\/uploads\/2026\/01\/VNSB-25_30_JAN-768x1086.png 768w, https:\/\/www.ae2serpa.pt\/wp-content\/uploads\/2026\/01\/VNSB-25_30_JAN-1086x1536.png 1086w, https:\/\/www.ae2serpa.pt\/wp-content\/uploads\/2026\/01\/VNSB-25_30_JAN-1448x2048.png 1448w\" sizes=\"(max-width: 212px) 100vw, 212px\" \/>\t\t\t\t\t\t\t\t<\/a>\n\t\t\t\t\t\t\t\t\t\t\t\t\t\t\t<\/div>\n\t\t\t\t<\/div>\n\t\t\t\t\t<\/div>\n\t\t<\/div>\n\t\t\t\t\t\t\t<\/div>\n\t\t<\/section>\n\t\t\t\t<section class=\"elementor-section elementor-top-section elementor-element elementor-element-67ce65b elementor-section-boxed elementor-section-height-default elementor-section-height-default\" data-id=\"67ce65b\" data-element_type=\"section\">\n\t\t\t\t\t\t<div class=\"elementor-container elementor-column-gap-default\">\n\t\t\t\t\t<div class=\"elementor-column elementor-col-33 elementor-top-column elementor-element elementor-element-c93d197\" data-id=\"c93d197\" data-element_type=\"column\">\n\t\t\t<div class=\"elementor-widget-wrap elementor-element-populated\">\n\t\t\t\t\t\t\t\t<div class=\"elementor-element elementor-element-6a7d018 elementor-widget elementor-widget-text-editor\" data-id=\"6a7d018\" data-element_type=\"widget\" data-widget_type=\"text-editor.default\">\n\t\t\t\t<div class=\"elementor-widget-container\">\n\t\t\t\t\t\t\t<p style=\"text-align: center;\"><strong>Escola Secund\u00e1ria de Serpa:<\/strong><br \/>Escola Secund\u00e1ria de Serpa<br \/>(Clique na imagem) &#8211; em carregamento<br \/><a href=\"https:\/\/www.ae2serpa.pt\/wp-content\/uploads\/2026\/01\/SRP-25_30_JAN.pdf\">Descarregue em PDF<\/a><\/p>\t\t\t\t\t\t<\/div>\n\t\t\t\t<\/div>\n\t\t\t\t\t<\/div>\n\t\t<\/div>\n\t\t\t\t<div class=\"elementor-column elementor-col-66 elementor-top-column elementor-element elementor-element-772749a\" data-id=\"772749a\" data-element_type=\"column\">\n\t\t\t<div class=\"elementor-widget-wrap elementor-element-populated\">\n\t\t\t\t\t\t\t\t<div class=\"elementor-element elementor-element-9d8ba10 elementor-widget__width-initial elementor-widget elementor-widget-image\" data-id=\"9d8ba10\" data-element_type=\"widget\" data-widget_type=\"image.default\">\n\t\t\t\t<div class=\"elementor-widget-container\">\n\t\t\t\t\t\t\t\t\t\t\t\t\t\t\t\t<a href=\"https:\/\/www.ae2serpa.pt\/wp-content\/uploads\/2026\/01\/SRP-25_30_JAN.png\" data-elementor-open-lightbox=\"yes\" data-elementor-lightbox-title=\"SRP 25_30_JAN\" data-e-action-hash=\"#elementor-action%3Aaction%3Dlightbox%26settings%3DeyJpZCI6MTAyMjUsInVybCI6Imh0dHBzOlwvXC93d3cuYWUyc2VycGEucHRcL3dwLWNvbnRlbnRcL3VwbG9hZHNcLzIwMjZcLzAxXC9TUlAtMjVfMzBfSkFOLnBuZyJ9\">\n\t\t\t\t\t\t\t<img loading=\"lazy\" decoding=\"async\" width=\"212\" height=\"300\" src=\"https:\/\/www.ae2serpa.pt\/wp-content\/uploads\/2026\/01\/SRP-25_30_JAN-212x300.png\" class=\"attachment-medium size-medium wp-image-10225\" alt=\"\" srcset=\"https:\/\/www.ae2serpa.pt\/wp-content\/uploads\/2026\/01\/SRP-25_30_JAN-212x300.png 212w, https:\/\/www.ae2serpa.pt\/wp-content\/uploads\/2026\/01\/SRP-25_30_JAN-724x1024.png 724w, https:\/\/www.ae2serpa.pt\/wp-content\/uploads\/2026\/01\/SRP-25_30_JAN-768x1086.png 768w, https:\/\/www.ae2serpa.pt\/wp-content\/uploads\/2026\/01\/SRP-25_30_JAN-1086x1536.png 1086w, https:\/\/www.ae2serpa.pt\/wp-content\/uploads\/2026\/01\/SRP-25_30_JAN-1448x2048.png 1448w\" sizes=\"(max-width: 212px) 100vw, 212px\" \/>\t\t\t\t\t\t\t\t<\/a>\n\t\t\t\t\t\t\t\t\t\t\t\t\t\t\t<\/div>\n\t\t\t\t<\/div>\n\t\t\t\t\t<\/div>\n\t\t<\/div>\n\t\t\t\t\t\t\t<\/div>\n\t\t<\/section>\n\t\t\t\t\t\t\t<\/div>\n\t\t","protected":false},"excerpt":{"rendered":"<p>Ementas semanais Vila Nova de S\u00e3o Bento:EB1 VNSB| EB2 VNSB | Pr\u00e9-escolar (Todos) | EB VVF(Clique na imagem)Descarregue em PDF Escola Secund\u00e1ria de Serpa:Escola Secund\u00e1ria de Serpa(Clique na imagem) &#8211; em carregamentoDescarregue em PDF<\/p>\n","protected":false},"author":4,"featured_media":0,"parent":0,"menu_order":0,"comment_status":"closed","ping_status":"closed","template":"","meta":{"footnotes":""},"yoast_head":"<!-- This site is optimized with the Yoast SEO plugin v22.8 - https:\/\/yoast.com\/wordpress\/plugins\/seo\/ -->\n<title>REFEIT\u00d3RIOS - Agrupamento de Escolas n.\u00ba 2 de Serpa<\/title>\n<meta name=\"robots\" content=\"index, follow, max-snippet:-1, max-image-preview:large, max-video-preview:-1\" \/>\n<link rel=\"canonical\" href=\"https:\/\/www.ae2serpa.pt\/index.php\/refeitorios\/\" \/>\n<meta property=\"og:locale\" content=\"pt_PT\" \/>\n<meta property=\"og:type\" content=\"article\" \/>\n<meta property=\"og:title\" content=\"REFEIT\u00d3RIOS - Agrupamento de Escolas n.\u00ba 2 de Serpa\" \/>\n<meta property=\"og:description\" content=\"Ementas semanais Vila Nova de S\u00e3o Bento:EB1 VNSB| EB2 VNSB | Pr\u00e9-escolar (Todos) | EB VVF(Clique na imagem)Descarregue em PDF Escola Secund\u00e1ria de Serpa:Escola Secund\u00e1ria de Serpa(Clique na imagem) &#8211; em carregamentoDescarregue em PDF\" \/>\n<meta property=\"og:url\" content=\"https:\/\/www.ae2serpa.pt\/index.php\/refeitorios\/\" \/>\n<meta property=\"og:site_name\" content=\"Agrupamento de Escolas n.\u00ba 2 de Serpa\" \/>\n<meta property=\"article:publisher\" content=\"https:\/\/www.facebook.com\/AE2Serpa\/\" \/>\n<meta property=\"article:modified_time\" content=\"2026-01-27T16:50:43+00:00\" \/>\n<meta property=\"og:image\" content=\"https:\/\/www.ae2serpa.pt\/wp-content\/uploads\/2026\/01\/VNSB-25_30_JAN-212x300.png\" \/>\n<meta name=\"twitter:card\" content=\"summary_large_image\" \/>\n<meta name=\"twitter:site\" content=\"@ae2serpa\" \/>\n<script type=\"application\/ld+json\" class=\"yoast-schema-graph\">{\"@context\":\"https:\/\/schema.org\",\"@graph\":[{\"@type\":\"WebPage\",\"@id\":\"https:\/\/www.ae2serpa.pt\/index.php\/refeitorios\/\",\"url\":\"https:\/\/www.ae2serpa.pt\/index.php\/refeitorios\/\",\"name\":\"REFEIT\u00d3RIOS - Agrupamento de Escolas n.\u00ba 2 de Serpa\",\"isPartOf\":{\"@id\":\"https:\/\/www.ae2serpa.pt\/#website\"},\"primaryImageOfPage\":{\"@id\":\"https:\/\/www.ae2serpa.pt\/index.php\/refeitorios\/#primaryimage\"},\"image\":{\"@id\":\"https:\/\/www.ae2serpa.pt\/index.php\/refeitorios\/#primaryimage\"},\"thumbnailUrl\":\"https:\/\/www.ae2serpa.pt\/wp-content\/uploads\/2026\/01\/VNSB-25_30_JAN-212x300.png\",\"datePublished\":\"2021-07-25T07:12:01+00:00\",\"dateModified\":\"2026-01-27T16:50:43+00:00\",\"breadcrumb\":{\"@id\":\"https:\/\/www.ae2serpa.pt\/index.php\/refeitorios\/#breadcrumb\"},\"inLanguage\":\"pt-PT\",\"potentialAction\":[{\"@type\":\"ReadAction\",\"target\":[\"https:\/\/www.ae2serpa.pt\/index.php\/refeitorios\/\"]}]},{\"@type\":\"ImageObject\",\"inLanguage\":\"pt-PT\",\"@id\":\"https:\/\/www.ae2serpa.pt\/index.php\/refeitorios\/#primaryimage\",\"url\":\"https:\/\/www.ae2serpa.pt\/wp-content\/uploads\/2026\/01\/VNSB-25_30_JAN.png\",\"contentUrl\":\"https:\/\/www.ae2serpa.pt\/wp-content\/uploads\/2026\/01\/VNSB-25_30_JAN.png\",\"width\":2482,\"height\":3510},{\"@type\":\"BreadcrumbList\",\"@id\":\"https:\/\/www.ae2serpa.pt\/index.php\/refeitorios\/#breadcrumb\",\"itemListElement\":[{\"@type\":\"ListItem\",\"position\":1,\"name\":\"In\u00edcio\",\"item\":\"https:\/\/www.ae2serpa.pt\/\"},{\"@type\":\"ListItem\",\"position\":2,\"name\":\"REFEIT\u00d3RIOS\"}]},{\"@type\":\"WebSite\",\"@id\":\"https:\/\/www.ae2serpa.pt\/#website\",\"url\":\"https:\/\/www.ae2serpa.pt\/\",\"name\":\"AGRUPAMENTO DE ESCOLAS N.\u00ba 2 DE SERPA\",\"description\":\"Agrupamento de Escolas n.\u00ba 2 de Serpa\",\"publisher\":{\"@id\":\"https:\/\/www.ae2serpa.pt\/#organization\"},\"potentialAction\":[{\"@type\":\"SearchAction\",\"target\":{\"@type\":\"EntryPoint\",\"urlTemplate\":\"https:\/\/www.ae2serpa.pt\/?s={search_term_string}\"},\"query-input\":\"required name=search_term_string\"}],\"inLanguage\":\"pt-PT\"},{\"@type\":\"Organization\",\"@id\":\"https:\/\/www.ae2serpa.pt\/#organization\",\"name\":\"AGRUMANENTO DE ESOLAS N.\u00ba 2 DE SERPA\",\"url\":\"https:\/\/www.ae2serpa.pt\/\",\"logo\":{\"@type\":\"ImageObject\",\"inLanguage\":\"pt-PT\",\"@id\":\"https:\/\/www.ae2serpa.pt\/#\/schema\/logo\/image\/\",\"url\":\"https:\/\/www.ae2serpa.pt\/wp-content\/uploads\/2021\/07\/AE2Serpa_LogoNovo-e1627067148639.png\",\"contentUrl\":\"https:\/\/www.ae2serpa.pt\/wp-content\/uploads\/2021\/07\/AE2Serpa_LogoNovo-e1627067148639.png\",\"width\":250,\"height\":149,\"caption\":\"AGRUMANENTO DE ESOLAS N.\u00ba 2 DE SERPA\"},\"image\":{\"@id\":\"https:\/\/www.ae2serpa.pt\/#\/schema\/logo\/image\/\"},\"sameAs\":[\"https:\/\/www.facebook.com\/AE2Serpa\/\",\"https:\/\/x.com\/ae2serpa\",\"https:\/\/www.instagram.com\/agresc2serpa\/\"]}]}<\/script>\n<!-- \/ Yoast SEO plugin. -->","yoast_head_json":{"title":"REFEIT\u00d3RIOS - Agrupamento de Escolas n.\u00ba 2 de Serpa","robots":{"index":"index","follow":"follow","max-snippet":"max-snippet:-1","max-image-preview":"max-image-preview:large","max-video-preview":"max-video-preview:-1"},"canonical":"https:\/\/www.ae2serpa.pt\/index.php\/refeitorios\/","og_locale":"pt_PT","og_type":"article","og_title":"REFEIT\u00d3RIOS - Agrupamento de Escolas n.\u00ba 2 de Serpa","og_description":"Ementas semanais Vila Nova de S\u00e3o Bento:EB1 VNSB| EB2 VNSB | Pr\u00e9-escolar (Todos) | EB VVF(Clique na imagem)Descarregue em PDF Escola Secund\u00e1ria de Serpa:Escola Secund\u00e1ria de Serpa(Clique na imagem) &#8211; em carregamentoDescarregue em PDF","og_url":"https:\/\/www.ae2serpa.pt\/index.php\/refeitorios\/","og_site_name":"Agrupamento de Escolas n.\u00ba 2 de Serpa","article_publisher":"https:\/\/www.facebook.com\/AE2Serpa\/","article_modified_time":"2026-01-27T16:50:43+00:00","og_image":[{"url":"https:\/\/www.ae2serpa.pt\/wp-content\/uploads\/2026\/01\/VNSB-25_30_JAN-212x300.png"}],"twitter_card":"summary_large_image","twitter_site":"@ae2serpa","schema":{"@context":"https:\/\/schema.org","@graph":[{"@type":"WebPage","@id":"https:\/\/www.ae2serpa.pt\/index.php\/refeitorios\/","url":"https:\/\/www.ae2serpa.pt\/index.php\/refeitorios\/","name":"REFEIT\u00d3RIOS - Agrupamento de Escolas n.\u00ba 2 de Serpa","isPartOf":{"@id":"https:\/\/www.ae2serpa.pt\/#website"},"primaryImageOfPage":{"@id":"https:\/\/www.ae2serpa.pt\/index.php\/refeitorios\/#primaryimage"},"image":{"@id":"https:\/\/www.ae2serpa.pt\/index.php\/refeitorios\/#primaryimage"},"thumbnailUrl":"https:\/\/www.ae2serpa.pt\/wp-content\/uploads\/2026\/01\/VNSB-25_30_JAN-212x300.png","datePublished":"2021-07-25T07:12:01+00:00","dateModified":"2026-01-27T16:50:43+00:00","breadcrumb":{"@id":"https:\/\/www.ae2serpa.pt\/index.php\/refeitorios\/#breadcrumb"},"inLanguage":"pt-PT","potentialAction":[{"@type":"ReadAction","target":["https:\/\/www.ae2serpa.pt\/index.php\/refeitorios\/"]}]},{"@type":"ImageObject","inLanguage":"pt-PT","@id":"https:\/\/www.ae2serpa.pt\/index.php\/refeitorios\/#primaryimage","url":"https:\/\/www.ae2serpa.pt\/wp-content\/uploads\/2026\/01\/VNSB-25_30_JAN.png","contentUrl":"https:\/\/www.ae2serpa.pt\/wp-content\/uploads\/2026\/01\/VNSB-25_30_JAN.png","width":2482,"height":3510},{"@type":"BreadcrumbList","@id":"https:\/\/www.ae2serpa.pt\/index.php\/refeitorios\/#breadcrumb","itemListElement":[{"@type":"ListItem","position":1,"name":"In\u00edcio","item":"https:\/\/www.ae2serpa.pt\/"},{"@type":"ListItem","position":2,"name":"REFEIT\u00d3RIOS"}]},{"@type":"WebSite","@id":"https:\/\/www.ae2serpa.pt\/#website","url":"https:\/\/www.ae2serpa.pt\/","name":"AGRUPAMENTO DE ESCOLAS N.\u00ba 2 DE SERPA","description":"Agrupamento de Escolas n.\u00ba 2 de Serpa","publisher":{"@id":"https:\/\/www.ae2serpa.pt\/#organization"},"potentialAction":[{"@type":"SearchAction","target":{"@type":"EntryPoint","urlTemplate":"https:\/\/www.ae2serpa.pt\/?s={search_term_string}"},"query-input":"required name=search_term_string"}],"inLanguage":"pt-PT"},{"@type":"Organization","@id":"https:\/\/www.ae2serpa.pt\/#organization","name":"AGRUMANENTO DE ESOLAS N.\u00ba 2 DE SERPA","url":"https:\/\/www.ae2serpa.pt\/","logo":{"@type":"ImageObject","inLanguage":"pt-PT","@id":"https:\/\/www.ae2serpa.pt\/#\/schema\/logo\/image\/","url":"https:\/\/www.ae2serpa.pt\/wp-content\/uploads\/2021\/07\/AE2Serpa_LogoNovo-e1627067148639.png","contentUrl":"https:\/\/www.ae2serpa.pt\/wp-content\/uploads\/2021\/07\/AE2Serpa_LogoNovo-e1627067148639.png","width":250,"height":149,"caption":"AGRUMANENTO DE ESOLAS N.\u00ba 2 DE SERPA"},"image":{"@id":"https:\/\/www.ae2serpa.pt\/#\/schema\/logo\/image\/"},"sameAs":["https:\/\/www.facebook.com\/AE2Serpa\/","https:\/\/x.com\/ae2serpa","https:\/\/www.instagram.com\/agresc2serpa\/"]}]}},"_links":{"self":[{"href":"https:\/\/www.ae2serpa.pt\/index.php\/wp-json\/wp\/v2\/pages\/922"}],"collection":[{"href":"https:\/\/www.ae2serpa.pt\/index.php\/wp-json\/wp\/v2\/pages"}],"about":[{"href":"https:\/\/www.ae2serpa.pt\/index.php\/wp-json\/wp\/v2\/types\/page"}],"author":[{"embeddable":true,"href":"https:\/\/www.ae2serpa.pt\/index.php\/wp-json\/wp\/v2\/users\/4"}],"replies":[{"embeddable":true,"href":"https:\/\/www.ae2serpa.pt\/index.php\/wp-json\/wp\/v2\/comments?post=922"}],"version-history":[{"count":190,"href":"https:\/\/www.ae2serpa.pt\/index.php\/wp-json\/wp\/v2\/pages\/922\/revisions"}],"predecessor-version":[{"id":10230,"href":"https:\/\/www.ae2serpa.pt\/index.php\/wp-json\/wp\/v2\/pages\/922\/revisions\/10230"}],"wp:attachment":[{"href":"https:\/\/www.ae2serpa.pt\/index.php\/wp-json\/wp\/v2\/media?parent=922"}],"curies":[{"name":"wp","href":"https:\/\/api.w.org\/{rel}","templated":true}]}}