{"id":910,"date":"2021-07-25T01:07:20","date_gmt":"2021-07-25T01:07:20","guid":{"rendered":"https:\/\/www.ae2serpa.pt\/?page_id=910"},"modified":"2024-12-11T10:29:45","modified_gmt":"2024-12-11T10:29:45","slug":"bibliotecas-escolares","status":"publish","type":"page","link":"https:\/\/www.ae2serpa.pt\/index.php\/bibliotecas-escolares\/","title":{"rendered":"BIBLIOTECAS ESCOLARES"},"content":{"rendered":"\t\t<div data-elementor-type=\"wp-page\" data-elementor-id=\"910\" class=\"elementor elementor-910\">\n\t\t\t\t\t\t\t\t\t<section class=\"elementor-section elementor-top-section elementor-element elementor-element-d596f61 elementor-section-boxed elementor-section-height-default elementor-section-height-default\" data-id=\"d596f61\" data-element_type=\"section\">\n\t\t\t\t\t\t<div class=\"elementor-container elementor-column-gap-default\">\n\t\t\t\t\t<div class=\"elementor-column elementor-col-100 elementor-top-column elementor-element elementor-element-a4bc77e\" data-id=\"a4bc77e\" data-element_type=\"column\">\n\t\t\t<div class=\"elementor-widget-wrap elementor-element-populated\">\n\t\t\t\t\t\t\t\t<div class=\"elementor-element elementor-element-defbc55 elementor-widget elementor-widget-heading\" data-id=\"defbc55\" data-element_type=\"widget\" data-widget_type=\"heading.default\">\n\t\t\t\t<div class=\"elementor-widget-container\">\n\t\t\t<h4 class=\"elementor-heading-title elementor-size-default\">Bibliotecas do Agrupamento integradas na Rede de Bibliotecas Escolares<\/h4>\t\t<\/div>\n\t\t\t\t<\/div>\n\t\t\t\t\t<\/div>\n\t\t<\/div>\n\t\t\t\t\t\t\t<\/div>\n\t\t<\/section>\n\t\t\t\t<section class=\"elementor-section elementor-top-section elementor-element elementor-element-d3dc635 elementor-section-boxed elementor-section-height-default elementor-section-height-default\" data-id=\"d3dc635\" data-element_type=\"section\">\n\t\t\t\t\t\t<div class=\"elementor-container elementor-column-gap-default\">\n\t\t\t\t\t<div class=\"elementor-column elementor-col-100 elementor-top-column elementor-element elementor-element-6eb956c\" data-id=\"6eb956c\" data-element_type=\"column\">\n\t\t\t<div class=\"elementor-widget-wrap elementor-element-populated\">\n\t\t\t\t\t\t\t\t<div class=\"elementor-element elementor-element-a60b943 elementor-widget elementor-widget-text-editor\" data-id=\"a60b943\" data-element_type=\"widget\" data-widget_type=\"text-editor.default\">\n\t\t\t\t<div class=\"elementor-widget-container\">\n\t\t\t\t\t\t\t<ul><li><span style=\"color: #000000;\">Biblioteca Mira Fernandes (Escola Secund\u00e1ria de Serpa)<\/span><\/li><li><span style=\"color: #000000;\">Biblioteca da Escola B\u00e1sica n.\u00ba 1 de Vila Nova de S\u00e3o Bento<\/span><\/li><li><span style=\"color: #000000;\">Biblioteca da Escola B\u00e1sica n.\u00ba 2 de Vila Nova de S\u00e3o Bento<\/span><\/li><li><span style=\"color: #000000;\">Biblioteca da Escola B\u00e1sica de Vila Verde de Ficalho<\/span><\/li><\/ul>\t\t\t\t\t\t<\/div>\n\t\t\t\t<\/div>\n\t\t\t\t\t<\/div>\n\t\t<\/div>\n\t\t\t\t\t\t\t<\/div>\n\t\t<\/section>\n\t\t\t\t<section class=\"elementor-section elementor-top-section elementor-element elementor-element-bcfc5d8 elementor-section-boxed elementor-section-height-default elementor-section-height-default\" data-id=\"bcfc5d8\" data-element_type=\"section\">\n\t\t\t\t\t\t<div class=\"elementor-container elementor-column-gap-default\">\n\t\t\t\t\t<div class=\"elementor-column elementor-col-100 elementor-top-column elementor-element elementor-element-b7d9245\" data-id=\"b7d9245\" data-element_type=\"column\">\n\t\t\t<div class=\"elementor-widget-wrap elementor-element-populated\">\n\t\t\t\t\t\t\t\t<div class=\"elementor-element elementor-element-a416a0c elementor-widget elementor-widget-text-editor\" data-id=\"a416a0c\" data-element_type=\"widget\" data-widget_type=\"text-editor.default\">\n\t\t\t\t<div class=\"elementor-widget-container\">\n\t\t\t\t\t\t\t<p><strong>Professor Bibliotec\u00e1rio<\/strong><br \/>Pedro Manuel Ramos Moreira<\/p><p><strong>Contactos Biblioteca (sede)<br \/><\/strong>e-mail: biblioteca@ae2serpa.pt<\/p>\t\t\t\t\t\t<\/div>\n\t\t\t\t<\/div>\n\t\t\t\t\t<\/div>\n\t\t<\/div>\n\t\t\t\t\t\t\t<\/div>\n\t\t<\/section>\n\t\t\t\t<section class=\"elementor-section elementor-top-section elementor-element elementor-element-9b0311a elementor-section-boxed elementor-section-height-default elementor-section-height-default\" data-id=\"9b0311a\" data-element_type=\"section\">\n\t\t\t\t\t\t<div class=\"elementor-container elementor-column-gap-default\">\n\t\t\t\t\t<div class=\"elementor-column elementor-col-50 elementor-top-column elementor-element elementor-element-ad87b4b\" data-id=\"ad87b4b\" data-element_type=\"column\">\n\t\t\t<div class=\"elementor-widget-wrap elementor-element-populated\">\n\t\t\t\t\t\t\t\t<div class=\"elementor-element elementor-element-802587b elementor-widget elementor-widget-heading\" data-id=\"802587b\" data-element_type=\"widget\" data-widget_type=\"heading.default\">\n\t\t\t\t<div class=\"elementor-widget-container\">\n\t\t\t<h3 class=\"elementor-heading-title elementor-size-default\">P\u00e1gina das Bibliotecas Escolares<\/h3>\t\t<\/div>\n\t\t\t\t<\/div>\n\t\t\t\t\t<\/div>\n\t\t<\/div>\n\t\t\t\t<div class=\"elementor-column elementor-col-50 elementor-top-column elementor-element elementor-element-857e693\" data-id=\"857e693\" data-element_type=\"column\">\n\t\t\t<div class=\"elementor-widget-wrap elementor-element-populated\">\n\t\t\t\t\t\t\t\t<div class=\"elementor-element elementor-element-076016a elementor-widget elementor-widget-heading\" data-id=\"076016a\" data-element_type=\"widget\" data-widget_type=\"heading.default\">\n\t\t\t\t<div class=\"elementor-widget-container\">\n\t\t\t<h3 class=\"elementor-heading-title elementor-size-default\">Blogs das Bibliotecas Escolares<\/h3>\t\t<\/div>\n\t\t\t\t<\/div>\n\t\t\t\t\t<\/div>\n\t\t<\/div>\n\t\t\t\t\t\t\t<\/div>\n\t\t<\/section>\n\t\t\t\t<section class=\"elementor-section elementor-top-section elementor-element elementor-element-d545832 elementor-section-boxed elementor-section-height-default elementor-section-height-default\" data-id=\"d545832\" data-element_type=\"section\">\n\t\t\t\t\t\t<div class=\"elementor-container elementor-column-gap-default\">\n\t\t\t\t\t<div class=\"elementor-column elementor-col-50 elementor-top-column elementor-element elementor-element-c3d7e0e\" data-id=\"c3d7e0e\" data-element_type=\"column\">\n\t\t\t<div class=\"elementor-widget-wrap elementor-element-populated\">\n\t\t\t\t\t\t\t\t<div class=\"elementor-element elementor-element-e34902a elementor-widget elementor-widget-image\" data-id=\"e34902a\" data-element_type=\"widget\" data-widget_type=\"image.default\">\n\t\t\t\t<div class=\"elementor-widget-container\">\n\t\t\t\t\t\t\t\t\t\t\t\t\t\t\t\t<a href=\"http:\/\/be.ae2serpa.pt\/\">\n\t\t\t\t\t\t\t<img loading=\"lazy\" decoding=\"async\" width=\"696\" height=\"344\" src=\"https:\/\/www.ae2serpa.pt\/wp-content\/uploads\/2021\/08\/BE_CatOnline.png\" class=\"attachment-large size-large wp-image-2307\" alt=\"\" srcset=\"https:\/\/www.ae2serpa.pt\/wp-content\/uploads\/2021\/08\/BE_CatOnline.png 763w, https:\/\/www.ae2serpa.pt\/wp-content\/uploads\/2021\/08\/BE_CatOnline-300x148.png 300w\" sizes=\"(max-width: 696px) 100vw, 696px\" \/>\t\t\t\t\t\t\t\t<\/a>\n\t\t\t\t\t\t\t\t\t\t\t\t\t\t\t<\/div>\n\t\t\t\t<\/div>\n\t\t\t\t\t<\/div>\n\t\t<\/div>\n\t\t\t\t<div class=\"elementor-column elementor-col-50 elementor-top-column elementor-element elementor-element-adc0a57\" data-id=\"adc0a57\" data-element_type=\"column\">\n\t\t\t<div class=\"elementor-widget-wrap elementor-element-populated\">\n\t\t\t\t\t\t\t\t<div class=\"elementor-element elementor-element-2a37767 elementor-widget elementor-widget-image\" data-id=\"2a37767\" data-element_type=\"widget\" data-widget_type=\"image.default\">\n\t\t\t\t<div class=\"elementor-widget-container\">\n\t\t\t\t\t\t\t\t\t\t\t\t\t\t\t\t<a href=\"http:\/\/bibliotecaportaberta.blogspot.com\/\">\n\t\t\t\t\t\t\t<img loading=\"lazy\" decoding=\"async\" width=\"696\" height=\"416\" src=\"https:\/\/www.ae2serpa.pt\/wp-content\/uploads\/2021\/08\/Blogues.png\" class=\"attachment-large size-large wp-image-2308\" alt=\"\" srcset=\"https:\/\/www.ae2serpa.pt\/wp-content\/uploads\/2021\/08\/Blogues.png 800w, https:\/\/www.ae2serpa.pt\/wp-content\/uploads\/2021\/08\/Blogues-300x179.png 300w, https:\/\/www.ae2serpa.pt\/wp-content\/uploads\/2021\/08\/Blogues-768x459.png 768w\" sizes=\"(max-width: 696px) 100vw, 696px\" \/>\t\t\t\t\t\t\t\t<\/a>\n\t\t\t\t\t\t\t\t\t\t\t\t\t\t\t<\/div>\n\t\t\t\t<\/div>\n\t\t\t\t\t<\/div>\n\t\t<\/div>\n\t\t\t\t\t\t\t<\/div>\n\t\t<\/section>\n\t\t\t\t\t\t\t<\/div>\n\t\t","protected":false},"excerpt":{"rendered":"<p>Bibliotecas do Agrupamento integradas na Rede de Bibliotecas Escolares Biblioteca Mira Fernandes (Escola Secund\u00e1ria de Serpa) Biblioteca da Escola B\u00e1sica n.\u00ba 1 de Vila Nova de S\u00e3o Bento Biblioteca da Escola B\u00e1sica n.\u00ba 2 de Vila Nova de S\u00e3o Bento Biblioteca da Escola B\u00e1sica de Vila Verde de Ficalho Professor Bibliotec\u00e1rioPedro Manuel Ramos Moreira Contactos [&hellip;]<\/p>\n","protected":false},"author":4,"featured_media":0,"parent":0,"menu_order":0,"comment_status":"closed","ping_status":"closed","template":"","meta":{"footnotes":""},"yoast_head":"<!-- This site is optimized with the Yoast SEO plugin v22.8 - https:\/\/yoast.com\/wordpress\/plugins\/seo\/ -->\n<title>BIBLIOTECAS ESCOLARES - Agrupamento de Escolas n.\u00ba 2 de Serpa<\/title>\n<meta name=\"robots\" content=\"index, follow, max-snippet:-1, max-image-preview:large, max-video-preview:-1\" \/>\n<link rel=\"canonical\" href=\"https:\/\/www.ae2serpa.pt\/index.php\/bibliotecas-escolares\/\" \/>\n<meta property=\"og:locale\" content=\"pt_PT\" \/>\n<meta property=\"og:type\" content=\"article\" \/>\n<meta property=\"og:title\" content=\"BIBLIOTECAS ESCOLARES - Agrupamento de Escolas n.\u00ba 2 de Serpa\" \/>\n<meta property=\"og:description\" content=\"Bibliotecas do Agrupamento integradas na Rede de Bibliotecas Escolares Biblioteca Mira Fernandes (Escola Secund\u00e1ria de Serpa) Biblioteca da Escola B\u00e1sica n.\u00ba 1 de Vila Nova de S\u00e3o Bento Biblioteca da Escola B\u00e1sica n.\u00ba 2 de Vila Nova de S\u00e3o Bento Biblioteca da Escola B\u00e1sica de Vila Verde de Ficalho Professor Bibliotec\u00e1rioPedro Manuel Ramos Moreira Contactos [&hellip;]\" \/>\n<meta property=\"og:url\" content=\"https:\/\/www.ae2serpa.pt\/index.php\/bibliotecas-escolares\/\" \/>\n<meta property=\"og:site_name\" content=\"Agrupamento de Escolas n.\u00ba 2 de Serpa\" \/>\n<meta property=\"article:publisher\" content=\"https:\/\/www.facebook.com\/AE2Serpa\/\" \/>\n<meta property=\"article:modified_time\" content=\"2024-12-11T10:29:45+00:00\" \/>\n<meta property=\"og:image\" content=\"https:\/\/www.ae2serpa.pt\/wp-content\/uploads\/2021\/08\/BE_CatOnline.png\" \/>\n<meta name=\"twitter:card\" content=\"summary_large_image\" \/>\n<meta name=\"twitter:site\" content=\"@ae2serpa\" \/>\n<meta name=\"twitter:label1\" content=\"Tempo estimado de leitura\" \/>\n\t<meta name=\"twitter:data1\" content=\"1 minuto\" \/>\n<script type=\"application\/ld+json\" class=\"yoast-schema-graph\">{\"@context\":\"https:\/\/schema.org\",\"@graph\":[{\"@type\":\"WebPage\",\"@id\":\"https:\/\/www.ae2serpa.pt\/index.php\/bibliotecas-escolares\/\",\"url\":\"https:\/\/www.ae2serpa.pt\/index.php\/bibliotecas-escolares\/\",\"name\":\"BIBLIOTECAS ESCOLARES - Agrupamento de Escolas n.\u00ba 2 de Serpa\",\"isPartOf\":{\"@id\":\"https:\/\/www.ae2serpa.pt\/#website\"},\"primaryImageOfPage\":{\"@id\":\"https:\/\/www.ae2serpa.pt\/index.php\/bibliotecas-escolares\/#primaryimage\"},\"image\":{\"@id\":\"https:\/\/www.ae2serpa.pt\/index.php\/bibliotecas-escolares\/#primaryimage\"},\"thumbnailUrl\":\"https:\/\/www.ae2serpa.pt\/wp-content\/uploads\/2021\/08\/BE_CatOnline.png\",\"datePublished\":\"2021-07-25T01:07:20+00:00\",\"dateModified\":\"2024-12-11T10:29:45+00:00\",\"breadcrumb\":{\"@id\":\"https:\/\/www.ae2serpa.pt\/index.php\/bibliotecas-escolares\/#breadcrumb\"},\"inLanguage\":\"pt-PT\",\"potentialAction\":[{\"@type\":\"ReadAction\",\"target\":[\"https:\/\/www.ae2serpa.pt\/index.php\/bibliotecas-escolares\/\"]}]},{\"@type\":\"ImageObject\",\"inLanguage\":\"pt-PT\",\"@id\":\"https:\/\/www.ae2serpa.pt\/index.php\/bibliotecas-escolares\/#primaryimage\",\"url\":\"https:\/\/www.ae2serpa.pt\/wp-content\/uploads\/2021\/08\/BE_CatOnline.png\",\"contentUrl\":\"https:\/\/www.ae2serpa.pt\/wp-content\/uploads\/2021\/08\/BE_CatOnline.png\",\"width\":763,\"height\":377},{\"@type\":\"BreadcrumbList\",\"@id\":\"https:\/\/www.ae2serpa.pt\/index.php\/bibliotecas-escolares\/#breadcrumb\",\"itemListElement\":[{\"@type\":\"ListItem\",\"position\":1,\"name\":\"In\u00edcio\",\"item\":\"https:\/\/www.ae2serpa.pt\/\"},{\"@type\":\"ListItem\",\"position\":2,\"name\":\"BIBLIOTECAS ESCOLARES\"}]},{\"@type\":\"WebSite\",\"@id\":\"https:\/\/www.ae2serpa.pt\/#website\",\"url\":\"https:\/\/www.ae2serpa.pt\/\",\"name\":\"AGRUPAMENTO DE ESCOLAS N.\u00ba 2 DE SERPA\",\"description\":\"Agrupamento de Escolas n.\u00ba 2 de Serpa\",\"publisher\":{\"@id\":\"https:\/\/www.ae2serpa.pt\/#organization\"},\"potentialAction\":[{\"@type\":\"SearchAction\",\"target\":{\"@type\":\"EntryPoint\",\"urlTemplate\":\"https:\/\/www.ae2serpa.pt\/?s={search_term_string}\"},\"query-input\":\"required name=search_term_string\"}],\"inLanguage\":\"pt-PT\"},{\"@type\":\"Organization\",\"@id\":\"https:\/\/www.ae2serpa.pt\/#organization\",\"name\":\"AGRUMANENTO DE ESOLAS N.\u00ba 2 DE SERPA\",\"url\":\"https:\/\/www.ae2serpa.pt\/\",\"logo\":{\"@type\":\"ImageObject\",\"inLanguage\":\"pt-PT\",\"@id\":\"https:\/\/www.ae2serpa.pt\/#\/schema\/logo\/image\/\",\"url\":\"https:\/\/www.ae2serpa.pt\/wp-content\/uploads\/2021\/07\/AE2Serpa_LogoNovo-e1627067148639.png\",\"contentUrl\":\"https:\/\/www.ae2serpa.pt\/wp-content\/uploads\/2021\/07\/AE2Serpa_LogoNovo-e1627067148639.png\",\"width\":250,\"height\":149,\"caption\":\"AGRUMANENTO DE ESOLAS N.\u00ba 2 DE SERPA\"},\"image\":{\"@id\":\"https:\/\/www.ae2serpa.pt\/#\/schema\/logo\/image\/\"},\"sameAs\":[\"https:\/\/www.facebook.com\/AE2Serpa\/\",\"https:\/\/x.com\/ae2serpa\",\"https:\/\/www.instagram.com\/agresc2serpa\/\"]}]}<\/script>\n<!-- \/ Yoast SEO plugin. -->","yoast_head_json":{"title":"BIBLIOTECAS ESCOLARES - Agrupamento de Escolas n.\u00ba 2 de Serpa","robots":{"index":"index","follow":"follow","max-snippet":"max-snippet:-1","max-image-preview":"max-image-preview:large","max-video-preview":"max-video-preview:-1"},"canonical":"https:\/\/www.ae2serpa.pt\/index.php\/bibliotecas-escolares\/","og_locale":"pt_PT","og_type":"article","og_title":"BIBLIOTECAS ESCOLARES - Agrupamento de Escolas n.\u00ba 2 de Serpa","og_description":"Bibliotecas do Agrupamento integradas na Rede de Bibliotecas Escolares Biblioteca Mira Fernandes (Escola Secund\u00e1ria de Serpa) Biblioteca da Escola B\u00e1sica n.\u00ba 1 de Vila Nova de S\u00e3o Bento Biblioteca da Escola B\u00e1sica n.\u00ba 2 de Vila Nova de S\u00e3o Bento Biblioteca da Escola B\u00e1sica de Vila Verde de Ficalho Professor Bibliotec\u00e1rioPedro Manuel Ramos Moreira Contactos [&hellip;]","og_url":"https:\/\/www.ae2serpa.pt\/index.php\/bibliotecas-escolares\/","og_site_name":"Agrupamento de Escolas n.\u00ba 2 de Serpa","article_publisher":"https:\/\/www.facebook.com\/AE2Serpa\/","article_modified_time":"2024-12-11T10:29:45+00:00","og_image":[{"url":"https:\/\/www.ae2serpa.pt\/wp-content\/uploads\/2021\/08\/BE_CatOnline.png"}],"twitter_card":"summary_large_image","twitter_site":"@ae2serpa","twitter_misc":{"Tempo estimado de leitura":"1 minuto"},"schema":{"@context":"https:\/\/schema.org","@graph":[{"@type":"WebPage","@id":"https:\/\/www.ae2serpa.pt\/index.php\/bibliotecas-escolares\/","url":"https:\/\/www.ae2serpa.pt\/index.php\/bibliotecas-escolares\/","name":"BIBLIOTECAS ESCOLARES - Agrupamento de Escolas n.\u00ba 2 de Serpa","isPartOf":{"@id":"https:\/\/www.ae2serpa.pt\/#website"},"primaryImageOfPage":{"@id":"https:\/\/www.ae2serpa.pt\/index.php\/bibliotecas-escolares\/#primaryimage"},"image":{"@id":"https:\/\/www.ae2serpa.pt\/index.php\/bibliotecas-escolares\/#primaryimage"},"thumbnailUrl":"https:\/\/www.ae2serpa.pt\/wp-content\/uploads\/2021\/08\/BE_CatOnline.png","datePublished":"2021-07-25T01:07:20+00:00","dateModified":"2024-12-11T10:29:45+00:00","breadcrumb":{"@id":"https:\/\/www.ae2serpa.pt\/index.php\/bibliotecas-escolares\/#breadcrumb"},"inLanguage":"pt-PT","potentialAction":[{"@type":"ReadAction","target":["https:\/\/www.ae2serpa.pt\/index.php\/bibliotecas-escolares\/"]}]},{"@type":"ImageObject","inLanguage":"pt-PT","@id":"https:\/\/www.ae2serpa.pt\/index.php\/bibliotecas-escolares\/#primaryimage","url":"https:\/\/www.ae2serpa.pt\/wp-content\/uploads\/2021\/08\/BE_CatOnline.png","contentUrl":"https:\/\/www.ae2serpa.pt\/wp-content\/uploads\/2021\/08\/BE_CatOnline.png","width":763,"height":377},{"@type":"BreadcrumbList","@id":"https:\/\/www.ae2serpa.pt\/index.php\/bibliotecas-escolares\/#breadcrumb","itemListElement":[{"@type":"ListItem","position":1,"name":"In\u00edcio","item":"https:\/\/www.ae2serpa.pt\/"},{"@type":"ListItem","position":2,"name":"BIBLIOTECAS ESCOLARES"}]},{"@type":"WebSite","@id":"https:\/\/www.ae2serpa.pt\/#website","url":"https:\/\/www.ae2serpa.pt\/","name":"AGRUPAMENTO DE ESCOLAS N.\u00ba 2 DE SERPA","description":"Agrupamento de Escolas n.\u00ba 2 de Serpa","publisher":{"@id":"https:\/\/www.ae2serpa.pt\/#organization"},"potentialAction":[{"@type":"SearchAction","target":{"@type":"EntryPoint","urlTemplate":"https:\/\/www.ae2serpa.pt\/?s={search_term_string}"},"query-input":"required name=search_term_string"}],"inLanguage":"pt-PT"},{"@type":"Organization","@id":"https:\/\/www.ae2serpa.pt\/#organization","name":"AGRUMANENTO DE ESOLAS N.\u00ba 2 DE SERPA","url":"https:\/\/www.ae2serpa.pt\/","logo":{"@type":"ImageObject","inLanguage":"pt-PT","@id":"https:\/\/www.ae2serpa.pt\/#\/schema\/logo\/image\/","url":"https:\/\/www.ae2serpa.pt\/wp-content\/uploads\/2021\/07\/AE2Serpa_LogoNovo-e1627067148639.png","contentUrl":"https:\/\/www.ae2serpa.pt\/wp-content\/uploads\/2021\/07\/AE2Serpa_LogoNovo-e1627067148639.png","width":250,"height":149,"caption":"AGRUMANENTO DE ESOLAS N.\u00ba 2 DE SERPA"},"image":{"@id":"https:\/\/www.ae2serpa.pt\/#\/schema\/logo\/image\/"},"sameAs":["https:\/\/www.facebook.com\/AE2Serpa\/","https:\/\/x.com\/ae2serpa","https:\/\/www.instagram.com\/agresc2serpa\/"]}]}},"_links":{"self":[{"href":"https:\/\/www.ae2serpa.pt\/index.php\/wp-json\/wp\/v2\/pages\/910"}],"collection":[{"href":"https:\/\/www.ae2serpa.pt\/index.php\/wp-json\/wp\/v2\/pages"}],"about":[{"href":"https:\/\/www.ae2serpa.pt\/index.php\/wp-json\/wp\/v2\/types\/page"}],"author":[{"embeddable":true,"href":"https:\/\/www.ae2serpa.pt\/index.php\/wp-json\/wp\/v2\/users\/4"}],"replies":[{"embeddable":true,"href":"https:\/\/www.ae2serpa.pt\/index.php\/wp-json\/wp\/v2\/comments?post=910"}],"version-history":[{"count":13,"href":"https:\/\/www.ae2serpa.pt\/index.php\/wp-json\/wp\/v2\/pages\/910\/revisions"}],"predecessor-version":[{"id":8705,"href":"https:\/\/www.ae2serpa.pt\/index.php\/wp-json\/wp\/v2\/pages\/910\/revisions\/8705"}],"wp:attachment":[{"href":"https:\/\/www.ae2serpa.pt\/index.php\/wp-json\/wp\/v2\/media?parent=910"}],"curies":[{"name":"wp","href":"https:\/\/api.w.org\/{rel}","templated":true}]}}