{"id":877,"date":"2021-07-25T00:55:59","date_gmt":"2021-07-25T00:55:59","guid":{"rendered":"https:\/\/www.ae2serpa.pt\/?page_id=877"},"modified":"2021-08-06T20:07:47","modified_gmt":"2021-08-06T19:07:47","slug":"estatuto-do-aluno","status":"publish","type":"page","link":"https:\/\/www.ae2serpa.pt\/index.php\/estatuto-do-aluno\/","title":{"rendered":"ESTATUTO DO ALUNO"},"content":{"rendered":"\t\t<div data-elementor-type=\"wp-page\" data-elementor-id=\"877\" class=\"elementor elementor-877\">\n\t\t\t\t\t\t\t\t\t<section class=\"elementor-section elementor-top-section elementor-element elementor-element-a5a976b elementor-section-boxed elementor-section-height-default elementor-section-height-default\" data-id=\"a5a976b\" data-element_type=\"section\">\n\t\t\t\t\t\t<div class=\"elementor-container elementor-column-gap-default\">\n\t\t\t\t\t<div class=\"elementor-column elementor-col-100 elementor-top-column elementor-element elementor-element-0734f34\" data-id=\"0734f34\" data-element_type=\"column\">\n\t\t\t<div class=\"elementor-widget-wrap elementor-element-populated\">\n\t\t\t\t\t\t\t\t<div class=\"elementor-element elementor-element-54d2c7e elementor-widget elementor-widget-heading\" data-id=\"54d2c7e\" data-element_type=\"widget\" data-widget_type=\"heading.default\">\n\t\t\t\t<div class=\"elementor-widget-container\">\n\t\t\t<h2 class=\"elementor-heading-title elementor-size-default\">ESTATUTO DO ALUNO E \u00c9TICA ESCOLAR<\/h2>\t\t<\/div>\n\t\t\t\t<\/div>\n\t\t\t\t\t<\/div>\n\t\t<\/div>\n\t\t\t\t\t\t\t<\/div>\n\t\t<\/section>\n\t\t\t\t<section class=\"elementor-section elementor-top-section elementor-element elementor-element-6ee2f1c elementor-section-boxed elementor-section-height-default elementor-section-height-default\" data-id=\"6ee2f1c\" data-element_type=\"section\">\n\t\t\t\t\t\t<div class=\"elementor-container elementor-column-gap-default\">\n\t\t\t\t\t<div class=\"elementor-column elementor-col-100 elementor-top-column elementor-element elementor-element-5897455\" data-id=\"5897455\" data-element_type=\"column\">\n\t\t\t<div class=\"elementor-widget-wrap elementor-element-populated\">\n\t\t\t\t\t\t\t\t<div class=\"elementor-element elementor-element-b3d9cf0 elementor-widget elementor-widget-text-editor\" data-id=\"b3d9cf0\" data-element_type=\"widget\" data-widget_type=\"text-editor.default\">\n\t\t\t\t<div class=\"elementor-widget-container\">\n\t\t\t\t\t\t\t<p><strong>Sum\u00e1rio:<\/strong> <br \/>Aprova o Estatuto do Aluno e \u00c9tica Escolar, que estabelece os direitos e os deveres do aluno dos ensinos b\u00e1sico e secund\u00e1rio e o compromisso dos pais ou encarregados de educa\u00e7\u00e3o e dos restantes membros da comunidade educativa na sua educa\u00e7\u00e3o e forma\u00e7\u00e3o, revogando a\u00a0Lei n.\u00ba 30\/2002, de 20 de dezembro.<\/p>\t\t\t\t\t\t<\/div>\n\t\t\t\t<\/div>\n\t\t\t\t\t<\/div>\n\t\t<\/div>\n\t\t\t\t\t\t\t<\/div>\n\t\t<\/section>\n\t\t\t\t<section class=\"elementor-section elementor-top-section elementor-element elementor-element-18b7f30 elementor-section-boxed elementor-section-height-default elementor-section-height-default\" data-id=\"18b7f30\" data-element_type=\"section\">\n\t\t\t\t\t\t<div class=\"elementor-container elementor-column-gap-default\">\n\t\t\t\t\t<div class=\"elementor-column elementor-col-100 elementor-top-column elementor-element elementor-element-262e4b9\" data-id=\"262e4b9\" data-element_type=\"column\">\n\t\t\t<div class=\"elementor-widget-wrap elementor-element-populated\">\n\t\t\t\t\t\t\t\t<div class=\"elementor-element elementor-element-3757f61 elementor-widget elementor-widget-text-editor\" data-id=\"3757f61\" data-element_type=\"widget\" data-widget_type=\"text-editor.default\">\n\t\t\t\t<div class=\"elementor-widget-container\">\n\t\t\t\t\t\t\t<p><strong>Objetivos:<\/strong> <br \/>O Estatuto prossegue os princ\u00edpios gerais e organizativos do sistema educativo portugu\u00eas, conforme se encontram estatu\u00eddos nos artigos 2.\u00ba e 3.\u00ba da Lei de Bases do Sistema Educativo, promovendo, em especial, o m\u00e9rito, a assiduidade, a responsabilidade, a disciplina, a integra\u00e7\u00e3o dos alunos na comunidade educativa e na escola, a sua forma\u00e7\u00e3o c\u00edvica, o cumprimento da escolaridade obrigat\u00f3ria, o sucesso escolar e educativo e a efetiva aquisi\u00e7\u00e3o de conhecimentos e capacidades.<\/p>\t\t\t\t\t\t<\/div>\n\t\t\t\t<\/div>\n\t\t\t\t\t<\/div>\n\t\t<\/div>\n\t\t\t\t\t\t\t<\/div>\n\t\t<\/section>\n\t\t\t\t<section class=\"elementor-section elementor-top-section elementor-element elementor-element-2866baa elementor-section-boxed elementor-section-height-default elementor-section-height-default\" data-id=\"2866baa\" data-element_type=\"section\">\n\t\t\t\t\t\t<div class=\"elementor-container elementor-column-gap-default\">\n\t\t\t\t\t<div class=\"elementor-column elementor-col-100 elementor-top-column elementor-element elementor-element-61105f2\" data-id=\"61105f2\" data-element_type=\"column\">\n\t\t\t<div class=\"elementor-widget-wrap elementor-element-populated\">\n\t\t\t\t\t\t\t\t<div class=\"elementor-element elementor-element-834fc69 elementor-widget elementor-widget-text-editor\" data-id=\"834fc69\" data-element_type=\"widget\" data-widget_type=\"text-editor.default\">\n\t\t\t\t<div class=\"elementor-widget-container\">\n\t\t\t\t\t\t\t<p><strong>\u00c2mbito de aplica\u00e7\u00e3o:<br \/><\/strong>1 &#8211; O Estatuto aplica-se aos alunos dos ensinos b\u00e1sico e secund\u00e1rio da educa\u00e7\u00e3o escolar, incluindo as suas modalidades especiais, com as especificidades nele previstas em raz\u00e3o dos diferentes ciclos de escolaridade ou respetivas modalidades e ou do n\u00edvel et\u00e1rio dos destinat\u00e1rios. <br \/>2 &#8211; O disposto no n\u00famero anterior n\u00e3o prejudica a aplica\u00e7\u00e3o \u00e0 educa\u00e7\u00e3o pr\u00e9-escolar do que no Estatuto se prev\u00ea relativamente \u00e0 responsabilidade e ao papel dos membros da comunidade educativa e \u00e0 viv\u00eancia na escola. <br \/>3 &#8211; O Estatuto aplica-se aos estabelecimentos p\u00fablicos de educa\u00e7\u00e3o, forma\u00e7\u00e3o e ensino, doravante alternativamente designados por agrupamentos de escolas e escolas n\u00e3o agrupadas, escolas ou estabelecimentos de educa\u00e7\u00e3o, forma\u00e7\u00e3o ou ensino.<br \/>4 &#8211; Os princ\u00edpios fundamentais que enformam o Estatuto aplicam-se, no respeito pela Lei de Bases do Sistema Educativo e no quadro das autonomias reconhecidas em legisla\u00e7\u00e3o e regulamenta\u00e7\u00e3o espec\u00edficas, \u00e0s institui\u00e7\u00f5es de educa\u00e7\u00e3o e forma\u00e7\u00e3o p\u00fablicas n\u00e3o previstas no n\u00famero anterior e aos estabelecimentos privados e cooperativos de educa\u00e7\u00e3o e ensino que, nos termos anteriormente definidos, devem em conformidade adaptar os respetivos regulamentos internos.<br \/>5 &#8211; As refer\u00eancias aos \u00f3rg\u00e3os de dire\u00e7\u00e3o, administra\u00e7\u00e3o e gest\u00e3o ou pedag\u00f3gicos, bem como \u00e0s estruturas pedag\u00f3gicas interm\u00e9dias constantes na presente lei, consideram-se dirigidas aos \u00f3rg\u00e3os e estruturas com compet\u00eancia equivalente em raz\u00e3o da mat\u00e9ria, de acordo com as regras espec\u00edficas das diferentes ofertas formativas e o regime jur\u00eddico aplic\u00e1vel aos diferentes estabelecimentos de educa\u00e7\u00e3o, forma\u00e7\u00e3o e ensino.<\/p>\t\t\t\t\t\t<\/div>\n\t\t\t\t<\/div>\n\t\t\t\t\t<\/div>\n\t\t<\/div>\n\t\t\t\t\t\t\t<\/div>\n\t\t<\/section>\n\t\t\t\t<section class=\"elementor-section elementor-top-section elementor-element elementor-element-133cad3 elementor-section-boxed elementor-section-height-default elementor-section-height-default\" data-id=\"133cad3\" data-element_type=\"section\">\n\t\t\t\t\t\t<div class=\"elementor-container elementor-column-gap-default\">\n\t\t\t\t\t<div class=\"elementor-column elementor-col-50 elementor-top-column elementor-element elementor-element-aa34f07\" data-id=\"aa34f07\" data-element_type=\"column\">\n\t\t\t<div class=\"elementor-widget-wrap elementor-element-populated\">\n\t\t\t\t\t\t\t\t<div class=\"elementor-element elementor-element-bf555c2 elementor-widget elementor-widget-image\" data-id=\"bf555c2\" data-element_type=\"widget\" data-widget_type=\"image.default\">\n\t\t\t\t<div class=\"elementor-widget-container\">\n\t\t\t\t\t\t\t\t\t\t\t\t\t\t\t\t<a href=\"https:\/\/dre.pt\/pesquisa\/-\/search\/174840\/details\/maximized\" target=\"_blank\">\n\t\t\t\t\t\t\t<img loading=\"lazy\" decoding=\"async\" width=\"350\" height=\"214\" src=\"https:\/\/www.ae2serpa.pt\/wp-content\/uploads\/2021\/08\/EAEE_L51_2012.png\" class=\"attachment-large size-large wp-image-2297\" alt=\"\" srcset=\"https:\/\/www.ae2serpa.pt\/wp-content\/uploads\/2021\/08\/EAEE_L51_2012.png 350w, https:\/\/www.ae2serpa.pt\/wp-content\/uploads\/2021\/08\/EAEE_L51_2012-300x183.png 300w\" sizes=\"(max-width: 350px) 100vw, 350px\" \/>\t\t\t\t\t\t\t\t<\/a>\n\t\t\t\t\t\t\t\t\t\t\t\t\t\t\t<\/div>\n\t\t\t\t<\/div>\n\t\t\t\t\t<\/div>\n\t\t<\/div>\n\t\t\t\t<div class=\"elementor-column elementor-col-50 elementor-top-column elementor-element elementor-element-1f94863\" data-id=\"1f94863\" data-element_type=\"column\">\n\t\t\t<div class=\"elementor-widget-wrap elementor-element-populated\">\n\t\t\t\t\t\t\t\t<div class=\"elementor-element elementor-element-25805c2 elementor-widget elementor-widget-text-editor\" data-id=\"25805c2\" data-element_type=\"widget\" data-widget_type=\"text-editor.default\">\n\t\t\t\t<div class=\"elementor-widget-container\">\n\t\t\t\t\t\t\tAceda ao Di\u00e1rio da Rep\u00fablica Eletr\u00f3nico: Pode ler o diploma completo ou descarregar o referido diploma legal.<br><p><\/p>\n<b>\u21d0 \u21d0 \u21d0\u00a0 Clique na imagem ao lado<\/b>\t\t\t\t\t\t<\/div>\n\t\t\t\t<\/div>\n\t\t\t\t\t<\/div>\n\t\t<\/div>\n\t\t\t\t\t\t\t<\/div>\n\t\t<\/section>\n\t\t\t\t\t\t\t<\/div>\n\t\t","protected":false},"excerpt":{"rendered":"<p>ESTATUTO DO ALUNO E \u00c9TICA ESCOLAR Sum\u00e1rio: Aprova o Estatuto do Aluno e \u00c9tica Escolar, que estabelece os direitos e os deveres do aluno dos ensinos b\u00e1sico e secund\u00e1rio e o compromisso dos pais ou encarregados de educa\u00e7\u00e3o e dos restantes membros da comunidade educativa na sua educa\u00e7\u00e3o e forma\u00e7\u00e3o, revogando a\u00a0Lei n.\u00ba 30\/2002, de [&hellip;]<\/p>\n","protected":false},"author":4,"featured_media":0,"parent":0,"menu_order":0,"comment_status":"closed","ping_status":"closed","template":"","meta":{"footnotes":""},"yoast_head":"<!-- This site is optimized with the Yoast SEO plugin v22.8 - https:\/\/yoast.com\/wordpress\/plugins\/seo\/ -->\n<title>ESTATUTO DO ALUNO - Agrupamento de Escolas n.\u00ba 2 de Serpa<\/title>\n<meta name=\"description\" content=\"Cont\u00e9m liga\u00e7\u00e3o para o Estatuto do Aluno e \u00c9tica Escolar, Lei n.\u00ba 51\/2012. Direitos e deveres dos alunos; Compromisso de pais e EE.\" \/>\n<meta name=\"robots\" content=\"index, follow, max-snippet:-1, max-image-preview:large, max-video-preview:-1\" \/>\n<link rel=\"canonical\" href=\"https:\/\/www.ae2serpa.pt\/index.php\/estatuto-do-aluno\/\" \/>\n<meta property=\"og:locale\" content=\"pt_PT\" \/>\n<meta property=\"og:type\" content=\"article\" \/>\n<meta property=\"og:title\" content=\"ESTATUTO DO ALUNO - Agrupamento de Escolas n.\u00ba 2 de Serpa\" \/>\n<meta property=\"og:description\" content=\"Cont\u00e9m liga\u00e7\u00e3o para o Estatuto do Aluno e \u00c9tica Escolar, Lei n.\u00ba 51\/2012. Direitos e deveres dos alunos; Compromisso de pais e EE.\" \/>\n<meta property=\"og:url\" content=\"https:\/\/www.ae2serpa.pt\/index.php\/estatuto-do-aluno\/\" \/>\n<meta property=\"og:site_name\" content=\"Agrupamento de Escolas n.\u00ba 2 de Serpa\" \/>\n<meta property=\"article:publisher\" content=\"https:\/\/www.facebook.com\/AE2Serpa\/\" \/>\n<meta property=\"article:modified_time\" content=\"2021-08-06T19:07:47+00:00\" \/>\n<meta property=\"og:image\" content=\"https:\/\/www.ae2serpa.pt\/wp-content\/uploads\/2021\/08\/EAEE_L51_2012.png\" \/>\n<meta name=\"twitter:card\" content=\"summary_large_image\" \/>\n<meta name=\"twitter:site\" content=\"@ae2serpa\" \/>\n<meta name=\"twitter:label1\" content=\"Tempo estimado de leitura\" \/>\n\t<meta name=\"twitter:data1\" content=\"2 minutos\" \/>\n<script type=\"application\/ld+json\" class=\"yoast-schema-graph\">{\"@context\":\"https:\/\/schema.org\",\"@graph\":[{\"@type\":\"WebPage\",\"@id\":\"https:\/\/www.ae2serpa.pt\/index.php\/estatuto-do-aluno\/\",\"url\":\"https:\/\/www.ae2serpa.pt\/index.php\/estatuto-do-aluno\/\",\"name\":\"ESTATUTO DO ALUNO - Agrupamento de Escolas n.\u00ba 2 de Serpa\",\"isPartOf\":{\"@id\":\"https:\/\/www.ae2serpa.pt\/#website\"},\"primaryImageOfPage\":{\"@id\":\"https:\/\/www.ae2serpa.pt\/index.php\/estatuto-do-aluno\/#primaryimage\"},\"image\":{\"@id\":\"https:\/\/www.ae2serpa.pt\/index.php\/estatuto-do-aluno\/#primaryimage\"},\"thumbnailUrl\":\"https:\/\/www.ae2serpa.pt\/wp-content\/uploads\/2021\/08\/EAEE_L51_2012.png\",\"datePublished\":\"2021-07-25T00:55:59+00:00\",\"dateModified\":\"2021-08-06T19:07:47+00:00\",\"description\":\"Cont\u00e9m liga\u00e7\u00e3o para o Estatuto do Aluno e \u00c9tica Escolar, Lei n.\u00ba 51\/2012. Direitos e deveres dos alunos; Compromisso de pais e EE.\",\"breadcrumb\":{\"@id\":\"https:\/\/www.ae2serpa.pt\/index.php\/estatuto-do-aluno\/#breadcrumb\"},\"inLanguage\":\"pt-PT\",\"potentialAction\":[{\"@type\":\"ReadAction\",\"target\":[\"https:\/\/www.ae2serpa.pt\/index.php\/estatuto-do-aluno\/\"]}]},{\"@type\":\"ImageObject\",\"inLanguage\":\"pt-PT\",\"@id\":\"https:\/\/www.ae2serpa.pt\/index.php\/estatuto-do-aluno\/#primaryimage\",\"url\":\"https:\/\/www.ae2serpa.pt\/wp-content\/uploads\/2021\/08\/EAEE_L51_2012.png\",\"contentUrl\":\"https:\/\/www.ae2serpa.pt\/wp-content\/uploads\/2021\/08\/EAEE_L51_2012.png\",\"width\":350,\"height\":214},{\"@type\":\"BreadcrumbList\",\"@id\":\"https:\/\/www.ae2serpa.pt\/index.php\/estatuto-do-aluno\/#breadcrumb\",\"itemListElement\":[{\"@type\":\"ListItem\",\"position\":1,\"name\":\"In\u00edcio\",\"item\":\"https:\/\/www.ae2serpa.pt\/\"},{\"@type\":\"ListItem\",\"position\":2,\"name\":\"ESTATUTO DO ALUNO\"}]},{\"@type\":\"WebSite\",\"@id\":\"https:\/\/www.ae2serpa.pt\/#website\",\"url\":\"https:\/\/www.ae2serpa.pt\/\",\"name\":\"AGRUPAMENTO DE ESCOLAS N.\u00ba 2 DE SERPA\",\"description\":\"Agrupamento de Escolas n.\u00ba 2 de Serpa\",\"publisher\":{\"@id\":\"https:\/\/www.ae2serpa.pt\/#organization\"},\"potentialAction\":[{\"@type\":\"SearchAction\",\"target\":{\"@type\":\"EntryPoint\",\"urlTemplate\":\"https:\/\/www.ae2serpa.pt\/?s={search_term_string}\"},\"query-input\":\"required name=search_term_string\"}],\"inLanguage\":\"pt-PT\"},{\"@type\":\"Organization\",\"@id\":\"https:\/\/www.ae2serpa.pt\/#organization\",\"name\":\"AGRUMANENTO DE ESOLAS N.\u00ba 2 DE SERPA\",\"url\":\"https:\/\/www.ae2serpa.pt\/\",\"logo\":{\"@type\":\"ImageObject\",\"inLanguage\":\"pt-PT\",\"@id\":\"https:\/\/www.ae2serpa.pt\/#\/schema\/logo\/image\/\",\"url\":\"https:\/\/www.ae2serpa.pt\/wp-content\/uploads\/2021\/07\/AE2Serpa_LogoNovo-e1627067148639.png\",\"contentUrl\":\"https:\/\/www.ae2serpa.pt\/wp-content\/uploads\/2021\/07\/AE2Serpa_LogoNovo-e1627067148639.png\",\"width\":250,\"height\":149,\"caption\":\"AGRUMANENTO DE ESOLAS N.\u00ba 2 DE SERPA\"},\"image\":{\"@id\":\"https:\/\/www.ae2serpa.pt\/#\/schema\/logo\/image\/\"},\"sameAs\":[\"https:\/\/www.facebook.com\/AE2Serpa\/\",\"https:\/\/x.com\/ae2serpa\",\"https:\/\/www.instagram.com\/agresc2serpa\/\"]}]}<\/script>\n<!-- \/ Yoast SEO plugin. -->","yoast_head_json":{"title":"ESTATUTO DO ALUNO - Agrupamento de Escolas n.\u00ba 2 de Serpa","description":"Cont\u00e9m liga\u00e7\u00e3o para o Estatuto do Aluno e \u00c9tica Escolar, Lei n.\u00ba 51\/2012. Direitos e deveres dos alunos; Compromisso de pais e EE.","robots":{"index":"index","follow":"follow","max-snippet":"max-snippet:-1","max-image-preview":"max-image-preview:large","max-video-preview":"max-video-preview:-1"},"canonical":"https:\/\/www.ae2serpa.pt\/index.php\/estatuto-do-aluno\/","og_locale":"pt_PT","og_type":"article","og_title":"ESTATUTO DO ALUNO - Agrupamento de Escolas n.\u00ba 2 de Serpa","og_description":"Cont\u00e9m liga\u00e7\u00e3o para o Estatuto do Aluno e \u00c9tica Escolar, Lei n.\u00ba 51\/2012. Direitos e deveres dos alunos; Compromisso de pais e EE.","og_url":"https:\/\/www.ae2serpa.pt\/index.php\/estatuto-do-aluno\/","og_site_name":"Agrupamento de Escolas n.\u00ba 2 de Serpa","article_publisher":"https:\/\/www.facebook.com\/AE2Serpa\/","article_modified_time":"2021-08-06T19:07:47+00:00","og_image":[{"url":"https:\/\/www.ae2serpa.pt\/wp-content\/uploads\/2021\/08\/EAEE_L51_2012.png"}],"twitter_card":"summary_large_image","twitter_site":"@ae2serpa","twitter_misc":{"Tempo estimado de leitura":"2 minutos"},"schema":{"@context":"https:\/\/schema.org","@graph":[{"@type":"WebPage","@id":"https:\/\/www.ae2serpa.pt\/index.php\/estatuto-do-aluno\/","url":"https:\/\/www.ae2serpa.pt\/index.php\/estatuto-do-aluno\/","name":"ESTATUTO DO ALUNO - Agrupamento de Escolas n.\u00ba 2 de Serpa","isPartOf":{"@id":"https:\/\/www.ae2serpa.pt\/#website"},"primaryImageOfPage":{"@id":"https:\/\/www.ae2serpa.pt\/index.php\/estatuto-do-aluno\/#primaryimage"},"image":{"@id":"https:\/\/www.ae2serpa.pt\/index.php\/estatuto-do-aluno\/#primaryimage"},"thumbnailUrl":"https:\/\/www.ae2serpa.pt\/wp-content\/uploads\/2021\/08\/EAEE_L51_2012.png","datePublished":"2021-07-25T00:55:59+00:00","dateModified":"2021-08-06T19:07:47+00:00","description":"Cont\u00e9m liga\u00e7\u00e3o para o Estatuto do Aluno e \u00c9tica Escolar, Lei n.\u00ba 51\/2012. Direitos e deveres dos alunos; Compromisso de pais e EE.","breadcrumb":{"@id":"https:\/\/www.ae2serpa.pt\/index.php\/estatuto-do-aluno\/#breadcrumb"},"inLanguage":"pt-PT","potentialAction":[{"@type":"ReadAction","target":["https:\/\/www.ae2serpa.pt\/index.php\/estatuto-do-aluno\/"]}]},{"@type":"ImageObject","inLanguage":"pt-PT","@id":"https:\/\/www.ae2serpa.pt\/index.php\/estatuto-do-aluno\/#primaryimage","url":"https:\/\/www.ae2serpa.pt\/wp-content\/uploads\/2021\/08\/EAEE_L51_2012.png","contentUrl":"https:\/\/www.ae2serpa.pt\/wp-content\/uploads\/2021\/08\/EAEE_L51_2012.png","width":350,"height":214},{"@type":"BreadcrumbList","@id":"https:\/\/www.ae2serpa.pt\/index.php\/estatuto-do-aluno\/#breadcrumb","itemListElement":[{"@type":"ListItem","position":1,"name":"In\u00edcio","item":"https:\/\/www.ae2serpa.pt\/"},{"@type":"ListItem","position":2,"name":"ESTATUTO DO ALUNO"}]},{"@type":"WebSite","@id":"https:\/\/www.ae2serpa.pt\/#website","url":"https:\/\/www.ae2serpa.pt\/","name":"AGRUPAMENTO DE ESCOLAS N.\u00ba 2 DE SERPA","description":"Agrupamento de Escolas n.\u00ba 2 de Serpa","publisher":{"@id":"https:\/\/www.ae2serpa.pt\/#organization"},"potentialAction":[{"@type":"SearchAction","target":{"@type":"EntryPoint","urlTemplate":"https:\/\/www.ae2serpa.pt\/?s={search_term_string}"},"query-input":"required name=search_term_string"}],"inLanguage":"pt-PT"},{"@type":"Organization","@id":"https:\/\/www.ae2serpa.pt\/#organization","name":"AGRUMANENTO DE ESOLAS N.\u00ba 2 DE SERPA","url":"https:\/\/www.ae2serpa.pt\/","logo":{"@type":"ImageObject","inLanguage":"pt-PT","@id":"https:\/\/www.ae2serpa.pt\/#\/schema\/logo\/image\/","url":"https:\/\/www.ae2serpa.pt\/wp-content\/uploads\/2021\/07\/AE2Serpa_LogoNovo-e1627067148639.png","contentUrl":"https:\/\/www.ae2serpa.pt\/wp-content\/uploads\/2021\/07\/AE2Serpa_LogoNovo-e1627067148639.png","width":250,"height":149,"caption":"AGRUMANENTO DE ESOLAS N.\u00ba 2 DE SERPA"},"image":{"@id":"https:\/\/www.ae2serpa.pt\/#\/schema\/logo\/image\/"},"sameAs":["https:\/\/www.facebook.com\/AE2Serpa\/","https:\/\/x.com\/ae2serpa","https:\/\/www.instagram.com\/agresc2serpa\/"]}]}},"_links":{"self":[{"href":"https:\/\/www.ae2serpa.pt\/index.php\/wp-json\/wp\/v2\/pages\/877"}],"collection":[{"href":"https:\/\/www.ae2serpa.pt\/index.php\/wp-json\/wp\/v2\/pages"}],"about":[{"href":"https:\/\/www.ae2serpa.pt\/index.php\/wp-json\/wp\/v2\/types\/page"}],"author":[{"embeddable":true,"href":"https:\/\/www.ae2serpa.pt\/index.php\/wp-json\/wp\/v2\/users\/4"}],"replies":[{"embeddable":true,"href":"https:\/\/www.ae2serpa.pt\/index.php\/wp-json\/wp\/v2\/comments?post=877"}],"version-history":[{"count":4,"href":"https:\/\/www.ae2serpa.pt\/index.php\/wp-json\/wp\/v2\/pages\/877\/revisions"}],"predecessor-version":[{"id":2300,"href":"https:\/\/www.ae2serpa.pt\/index.php\/wp-json\/wp\/v2\/pages\/877\/revisions\/2300"}],"wp:attachment":[{"href":"https:\/\/www.ae2serpa.pt\/index.php\/wp-json\/wp\/v2\/media?parent=877"}],"curies":[{"name":"wp","href":"https:\/\/api.w.org\/{rel}","templated":true}]}}