{"id":850,"date":"2021-07-25T00:41:23","date_gmt":"2021-07-25T00:41:23","guid":{"rendered":"https:\/\/www.ae2serpa.pt\/?page_id=850"},"modified":"2026-01-08T15:52:18","modified_gmt":"2026-01-08T15:52:18","slug":"avaliacao-externa","status":"publish","type":"page","link":"https:\/\/www.ae2serpa.pt\/index.php\/avaliacao-externa\/","title":{"rendered":"AVALIA\u00c7\u00c3O EXTERNA"},"content":{"rendered":"\t\t<div data-elementor-type=\"wp-page\" data-elementor-id=\"850\" class=\"elementor elementor-850\">\n\t\t\t\t\t\t\t\t\t<section class=\"elementor-section elementor-top-section elementor-element elementor-element-96c93ea elementor-section-boxed elementor-section-height-default elementor-section-height-default\" data-id=\"96c93ea\" data-element_type=\"section\">\n\t\t\t\t\t\t<div class=\"elementor-container elementor-column-gap-default\">\n\t\t\t\t\t<div class=\"elementor-column elementor-col-100 elementor-top-column elementor-element elementor-element-e77bbae\" data-id=\"e77bbae\" data-element_type=\"column\">\n\t\t\t<div class=\"elementor-widget-wrap elementor-element-populated\">\n\t\t\t\t\t\t\t\t<div class=\"elementor-element elementor-element-871fc50 elementor-widget elementor-widget-heading\" data-id=\"871fc50\" data-element_type=\"widget\" data-widget_type=\"heading.default\">\n\t\t\t\t<div class=\"elementor-widget-container\">\n\t\t\t<h2 class=\"elementor-heading-title elementor-size-default\">AVALIA\u00c7\u00c3O EXTERNA<\/h2>\t\t<\/div>\n\t\t\t\t<\/div>\n\t\t\t\t\t<\/div>\n\t\t<\/div>\n\t\t\t\t\t\t\t<\/div>\n\t\t<\/section>\n\t\t\t\t<section class=\"elementor-section elementor-top-section elementor-element elementor-element-486ffe7 elementor-section-boxed elementor-section-height-default elementor-section-height-default\" data-id=\"486ffe7\" data-element_type=\"section\">\n\t\t\t\t\t\t<div class=\"elementor-container elementor-column-gap-default\">\n\t\t\t\t\t<div class=\"elementor-column elementor-col-100 elementor-top-column elementor-element elementor-element-4e2245c\" data-id=\"4e2245c\" data-element_type=\"column\">\n\t\t\t<div class=\"elementor-widget-wrap elementor-element-populated\">\n\t\t\t\t\t\t\t\t<div class=\"elementor-element elementor-element-516aaed elementor-widget elementor-widget-text-editor\" data-id=\"516aaed\" data-element_type=\"widget\" data-widget_type=\"text-editor.default\">\n\t\t\t\t<div class=\"elementor-widget-container\">\n\t\t\t\t\t\t\t<p>Nesta \u00e1rea encontram-se publicados os documentos orientadores e os resultados obtidos no processos de avalia\u00e7\u00e3o externa, no dom\u00ednio da implementa\u00e7\u00e3o de Sistemas de Gest\u00e3o da Qualidade (SGQ).<\/p><p>Incluem-se neste \u00e2mbito os obtidos tendo em considera\u00e7\u00e3o o referencial da IGEC (Inspe\u00e7\u00e3o Geral da Educa\u00e7\u00e3o),\u00a0<span style=\"font-weight: var( --e-global-typography-text-font-weight );\">aplic\u00e1vel a toda a organiza\u00e7\u00e3o escolar, e o obtido tendo em considera\u00e7\u00e3o o referencial de alinhamento EQVAET, o qual \u00e9 aplic\u00e1vel de forma supletiva \u00e0 especificidade dos cursos profissionais e outros ligados \u00e0 forma\u00e7\u00e3o vocacional e profissional.<\/span><\/p>\t\t\t\t\t\t<\/div>\n\t\t\t\t<\/div>\n\t\t\t\t\t<\/div>\n\t\t<\/div>\n\t\t\t\t\t\t\t<\/div>\n\t\t<\/section>\n\t\t\t\t<section class=\"elementor-section elementor-top-section elementor-element elementor-element-8c19f9d elementor-section-boxed elementor-section-height-default elementor-section-height-default\" data-id=\"8c19f9d\" data-element_type=\"section\">\n\t\t\t\t\t\t<div class=\"elementor-container elementor-column-gap-default\">\n\t\t\t\t\t<div class=\"elementor-column elementor-col-100 elementor-top-column elementor-element elementor-element-d532d05\" data-id=\"d532d05\" data-element_type=\"column\">\n\t\t\t<div class=\"elementor-widget-wrap elementor-element-populated\">\n\t\t\t\t\t\t\t\t<div class=\"elementor-element elementor-element-2920eae elementor-tabs-view-horizontal elementor-widget elementor-widget-tabs\" data-id=\"2920eae\" data-element_type=\"widget\" data-widget_type=\"tabs.default\">\n\t\t\t\t<div class=\"elementor-widget-container\">\n\t\t\t\t\t<div class=\"elementor-tabs\">\n\t\t\t<div class=\"elementor-tabs-wrapper\" role=\"tablist\" >\n\t\t\t\t\t\t\t\t\t<div id=\"elementor-tab-title-4311\" class=\"elementor-tab-title elementor-tab-desktop-title\" aria-selected=\"true\" data-tab=\"1\" role=\"tab\" tabindex=\"0\" aria-controls=\"elementor-tab-content-4311\" aria-expanded=\"false\">Avalia\u00e7\u00e3o Externa IGEC<\/div>\n\t\t\t\t\t\t\t\t\t<div id=\"elementor-tab-title-4312\" class=\"elementor-tab-title elementor-tab-desktop-title\" aria-selected=\"false\" data-tab=\"2\" role=\"tab\" tabindex=\"-1\" aria-controls=\"elementor-tab-content-4312\" aria-expanded=\"false\">Avalia\u00e7\u00e3o Externa EQAVET<\/div>\n\t\t\t\t\t\t\t\t\t<div id=\"elementor-tab-title-4313\" class=\"elementor-tab-title elementor-tab-desktop-title\" aria-selected=\"false\" data-tab=\"3\" role=\"tab\" tabindex=\"-1\" aria-controls=\"elementor-tab-content-4313\" aria-expanded=\"false\">Outros processos de Avalia\u00e7\u00e3o Externa<\/div>\n\t\t\t\t\t\t\t<\/div>\n\t\t\t<div class=\"elementor-tabs-content-wrapper\" role=\"tablist\" aria-orientation=\"vertical\">\n\t\t\t\t\t\t\t\t\t<div class=\"elementor-tab-title elementor-tab-mobile-title\" aria-selected=\"true\" data-tab=\"1\" role=\"tab\" tabindex=\"0\" aria-controls=\"elementor-tab-content-4311\" aria-expanded=\"false\">Avalia\u00e7\u00e3o Externa IGEC<\/div>\n\t\t\t\t\t<div id=\"elementor-tab-content-4311\" class=\"elementor-tab-content elementor-clearfix\" data-tab=\"1\" role=\"tabpanel\" aria-labelledby=\"elementor-tab-title-4311\" tabindex=\"0\" hidden=\"false\"><h3><span style=\"color: #008000;\">Documenta\u00e7\u00e3o de enquadramento<\/span><\/h3>\n<style>\ntable, td, th {<br \/>  border: #ddd;<br \/>  text-align: left;<br \/>}<\/p>\n<p>table {<br \/>  border-collapse: collapse;<br \/>  width: 100%;<br \/>}<\/p>\n<p>th, td {<br \/>  padding: 15px;<br \/>}<br \/><\/style>\n<table style=\"border: solid 0px black;\">\n<tbody>\n<tr>\n<td style=\"width: 50px; padding-left: 30px;\"><a href=\"https:\/\/www.ae2serpa.pt\/wp-content\/uploads\/2021\/08\/AE3oC_Principios-e-Objetivos.pdf\" target=\"_blank\" rel=\"noopener\"><img decoding=\"async\" class=\"alignleft\" src=\"https:\/\/www.ae2serpa.pt\/wp-content\/uploads\/2021\/07\/PDF-e1628017176183.png\" \/><\/a><\/td>\n<td style=\"padding-left: 5px; width: 480px;\">\n<div style=\"width: 480px; color: #757575; font-size: 16px; padding-left: 10px; text-align: left; vertical-align: middle;\">\u00c2mbito, princ\u00edpios e objetivos<\/div><\/td>\n<\/tr>\n<tr>\n<td style=\"width: 50px; padding-left: 30px;\"><a href=\"https:\/\/www.ae2serpa.pt\/wp-content\/uploads\/2021\/08\/AE3oC_Quadro-de-Referencia.pdf\" target=\"_blank\" rel=\"noopener\"><img decoding=\"async\" class=\"alignleft\" src=\"https:\/\/www.ae2serpa.pt\/wp-content\/uploads\/2021\/07\/PDF-e1628017176183.png\" \/><\/a><\/td>\n<td style=\"padding-left: 5px; width: 480px;\">\n<div style=\"width: 480px; color: #757575; font-size: 16px; padding-left: 10px; text-align: left; vertical-align: middle;\">Quadro de refer\u00eancia<\/div><\/td>\n<\/tr>\n<tr>\n<td style=\"width: 50px; padding-left: 30px;\"><a href=\"https:\/\/www.ae2serpa.pt\/wp-content\/uploads\/2021\/08\/AE3oC_Metodologia.pdf\" target=\"_blank\" rel=\"noopener\"><img decoding=\"async\" class=\"alignleft\" src=\"https:\/\/www.ae2serpa.pt\/wp-content\/uploads\/2021\/07\/PDF-e1628017176183.png\" \/><\/a><\/td>\n<td style=\"padding-left: 5px; width: 480px;\">\n<div style=\"width: 480px; color: #757575; font-size: 16px; padding-left: 10px; text-align: left; vertical-align: middle;\">Metodologia<\/div><\/td>\n<\/tr>\n<tr>\n<td style=\"width: 50px; padding-left: 30px;\"><a href=\"https:\/\/www.ae2serpa.pt\/wp-content\/uploads\/2021\/08\/RAE-19_20.pdf\" target=\"_blank\" rel=\"noopener\"><img decoding=\"async\" class=\"alignleft\" src=\"https:\/\/www.ae2serpa.pt\/wp-content\/uploads\/2021\/07\/PDF-e1628017176183.png\" \/><\/a><\/td>\n<td style=\"padding-left: 5px; width: 480px;\">\n<div style=\"width: 480px; color: #757575; font-size: 16px; padding-left: 10px; text-align: left; vertical-align: middle;\">Escala de avalia\u00e7\u00e3o<\/div><\/td>\n<\/tr>\n<\/tbody>\n<\/table>\n<h3><span style=\"color: #008000;\">Resultado da Avalia\u00e7\u00e3o Externa (Relat\u00f3rio)<\/span><\/h3>\n<style>\ntable, td, th {<br \/>  border: #ddd;<br \/>  text-align: left;<br \/>}<\/p>\n<p>table {<br \/>  border-collapse: collapse;<br \/>  width: 100%;<br \/>}<\/p>\n<p>th, td {<br \/>  padding: 15px;<br \/>}<br \/><\/style>\n<table style=\"border: solid 0px black;\">\n<tbody>\n<tr>\n<td style=\"width: 50px; padding-left: 30px;\"><a href=\"https:\/\/www.ae2serpa.pt\/wp-content\/uploads\/2021\/08\/RAE-19_20.pdf\" target=\"_blank\" rel=\"noopener\"><img decoding=\"async\" class=\"alignleft\" src=\"https:\/\/www.ae2serpa.pt\/wp-content\/uploads\/2021\/07\/PDF-e1628017176183.png\" \/><\/a><\/td>\n<td style=\"padding-left: 5px; width: 480px;\">\n<div style=\"width: 480px; color: #757575; font-size: 16px; padding-left: 10px; text-align: left; vertical-align: middle;\">Relat\u00f3rio 2019\/2020<\/div><\/td>\n<\/tr>\n<\/tbody>\n<\/table>\n<font color=#00800>Relat\u00f3rios anteriores<\/font> (Escola Secund\u00e1ria de Serpa | AE de Vila Nova de S\u00e3o Bento)\n<table><tr>\n<td align=center><a href=\"https:\/\/www.ae2serpa.pt\/wp-content\/uploads\/2021\/08\/RAE-06_07-ESS.pdf\" rel=\"noopener\" target=\"_blank\">ESS-2007<\/a><\/td><td align=center><a href=\"https:\/\/www.ae2serpa.pt\/wp-content\/uploads\/2021\/08\/RAE-11_12-ESS.pdf\" rel=\"noopener\" target=\"_blank\">ESS-2012<\/a><\/td>\n<td align=center><a href=\"https:\/\/www.ae2serpa.pt\/wp-content\/uploads\/2021\/08\/RAE-07_08-AVNSB.pdf\" rel=\"noopener\" target=\"_blank\">AE.VNSB-2008<\/a><\/td>\n<td align=center><a href=\"https:\/\/www.ae2serpa.pt\/wp-content\/uploads\/2021\/08\/RAE-11_12-AVNSB.pdf\" rel=\"noopener\" target=\"_blank\">AE.VNSB-2012<\/a><\/td>\n<\/tr><\/table><\/div>\n\t\t\t\t\t\t\t\t\t<div class=\"elementor-tab-title elementor-tab-mobile-title\" aria-selected=\"false\" data-tab=\"2\" role=\"tab\" tabindex=\"-1\" aria-controls=\"elementor-tab-content-4312\" aria-expanded=\"false\">Avalia\u00e7\u00e3o Externa EQAVET<\/div>\n\t\t\t\t\t<div id=\"elementor-tab-content-4312\" class=\"elementor-tab-content elementor-clearfix\" data-tab=\"2\" role=\"tabpanel\" aria-labelledby=\"elementor-tab-title-4312\" tabindex=\"0\" hidden=\"hidden\"><h3><span style=\"color: #008000;\">Documenta\u00e7\u00e3o de enquadramento<\/span><\/h3><p><style>\ntable, td, th {<br \/>  border: #ddd;<br \/>  text-align: left;<br \/>}<\/p>\n<p>table {<br \/>  border-collapse: collapse;<br \/>  width: 100%;<br \/>}<\/p>\n<p>th, td {<br \/>  padding: 15px;<br \/>}<br \/><\/style><\/p><table style=\"border: solid 0px black;\"><tbody><tr><td style=\"width: 50px; padding-left: 30px;\"><a href=\"https:\/\/www.ae2serpa.pt\/wp-content\/uploads\/2021\/08\/Guia_Verificacao_EQAVET.pdf\" target=\"_blank\" rel=\"noopener\"><img decoding=\"async\" class=\"alignleft\" src=\"https:\/\/www.ae2serpa.pt\/wp-content\/uploads\/2021\/07\/PDF-e1628017176183.png\" \/><\/a><\/td><td style=\"padding-left: 5px; width: 480px;\"><div style=\"width: 480px; color: #757575; font-size: 16px; padding-left: 10px; text-align: left; vertical-align: middle;\">Guia de verifica\u00e7\u00e3o de conformidade EQAVET<\/div><\/td><\/tr><\/tbody><\/table><h3><span style=\"color: #008000;\">Relat\u00f3rio de verifica\u00e7\u00e3o de conformidade<\/span><\/h3><p><style>\ntable, td, th {<br \/>  border: #ddd;<br \/>  text-align: left;<br \/>}<\/p>\n<p>table {<br \/>  border-collapse: collapse;<br \/>  width: 100%;<br \/>}<\/p>\n<p>th, td {<br \/>  padding: 15px;<br \/>}<br \/><\/style><\/p><table style=\"border: solid 0px black;\"><tbody><tr><td style=\"width: 50px; padding-left: 30px;\"><a href=\"https:\/\/www.ae2serpa.pt\/wp-content\/uploads\/2021\/08\/RFC_2020_2021EQAVET.pdf\" target=\"_blank\" rel=\"noopener\"><img decoding=\"async\" class=\"alignleft\" src=\"https:\/\/www.ae2serpa.pt\/wp-content\/uploads\/2021\/07\/PDF-e1628017176183.png\" \/><\/a><\/td><td style=\"padding-left: 5px; width: 480px;\"><div style=\"width: 480px; color: #757575; font-size: 16px; padding-left: 10px; text-align: left; vertical-align: middle;\">Relat\u00f3rio EQAVET 2020\/2021<\/div><\/td><\/tr><\/tbody><\/table><p><style>\ntable, td, th {<br \/>  border: #ddd;<br \/>  text-align: left;<br \/>}<\/p>\n<p>table {<br \/>  border-collapse: collapse;<br \/>  width: 100%;<br \/>}<\/p>\n<p>th, td {<br \/>  padding: 15px;<br \/>}<br \/><\/style><\/p><table style=\"border: solid 0px black;\"><tbody><tr><td style=\"width: 50px; padding-left: 30px;\"><a href=\"https:\/\/www.ae2serpa.pt\/wp-content\/uploads\/2026\/01\/Relatorio-Final-EQAVET-2024.pdf\" target=\"_blank\" rel=\"noopener\"><img loading=\"lazy\" decoding=\"async\" class=\"alignleft\" src=\"https:\/\/www.ae2serpa.pt\/wp-content\/uploads\/2021\/07\/PDF-e1628017176183.png\" alt=\"\" width=\"40\" height=\"49\" \/><\/a><\/td><td style=\"padding-left: 5px; width: 480px;\"><div style=\"width: 480px; color: #757575; font-size: 16px; padding-left: 10px; text-align: left; vertical-align: middle;\">Relat\u00f3rio EQAVET 2023\/2024<\/div><\/td><\/tr><\/tbody><\/table><table style=\"border: solid 0px black;\"><tbody><tr><td style=\"width: 50px; padding-left: 30px;\"><a href=\"https:\/\/www.ae2serpa.pt\/wp-content\/uploads\/2021\/08\/RFC_2020_2021EQAVET.pdf\" target=\"_blank\" rel=\"noopener\"><img decoding=\"async\" class=\"alignleft\" src=\"https:\/\/www.ae2serpa.pt\/wp-content\/uploads\/2021\/08\/BarraLogos_completa.png\" \/><\/a><\/td><\/tr><\/tbody><\/table><\/div>\n\t\t\t\t\t\t\t\t\t<div class=\"elementor-tab-title elementor-tab-mobile-title\" aria-selected=\"false\" data-tab=\"3\" role=\"tab\" tabindex=\"-1\" aria-controls=\"elementor-tab-content-4313\" aria-expanded=\"false\">Outros processos de Avalia\u00e7\u00e3o Externa<\/div>\n\t\t\t\t\t<div id=\"elementor-tab-content-4313\" class=\"elementor-tab-content elementor-clearfix\" data-tab=\"3\" role=\"tabpanel\" aria-labelledby=\"elementor-tab-title-4313\" tabindex=\"0\" hidden=\"hidden\"><h3><span style=\"color: #008000;\">Acompanhamento da A\u00e7\u00e3o Educativa<\/span><\/h3>\n<p><style>\ntable, td, th {<br \/>  border: #ddd;<br \/>  text-align: left;<br \/>}<\/p>\n<p>table {<br \/>  border-collapse: collapse;<br \/>  width: 100%;<br \/>}<\/p>\n<p>th, td {<br \/>  padding: 15px;<br \/>}<br \/><\/style>\n<\/p>\n<table style=\"border: solid 0px black;\">\n<tbody>\n<tr>\n<td style=\"width: 50px; padding-left: 30px;\"><a href=\"https:\/\/www.ae2serpa.pt\/wp-content\/uploads\/2021\/08\/RPA_18_19.pdf\" target=\"_blank\" rel=\"noopener\"><img decoding=\"async\" class=\"alignleft\" src=\"https:\/\/www.ae2serpa.pt\/wp-content\/uploads\/2021\/07\/PDF-e1628017176183.png\"><\/a><\/td>\n<td style=\"padding-left: 5px; width: 480px;\">\n<div style=\"width: 480px; color: #757575; font-size: 16px; padding-left: 10px; text-align: left; vertical-align: middle;\">Relat\u00f3rio 2018\/2019 (IGEC)<\/div>\n<\/td>\n<\/tr>\n<\/tbody>\n<\/table><\/div>\n\t\t\t\t\t\t\t<\/div>\n\t\t<\/div>\n\t\t\t\t<\/div>\n\t\t\t\t<\/div>\n\t\t\t\t\t<\/div>\n\t\t<\/div>\n\t\t\t\t\t\t\t<\/div>\n\t\t<\/section>\n\t\t\t\t\t\t\t<\/div>\n\t\t","protected":false},"excerpt":{"rendered":"<p>AVALIA\u00c7\u00c3O EXTERNA Nesta \u00e1rea encontram-se publicados os documentos orientadores e os resultados obtidos no processos de avalia\u00e7\u00e3o externa, no dom\u00ednio da implementa\u00e7\u00e3o de Sistemas de Gest\u00e3o da Qualidade (SGQ). Incluem-se neste \u00e2mbito os obtidos tendo em considera\u00e7\u00e3o o referencial da IGEC (Inspe\u00e7\u00e3o Geral da Educa\u00e7\u00e3o),\u00a0aplic\u00e1vel a toda a organiza\u00e7\u00e3o escolar, e o obtido tendo em [&hellip;]<\/p>\n","protected":false},"author":4,"featured_media":0,"parent":0,"menu_order":0,"comment_status":"closed","ping_status":"closed","template":"","meta":{"footnotes":""},"yoast_head":"<!-- This site is optimized with the Yoast SEO plugin v22.8 - https:\/\/yoast.com\/wordpress\/plugins\/seo\/ -->\n<title>AVALIA\u00c7\u00c3O EXTERNA - Agrupamento de Escolas n.\u00ba 2 de Serpa<\/title>\n<meta name=\"description\" content=\"Sec\u00e7\u00e3o destinada \u00e1 divulga\u00e7\u00e3o do desenvolvimento e resultados dos processos de avalia\u00e7\u00e3o externa (IGEC e EQAVET)\" \/>\n<meta name=\"robots\" content=\"index, follow, max-snippet:-1, max-image-preview:large, max-video-preview:-1\" \/>\n<link rel=\"canonical\" href=\"https:\/\/www.ae2serpa.pt\/index.php\/avaliacao-externa\/\" \/>\n<meta property=\"og:locale\" content=\"pt_PT\" \/>\n<meta property=\"og:type\" content=\"article\" \/>\n<meta property=\"og:title\" content=\"AVALIA\u00c7\u00c3O EXTERNA - Agrupamento de Escolas n.\u00ba 2 de Serpa\" \/>\n<meta property=\"og:description\" content=\"Sec\u00e7\u00e3o destinada \u00e1 divulga\u00e7\u00e3o do desenvolvimento e resultados dos processos de avalia\u00e7\u00e3o externa (IGEC e EQAVET)\" \/>\n<meta property=\"og:url\" content=\"https:\/\/www.ae2serpa.pt\/index.php\/avaliacao-externa\/\" \/>\n<meta property=\"og:site_name\" content=\"Agrupamento de Escolas n.\u00ba 2 de Serpa\" \/>\n<meta property=\"article:publisher\" content=\"https:\/\/www.facebook.com\/AE2Serpa\/\" \/>\n<meta property=\"article:modified_time\" content=\"2026-01-08T15:52:18+00:00\" \/>\n<meta property=\"og:image\" content=\"http:\/\/www.ae2serpa.pt\/wp-content\/uploads\/2021\/07\/PDF-e1628017176183.png\" \/>\n<meta name=\"twitter:card\" content=\"summary_large_image\" \/>\n<meta name=\"twitter:site\" content=\"@ae2serpa\" \/>\n<meta name=\"twitter:label1\" content=\"Tempo estimado de leitura\" \/>\n\t<meta name=\"twitter:data1\" content=\"4 minutos\" \/>\n<script type=\"application\/ld+json\" class=\"yoast-schema-graph\">{\"@context\":\"https:\/\/schema.org\",\"@graph\":[{\"@type\":\"WebPage\",\"@id\":\"https:\/\/www.ae2serpa.pt\/index.php\/avaliacao-externa\/\",\"url\":\"https:\/\/www.ae2serpa.pt\/index.php\/avaliacao-externa\/\",\"name\":\"AVALIA\u00c7\u00c3O EXTERNA - Agrupamento de Escolas n.\u00ba 2 de Serpa\",\"isPartOf\":{\"@id\":\"https:\/\/www.ae2serpa.pt\/#website\"},\"primaryImageOfPage\":{\"@id\":\"https:\/\/www.ae2serpa.pt\/index.php\/avaliacao-externa\/#primaryimage\"},\"image\":{\"@id\":\"https:\/\/www.ae2serpa.pt\/index.php\/avaliacao-externa\/#primaryimage\"},\"thumbnailUrl\":\"http:\/\/www.ae2serpa.pt\/wp-content\/uploads\/2021\/07\/PDF-e1628017176183.png\",\"datePublished\":\"2021-07-25T00:41:23+00:00\",\"dateModified\":\"2026-01-08T15:52:18+00:00\",\"description\":\"Sec\u00e7\u00e3o destinada \u00e1 divulga\u00e7\u00e3o do desenvolvimento e resultados dos processos de avalia\u00e7\u00e3o externa (IGEC e EQAVET)\",\"breadcrumb\":{\"@id\":\"https:\/\/www.ae2serpa.pt\/index.php\/avaliacao-externa\/#breadcrumb\"},\"inLanguage\":\"pt-PT\",\"potentialAction\":[{\"@type\":\"ReadAction\",\"target\":[\"https:\/\/www.ae2serpa.pt\/index.php\/avaliacao-externa\/\"]}]},{\"@type\":\"ImageObject\",\"inLanguage\":\"pt-PT\",\"@id\":\"https:\/\/www.ae2serpa.pt\/index.php\/avaliacao-externa\/#primaryimage\",\"url\":\"http:\/\/www.ae2serpa.pt\/wp-content\/uploads\/2021\/07\/PDF-e1628017176183.png\",\"contentUrl\":\"http:\/\/www.ae2serpa.pt\/wp-content\/uploads\/2021\/07\/PDF-e1628017176183.png\"},{\"@type\":\"BreadcrumbList\",\"@id\":\"https:\/\/www.ae2serpa.pt\/index.php\/avaliacao-externa\/#breadcrumb\",\"itemListElement\":[{\"@type\":\"ListItem\",\"position\":1,\"name\":\"In\u00edcio\",\"item\":\"https:\/\/www.ae2serpa.pt\/\"},{\"@type\":\"ListItem\",\"position\":2,\"name\":\"AVALIA\u00c7\u00c3O EXTERNA\"}]},{\"@type\":\"WebSite\",\"@id\":\"https:\/\/www.ae2serpa.pt\/#website\",\"url\":\"https:\/\/www.ae2serpa.pt\/\",\"name\":\"AGRUPAMENTO DE ESCOLAS N.\u00ba 2 DE SERPA\",\"description\":\"Agrupamento de Escolas n.\u00ba 2 de Serpa\",\"publisher\":{\"@id\":\"https:\/\/www.ae2serpa.pt\/#organization\"},\"potentialAction\":[{\"@type\":\"SearchAction\",\"target\":{\"@type\":\"EntryPoint\",\"urlTemplate\":\"https:\/\/www.ae2serpa.pt\/?s={search_term_string}\"},\"query-input\":\"required name=search_term_string\"}],\"inLanguage\":\"pt-PT\"},{\"@type\":\"Organization\",\"@id\":\"https:\/\/www.ae2serpa.pt\/#organization\",\"name\":\"AGRUMANENTO DE ESOLAS N.\u00ba 2 DE SERPA\",\"url\":\"https:\/\/www.ae2serpa.pt\/\",\"logo\":{\"@type\":\"ImageObject\",\"inLanguage\":\"pt-PT\",\"@id\":\"https:\/\/www.ae2serpa.pt\/#\/schema\/logo\/image\/\",\"url\":\"https:\/\/www.ae2serpa.pt\/wp-content\/uploads\/2021\/07\/AE2Serpa_LogoNovo-e1627067148639.png\",\"contentUrl\":\"https:\/\/www.ae2serpa.pt\/wp-content\/uploads\/2021\/07\/AE2Serpa_LogoNovo-e1627067148639.png\",\"width\":250,\"height\":149,\"caption\":\"AGRUMANENTO DE ESOLAS N.\u00ba 2 DE SERPA\"},\"image\":{\"@id\":\"https:\/\/www.ae2serpa.pt\/#\/schema\/logo\/image\/\"},\"sameAs\":[\"https:\/\/www.facebook.com\/AE2Serpa\/\",\"https:\/\/x.com\/ae2serpa\",\"https:\/\/www.instagram.com\/agresc2serpa\/\"]}]}<\/script>\n<!-- \/ Yoast SEO plugin. -->","yoast_head_json":{"title":"AVALIA\u00c7\u00c3O EXTERNA - Agrupamento de Escolas n.\u00ba 2 de Serpa","description":"Sec\u00e7\u00e3o destinada \u00e1 divulga\u00e7\u00e3o do desenvolvimento e resultados dos processos de avalia\u00e7\u00e3o externa (IGEC e EQAVET)","robots":{"index":"index","follow":"follow","max-snippet":"max-snippet:-1","max-image-preview":"max-image-preview:large","max-video-preview":"max-video-preview:-1"},"canonical":"https:\/\/www.ae2serpa.pt\/index.php\/avaliacao-externa\/","og_locale":"pt_PT","og_type":"article","og_title":"AVALIA\u00c7\u00c3O EXTERNA - Agrupamento de Escolas n.\u00ba 2 de Serpa","og_description":"Sec\u00e7\u00e3o destinada \u00e1 divulga\u00e7\u00e3o do desenvolvimento e resultados dos processos de avalia\u00e7\u00e3o externa (IGEC e EQAVET)","og_url":"https:\/\/www.ae2serpa.pt\/index.php\/avaliacao-externa\/","og_site_name":"Agrupamento de Escolas n.\u00ba 2 de Serpa","article_publisher":"https:\/\/www.facebook.com\/AE2Serpa\/","article_modified_time":"2026-01-08T15:52:18+00:00","og_image":[{"url":"http:\/\/www.ae2serpa.pt\/wp-content\/uploads\/2021\/07\/PDF-e1628017176183.png"}],"twitter_card":"summary_large_image","twitter_site":"@ae2serpa","twitter_misc":{"Tempo estimado de leitura":"4 minutos"},"schema":{"@context":"https:\/\/schema.org","@graph":[{"@type":"WebPage","@id":"https:\/\/www.ae2serpa.pt\/index.php\/avaliacao-externa\/","url":"https:\/\/www.ae2serpa.pt\/index.php\/avaliacao-externa\/","name":"AVALIA\u00c7\u00c3O EXTERNA - Agrupamento de Escolas n.\u00ba 2 de Serpa","isPartOf":{"@id":"https:\/\/www.ae2serpa.pt\/#website"},"primaryImageOfPage":{"@id":"https:\/\/www.ae2serpa.pt\/index.php\/avaliacao-externa\/#primaryimage"},"image":{"@id":"https:\/\/www.ae2serpa.pt\/index.php\/avaliacao-externa\/#primaryimage"},"thumbnailUrl":"http:\/\/www.ae2serpa.pt\/wp-content\/uploads\/2021\/07\/PDF-e1628017176183.png","datePublished":"2021-07-25T00:41:23+00:00","dateModified":"2026-01-08T15:52:18+00:00","description":"Sec\u00e7\u00e3o destinada \u00e1 divulga\u00e7\u00e3o do desenvolvimento e resultados dos processos de avalia\u00e7\u00e3o externa (IGEC e EQAVET)","breadcrumb":{"@id":"https:\/\/www.ae2serpa.pt\/index.php\/avaliacao-externa\/#breadcrumb"},"inLanguage":"pt-PT","potentialAction":[{"@type":"ReadAction","target":["https:\/\/www.ae2serpa.pt\/index.php\/avaliacao-externa\/"]}]},{"@type":"ImageObject","inLanguage":"pt-PT","@id":"https:\/\/www.ae2serpa.pt\/index.php\/avaliacao-externa\/#primaryimage","url":"http:\/\/www.ae2serpa.pt\/wp-content\/uploads\/2021\/07\/PDF-e1628017176183.png","contentUrl":"http:\/\/www.ae2serpa.pt\/wp-content\/uploads\/2021\/07\/PDF-e1628017176183.png"},{"@type":"BreadcrumbList","@id":"https:\/\/www.ae2serpa.pt\/index.php\/avaliacao-externa\/#breadcrumb","itemListElement":[{"@type":"ListItem","position":1,"name":"In\u00edcio","item":"https:\/\/www.ae2serpa.pt\/"},{"@type":"ListItem","position":2,"name":"AVALIA\u00c7\u00c3O EXTERNA"}]},{"@type":"WebSite","@id":"https:\/\/www.ae2serpa.pt\/#website","url":"https:\/\/www.ae2serpa.pt\/","name":"AGRUPAMENTO DE ESCOLAS N.\u00ba 2 DE SERPA","description":"Agrupamento de Escolas n.\u00ba 2 de Serpa","publisher":{"@id":"https:\/\/www.ae2serpa.pt\/#organization"},"potentialAction":[{"@type":"SearchAction","target":{"@type":"EntryPoint","urlTemplate":"https:\/\/www.ae2serpa.pt\/?s={search_term_string}"},"query-input":"required name=search_term_string"}],"inLanguage":"pt-PT"},{"@type":"Organization","@id":"https:\/\/www.ae2serpa.pt\/#organization","name":"AGRUMANENTO DE ESOLAS N.\u00ba 2 DE SERPA","url":"https:\/\/www.ae2serpa.pt\/","logo":{"@type":"ImageObject","inLanguage":"pt-PT","@id":"https:\/\/www.ae2serpa.pt\/#\/schema\/logo\/image\/","url":"https:\/\/www.ae2serpa.pt\/wp-content\/uploads\/2021\/07\/AE2Serpa_LogoNovo-e1627067148639.png","contentUrl":"https:\/\/www.ae2serpa.pt\/wp-content\/uploads\/2021\/07\/AE2Serpa_LogoNovo-e1627067148639.png","width":250,"height":149,"caption":"AGRUMANENTO DE ESOLAS N.\u00ba 2 DE SERPA"},"image":{"@id":"https:\/\/www.ae2serpa.pt\/#\/schema\/logo\/image\/"},"sameAs":["https:\/\/www.facebook.com\/AE2Serpa\/","https:\/\/x.com\/ae2serpa","https:\/\/www.instagram.com\/agresc2serpa\/"]}]}},"_links":{"self":[{"href":"https:\/\/www.ae2serpa.pt\/index.php\/wp-json\/wp\/v2\/pages\/850"}],"collection":[{"href":"https:\/\/www.ae2serpa.pt\/index.php\/wp-json\/wp\/v2\/pages"}],"about":[{"href":"https:\/\/www.ae2serpa.pt\/index.php\/wp-json\/wp\/v2\/types\/page"}],"author":[{"embeddable":true,"href":"https:\/\/www.ae2serpa.pt\/index.php\/wp-json\/wp\/v2\/users\/4"}],"replies":[{"embeddable":true,"href":"https:\/\/www.ae2serpa.pt\/index.php\/wp-json\/wp\/v2\/comments?post=850"}],"version-history":[{"count":107,"href":"https:\/\/www.ae2serpa.pt\/index.php\/wp-json\/wp\/v2\/pages\/850\/revisions"}],"predecessor-version":[{"id":10124,"href":"https:\/\/www.ae2serpa.pt\/index.php\/wp-json\/wp\/v2\/pages\/850\/revisions\/10124"}],"wp:attachment":[{"href":"https:\/\/www.ae2serpa.pt\/index.php\/wp-json\/wp\/v2\/media?parent=850"}],"curies":[{"name":"wp","href":"https:\/\/api.w.org\/{rel}","templated":true}]}}