{"id":839,"date":"2021-07-25T00:38:34","date_gmt":"2021-07-25T00:38:34","guid":{"rendered":"https:\/\/www.ae2serpa.pt\/?page_id=839"},"modified":"2025-11-20T16:56:54","modified_gmt":"2025-11-20T16:56:54","slug":"ensino-secundario","status":"publish","type":"page","link":"https:\/\/www.ae2serpa.pt\/index.php\/ensino-secundario\/","title":{"rendered":"ENSINO SECUND\u00c1RIO"},"content":{"rendered":"\t\t<div data-elementor-type=\"wp-page\" data-elementor-id=\"839\" class=\"elementor elementor-839\">\n\t\t\t\t\t\t\t\t\t<section class=\"elementor-section elementor-top-section elementor-element elementor-element-394a3b6 elementor-section-boxed elementor-section-height-default elementor-section-height-default\" data-id=\"394a3b6\" data-element_type=\"section\">\n\t\t\t\t\t\t<div class=\"elementor-container elementor-column-gap-default\">\n\t\t\t\t\t<div class=\"elementor-column elementor-col-100 elementor-top-column elementor-element elementor-element-f45e8ba\" data-id=\"f45e8ba\" data-element_type=\"column\">\n\t\t\t<div class=\"elementor-widget-wrap\">\n\t\t\t\t\t\t\t\t\t<\/div>\n\t\t<\/div>\n\t\t\t\t\t\t\t<\/div>\n\t\t<\/section>\n\t\t\t\t<section class=\"elementor-section elementor-top-section elementor-element elementor-element-acd0fe2 elementor-section-boxed elementor-section-height-default elementor-section-height-default\" data-id=\"acd0fe2\" data-element_type=\"section\">\n\t\t\t\t\t\t<div class=\"elementor-container elementor-column-gap-default\">\n\t\t\t\t\t<div class=\"elementor-column elementor-col-100 elementor-top-column elementor-element elementor-element-d926c8c\" data-id=\"d926c8c\" data-element_type=\"column\">\n\t\t\t<div class=\"elementor-widget-wrap elementor-element-populated\">\n\t\t\t\t\t\t\t\t<div class=\"elementor-element elementor-element-52c6fe4 elementor-tabs-view-horizontal elementor-widget elementor-widget-tabs\" data-id=\"52c6fe4\" data-element_type=\"widget\" data-widget_type=\"tabs.default\">\n\t\t\t\t<div class=\"elementor-widget-container\">\n\t\t\t\t\t<div class=\"elementor-tabs\">\n\t\t\t<div class=\"elementor-tabs-wrapper\" role=\"tablist\" >\n\t\t\t\t\t\t\t\t\t<div id=\"elementor-tab-title-8671\" class=\"elementor-tab-title elementor-tab-desktop-title\" aria-selected=\"true\" data-tab=\"1\" role=\"tab\" tabindex=\"0\" aria-controls=\"elementor-tab-content-8671\" aria-expanded=\"false\">Cursos Cient\u00edfico-Human\u00edsticos<\/div>\n\t\t\t\t\t\t\t\t\t<div id=\"elementor-tab-title-8672\" class=\"elementor-tab-title elementor-tab-desktop-title\" aria-selected=\"false\" data-tab=\"2\" role=\"tab\" tabindex=\"-1\" aria-controls=\"elementor-tab-content-8672\" aria-expanded=\"false\">Secund\u00e1rio Recorrente (n\u00e3o presencial)<\/div>\n\t\t\t\t\t\t\t<\/div>\n\t\t\t<div class=\"elementor-tabs-content-wrapper\" role=\"tablist\" aria-orientation=\"vertical\">\n\t\t\t\t\t\t\t\t\t<div class=\"elementor-tab-title elementor-tab-mobile-title\" aria-selected=\"true\" data-tab=\"1\" role=\"tab\" tabindex=\"0\" aria-controls=\"elementor-tab-content-8671\" aria-expanded=\"false\">Cursos Cient\u00edfico-Human\u00edsticos<\/div>\n\t\t\t\t\t<div id=\"elementor-tab-content-8671\" class=\"elementor-tab-content elementor-clearfix\" data-tab=\"1\" role=\"tabpanel\" aria-labelledby=\"elementor-tab-title-8671\" tabindex=\"0\" hidden=\"false\"><div><span style=\"font-family: Open Sans;\">Nos termos aprovados na rede a oferta de Cursos Cient\u00edfico-Human\u00edsticos \u00e9 desenvolvida na Escola Secund\u00e1ria de Serpa, atrav\u00e9s da concretiza\u00e7\u00e3o de turmas com os seguintes cursos:<\/span><\/div><ul><li>Curso de Ci\u00eancias e Tecnologias (10.\u00ba ao 12.\u00ba ano)<\/li><li>Curso de L\u00ednguas e Humanidades (10.\u00ba ao 12.\u00ba ano)<\/li><li>Curso de Ci\u00eancias\u00a0 Socioecon\u00f3micas (10.\u00ba ao 12.\u00ba ano)<\/li><\/ul><h3 style=\"text-align: center;\"><span style=\"font-family: 'Open Sans'; color: #993300;\">Grelha Hor\u00e1ria<\/span><\/h3><div style=\"text-align: center;\"><img loading=\"lazy\" decoding=\"async\" class=\"aligncenter wp-image-1610\" src=\"https:\/\/www.ae2serpa.pt\/wp-content\/uploads\/2021\/07\/GH_CCH_S.png\" alt=\"Grelha CCH\" width=\"608\" height=\"334\" srcset=\"https:\/\/www.ae2serpa.pt\/wp-content\/uploads\/2021\/07\/GH_CCH_S.png 537w, https:\/\/www.ae2serpa.pt\/wp-content\/uploads\/2021\/07\/GH_CCH_S-300x165.png 300w\" sizes=\"(max-width: 608px) 100vw, 608px\" \/><\/div><div>\u00a0<\/div><h3 style=\"text-align: center;\"><span style=\"color: #993300;\">Matriz dos Cursos<\/span><\/h3><p style=\"text-align: center;\"><img loading=\"lazy\" decoding=\"async\" class=\"aligncenter size-full wp-image-1615\" src=\"https:\/\/www.ae2serpa.pt\/wp-content\/uploads\/2021\/07\/MC_CCH.png\" alt=\"Matriz CCH\" width=\"741\" height=\"933\" srcset=\"https:\/\/www.ae2serpa.pt\/wp-content\/uploads\/2021\/07\/MC_CCH.png 741w, https:\/\/www.ae2serpa.pt\/wp-content\/uploads\/2021\/07\/MC_CCH-238x300.png 238w\" sizes=\"(max-width: 741px) 100vw, 741px\" \/><\/p><\/div>\n\t\t\t\t\t\t\t\t\t<div class=\"elementor-tab-title elementor-tab-mobile-title\" aria-selected=\"false\" data-tab=\"2\" role=\"tab\" tabindex=\"-1\" aria-controls=\"elementor-tab-content-8672\" aria-expanded=\"false\">Secund\u00e1rio Recorrente (n\u00e3o presencial)<\/div>\n\t\t\t\t\t<div id=\"elementor-tab-content-8672\" class=\"elementor-tab-content elementor-clearfix\" data-tab=\"2\" role=\"tabpanel\" aria-labelledby=\"elementor-tab-title-8672\" tabindex=\"0\" hidden=\"hidden\"><h4><span style=\"color: #008000;\"><strong>Todos os Cursos Cient\u00edfico-Human\u00edsticos<\/strong><\/span><\/h4><p style=\"text-align: center;\"><span style=\"color: #808000;\"><strong>Calend\u00e1rio anual dos procedimentos<br \/><a href=\"https:\/\/www.ae2serpa.pt\/wp-content\/uploads\/2025\/11\/Calendario-de-Procedimentos-2025-2026-ERNP.pdf\"><img loading=\"lazy\" decoding=\"async\" class=\"aligncenter wp-image-9981 size-full\" src=\"https:\/\/www.ae2serpa.pt\/wp-content\/uploads\/2025\/11\/ERNP-Calendario-25_26.png\" alt=\"\" width=\"705\" height=\"696\" \/><\/a><\/strong><\/span><\/p><p style=\"text-align: center;\"><span style=\"color: #808000;\"><strong>Matrizes das Provas<\/strong><\/span><\/p><p style=\"text-align: left;\"><span style=\"color: #808000;\"><br \/><strong><span style=\"color: #993300;\">F\u00edsica e Qu\u00edmica A:<br \/><\/span><\/strong><a href=\"https:\/\/www.ae2serpa.pt\/wp-content\/uploads\/2022\/01\/ER_FQA_10_Mod-123_2021-2022.pdf\" target=\"_blank\" rel=\"noopener\">10\u00ba ano &#8211; m\u00f3dulos 1|2|3<\/a>\u00a0 \u00a0<a href=\"https:\/\/www.ae2serpa.pt\/wp-content\/uploads\/2022\/01\/ER_FQA_11_Mod-456_2021-2022.pdf\" target=\"_blank\" rel=\"noopener\">11\u00ba ano &#8211; m\u00f3dulos 4|5|6<\/a><\/span><\/p><p><strong><span style=\"color: #993300;\">Matem\u00e1tica A:<br \/><a href=\"https:\/\/www.ae2serpa.pt\/wp-content\/uploads\/2022\/01\/ER_Mat-A_10_Mod-123_-Matriz-2021-2022.pdf\" target=\"_blank\" rel=\"noopener\">10\u00ba ano &#8211; m\u00f3dulos 1|2|3<\/a>\u00a0 \u00a0<a href=\"https:\/\/www.ae2serpa.pt\/wp-content\/uploads\/2022\/01\/ER_Mat-A_11_Mod-456_-Matriz-2021-2022.pdf\" target=\"_blank\" rel=\"noopener\">11\u00ba ano &#8211; m\u00f3dulos 4|5|6<\/a>\u00a0 \u00a0<a href=\"https:\/\/www.ae2serpa.pt\/wp-content\/uploads\/2022\/01\/ER_Mat-A_12_Mod-789_-Matriz-2021-2022.pdf\" target=\"_blank\" rel=\"noopener\">12\u00ba ano &#8211; m\u00f3dulos 6|7|8<\/a><\/span><\/strong><\/p><p><span style=\"color: #993300;\"><strong>Geometria Descritiva A:<\/strong><\/span><br \/><strong><strong> 11\u00ba ano- m\u00f3dulo<\/strong> <a href=\"https:\/\/www.ae2serpa.pt\/wp-content\/uploads\/2022\/01\/ER_GDA_MOD_4_Matriz.pdf\" target=\"_blank\" rel=\"noopener\">4<\/a> | <a href=\"https:\/\/www.ae2serpa.pt\/wp-content\/uploads\/2022\/01\/ER_GDA_MOD_5_Matriz.pdf\" target=\"_blank\" rel=\"noopener\">5<\/a> | <a href=\"https:\/\/www.ae2serpa.pt\/wp-content\/uploads\/2022\/01\/ER_GDA_MOD_6_Matriz.pdf\" target=\"_blank\" rel=\"noopener\">6<\/a> | <a href=\"https:\/\/www.ae2serpa.pt\/wp-content\/uploads\/2022\/01\/ER_GDA_MOD_456_Matriz.pdf\" target=\"_blank\" rel=\"noopener\">m\u00f3dulos 4|5|6<\/a><\/strong><\/p><\/div>\n\t\t\t\t\t\t\t<\/div>\n\t\t<\/div>\n\t\t\t\t<\/div>\n\t\t\t\t<\/div>\n\t\t\t\t\t<\/div>\n\t\t<\/div>\n\t\t\t\t\t\t\t<\/div>\n\t\t<\/section>\n\t\t\t\t\t\t\t<\/div>\n\t\t","protected":false},"excerpt":{"rendered":"<p>Cursos Cient\u00edfico-Human\u00edsticos Secund\u00e1rio Recorrente (n\u00e3o presencial) Cursos Cient\u00edfico-Human\u00edsticos Nos termos aprovados na rede a oferta de Cursos Cient\u00edfico-Human\u00edsticos \u00e9 desenvolvida na Escola Secund\u00e1ria de Serpa, atrav\u00e9s da concretiza\u00e7\u00e3o de turmas com os seguintes cursos: Curso de Ci\u00eancias e Tecnologias (10.\u00ba ao 12.\u00ba ano) Curso de L\u00ednguas e Humanidades (10.\u00ba ao 12.\u00ba ano) Curso de Ci\u00eancias\u00a0 [&hellip;]<\/p>\n","protected":false},"author":4,"featured_media":0,"parent":0,"menu_order":0,"comment_status":"closed","ping_status":"closed","template":"","meta":{"footnotes":""},"yoast_head":"<!-- This site is optimized with the Yoast SEO plugin v22.8 - https:\/\/yoast.com\/wordpress\/plugins\/seo\/ -->\n<title>ENSINO SECUND\u00c1RIO - Agrupamento de Escolas n.\u00ba 2 de Serpa<\/title>\n<meta name=\"robots\" content=\"index, follow, max-snippet:-1, max-image-preview:large, max-video-preview:-1\" \/>\n<link rel=\"canonical\" href=\"https:\/\/www.ae2serpa.pt\/index.php\/ensino-secundario\/\" \/>\n<meta property=\"og:locale\" content=\"pt_PT\" \/>\n<meta property=\"og:type\" content=\"article\" \/>\n<meta property=\"og:title\" content=\"ENSINO SECUND\u00c1RIO - Agrupamento de Escolas n.\u00ba 2 de Serpa\" \/>\n<meta property=\"og:description\" content=\"Cursos Cient\u00edfico-Human\u00edsticos Secund\u00e1rio Recorrente (n\u00e3o presencial) Cursos Cient\u00edfico-Human\u00edsticos Nos termos aprovados na rede a oferta de Cursos Cient\u00edfico-Human\u00edsticos \u00e9 desenvolvida na Escola Secund\u00e1ria de Serpa, atrav\u00e9s da concretiza\u00e7\u00e3o de turmas com os seguintes cursos: Curso de Ci\u00eancias e Tecnologias (10.\u00ba ao 12.\u00ba ano) Curso de L\u00ednguas e Humanidades (10.\u00ba ao 12.\u00ba ano) Curso de Ci\u00eancias\u00a0 [&hellip;]\" \/>\n<meta property=\"og:url\" content=\"https:\/\/www.ae2serpa.pt\/index.php\/ensino-secundario\/\" \/>\n<meta property=\"og:site_name\" content=\"Agrupamento de Escolas n.\u00ba 2 de Serpa\" \/>\n<meta property=\"article:publisher\" content=\"https:\/\/www.facebook.com\/AE2Serpa\/\" \/>\n<meta property=\"article:modified_time\" content=\"2025-11-20T16:56:54+00:00\" \/>\n<meta property=\"og:image\" content=\"http:\/\/www.ae2serpa.pt\/wp-content\/uploads\/2021\/07\/GH_CCH_S.png\" \/>\n<meta name=\"twitter:card\" content=\"summary_large_image\" \/>\n<meta name=\"twitter:site\" content=\"@ae2serpa\" \/>\n<meta name=\"twitter:label1\" content=\"Tempo estimado de leitura\" \/>\n\t<meta name=\"twitter:data1\" content=\"2 minutos\" \/>\n<script type=\"application\/ld+json\" class=\"yoast-schema-graph\">{\"@context\":\"https:\/\/schema.org\",\"@graph\":[{\"@type\":\"WebPage\",\"@id\":\"https:\/\/www.ae2serpa.pt\/index.php\/ensino-secundario\/\",\"url\":\"https:\/\/www.ae2serpa.pt\/index.php\/ensino-secundario\/\",\"name\":\"ENSINO SECUND\u00c1RIO - Agrupamento de Escolas n.\u00ba 2 de Serpa\",\"isPartOf\":{\"@id\":\"https:\/\/www.ae2serpa.pt\/#website\"},\"primaryImageOfPage\":{\"@id\":\"https:\/\/www.ae2serpa.pt\/index.php\/ensino-secundario\/#primaryimage\"},\"image\":{\"@id\":\"https:\/\/www.ae2serpa.pt\/index.php\/ensino-secundario\/#primaryimage\"},\"thumbnailUrl\":\"http:\/\/www.ae2serpa.pt\/wp-content\/uploads\/2021\/07\/GH_CCH_S.png\",\"datePublished\":\"2021-07-25T00:38:34+00:00\",\"dateModified\":\"2025-11-20T16:56:54+00:00\",\"breadcrumb\":{\"@id\":\"https:\/\/www.ae2serpa.pt\/index.php\/ensino-secundario\/#breadcrumb\"},\"inLanguage\":\"pt-PT\",\"potentialAction\":[{\"@type\":\"ReadAction\",\"target\":[\"https:\/\/www.ae2serpa.pt\/index.php\/ensino-secundario\/\"]}]},{\"@type\":\"ImageObject\",\"inLanguage\":\"pt-PT\",\"@id\":\"https:\/\/www.ae2serpa.pt\/index.php\/ensino-secundario\/#primaryimage\",\"url\":\"http:\/\/www.ae2serpa.pt\/wp-content\/uploads\/2021\/07\/GH_CCH_S.png\",\"contentUrl\":\"http:\/\/www.ae2serpa.pt\/wp-content\/uploads\/2021\/07\/GH_CCH_S.png\"},{\"@type\":\"BreadcrumbList\",\"@id\":\"https:\/\/www.ae2serpa.pt\/index.php\/ensino-secundario\/#breadcrumb\",\"itemListElement\":[{\"@type\":\"ListItem\",\"position\":1,\"name\":\"In\u00edcio\",\"item\":\"https:\/\/www.ae2serpa.pt\/\"},{\"@type\":\"ListItem\",\"position\":2,\"name\":\"ENSINO SECUND\u00c1RIO\"}]},{\"@type\":\"WebSite\",\"@id\":\"https:\/\/www.ae2serpa.pt\/#website\",\"url\":\"https:\/\/www.ae2serpa.pt\/\",\"name\":\"AGRUPAMENTO DE ESCOLAS N.\u00ba 2 DE SERPA\",\"description\":\"Agrupamento de Escolas n.\u00ba 2 de Serpa\",\"publisher\":{\"@id\":\"https:\/\/www.ae2serpa.pt\/#organization\"},\"potentialAction\":[{\"@type\":\"SearchAction\",\"target\":{\"@type\":\"EntryPoint\",\"urlTemplate\":\"https:\/\/www.ae2serpa.pt\/?s={search_term_string}\"},\"query-input\":\"required name=search_term_string\"}],\"inLanguage\":\"pt-PT\"},{\"@type\":\"Organization\",\"@id\":\"https:\/\/www.ae2serpa.pt\/#organization\",\"name\":\"AGRUMANENTO DE ESOLAS N.\u00ba 2 DE SERPA\",\"url\":\"https:\/\/www.ae2serpa.pt\/\",\"logo\":{\"@type\":\"ImageObject\",\"inLanguage\":\"pt-PT\",\"@id\":\"https:\/\/www.ae2serpa.pt\/#\/schema\/logo\/image\/\",\"url\":\"https:\/\/www.ae2serpa.pt\/wp-content\/uploads\/2021\/07\/AE2Serpa_LogoNovo-e1627067148639.png\",\"contentUrl\":\"https:\/\/www.ae2serpa.pt\/wp-content\/uploads\/2021\/07\/AE2Serpa_LogoNovo-e1627067148639.png\",\"width\":250,\"height\":149,\"caption\":\"AGRUMANENTO DE ESOLAS N.\u00ba 2 DE SERPA\"},\"image\":{\"@id\":\"https:\/\/www.ae2serpa.pt\/#\/schema\/logo\/image\/\"},\"sameAs\":[\"https:\/\/www.facebook.com\/AE2Serpa\/\",\"https:\/\/x.com\/ae2serpa\",\"https:\/\/www.instagram.com\/agresc2serpa\/\"]}]}<\/script>\n<!-- \/ Yoast SEO plugin. -->","yoast_head_json":{"title":"ENSINO SECUND\u00c1RIO - Agrupamento de Escolas n.\u00ba 2 de Serpa","robots":{"index":"index","follow":"follow","max-snippet":"max-snippet:-1","max-image-preview":"max-image-preview:large","max-video-preview":"max-video-preview:-1"},"canonical":"https:\/\/www.ae2serpa.pt\/index.php\/ensino-secundario\/","og_locale":"pt_PT","og_type":"article","og_title":"ENSINO SECUND\u00c1RIO - Agrupamento de Escolas n.\u00ba 2 de Serpa","og_description":"Cursos Cient\u00edfico-Human\u00edsticos Secund\u00e1rio Recorrente (n\u00e3o presencial) Cursos Cient\u00edfico-Human\u00edsticos Nos termos aprovados na rede a oferta de Cursos Cient\u00edfico-Human\u00edsticos \u00e9 desenvolvida na Escola Secund\u00e1ria de Serpa, atrav\u00e9s da concretiza\u00e7\u00e3o de turmas com os seguintes cursos: Curso de Ci\u00eancias e Tecnologias (10.\u00ba ao 12.\u00ba ano) Curso de L\u00ednguas e Humanidades (10.\u00ba ao 12.\u00ba ano) Curso de Ci\u00eancias\u00a0 [&hellip;]","og_url":"https:\/\/www.ae2serpa.pt\/index.php\/ensino-secundario\/","og_site_name":"Agrupamento de Escolas n.\u00ba 2 de Serpa","article_publisher":"https:\/\/www.facebook.com\/AE2Serpa\/","article_modified_time":"2025-11-20T16:56:54+00:00","og_image":[{"url":"http:\/\/www.ae2serpa.pt\/wp-content\/uploads\/2021\/07\/GH_CCH_S.png"}],"twitter_card":"summary_large_image","twitter_site":"@ae2serpa","twitter_misc":{"Tempo estimado de leitura":"2 minutos"},"schema":{"@context":"https:\/\/schema.org","@graph":[{"@type":"WebPage","@id":"https:\/\/www.ae2serpa.pt\/index.php\/ensino-secundario\/","url":"https:\/\/www.ae2serpa.pt\/index.php\/ensino-secundario\/","name":"ENSINO SECUND\u00c1RIO - Agrupamento de Escolas n.\u00ba 2 de Serpa","isPartOf":{"@id":"https:\/\/www.ae2serpa.pt\/#website"},"primaryImageOfPage":{"@id":"https:\/\/www.ae2serpa.pt\/index.php\/ensino-secundario\/#primaryimage"},"image":{"@id":"https:\/\/www.ae2serpa.pt\/index.php\/ensino-secundario\/#primaryimage"},"thumbnailUrl":"http:\/\/www.ae2serpa.pt\/wp-content\/uploads\/2021\/07\/GH_CCH_S.png","datePublished":"2021-07-25T00:38:34+00:00","dateModified":"2025-11-20T16:56:54+00:00","breadcrumb":{"@id":"https:\/\/www.ae2serpa.pt\/index.php\/ensino-secundario\/#breadcrumb"},"inLanguage":"pt-PT","potentialAction":[{"@type":"ReadAction","target":["https:\/\/www.ae2serpa.pt\/index.php\/ensino-secundario\/"]}]},{"@type":"ImageObject","inLanguage":"pt-PT","@id":"https:\/\/www.ae2serpa.pt\/index.php\/ensino-secundario\/#primaryimage","url":"http:\/\/www.ae2serpa.pt\/wp-content\/uploads\/2021\/07\/GH_CCH_S.png","contentUrl":"http:\/\/www.ae2serpa.pt\/wp-content\/uploads\/2021\/07\/GH_CCH_S.png"},{"@type":"BreadcrumbList","@id":"https:\/\/www.ae2serpa.pt\/index.php\/ensino-secundario\/#breadcrumb","itemListElement":[{"@type":"ListItem","position":1,"name":"In\u00edcio","item":"https:\/\/www.ae2serpa.pt\/"},{"@type":"ListItem","position":2,"name":"ENSINO SECUND\u00c1RIO"}]},{"@type":"WebSite","@id":"https:\/\/www.ae2serpa.pt\/#website","url":"https:\/\/www.ae2serpa.pt\/","name":"AGRUPAMENTO DE ESCOLAS N.\u00ba 2 DE SERPA","description":"Agrupamento de Escolas n.\u00ba 2 de Serpa","publisher":{"@id":"https:\/\/www.ae2serpa.pt\/#organization"},"potentialAction":[{"@type":"SearchAction","target":{"@type":"EntryPoint","urlTemplate":"https:\/\/www.ae2serpa.pt\/?s={search_term_string}"},"query-input":"required name=search_term_string"}],"inLanguage":"pt-PT"},{"@type":"Organization","@id":"https:\/\/www.ae2serpa.pt\/#organization","name":"AGRUMANENTO DE ESOLAS N.\u00ba 2 DE SERPA","url":"https:\/\/www.ae2serpa.pt\/","logo":{"@type":"ImageObject","inLanguage":"pt-PT","@id":"https:\/\/www.ae2serpa.pt\/#\/schema\/logo\/image\/","url":"https:\/\/www.ae2serpa.pt\/wp-content\/uploads\/2021\/07\/AE2Serpa_LogoNovo-e1627067148639.png","contentUrl":"https:\/\/www.ae2serpa.pt\/wp-content\/uploads\/2021\/07\/AE2Serpa_LogoNovo-e1627067148639.png","width":250,"height":149,"caption":"AGRUMANENTO DE ESOLAS N.\u00ba 2 DE SERPA"},"image":{"@id":"https:\/\/www.ae2serpa.pt\/#\/schema\/logo\/image\/"},"sameAs":["https:\/\/www.facebook.com\/AE2Serpa\/","https:\/\/x.com\/ae2serpa","https:\/\/www.instagram.com\/agresc2serpa\/"]}]}},"_links":{"self":[{"href":"https:\/\/www.ae2serpa.pt\/index.php\/wp-json\/wp\/v2\/pages\/839"}],"collection":[{"href":"https:\/\/www.ae2serpa.pt\/index.php\/wp-json\/wp\/v2\/pages"}],"about":[{"href":"https:\/\/www.ae2serpa.pt\/index.php\/wp-json\/wp\/v2\/types\/page"}],"author":[{"embeddable":true,"href":"https:\/\/www.ae2serpa.pt\/index.php\/wp-json\/wp\/v2\/users\/4"}],"replies":[{"embeddable":true,"href":"https:\/\/www.ae2serpa.pt\/index.php\/wp-json\/wp\/v2\/comments?post=839"}],"version-history":[{"count":95,"href":"https:\/\/www.ae2serpa.pt\/index.php\/wp-json\/wp\/v2\/pages\/839\/revisions"}],"predecessor-version":[{"id":9995,"href":"https:\/\/www.ae2serpa.pt\/index.php\/wp-json\/wp\/v2\/pages\/839\/revisions\/9995"}],"wp:attachment":[{"href":"https:\/\/www.ae2serpa.pt\/index.php\/wp-json\/wp\/v2\/media?parent=839"}],"curies":[{"name":"wp","href":"https:\/\/api.w.org\/{rel}","templated":true}]}}