{"id":838,"date":"2021-07-25T00:38:34","date_gmt":"2021-07-25T00:38:34","guid":{"rendered":"https:\/\/www.ae2serpa.pt\/?page_id=838"},"modified":"2021-08-05T13:04:12","modified_gmt":"2021-08-05T12:04:12","slug":"ensino-basico","status":"publish","type":"page","link":"https:\/\/www.ae2serpa.pt\/index.php\/ensino-basico\/","title":{"rendered":"ENSINO B\u00c1SICO"},"content":{"rendered":"\t\t<div data-elementor-type=\"wp-page\" data-elementor-id=\"838\" class=\"elementor elementor-838\">\n\t\t\t\t\t\t\t\t\t<section class=\"elementor-section elementor-top-section elementor-element elementor-element-327f140 elementor-section-boxed elementor-section-height-default elementor-section-height-default\" data-id=\"327f140\" data-element_type=\"section\">\n\t\t\t\t\t\t<div class=\"elementor-container elementor-column-gap-default\">\n\t\t\t\t\t<div class=\"elementor-column elementor-col-100 elementor-top-column elementor-element elementor-element-eaee376\" data-id=\"eaee376\" data-element_type=\"column\">\n\t\t\t<div class=\"elementor-widget-wrap elementor-element-populated\">\n\t\t\t\t\t\t\t\t<div class=\"elementor-element elementor-element-5649c71 elementor-tabs-view-horizontal elementor-widget elementor-widget-tabs\" data-id=\"5649c71\" data-element_type=\"widget\" data-widget_type=\"tabs.default\">\n\t\t\t\t<div class=\"elementor-widget-container\">\n\t\t\t\t\t<div class=\"elementor-tabs\">\n\t\t\t<div class=\"elementor-tabs-wrapper\" role=\"tablist\" >\n\t\t\t\t\t\t\t\t\t<div id=\"elementor-tab-title-9041\" class=\"elementor-tab-title elementor-tab-desktop-title\" aria-selected=\"true\" data-tab=\"1\" role=\"tab\" tabindex=\"0\" aria-controls=\"elementor-tab-content-9041\" aria-expanded=\"false\">1.\u00ba CICLO<\/div>\n\t\t\t\t\t\t\t\t\t<div id=\"elementor-tab-title-9042\" class=\"elementor-tab-title elementor-tab-desktop-title\" aria-selected=\"false\" data-tab=\"2\" role=\"tab\" tabindex=\"-1\" aria-controls=\"elementor-tab-content-9042\" aria-expanded=\"false\">2.\u00ba CICLO<\/div>\n\t\t\t\t\t\t\t\t\t<div id=\"elementor-tab-title-9043\" class=\"elementor-tab-title elementor-tab-desktop-title\" aria-selected=\"false\" data-tab=\"3\" role=\"tab\" tabindex=\"-1\" aria-controls=\"elementor-tab-content-9043\" aria-expanded=\"false\">3.\u00ba CICLO (G)<\/div>\n\t\t\t\t\t\t\t\t\t<div id=\"elementor-tab-title-9044\" class=\"elementor-tab-title elementor-tab-desktop-title\" aria-selected=\"false\" data-tab=\"4\" role=\"tab\" tabindex=\"-1\" aria-controls=\"elementor-tab-content-9044\" aria-expanded=\"false\">3.\u00ba CICLO (CEF)<\/div>\n\t\t\t\t\t\t\t<\/div>\n\t\t\t<div class=\"elementor-tabs-content-wrapper\" role=\"tablist\" aria-orientation=\"vertical\">\n\t\t\t\t\t\t\t\t\t<div class=\"elementor-tab-title elementor-tab-mobile-title\" aria-selected=\"true\" data-tab=\"1\" role=\"tab\" tabindex=\"0\" aria-controls=\"elementor-tab-content-9041\" aria-expanded=\"false\">1.\u00ba CICLO<\/div>\n\t\t\t\t\t<div id=\"elementor-tab-content-9041\" class=\"elementor-tab-content elementor-clearfix\" data-tab=\"1\" role=\"tabpanel\" aria-labelledby=\"elementor-tab-title-9041\" tabindex=\"0\" hidden=\"false\">Nos termos da rede aprovada para 2021\/2022, esta oferta educativa \u00e9 desenvolvida em tr\u00eas estabelecimentos de ensino:<br>\n\n\u00bb Escola B\u00e1sica n.\u00ba 2 de Vila Nova de S\u00e3o Bento &#8211; 4 turmas, duas das quais mistas<br>\n\n\u00bb Escola B\u00e1sica de Vila Verde de Ficalho &#8211; 2 turmas mistas<br>\n\n\u00bb Escola B\u00e1sica de Montes-do-Pinto (A-do-Pinto) &#8211; 1 turma mista<br>\n<h3 style=\"text-align: center;\"><span style=\"color: #993300;\"><br>Grelha Hor\u00e1ria<\/span><\/h3>\n<div style=\"text-align: center;\"><img loading=\"lazy\" decoding=\"async\" class=\"size-full wp-image-1606\" src=\"https:\/\/www.ae2serpa.pt\/wp-content\/uploads\/2021\/07\/GH_1C.png\" alt=\"Grelha Hor\u00e1ria\" width=\"1200\" height=\"280\" srcset=\"https:\/\/www.ae2serpa.pt\/wp-content\/uploads\/2021\/07\/GH_1C.png 1200w, https:\/\/www.ae2serpa.pt\/wp-content\/uploads\/2021\/07\/GH_1C-300x70.png 300w, https:\/\/www.ae2serpa.pt\/wp-content\/uploads\/2021\/07\/GH_1C-1024x239.png 1024w, https:\/\/www.ae2serpa.pt\/wp-content\/uploads\/2021\/07\/GH_1C-768x179.png 768w\" sizes=\"(max-width: 1200px) 100vw, 1200px\" \/><\/div>\n<div style=\"text-align: center;\"><\/div>\n<h3 style=\"text-align: center;\"><span style=\"color: #993300;\"><br>Matriz Curricular<\/span><\/h3>\n<p style=\"text-align: center;\"><img loading=\"lazy\" decoding=\"async\" class=\"aligncenter size-full wp-image-1612\" src=\"https:\/\/www.ae2serpa.pt\/wp-content\/uploads\/2021\/07\/MC_1C.png\" alt=\"\" width=\"760\" height=\"702\" srcset=\"https:\/\/www.ae2serpa.pt\/wp-content\/uploads\/2021\/07\/MC_1C.png 760w, https:\/\/www.ae2serpa.pt\/wp-content\/uploads\/2021\/07\/MC_1C-300x277.png 300w\" sizes=\"(max-width: 760px) 100vw, 760px\" \/><\/p><\/div>\n\t\t\t\t\t\t\t\t\t<div class=\"elementor-tab-title elementor-tab-mobile-title\" aria-selected=\"false\" data-tab=\"2\" role=\"tab\" tabindex=\"-1\" aria-controls=\"elementor-tab-content-9042\" aria-expanded=\"false\">2.\u00ba CICLO<\/div>\n\t\t\t\t\t<div id=\"elementor-tab-content-9042\" class=\"elementor-tab-content elementor-clearfix\" data-tab=\"2\" role=\"tabpanel\" aria-labelledby=\"elementor-tab-title-9042\" tabindex=\"0\" hidden=\"hidden\"><p>Nos termos da rede aprovada para 2021\/2022, esta oferta educativa desenvolve-se na Escola B\u00e1sica n.\u00ba 1 de Vila Nova de S\u00e3o Bento, atrav\u00e9s de 2 turmas de 5.\u00ba ano e 2 turmas de 6.\u00ba ano.<\/p><h3 style=\"text-align: center;\"><span style=\"color: #993300;\">Grelha Hor\u00e1ria<\/span><\/h3><p style=\"text-align: center;\"><img loading=\"lazy\" decoding=\"async\" class=\"aligncenter size-full wp-image-1607\" src=\"https:\/\/www.ae2serpa.pt\/wp-content\/uploads\/2021\/07\/GH_2C.png\" alt=\"Grelha 2.\u00ba Ciclo\" width=\"672\" height=\"375\" srcset=\"https:\/\/www.ae2serpa.pt\/wp-content\/uploads\/2021\/07\/GH_2C.png 672w, https:\/\/www.ae2serpa.pt\/wp-content\/uploads\/2021\/07\/GH_2C-300x167.png 300w\" sizes=\"(max-width: 672px) 100vw, 672px\" \/><\/p><h3 style=\"text-align: center;\"><span style=\"color: #993300;\">Matriz Curricular<\/span><\/h3><p style=\"text-align: center;\"><img loading=\"lazy\" decoding=\"async\" class=\"aligncenter size-full wp-image-1613\" src=\"https:\/\/www.ae2serpa.pt\/wp-content\/uploads\/2021\/07\/MC_2C.png\" alt=\"Matriz 2.\u00ba Ciclo\" width=\"738\" height=\"992\" srcset=\"https:\/\/www.ae2serpa.pt\/wp-content\/uploads\/2021\/07\/MC_2C.png 738w, https:\/\/www.ae2serpa.pt\/wp-content\/uploads\/2021\/07\/MC_2C-223x300.png 223w\" sizes=\"(max-width: 738px) 100vw, 738px\" \/><\/p><\/div>\n\t\t\t\t\t\t\t\t\t<div class=\"elementor-tab-title elementor-tab-mobile-title\" aria-selected=\"false\" data-tab=\"3\" role=\"tab\" tabindex=\"-1\" aria-controls=\"elementor-tab-content-9043\" aria-expanded=\"false\">3.\u00ba CICLO (G)<\/div>\n\t\t\t\t\t<div id=\"elementor-tab-content-9043\" class=\"elementor-tab-content elementor-clearfix\" data-tab=\"3\" role=\"tabpanel\" aria-labelledby=\"elementor-tab-title-9043\" tabindex=\"0\" hidden=\"hidden\">Nos termos da rede aprovada para 2021\/2022, a oferta do 3.\u00ba ciclo (geral) \u00e9 desenvolvida em dois estabelecimentos de ensino:\n\n\u00bb Escola Secund\u00e1ria de Serpa &#8211; 7.\u00ba ano (1 turma), 8.\u00ba ano (1 turma) e 9.\u00ba ano (2 turmas)\n\n\u00bb Escola B\u00e1sica n.\u00ba 1 de Vila Nova de S\u00e3o Bento &#8211; 7.\u00ba ano (2 turmas), 8.\u00ba ano (2 turmas) e 9.\u00ba ano (1 turma)\n<h3 style=\"text-align: center;\"><span style=\"color: #993300;\">Grelhas Hor\u00e1rias<\/span><\/h3>\n<p style=\"text-align: center;\"><img loading=\"lazy\" decoding=\"async\" class=\"aligncenter wp-image-1609\" src=\"https:\/\/www.ae2serpa.pt\/wp-content\/uploads\/2021\/07\/GH_3V.png\" alt=\"Grelha 3.\u00ba ciclo VNSB\" width=\"683\" height=\"376\" srcset=\"https:\/\/www.ae2serpa.pt\/wp-content\/uploads\/2021\/07\/GH_3V.png 538w, https:\/\/www.ae2serpa.pt\/wp-content\/uploads\/2021\/07\/GH_3V-300x165.png 300w\" sizes=\"(max-width: 683px) 100vw, 683px\" \/><\/p>\n<p style=\"text-align: center;\"><img loading=\"lazy\" decoding=\"async\" class=\"aligncenter size-full wp-image-1608\" src=\"https:\/\/www.ae2serpa.pt\/wp-content\/uploads\/2021\/07\/GH_3S.png\" alt=\"Grelha 3.\u00ba ciclo SRP\" width=\"684\" height=\"374\" srcset=\"https:\/\/www.ae2serpa.pt\/wp-content\/uploads\/2021\/07\/GH_3S.png 684w, https:\/\/www.ae2serpa.pt\/wp-content\/uploads\/2021\/07\/GH_3S-300x164.png 300w\" sizes=\"(max-width: 684px) 100vw, 684px\" \/><\/p>\n\n<h3 style=\"text-align: center;\"><span style=\"color: #993300;\">Matriz Curricular<\/span><\/h3>\n<p style=\"text-align: center;\"><\/p><img decoding=\"async\" src=\"https:\/\/www.ae2serpa.pt\/wp-content\/uploads\/2021\/08\/MC_3C.png\" alt=\"null\" \/><\/div>\n\t\t\t\t\t\t\t\t\t<div class=\"elementor-tab-title elementor-tab-mobile-title\" aria-selected=\"false\" data-tab=\"4\" role=\"tab\" tabindex=\"-1\" aria-controls=\"elementor-tab-content-9044\" aria-expanded=\"false\">3.\u00ba CICLO (CEF)<\/div>\n\t\t\t\t\t<div id=\"elementor-tab-content-9044\" class=\"elementor-tab-content elementor-clearfix\" data-tab=\"4\" role=\"tabpanel\" aria-labelledby=\"elementor-tab-title-9044\" tabindex=\"0\" hidden=\"hidden\"><p>Nos termos aprovados na rede para 2021\/2022, esta oferta educativa, de dupla certifica\u00e7\u00e3o, desenvolve-se na Escola Secund\u00e1ria de Serpa, com o funcionamento de uma turma com dois cursos em agrega\u00e7\u00e3o: Curso de Operador de Jardinagem e Curso de Operador de Inform\u00e1tica, ambos de Tipo 2 (dois anos de percurso).<\/p><h3 style=\"text-align: center;\"><span style=\"color: #993300;\">Grelha Hor\u00e1ria<\/span><\/h3><p style=\"text-align: center;\"><img loading=\"lazy\" decoding=\"async\" class=\"aligncenter size-full wp-image-1608\" src=\"https:\/\/www.ae2serpa.pt\/wp-content\/uploads\/2021\/07\/GH_3S.png\" alt=\"Grelha 3.\u00ba ciclo SRP\" width=\"684\" height=\"374\" srcset=\"https:\/\/www.ae2serpa.pt\/wp-content\/uploads\/2021\/07\/GH_3S.png 684w, https:\/\/www.ae2serpa.pt\/wp-content\/uploads\/2021\/07\/GH_3S-300x164.png 300w\" sizes=\"(max-width: 684px) 100vw, 684px\" \/><\/p><h3 style=\"text-align: center;\"><span style=\"color: #993300;\">Matrizes Curriculares<\/span><\/h3><p style=\"text-align: center;\"><img loading=\"lazy\" decoding=\"async\" class=\"aligncenter size-full wp-image-1617\" src=\"https:\/\/www.ae2serpa.pt\/wp-content\/uploads\/2021\/07\/MC_OJ.png\" alt=\"Matriz CEF_OJ\" width=\"700\" height=\"383\" srcset=\"https:\/\/www.ae2serpa.pt\/wp-content\/uploads\/2021\/07\/MC_OJ.png 700w, https:\/\/www.ae2serpa.pt\/wp-content\/uploads\/2021\/07\/MC_OJ-300x164.png 300w\" sizes=\"(max-width: 700px) 100vw, 700px\" \/><\/p><p style=\"text-align: center;\"><img loading=\"lazy\" decoding=\"async\" class=\"aligncenter size-full wp-image-1616\" src=\"https:\/\/www.ae2serpa.pt\/wp-content\/uploads\/2021\/07\/MC_OI.png\" alt=\"Matriz CEF_OI\" width=\"704\" height=\"397\" srcset=\"https:\/\/www.ae2serpa.pt\/wp-content\/uploads\/2021\/07\/MC_OI.png 704w, https:\/\/www.ae2serpa.pt\/wp-content\/uploads\/2021\/07\/MC_OI-300x169.png 300w\" sizes=\"(max-width: 704px) 100vw, 704px\" \/><\/p><\/div>\n\t\t\t\t\t\t\t<\/div>\n\t\t<\/div>\n\t\t\t\t<\/div>\n\t\t\t\t<\/div>\n\t\t\t\t\t<\/div>\n\t\t<\/div>\n\t\t\t\t\t\t\t<\/div>\n\t\t<\/section>\n\t\t\t\t<section class=\"elementor-section elementor-top-section elementor-element elementor-element-8d9cf44 elementor-section-boxed elementor-section-height-default elementor-section-height-default\" data-id=\"8d9cf44\" data-element_type=\"section\">\n\t\t\t\t\t\t<div class=\"elementor-container elementor-column-gap-default\">\n\t\t\t\t\t<div class=\"elementor-column elementor-col-100 elementor-top-column elementor-element elementor-element-1c8bb5b\" data-id=\"1c8bb5b\" data-element_type=\"column\">\n\t\t\t<div class=\"elementor-widget-wrap elementor-element-populated\">\n\t\t\t\t\t\t\t\t<div class=\"elementor-element elementor-element-0e21133 elementor-widget elementor-widget-image\" data-id=\"0e21133\" data-element_type=\"widget\" data-widget_type=\"image.default\">\n\t\t\t\t<div class=\"elementor-widget-container\">\n\t\t\t\t\t\t\t\t\t\t\t\t\t\t\t<img loading=\"lazy\" decoding=\"async\" width=\"696\" height=\"73\" src=\"https:\/\/www.ae2serpa.pt\/wp-content\/uploads\/2021\/08\/BarraLogos_completam-1024x107.png\" class=\"attachment-large size-large wp-image-1642\" alt=\"Barra Logo POCH et al\" srcset=\"https:\/\/www.ae2serpa.pt\/wp-content\/uploads\/2021\/08\/BarraLogos_completam-1024x107.png 1024w, https:\/\/www.ae2serpa.pt\/wp-content\/uploads\/2021\/08\/BarraLogos_completam-300x31.png 300w, https:\/\/www.ae2serpa.pt\/wp-content\/uploads\/2021\/08\/BarraLogos_completam-768x80.png 768w, https:\/\/www.ae2serpa.pt\/wp-content\/uploads\/2021\/08\/BarraLogos_completam-1536x160.png 1536w, https:\/\/www.ae2serpa.pt\/wp-content\/uploads\/2021\/08\/BarraLogos_completam.png 1728w\" sizes=\"(max-width: 696px) 100vw, 696px\" \/>\t\t\t\t\t\t\t\t\t\t\t\t\t\t\t<\/div>\n\t\t\t\t<\/div>\n\t\t\t\t\t<\/div>\n\t\t<\/div>\n\t\t\t\t\t\t\t<\/div>\n\t\t<\/section>\n\t\t\t\t\t\t\t<\/div>\n\t\t","protected":false},"excerpt":{"rendered":"<p>1.\u00ba CICLO 2.\u00ba CICLO 3.\u00ba CICLO (G) 3.\u00ba CICLO (CEF) 1.\u00ba CICLO Nos termos da rede aprovada para 2021\/2022, esta oferta educativa \u00e9 desenvolvida em tr\u00eas estabelecimentos de ensino: \u00bb Escola B\u00e1sica n.\u00ba 2 de Vila Nova de S\u00e3o Bento &#8211; 4 turmas, duas das quais mistas \u00bb Escola B\u00e1sica de Vila Verde de Ficalho [&hellip;]<\/p>\n","protected":false},"author":4,"featured_media":0,"parent":0,"menu_order":0,"comment_status":"closed","ping_status":"closed","template":"","meta":{"footnotes":""},"yoast_head":"<!-- This site is optimized with the Yoast SEO plugin v22.8 - https:\/\/yoast.com\/wordpress\/plugins\/seo\/ -->\n<title>ENSINO B\u00c1SICO - Agrupamento de Escolas n.\u00ba 2 de Serpa<\/title>\n<meta name=\"robots\" content=\"index, follow, max-snippet:-1, max-image-preview:large, max-video-preview:-1\" \/>\n<link rel=\"canonical\" href=\"https:\/\/www.ae2serpa.pt\/index.php\/ensino-basico\/\" \/>\n<meta property=\"og:locale\" content=\"pt_PT\" \/>\n<meta property=\"og:type\" content=\"article\" \/>\n<meta property=\"og:title\" content=\"ENSINO B\u00c1SICO - Agrupamento de Escolas n.\u00ba 2 de Serpa\" \/>\n<meta property=\"og:description\" content=\"1.\u00ba CICLO 2.\u00ba CICLO 3.\u00ba CICLO (G) 3.\u00ba CICLO (CEF) 1.\u00ba CICLO Nos termos da rede aprovada para 2021\/2022, esta oferta educativa \u00e9 desenvolvida em tr\u00eas estabelecimentos de ensino: \u00bb Escola B\u00e1sica n.\u00ba 2 de Vila Nova de S\u00e3o Bento &#8211; 4 turmas, duas das quais mistas \u00bb Escola B\u00e1sica de Vila Verde de Ficalho [&hellip;]\" \/>\n<meta property=\"og:url\" content=\"https:\/\/www.ae2serpa.pt\/index.php\/ensino-basico\/\" \/>\n<meta property=\"og:site_name\" content=\"Agrupamento de Escolas n.\u00ba 2 de Serpa\" \/>\n<meta property=\"article:publisher\" content=\"https:\/\/www.facebook.com\/AE2Serpa\/\" \/>\n<meta property=\"article:modified_time\" content=\"2021-08-05T12:04:12+00:00\" \/>\n<meta property=\"og:image\" content=\"http:\/\/www.ae2serpa.pt\/wp-content\/uploads\/2021\/07\/GH_1C.png\" \/>\n<meta name=\"twitter:card\" content=\"summary_large_image\" \/>\n<meta name=\"twitter:site\" content=\"@ae2serpa\" \/>\n<meta name=\"twitter:label1\" content=\"Tempo estimado de leitura\" \/>\n\t<meta name=\"twitter:data1\" content=\"4 minutos\" \/>\n<script type=\"application\/ld+json\" class=\"yoast-schema-graph\">{\"@context\":\"https:\/\/schema.org\",\"@graph\":[{\"@type\":\"WebPage\",\"@id\":\"https:\/\/www.ae2serpa.pt\/index.php\/ensino-basico\/\",\"url\":\"https:\/\/www.ae2serpa.pt\/index.php\/ensino-basico\/\",\"name\":\"ENSINO B\u00c1SICO - Agrupamento de Escolas n.\u00ba 2 de Serpa\",\"isPartOf\":{\"@id\":\"https:\/\/www.ae2serpa.pt\/#website\"},\"primaryImageOfPage\":{\"@id\":\"https:\/\/www.ae2serpa.pt\/index.php\/ensino-basico\/#primaryimage\"},\"image\":{\"@id\":\"https:\/\/www.ae2serpa.pt\/index.php\/ensino-basico\/#primaryimage\"},\"thumbnailUrl\":\"http:\/\/www.ae2serpa.pt\/wp-content\/uploads\/2021\/07\/GH_1C.png\",\"datePublished\":\"2021-07-25T00:38:34+00:00\",\"dateModified\":\"2021-08-05T12:04:12+00:00\",\"breadcrumb\":{\"@id\":\"https:\/\/www.ae2serpa.pt\/index.php\/ensino-basico\/#breadcrumb\"},\"inLanguage\":\"pt-PT\",\"potentialAction\":[{\"@type\":\"ReadAction\",\"target\":[\"https:\/\/www.ae2serpa.pt\/index.php\/ensino-basico\/\"]}]},{\"@type\":\"ImageObject\",\"inLanguage\":\"pt-PT\",\"@id\":\"https:\/\/www.ae2serpa.pt\/index.php\/ensino-basico\/#primaryimage\",\"url\":\"http:\/\/www.ae2serpa.pt\/wp-content\/uploads\/2021\/07\/GH_1C.png\",\"contentUrl\":\"http:\/\/www.ae2serpa.pt\/wp-content\/uploads\/2021\/07\/GH_1C.png\"},{\"@type\":\"BreadcrumbList\",\"@id\":\"https:\/\/www.ae2serpa.pt\/index.php\/ensino-basico\/#breadcrumb\",\"itemListElement\":[{\"@type\":\"ListItem\",\"position\":1,\"name\":\"In\u00edcio\",\"item\":\"https:\/\/www.ae2serpa.pt\/\"},{\"@type\":\"ListItem\",\"position\":2,\"name\":\"ENSINO B\u00c1SICO\"}]},{\"@type\":\"WebSite\",\"@id\":\"https:\/\/www.ae2serpa.pt\/#website\",\"url\":\"https:\/\/www.ae2serpa.pt\/\",\"name\":\"AGRUPAMENTO DE ESCOLAS N.\u00ba 2 DE SERPA\",\"description\":\"Agrupamento de Escolas n.\u00ba 2 de Serpa\",\"publisher\":{\"@id\":\"https:\/\/www.ae2serpa.pt\/#organization\"},\"potentialAction\":[{\"@type\":\"SearchAction\",\"target\":{\"@type\":\"EntryPoint\",\"urlTemplate\":\"https:\/\/www.ae2serpa.pt\/?s={search_term_string}\"},\"query-input\":\"required name=search_term_string\"}],\"inLanguage\":\"pt-PT\"},{\"@type\":\"Organization\",\"@id\":\"https:\/\/www.ae2serpa.pt\/#organization\",\"name\":\"AGRUMANENTO DE ESOLAS N.\u00ba 2 DE SERPA\",\"url\":\"https:\/\/www.ae2serpa.pt\/\",\"logo\":{\"@type\":\"ImageObject\",\"inLanguage\":\"pt-PT\",\"@id\":\"https:\/\/www.ae2serpa.pt\/#\/schema\/logo\/image\/\",\"url\":\"https:\/\/www.ae2serpa.pt\/wp-content\/uploads\/2021\/07\/AE2Serpa_LogoNovo-e1627067148639.png\",\"contentUrl\":\"https:\/\/www.ae2serpa.pt\/wp-content\/uploads\/2021\/07\/AE2Serpa_LogoNovo-e1627067148639.png\",\"width\":250,\"height\":149,\"caption\":\"AGRUMANENTO DE ESOLAS N.\u00ba 2 DE SERPA\"},\"image\":{\"@id\":\"https:\/\/www.ae2serpa.pt\/#\/schema\/logo\/image\/\"},\"sameAs\":[\"https:\/\/www.facebook.com\/AE2Serpa\/\",\"https:\/\/x.com\/ae2serpa\",\"https:\/\/www.instagram.com\/agresc2serpa\/\"]}]}<\/script>\n<!-- \/ Yoast SEO plugin. -->","yoast_head_json":{"title":"ENSINO B\u00c1SICO - Agrupamento de Escolas n.\u00ba 2 de Serpa","robots":{"index":"index","follow":"follow","max-snippet":"max-snippet:-1","max-image-preview":"max-image-preview:large","max-video-preview":"max-video-preview:-1"},"canonical":"https:\/\/www.ae2serpa.pt\/index.php\/ensino-basico\/","og_locale":"pt_PT","og_type":"article","og_title":"ENSINO B\u00c1SICO - Agrupamento de Escolas n.\u00ba 2 de Serpa","og_description":"1.\u00ba CICLO 2.\u00ba CICLO 3.\u00ba CICLO (G) 3.\u00ba CICLO (CEF) 1.\u00ba CICLO Nos termos da rede aprovada para 2021\/2022, esta oferta educativa \u00e9 desenvolvida em tr\u00eas estabelecimentos de ensino: \u00bb Escola B\u00e1sica n.\u00ba 2 de Vila Nova de S\u00e3o Bento &#8211; 4 turmas, duas das quais mistas \u00bb Escola B\u00e1sica de Vila Verde de Ficalho [&hellip;]","og_url":"https:\/\/www.ae2serpa.pt\/index.php\/ensino-basico\/","og_site_name":"Agrupamento de Escolas n.\u00ba 2 de Serpa","article_publisher":"https:\/\/www.facebook.com\/AE2Serpa\/","article_modified_time":"2021-08-05T12:04:12+00:00","og_image":[{"url":"http:\/\/www.ae2serpa.pt\/wp-content\/uploads\/2021\/07\/GH_1C.png"}],"twitter_card":"summary_large_image","twitter_site":"@ae2serpa","twitter_misc":{"Tempo estimado de leitura":"4 minutos"},"schema":{"@context":"https:\/\/schema.org","@graph":[{"@type":"WebPage","@id":"https:\/\/www.ae2serpa.pt\/index.php\/ensino-basico\/","url":"https:\/\/www.ae2serpa.pt\/index.php\/ensino-basico\/","name":"ENSINO B\u00c1SICO - Agrupamento de Escolas n.\u00ba 2 de Serpa","isPartOf":{"@id":"https:\/\/www.ae2serpa.pt\/#website"},"primaryImageOfPage":{"@id":"https:\/\/www.ae2serpa.pt\/index.php\/ensino-basico\/#primaryimage"},"image":{"@id":"https:\/\/www.ae2serpa.pt\/index.php\/ensino-basico\/#primaryimage"},"thumbnailUrl":"http:\/\/www.ae2serpa.pt\/wp-content\/uploads\/2021\/07\/GH_1C.png","datePublished":"2021-07-25T00:38:34+00:00","dateModified":"2021-08-05T12:04:12+00:00","breadcrumb":{"@id":"https:\/\/www.ae2serpa.pt\/index.php\/ensino-basico\/#breadcrumb"},"inLanguage":"pt-PT","potentialAction":[{"@type":"ReadAction","target":["https:\/\/www.ae2serpa.pt\/index.php\/ensino-basico\/"]}]},{"@type":"ImageObject","inLanguage":"pt-PT","@id":"https:\/\/www.ae2serpa.pt\/index.php\/ensino-basico\/#primaryimage","url":"http:\/\/www.ae2serpa.pt\/wp-content\/uploads\/2021\/07\/GH_1C.png","contentUrl":"http:\/\/www.ae2serpa.pt\/wp-content\/uploads\/2021\/07\/GH_1C.png"},{"@type":"BreadcrumbList","@id":"https:\/\/www.ae2serpa.pt\/index.php\/ensino-basico\/#breadcrumb","itemListElement":[{"@type":"ListItem","position":1,"name":"In\u00edcio","item":"https:\/\/www.ae2serpa.pt\/"},{"@type":"ListItem","position":2,"name":"ENSINO B\u00c1SICO"}]},{"@type":"WebSite","@id":"https:\/\/www.ae2serpa.pt\/#website","url":"https:\/\/www.ae2serpa.pt\/","name":"AGRUPAMENTO DE ESCOLAS N.\u00ba 2 DE SERPA","description":"Agrupamento de Escolas n.\u00ba 2 de Serpa","publisher":{"@id":"https:\/\/www.ae2serpa.pt\/#organization"},"potentialAction":[{"@type":"SearchAction","target":{"@type":"EntryPoint","urlTemplate":"https:\/\/www.ae2serpa.pt\/?s={search_term_string}"},"query-input":"required name=search_term_string"}],"inLanguage":"pt-PT"},{"@type":"Organization","@id":"https:\/\/www.ae2serpa.pt\/#organization","name":"AGRUMANENTO DE ESOLAS N.\u00ba 2 DE SERPA","url":"https:\/\/www.ae2serpa.pt\/","logo":{"@type":"ImageObject","inLanguage":"pt-PT","@id":"https:\/\/www.ae2serpa.pt\/#\/schema\/logo\/image\/","url":"https:\/\/www.ae2serpa.pt\/wp-content\/uploads\/2021\/07\/AE2Serpa_LogoNovo-e1627067148639.png","contentUrl":"https:\/\/www.ae2serpa.pt\/wp-content\/uploads\/2021\/07\/AE2Serpa_LogoNovo-e1627067148639.png","width":250,"height":149,"caption":"AGRUMANENTO DE ESOLAS N.\u00ba 2 DE SERPA"},"image":{"@id":"https:\/\/www.ae2serpa.pt\/#\/schema\/logo\/image\/"},"sameAs":["https:\/\/www.facebook.com\/AE2Serpa\/","https:\/\/x.com\/ae2serpa","https:\/\/www.instagram.com\/agresc2serpa\/"]}]}},"_links":{"self":[{"href":"https:\/\/www.ae2serpa.pt\/index.php\/wp-json\/wp\/v2\/pages\/838"}],"collection":[{"href":"https:\/\/www.ae2serpa.pt\/index.php\/wp-json\/wp\/v2\/pages"}],"about":[{"href":"https:\/\/www.ae2serpa.pt\/index.php\/wp-json\/wp\/v2\/types\/page"}],"author":[{"embeddable":true,"href":"https:\/\/www.ae2serpa.pt\/index.php\/wp-json\/wp\/v2\/users\/4"}],"replies":[{"embeddable":true,"href":"https:\/\/www.ae2serpa.pt\/index.php\/wp-json\/wp\/v2\/comments?post=838"}],"version-history":[{"count":13,"href":"https:\/\/www.ae2serpa.pt\/index.php\/wp-json\/wp\/v2\/pages\/838\/revisions"}],"predecessor-version":[{"id":2151,"href":"https:\/\/www.ae2serpa.pt\/index.php\/wp-json\/wp\/v2\/pages\/838\/revisions\/2151"}],"wp:attachment":[{"href":"https:\/\/www.ae2serpa.pt\/index.php\/wp-json\/wp\/v2\/media?parent=838"}],"curies":[{"name":"wp","href":"https:\/\/api.w.org\/{rel}","templated":true}]}}