{"id":5165,"date":"2022-03-23T22:54:35","date_gmt":"2022-03-23T22:54:35","guid":{"rendered":"https:\/\/www.ae2serpa.pt\/?page_id=5165"},"modified":"2022-03-23T23:01:40","modified_gmt":"2022-03-23T23:01:40","slug":"procedimento-concursal-horario-n-o-37","status":"publish","type":"page","link":"https:\/\/www.ae2serpa.pt\/index.php\/concursos-docentes\/procedimento-concursal-horario-n-o-37\/","title":{"rendered":"Procedimento Concursal \u2013 Hor\u00e1rio n.\u00ba 37"},"content":{"rendered":"\t\t<div data-elementor-type=\"wp-page\" data-elementor-id=\"5165\" class=\"elementor elementor-5165\">\n\t\t\t\t\t\t\t\t\t<section class=\"elementor-section elementor-top-section elementor-element elementor-element-29e430e elementor-section-boxed elementor-section-height-default elementor-section-height-default\" data-id=\"29e430e\" data-element_type=\"section\">\n\t\t\t\t\t\t<div class=\"elementor-container elementor-column-gap-default\">\n\t\t\t\t\t<div class=\"elementor-column elementor-col-100 elementor-top-column elementor-element elementor-element-c638b4a\" data-id=\"c638b4a\" data-element_type=\"column\">\n\t\t\t<div class=\"elementor-widget-wrap elementor-element-populated\">\n\t\t\t\t\t\t\t\t<div class=\"elementor-element elementor-element-c904845 elementor-widget elementor-widget-heading\" data-id=\"c904845\" data-element_type=\"widget\" data-widget_type=\"heading.default\">\n\t\t\t\t<div class=\"elementor-widget-container\">\n\t\t\t<h3 class=\"elementor-heading-title elementor-size-default\">Hor\u00e1rio n.\u00ba 37 - Recrutamento de docente do grupo 330<br>(Ingl\u00eas)<\/h3>\t\t<\/div>\n\t\t\t\t<\/div>\n\t\t\t\t\t<\/div>\n\t\t<\/div>\n\t\t\t\t\t\t\t<\/div>\n\t\t<\/section>\n\t\t\t\t<section class=\"elementor-section elementor-top-section elementor-element elementor-element-c5c0d52 elementor-section-boxed elementor-section-height-default elementor-section-height-default\" data-id=\"c5c0d52\" data-element_type=\"section\">\n\t\t\t\t\t\t<div class=\"elementor-container elementor-column-gap-default\">\n\t\t\t\t\t<div class=\"elementor-column elementor-col-100 elementor-top-column elementor-element elementor-element-11ff589\" data-id=\"11ff589\" data-element_type=\"column\">\n\t\t\t<div class=\"elementor-widget-wrap elementor-element-populated\">\n\t\t\t\t\t\t\t\t<div class=\"elementor-element elementor-element-98207c9 elementor-widget elementor-widget-text-editor\" data-id=\"98207c9\" data-element_type=\"widget\" data-widget_type=\"text-editor.default\">\n\t\t\t\t<div class=\"elementor-widget-container\">\n\t\t\t\t\t\t\t<p>Procedimento concursal de contrata\u00e7\u00e3o de docente do <strong>grupo de recrutamento 330 (Ingl\u00eas)<\/strong>, com exerc\u00edcio de fun\u00e7\u00f5es no Agrupamento de Escolas n\u00ba 2 de Serpa.<br \/>Hor\u00e1rio tempor\u00e1rio (substitui\u00e7\u00e3o potencial at\u00e9 final do ano letivo): <strong>7 horas letivas.<\/strong><\/p><p><strong>Apresenta\u00e7\u00e3o da candidatura:<\/strong> 20 a 25 de mar\u00e7o de 2022 (plataforma <a href=\"https:\/\/sigrhe.dgae.mec.pt\/openerp\/login\" target=\"_blank\" rel=\"noopener\">SIGRHE<\/a>)<\/p>\t\t\t\t\t\t<\/div>\n\t\t\t\t<\/div>\n\t\t\t\t\t<\/div>\n\t\t<\/div>\n\t\t\t\t\t\t\t<\/div>\n\t\t<\/section>\n\t\t\t\t<section class=\"elementor-section elementor-top-section elementor-element elementor-element-f917e86 elementor-section-boxed elementor-section-height-default elementor-section-height-default\" data-id=\"f917e86\" data-element_type=\"section\">\n\t\t\t\t\t\t<div class=\"elementor-container elementor-column-gap-default\">\n\t\t\t\t\t<div class=\"elementor-column elementor-col-50 elementor-top-column elementor-element elementor-element-7bb007a\" data-id=\"7bb007a\" data-element_type=\"column\">\n\t\t\t<div class=\"elementor-widget-wrap elementor-element-populated\">\n\t\t\t\t\t\t\t\t<div class=\"elementor-element elementor-element-3f90477 elementor-widget elementor-widget-image\" data-id=\"3f90477\" data-element_type=\"widget\" data-widget_type=\"image.default\">\n\t\t\t\t<div class=\"elementor-widget-container\">\n\t\t\t\t\t\t\t\t\t\t\t\t\t\t\t\t<a href=\"https:\/\/www.ae2serpa.pt\/wp-content\/uploads\/2022\/03\/H37-Ingles.pdf\" target=\"_blank\" rel=\"nofollow\">\n\t\t\t\t\t\t\t<img decoding=\"async\" src=\"https:\/\/www.ae2serpa.pt\/wp-content\/uploads\/2021\/08\/PDF.svg\" title=\"PDF\" alt=\"PDF\" loading=\"lazy\" \/>\t\t\t\t\t\t\t\t<\/a>\n\t\t\t\t\t\t\t\t\t\t\t\t\t\t\t<\/div>\n\t\t\t\t<\/div>\n\t\t\t\t\t<\/div>\n\t\t<\/div>\n\t\t\t\t<div class=\"elementor-column elementor-col-50 elementor-top-column elementor-element elementor-element-d5feeb2\" data-id=\"d5feeb2\" data-element_type=\"column\">\n\t\t\t<div class=\"elementor-widget-wrap elementor-element-populated\">\n\t\t\t\t\t\t\t\t<div class=\"elementor-element elementor-element-837632d elementor-widget elementor-widget-text-editor\" data-id=\"837632d\" data-element_type=\"widget\" data-widget_type=\"text-editor.default\">\n\t\t\t\t<div class=\"elementor-widget-container\">\n\t\t\t\t\t\t\t<p><strong>Aviso de Abertura e Crit\u00e9rios de Avalia\u00e7\u00e3o, Seria\u00e7\u00e3o e Sele\u00e7\u00e3o<\/strong><\/p>\t\t\t\t\t\t<\/div>\n\t\t\t\t<\/div>\n\t\t\t\t\t<\/div>\n\t\t<\/div>\n\t\t\t\t\t\t\t<\/div>\n\t\t<\/section>\n\t\t\t\t\t\t\t<\/div>\n\t\t","protected":false},"excerpt":{"rendered":"<p>Hor\u00e1rio n.\u00ba 37 &#8211; Recrutamento de docente do grupo 330(Ingl\u00eas) Procedimento concursal de contrata\u00e7\u00e3o de docente do grupo de recrutamento 330 (Ingl\u00eas), com exerc\u00edcio de fun\u00e7\u00f5es no Agrupamento de Escolas n\u00ba 2 de Serpa.Hor\u00e1rio tempor\u00e1rio (substitui\u00e7\u00e3o potencial at\u00e9 final do ano letivo): 7 horas letivas. Apresenta\u00e7\u00e3o da candidatura: 20 a 25 de mar\u00e7o de 2022 [&hellip;]<\/p>\n","protected":false},"author":5,"featured_media":0,"parent":1116,"menu_order":0,"comment_status":"closed","ping_status":"closed","template":"","meta":{"footnotes":""},"yoast_head":"<!-- This site is optimized with the Yoast SEO plugin v22.8 - https:\/\/yoast.com\/wordpress\/plugins\/seo\/ -->\n<title>Procedimento Concursal \u2013 Hor\u00e1rio n.\u00ba 37 - Agrupamento de Escolas n.\u00ba 2 de Serpa<\/title>\n<meta name=\"robots\" content=\"index, follow, max-snippet:-1, max-image-preview:large, max-video-preview:-1\" \/>\n<link rel=\"canonical\" href=\"https:\/\/www.ae2serpa.pt\/index.php\/concursos-docentes\/procedimento-concursal-horario-n-o-37\/\" \/>\n<meta property=\"og:locale\" content=\"pt_PT\" \/>\n<meta property=\"og:type\" content=\"article\" \/>\n<meta property=\"og:title\" content=\"Procedimento Concursal \u2013 Hor\u00e1rio n.\u00ba 37 - Agrupamento de Escolas n.\u00ba 2 de Serpa\" \/>\n<meta property=\"og:description\" content=\"Hor\u00e1rio n.\u00ba 37 &#8211; Recrutamento de docente do grupo 330(Ingl\u00eas) Procedimento concursal de contrata\u00e7\u00e3o de docente do grupo de recrutamento 330 (Ingl\u00eas), com exerc\u00edcio de fun\u00e7\u00f5es no Agrupamento de Escolas n\u00ba 2 de Serpa.Hor\u00e1rio tempor\u00e1rio (substitui\u00e7\u00e3o potencial at\u00e9 final do ano letivo): 7 horas letivas. Apresenta\u00e7\u00e3o da candidatura: 20 a 25 de mar\u00e7o de 2022 [&hellip;]\" \/>\n<meta property=\"og:url\" content=\"https:\/\/www.ae2serpa.pt\/index.php\/concursos-docentes\/procedimento-concursal-horario-n-o-37\/\" \/>\n<meta property=\"og:site_name\" content=\"Agrupamento de Escolas n.\u00ba 2 de Serpa\" \/>\n<meta property=\"article:publisher\" content=\"https:\/\/www.facebook.com\/AE2Serpa\/\" \/>\n<meta property=\"article:modified_time\" content=\"2022-03-23T23:01:40+00:00\" \/>\n<meta property=\"og:image\" content=\"https:\/\/www.ae2serpa.pt\/wp-content\/uploads\/2021\/08\/PDF.svg\" \/>\n<meta name=\"twitter:card\" content=\"summary_large_image\" \/>\n<meta name=\"twitter:site\" content=\"@ae2serpa\" \/>\n<meta name=\"twitter:label1\" content=\"Tempo estimado de leitura\" \/>\n\t<meta name=\"twitter:data1\" content=\"1 minuto\" \/>\n<script type=\"application\/ld+json\" class=\"yoast-schema-graph\">{\"@context\":\"https:\/\/schema.org\",\"@graph\":[{\"@type\":\"WebPage\",\"@id\":\"https:\/\/www.ae2serpa.pt\/index.php\/concursos-docentes\/procedimento-concursal-horario-n-o-37\/\",\"url\":\"https:\/\/www.ae2serpa.pt\/index.php\/concursos-docentes\/procedimento-concursal-horario-n-o-37\/\",\"name\":\"Procedimento Concursal \u2013 Hor\u00e1rio n.\u00ba 37 - Agrupamento de Escolas n.\u00ba 2 de Serpa\",\"isPartOf\":{\"@id\":\"https:\/\/www.ae2serpa.pt\/#website\"},\"primaryImageOfPage\":{\"@id\":\"https:\/\/www.ae2serpa.pt\/index.php\/concursos-docentes\/procedimento-concursal-horario-n-o-37\/#primaryimage\"},\"image\":{\"@id\":\"https:\/\/www.ae2serpa.pt\/index.php\/concursos-docentes\/procedimento-concursal-horario-n-o-37\/#primaryimage\"},\"thumbnailUrl\":\"https:\/\/www.ae2serpa.pt\/wp-content\/uploads\/2021\/08\/PDF.svg\",\"datePublished\":\"2022-03-23T22:54:35+00:00\",\"dateModified\":\"2022-03-23T23:01:40+00:00\",\"breadcrumb\":{\"@id\":\"https:\/\/www.ae2serpa.pt\/index.php\/concursos-docentes\/procedimento-concursal-horario-n-o-37\/#breadcrumb\"},\"inLanguage\":\"pt-PT\",\"potentialAction\":[{\"@type\":\"ReadAction\",\"target\":[\"https:\/\/www.ae2serpa.pt\/index.php\/concursos-docentes\/procedimento-concursal-horario-n-o-37\/\"]}]},{\"@type\":\"ImageObject\",\"inLanguage\":\"pt-PT\",\"@id\":\"https:\/\/www.ae2serpa.pt\/index.php\/concursos-docentes\/procedimento-concursal-horario-n-o-37\/#primaryimage\",\"url\":\"https:\/\/www.ae2serpa.pt\/wp-content\/uploads\/2021\/08\/PDF.svg\",\"contentUrl\":\"https:\/\/www.ae2serpa.pt\/wp-content\/uploads\/2021\/08\/PDF.svg\",\"width\":833,\"height\":1023},{\"@type\":\"BreadcrumbList\",\"@id\":\"https:\/\/www.ae2serpa.pt\/index.php\/concursos-docentes\/procedimento-concursal-horario-n-o-37\/#breadcrumb\",\"itemListElement\":[{\"@type\":\"ListItem\",\"position\":1,\"name\":\"In\u00edcio\",\"item\":\"https:\/\/www.ae2serpa.pt\/\"},{\"@type\":\"ListItem\",\"position\":2,\"name\":\"CONCURSOS DOCENTES\",\"item\":\"https:\/\/www.ae2serpa.pt\/index.php\/concursos-docentes\/\"},{\"@type\":\"ListItem\",\"position\":3,\"name\":\"Procedimento Concursal \u2013 Hor\u00e1rio n.\u00ba 37\"}]},{\"@type\":\"WebSite\",\"@id\":\"https:\/\/www.ae2serpa.pt\/#website\",\"url\":\"https:\/\/www.ae2serpa.pt\/\",\"name\":\"AGRUPAMENTO DE ESCOLAS N.\u00ba 2 DE SERPA\",\"description\":\"Agrupamento de Escolas n.\u00ba 2 de Serpa\",\"publisher\":{\"@id\":\"https:\/\/www.ae2serpa.pt\/#organization\"},\"potentialAction\":[{\"@type\":\"SearchAction\",\"target\":{\"@type\":\"EntryPoint\",\"urlTemplate\":\"https:\/\/www.ae2serpa.pt\/?s={search_term_string}\"},\"query-input\":\"required name=search_term_string\"}],\"inLanguage\":\"pt-PT\"},{\"@type\":\"Organization\",\"@id\":\"https:\/\/www.ae2serpa.pt\/#organization\",\"name\":\"AGRUMANENTO DE ESOLAS N.\u00ba 2 DE SERPA\",\"url\":\"https:\/\/www.ae2serpa.pt\/\",\"logo\":{\"@type\":\"ImageObject\",\"inLanguage\":\"pt-PT\",\"@id\":\"https:\/\/www.ae2serpa.pt\/#\/schema\/logo\/image\/\",\"url\":\"https:\/\/www.ae2serpa.pt\/wp-content\/uploads\/2021\/07\/AE2Serpa_LogoNovo-e1627067148639.png\",\"contentUrl\":\"https:\/\/www.ae2serpa.pt\/wp-content\/uploads\/2021\/07\/AE2Serpa_LogoNovo-e1627067148639.png\",\"width\":250,\"height\":149,\"caption\":\"AGRUMANENTO DE ESOLAS N.\u00ba 2 DE SERPA\"},\"image\":{\"@id\":\"https:\/\/www.ae2serpa.pt\/#\/schema\/logo\/image\/\"},\"sameAs\":[\"https:\/\/www.facebook.com\/AE2Serpa\/\",\"https:\/\/x.com\/ae2serpa\",\"https:\/\/www.instagram.com\/agresc2serpa\/\"]}]}<\/script>\n<!-- \/ Yoast SEO plugin. -->","yoast_head_json":{"title":"Procedimento Concursal \u2013 Hor\u00e1rio n.\u00ba 37 - Agrupamento de Escolas n.\u00ba 2 de Serpa","robots":{"index":"index","follow":"follow","max-snippet":"max-snippet:-1","max-image-preview":"max-image-preview:large","max-video-preview":"max-video-preview:-1"},"canonical":"https:\/\/www.ae2serpa.pt\/index.php\/concursos-docentes\/procedimento-concursal-horario-n-o-37\/","og_locale":"pt_PT","og_type":"article","og_title":"Procedimento Concursal \u2013 Hor\u00e1rio n.\u00ba 37 - Agrupamento de Escolas n.\u00ba 2 de Serpa","og_description":"Hor\u00e1rio n.\u00ba 37 &#8211; Recrutamento de docente do grupo 330(Ingl\u00eas) Procedimento concursal de contrata\u00e7\u00e3o de docente do grupo de recrutamento 330 (Ingl\u00eas), com exerc\u00edcio de fun\u00e7\u00f5es no Agrupamento de Escolas n\u00ba 2 de Serpa.Hor\u00e1rio tempor\u00e1rio (substitui\u00e7\u00e3o potencial at\u00e9 final do ano letivo): 7 horas letivas. Apresenta\u00e7\u00e3o da candidatura: 20 a 25 de mar\u00e7o de 2022 [&hellip;]","og_url":"https:\/\/www.ae2serpa.pt\/index.php\/concursos-docentes\/procedimento-concursal-horario-n-o-37\/","og_site_name":"Agrupamento de Escolas n.\u00ba 2 de Serpa","article_publisher":"https:\/\/www.facebook.com\/AE2Serpa\/","article_modified_time":"2022-03-23T23:01:40+00:00","og_image":[{"url":"https:\/\/www.ae2serpa.pt\/wp-content\/uploads\/2021\/08\/PDF.svg"}],"twitter_card":"summary_large_image","twitter_site":"@ae2serpa","twitter_misc":{"Tempo estimado de leitura":"1 minuto"},"schema":{"@context":"https:\/\/schema.org","@graph":[{"@type":"WebPage","@id":"https:\/\/www.ae2serpa.pt\/index.php\/concursos-docentes\/procedimento-concursal-horario-n-o-37\/","url":"https:\/\/www.ae2serpa.pt\/index.php\/concursos-docentes\/procedimento-concursal-horario-n-o-37\/","name":"Procedimento Concursal \u2013 Hor\u00e1rio n.\u00ba 37 - Agrupamento de Escolas n.\u00ba 2 de Serpa","isPartOf":{"@id":"https:\/\/www.ae2serpa.pt\/#website"},"primaryImageOfPage":{"@id":"https:\/\/www.ae2serpa.pt\/index.php\/concursos-docentes\/procedimento-concursal-horario-n-o-37\/#primaryimage"},"image":{"@id":"https:\/\/www.ae2serpa.pt\/index.php\/concursos-docentes\/procedimento-concursal-horario-n-o-37\/#primaryimage"},"thumbnailUrl":"https:\/\/www.ae2serpa.pt\/wp-content\/uploads\/2021\/08\/PDF.svg","datePublished":"2022-03-23T22:54:35+00:00","dateModified":"2022-03-23T23:01:40+00:00","breadcrumb":{"@id":"https:\/\/www.ae2serpa.pt\/index.php\/concursos-docentes\/procedimento-concursal-horario-n-o-37\/#breadcrumb"},"inLanguage":"pt-PT","potentialAction":[{"@type":"ReadAction","target":["https:\/\/www.ae2serpa.pt\/index.php\/concursos-docentes\/procedimento-concursal-horario-n-o-37\/"]}]},{"@type":"ImageObject","inLanguage":"pt-PT","@id":"https:\/\/www.ae2serpa.pt\/index.php\/concursos-docentes\/procedimento-concursal-horario-n-o-37\/#primaryimage","url":"https:\/\/www.ae2serpa.pt\/wp-content\/uploads\/2021\/08\/PDF.svg","contentUrl":"https:\/\/www.ae2serpa.pt\/wp-content\/uploads\/2021\/08\/PDF.svg","width":833,"height":1023},{"@type":"BreadcrumbList","@id":"https:\/\/www.ae2serpa.pt\/index.php\/concursos-docentes\/procedimento-concursal-horario-n-o-37\/#breadcrumb","itemListElement":[{"@type":"ListItem","position":1,"name":"In\u00edcio","item":"https:\/\/www.ae2serpa.pt\/"},{"@type":"ListItem","position":2,"name":"CONCURSOS DOCENTES","item":"https:\/\/www.ae2serpa.pt\/index.php\/concursos-docentes\/"},{"@type":"ListItem","position":3,"name":"Procedimento Concursal \u2013 Hor\u00e1rio n.\u00ba 37"}]},{"@type":"WebSite","@id":"https:\/\/www.ae2serpa.pt\/#website","url":"https:\/\/www.ae2serpa.pt\/","name":"AGRUPAMENTO DE ESCOLAS N.\u00ba 2 DE SERPA","description":"Agrupamento de Escolas n.\u00ba 2 de Serpa","publisher":{"@id":"https:\/\/www.ae2serpa.pt\/#organization"},"potentialAction":[{"@type":"SearchAction","target":{"@type":"EntryPoint","urlTemplate":"https:\/\/www.ae2serpa.pt\/?s={search_term_string}"},"query-input":"required name=search_term_string"}],"inLanguage":"pt-PT"},{"@type":"Organization","@id":"https:\/\/www.ae2serpa.pt\/#organization","name":"AGRUMANENTO DE ESOLAS N.\u00ba 2 DE SERPA","url":"https:\/\/www.ae2serpa.pt\/","logo":{"@type":"ImageObject","inLanguage":"pt-PT","@id":"https:\/\/www.ae2serpa.pt\/#\/schema\/logo\/image\/","url":"https:\/\/www.ae2serpa.pt\/wp-content\/uploads\/2021\/07\/AE2Serpa_LogoNovo-e1627067148639.png","contentUrl":"https:\/\/www.ae2serpa.pt\/wp-content\/uploads\/2021\/07\/AE2Serpa_LogoNovo-e1627067148639.png","width":250,"height":149,"caption":"AGRUMANENTO DE ESOLAS N.\u00ba 2 DE SERPA"},"image":{"@id":"https:\/\/www.ae2serpa.pt\/#\/schema\/logo\/image\/"},"sameAs":["https:\/\/www.facebook.com\/AE2Serpa\/","https:\/\/x.com\/ae2serpa","https:\/\/www.instagram.com\/agresc2serpa\/"]}]}},"_links":{"self":[{"href":"https:\/\/www.ae2serpa.pt\/index.php\/wp-json\/wp\/v2\/pages\/5165"}],"collection":[{"href":"https:\/\/www.ae2serpa.pt\/index.php\/wp-json\/wp\/v2\/pages"}],"about":[{"href":"https:\/\/www.ae2serpa.pt\/index.php\/wp-json\/wp\/v2\/types\/page"}],"author":[{"embeddable":true,"href":"https:\/\/www.ae2serpa.pt\/index.php\/wp-json\/wp\/v2\/users\/5"}],"replies":[{"embeddable":true,"href":"https:\/\/www.ae2serpa.pt\/index.php\/wp-json\/wp\/v2\/comments?post=5165"}],"version-history":[{"count":5,"href":"https:\/\/www.ae2serpa.pt\/index.php\/wp-json\/wp\/v2\/pages\/5165\/revisions"}],"predecessor-version":[{"id":5170,"href":"https:\/\/www.ae2serpa.pt\/index.php\/wp-json\/wp\/v2\/pages\/5165\/revisions\/5170"}],"up":[{"embeddable":true,"href":"https:\/\/www.ae2serpa.pt\/index.php\/wp-json\/wp\/v2\/pages\/1116"}],"wp:attachment":[{"href":"https:\/\/www.ae2serpa.pt\/index.php\/wp-json\/wp\/v2\/media?parent=5165"}],"curies":[{"name":"wp","href":"https:\/\/api.w.org\/{rel}","templated":true}]}}