{"id":5142,"date":"2023-03-13T11:00:14","date_gmt":"2023-03-13T11:00:14","guid":{"rendered":"https:\/\/www.ae2serpa.pt\/?page_id=5142"},"modified":"2023-03-29T11:22:41","modified_gmt":"2023-03-29T11:22:41","slug":"procedimento-concursal-horario-n-o-27","status":"publish","type":"page","link":"https:\/\/www.ae2serpa.pt\/index.php\/concursos-docentes\/procedimento-concursal-horario-n-o-27\/","title":{"rendered":"Procedimento Concursal &#8211; Hor\u00e1rio n.\u00ba 27"},"content":{"rendered":"\t\t<div data-elementor-type=\"wp-page\" data-elementor-id=\"5142\" class=\"elementor elementor-5142\">\n\t\t\t\t\t\t\t\t\t<section class=\"elementor-section elementor-top-section elementor-element elementor-element-0c863e2 elementor-section-boxed elementor-section-height-default elementor-section-height-default\" data-id=\"0c863e2\" data-element_type=\"section\">\n\t\t\t\t\t\t<div class=\"elementor-container elementor-column-gap-default\">\n\t\t\t\t\t<div class=\"elementor-column elementor-col-100 elementor-top-column elementor-element elementor-element-cda56d5\" data-id=\"cda56d5\" data-element_type=\"column\">\n\t\t\t<div class=\"elementor-widget-wrap elementor-element-populated\">\n\t\t\t\t\t\t\t\t<div class=\"elementor-element elementor-element-6a6e089 elementor-widget elementor-widget-heading\" data-id=\"6a6e089\" data-element_type=\"widget\" data-widget_type=\"heading.default\">\n\t\t\t\t<div class=\"elementor-widget-container\">\n\t\t\t<h3 class=\"elementor-heading-title elementor-size-default\">Hor\u00e1rio n.\u00ba 27 - Recrutamento de T\u00e9cnico Especializaado<br>(Tecnologias da M\u00fasica - 6h letivas semanais)<\/h3>\t\t<\/div>\n\t\t\t\t<\/div>\n\t\t\t\t\t<\/div>\n\t\t<\/div>\n\t\t\t\t\t\t\t<\/div>\n\t\t<\/section>\n\t\t\t\t<section class=\"elementor-section elementor-top-section elementor-element elementor-element-f57e80d elementor-section-boxed elementor-section-height-default elementor-section-height-default\" data-id=\"f57e80d\" data-element_type=\"section\">\n\t\t\t\t\t\t<div class=\"elementor-container elementor-column-gap-default\">\n\t\t\t\t\t<div class=\"elementor-column elementor-col-100 elementor-top-column elementor-element elementor-element-4c8133f\" data-id=\"4c8133f\" data-element_type=\"column\">\n\t\t\t<div class=\"elementor-widget-wrap elementor-element-populated\">\n\t\t\t\t\t\t\t\t<div class=\"elementor-element elementor-element-bab47e0 elementor-widget elementor-widget-text-editor\" data-id=\"bab47e0\" data-element_type=\"widget\" data-widget_type=\"text-editor.default\">\n\t\t\t\t<div class=\"elementor-widget-container\">\n\t\t\t\t\t\t\t<p>Procedimento concursal de contrata\u00e7\u00e3o de T\u00e9cnico Especializado<strong> (Tecnologias da M\u00fasica)<\/strong>, com exerc\u00edcio de fun\u00e7\u00f5es no Agrupamento de Escolas n\u00ba 2 de Serpa.<br \/>Hor\u00e1rio tempor\u00e1rio (at\u00e9 conclus\u00e3o da leciona\u00e7\u00e3o e da avalia\u00e7\u00e3o): <strong>6\u00a0horas letivas.<\/strong><\/p><p><strong>Apresenta\u00e7\u00e3o da candidatura:<\/strong>\u00a013 a 16 de mar\u00e7o de 2023 (plataforma <a href=\"https:\/\/sigrhe.dgae.mec.pt\/openerp\/login\" target=\"_blank\" rel=\"noopener\">SIGRHE<\/a>)<\/p>\t\t\t\t\t\t<\/div>\n\t\t\t\t<\/div>\n\t\t\t\t\t<\/div>\n\t\t<\/div>\n\t\t\t\t\t\t\t<\/div>\n\t\t<\/section>\n\t\t\t\t<section class=\"elementor-section elementor-top-section elementor-element elementor-element-37806a5 elementor-section-boxed elementor-section-height-default elementor-section-height-default\" data-id=\"37806a5\" data-element_type=\"section\">\n\t\t\t\t\t\t<div class=\"elementor-container elementor-column-gap-default\">\n\t\t\t\t\t<div class=\"elementor-column elementor-col-50 elementor-top-column elementor-element elementor-element-553021a\" data-id=\"553021a\" data-element_type=\"column\">\n\t\t\t<div class=\"elementor-widget-wrap elementor-element-populated\">\n\t\t\t\t\t\t\t\t<div class=\"elementor-element elementor-element-932f93e elementor-widget elementor-widget-image\" data-id=\"932f93e\" data-element_type=\"widget\" data-widget_type=\"image.default\">\n\t\t\t\t<div class=\"elementor-widget-container\">\n\t\t\t\t\t\t\t\t\t\t\t\t\t\t\t\t<a href=\"https:\/\/www.ae2serpa.pt\/wp-content\/uploads\/2023\/03\/H27-Tecnologias-da-Musica.pdf\" target=\"_blank\" rel=\"nofollow\">\n\t\t\t\t\t\t\t<img decoding=\"async\" src=\"https:\/\/www.ae2serpa.pt\/wp-content\/uploads\/2021\/08\/PDF.svg\" title=\"PDF\" alt=\"PDF\" loading=\"lazy\" \/>\t\t\t\t\t\t\t\t<\/a>\n\t\t\t\t\t\t\t\t\t\t\t\t\t\t\t<\/div>\n\t\t\t\t<\/div>\n\t\t\t\t\t<\/div>\n\t\t<\/div>\n\t\t\t\t<div class=\"elementor-column elementor-col-50 elementor-top-column elementor-element elementor-element-65e6d74\" data-id=\"65e6d74\" data-element_type=\"column\">\n\t\t\t<div class=\"elementor-widget-wrap elementor-element-populated\">\n\t\t\t\t\t\t\t\t<div class=\"elementor-element elementor-element-f577bc0 elementor-widget elementor-widget-text-editor\" data-id=\"f577bc0\" data-element_type=\"widget\" data-widget_type=\"text-editor.default\">\n\t\t\t\t<div class=\"elementor-widget-container\">\n\t\t\t\t\t\t\t<p><strong>Aviso de Abertura e Crit\u00e9rios de Avalia\u00e7\u00e3o, Seria\u00e7\u00e3o e Sele\u00e7\u00e3o<\/strong><\/p>\t\t\t\t\t\t<\/div>\n\t\t\t\t<\/div>\n\t\t\t\t\t<\/div>\n\t\t<\/div>\n\t\t\t\t\t\t\t<\/div>\n\t\t<\/section>\n\t\t\t\t<section class=\"elementor-section elementor-top-section elementor-element elementor-element-0cabdce elementor-section-boxed elementor-section-height-default elementor-section-height-default\" data-id=\"0cabdce\" data-element_type=\"section\">\n\t\t\t\t\t\t<div class=\"elementor-container elementor-column-gap-default\">\n\t\t\t\t\t<div class=\"elementor-column elementor-col-50 elementor-top-column elementor-element elementor-element-c1415fb\" data-id=\"c1415fb\" data-element_type=\"column\">\n\t\t\t<div class=\"elementor-widget-wrap elementor-element-populated\">\n\t\t\t\t\t\t\t\t<div class=\"elementor-element elementor-element-f75614a elementor-widget elementor-widget-image\" data-id=\"f75614a\" data-element_type=\"widget\" data-widget_type=\"image.default\">\n\t\t\t\t<div class=\"elementor-widget-container\">\n\t\t\t\t\t\t\t\t\t\t\t\t\t\t\t\t<a href=\"https:\/\/www.ae2serpa.pt\/wp-content\/uploads\/2023\/03\/H27-Lista-de-Admissao_Exclusao.pdf\" target=\"_blank\" rel=\"nofollow\">\n\t\t\t\t\t\t\t<img decoding=\"async\" src=\"https:\/\/www.ae2serpa.pt\/wp-content\/uploads\/2021\/08\/PDF.svg\" title=\"PDF\" alt=\"PDF\" loading=\"lazy\" \/>\t\t\t\t\t\t\t\t<\/a>\n\t\t\t\t\t\t\t\t\t\t\t\t\t\t\t<\/div>\n\t\t\t\t<\/div>\n\t\t\t\t\t<\/div>\n\t\t<\/div>\n\t\t\t\t<div class=\"elementor-column elementor-col-50 elementor-top-column elementor-element elementor-element-1c618e6\" data-id=\"1c618e6\" data-element_type=\"column\">\n\t\t\t<div class=\"elementor-widget-wrap elementor-element-populated\">\n\t\t\t\t\t\t\t\t<div class=\"elementor-element elementor-element-a104ac9 elementor-widget elementor-widget-text-editor\" data-id=\"a104ac9\" data-element_type=\"widget\" data-widget_type=\"text-editor.default\">\n\t\t\t\t<div class=\"elementor-widget-container\">\n\t\t\t\t\t\t\t<p><strong>Lista de Admiss\u00e3o e Exclus\u00e3o<\/strong><\/p>\t\t\t\t\t\t<\/div>\n\t\t\t\t<\/div>\n\t\t\t\t\t<\/div>\n\t\t<\/div>\n\t\t\t\t\t\t\t<\/div>\n\t\t<\/section>\n\t\t\t\t<section class=\"elementor-section elementor-top-section elementor-element elementor-element-818c9e8 elementor-section-boxed elementor-section-height-default elementor-section-height-default\" data-id=\"818c9e8\" data-element_type=\"section\">\n\t\t\t\t\t\t<div class=\"elementor-container elementor-column-gap-default\">\n\t\t\t\t\t<div class=\"elementor-column elementor-col-50 elementor-top-column elementor-element elementor-element-46627a4\" data-id=\"46627a4\" data-element_type=\"column\">\n\t\t\t<div class=\"elementor-widget-wrap elementor-element-populated\">\n\t\t\t\t\t\t\t\t<div class=\"elementor-element elementor-element-ee43ac5 elementor-widget elementor-widget-image\" data-id=\"ee43ac5\" data-element_type=\"widget\" data-widget_type=\"image.default\">\n\t\t\t\t<div class=\"elementor-widget-container\">\n\t\t\t\t\t\t\t\t\t\t\t\t\t\t\t\t<a href=\"https:\/\/www.ae2serpa.pt\/wp-content\/uploads\/2023\/03\/H27-Tecnologias-da-Musica-Criterios-1-e-2.pdf\" target=\"_blank\" rel=\"nofollow\">\n\t\t\t\t\t\t\t<img decoding=\"async\" src=\"https:\/\/www.ae2serpa.pt\/wp-content\/uploads\/2021\/08\/PDF.svg\" title=\"PDF\" alt=\"PDF\" loading=\"lazy\" \/>\t\t\t\t\t\t\t\t<\/a>\n\t\t\t\t\t\t\t\t\t\t\t\t\t\t\t<\/div>\n\t\t\t\t<\/div>\n\t\t\t\t\t<\/div>\n\t\t<\/div>\n\t\t\t\t<div class=\"elementor-column elementor-col-50 elementor-top-column elementor-element elementor-element-06cfb15\" data-id=\"06cfb15\" data-element_type=\"column\">\n\t\t\t<div class=\"elementor-widget-wrap elementor-element-populated\">\n\t\t\t\t\t\t\t\t<div class=\"elementor-element elementor-element-7223953 elementor-widget elementor-widget-text-editor\" data-id=\"7223953\" data-element_type=\"widget\" data-widget_type=\"text-editor.default\">\n\t\t\t\t<div class=\"elementor-widget-container\">\n\t\t\t\t\t\t\t<p><strong>Lista de ordena\u00e7\u00e3o (Crit\u00e9rios 1 e 2)<\/strong><\/p>\t\t\t\t\t\t<\/div>\n\t\t\t\t<\/div>\n\t\t\t\t\t<\/div>\n\t\t<\/div>\n\t\t\t\t\t\t\t<\/div>\n\t\t<\/section>\n\t\t\t\t<section class=\"elementor-section elementor-top-section elementor-element elementor-element-fb5e032 elementor-section-boxed elementor-section-height-default elementor-section-height-default\" data-id=\"fb5e032\" data-element_type=\"section\">\n\t\t\t\t\t\t<div class=\"elementor-container elementor-column-gap-default\">\n\t\t\t\t\t<div class=\"elementor-column elementor-col-50 elementor-top-column elementor-element elementor-element-f25ebd4\" data-id=\"f25ebd4\" data-element_type=\"column\">\n\t\t\t<div class=\"elementor-widget-wrap elementor-element-populated\">\n\t\t\t\t\t\t\t\t<div class=\"elementor-element elementor-element-6a01a5f elementor-widget elementor-widget-image\" data-id=\"6a01a5f\" data-element_type=\"widget\" data-widget_type=\"image.default\">\n\t\t\t\t<div class=\"elementor-widget-container\">\n\t\t\t\t\t\t\t\t\t\t\t\t\t\t\t\t<a href=\"https:\/\/www.ae2serpa.pt\/wp-content\/uploads\/2023\/03\/H27-Tec_da_Musica-Entrevista-e-LOFinal.pdf\" target=\"_blank\" rel=\"nofollow\">\n\t\t\t\t\t\t\t<img decoding=\"async\" src=\"https:\/\/www.ae2serpa.pt\/wp-content\/uploads\/2021\/08\/PDF.svg\" title=\"PDF\" alt=\"PDF\" loading=\"lazy\" \/>\t\t\t\t\t\t\t\t<\/a>\n\t\t\t\t\t\t\t\t\t\t\t\t\t\t\t<\/div>\n\t\t\t\t<\/div>\n\t\t\t\t\t<\/div>\n\t\t<\/div>\n\t\t\t\t<div class=\"elementor-column elementor-col-50 elementor-top-column elementor-element elementor-element-86f100a\" data-id=\"86f100a\" data-element_type=\"column\">\n\t\t\t<div class=\"elementor-widget-wrap elementor-element-populated\">\n\t\t\t\t\t\t\t\t<div class=\"elementor-element elementor-element-db1cb06 elementor-widget elementor-widget-text-editor\" data-id=\"db1cb06\" data-element_type=\"widget\" data-widget_type=\"text-editor.default\">\n\t\t\t\t<div class=\"elementor-widget-container\">\n\t\t\t\t\t\t\t<p><strong>Lista de ordena\u00e7\u00e3o final (com avalia\u00e7\u00e3o do Crit\u00e9rio 3)<\/strong><\/p>\t\t\t\t\t\t<\/div>\n\t\t\t\t<\/div>\n\t\t\t\t\t<\/div>\n\t\t<\/div>\n\t\t\t\t\t\t\t<\/div>\n\t\t<\/section>\n\t\t\t\t\t\t\t<\/div>\n\t\t","protected":false},"excerpt":{"rendered":"<p>Hor\u00e1rio n.\u00ba 27 &#8211; Recrutamento de T\u00e9cnico Especializaado(Tecnologias da M\u00fasica &#8211; 6h letivas semanais) Procedimento concursal de contrata\u00e7\u00e3o de T\u00e9cnico Especializado (Tecnologias da M\u00fasica), com exerc\u00edcio de fun\u00e7\u00f5es no Agrupamento de Escolas n\u00ba 2 de Serpa.Hor\u00e1rio tempor\u00e1rio (at\u00e9 conclus\u00e3o da leciona\u00e7\u00e3o e da avalia\u00e7\u00e3o): 6\u00a0horas letivas. Apresenta\u00e7\u00e3o da candidatura:\u00a013 a 16 de mar\u00e7o de 2023 [&hellip;]<\/p>\n","protected":false},"author":5,"featured_media":6344,"parent":1116,"menu_order":0,"comment_status":"closed","ping_status":"closed","template":"","meta":{"footnotes":""},"yoast_head":"<!-- This site is optimized with the Yoast SEO plugin v22.8 - https:\/\/yoast.com\/wordpress\/plugins\/seo\/ -->\n<title>Procedimento Concursal - Hor\u00e1rio n.\u00ba 27 - Agrupamento de Escolas n.\u00ba 2 de Serpa<\/title>\n<meta name=\"description\" content=\"Procedimento concursal para recrutamento de T\u00e9cnico Especializado na \u00e1rea de Tecnologias da M\u00fasica. Escola Secund\u00e1ria de Serpa.\" \/>\n<meta name=\"robots\" content=\"index, follow, max-snippet:-1, max-image-preview:large, max-video-preview:-1\" \/>\n<link rel=\"canonical\" href=\"https:\/\/www.ae2serpa.pt\/index.php\/concursos-docentes\/procedimento-concursal-horario-n-o-27\/\" \/>\n<meta property=\"og:locale\" content=\"pt_PT\" \/>\n<meta property=\"og:type\" content=\"article\" \/>\n<meta property=\"og:title\" content=\"Procedimento Concursal - Hor\u00e1rio n.\u00ba 27 - Agrupamento de Escolas n.\u00ba 2 de Serpa\" \/>\n<meta property=\"og:description\" content=\"Procedimento concursal para recrutamento de T\u00e9cnico Especializado na \u00e1rea de Tecnologias da M\u00fasica. Escola Secund\u00e1ria de Serpa.\" \/>\n<meta property=\"og:url\" content=\"https:\/\/www.ae2serpa.pt\/index.php\/concursos-docentes\/procedimento-concursal-horario-n-o-27\/\" \/>\n<meta property=\"og:site_name\" content=\"Agrupamento de Escolas n.\u00ba 2 de Serpa\" \/>\n<meta property=\"article:publisher\" content=\"https:\/\/www.facebook.com\/AE2Serpa\/\" \/>\n<meta property=\"article:modified_time\" content=\"2023-03-29T11:22:41+00:00\" \/>\n<meta property=\"og:image\" content=\"https:\/\/www.ae2serpa.pt\/wp-content\/uploads\/2022\/08\/C_Escola.png\" \/>\n\t<meta property=\"og:image:width\" content=\"378\" \/>\n\t<meta property=\"og:image:height\" content=\"189\" \/>\n\t<meta property=\"og:image:type\" content=\"image\/png\" \/>\n<meta name=\"twitter:card\" content=\"summary_large_image\" \/>\n<meta name=\"twitter:site\" content=\"@ae2serpa\" \/>\n<meta name=\"twitter:label1\" content=\"Tempo estimado de leitura\" \/>\n\t<meta name=\"twitter:data1\" content=\"1 minuto\" \/>\n<script type=\"application\/ld+json\" class=\"yoast-schema-graph\">{\"@context\":\"https:\/\/schema.org\",\"@graph\":[{\"@type\":\"WebPage\",\"@id\":\"https:\/\/www.ae2serpa.pt\/index.php\/concursos-docentes\/procedimento-concursal-horario-n-o-27\/\",\"url\":\"https:\/\/www.ae2serpa.pt\/index.php\/concursos-docentes\/procedimento-concursal-horario-n-o-27\/\",\"name\":\"Procedimento Concursal - Hor\u00e1rio n.\u00ba 27 - Agrupamento de Escolas n.\u00ba 2 de Serpa\",\"isPartOf\":{\"@id\":\"https:\/\/www.ae2serpa.pt\/#website\"},\"primaryImageOfPage\":{\"@id\":\"https:\/\/www.ae2serpa.pt\/index.php\/concursos-docentes\/procedimento-concursal-horario-n-o-27\/#primaryimage\"},\"image\":{\"@id\":\"https:\/\/www.ae2serpa.pt\/index.php\/concursos-docentes\/procedimento-concursal-horario-n-o-27\/#primaryimage\"},\"thumbnailUrl\":\"https:\/\/www.ae2serpa.pt\/wp-content\/uploads\/2022\/08\/C_Escola.png\",\"datePublished\":\"2023-03-13T11:00:14+00:00\",\"dateModified\":\"2023-03-29T11:22:41+00:00\",\"description\":\"Procedimento concursal para recrutamento de T\u00e9cnico Especializado na \u00e1rea de Tecnologias da M\u00fasica. Escola Secund\u00e1ria de Serpa.\",\"breadcrumb\":{\"@id\":\"https:\/\/www.ae2serpa.pt\/index.php\/concursos-docentes\/procedimento-concursal-horario-n-o-27\/#breadcrumb\"},\"inLanguage\":\"pt-PT\",\"potentialAction\":[{\"@type\":\"ReadAction\",\"target\":[\"https:\/\/www.ae2serpa.pt\/index.php\/concursos-docentes\/procedimento-concursal-horario-n-o-27\/\"]}]},{\"@type\":\"ImageObject\",\"inLanguage\":\"pt-PT\",\"@id\":\"https:\/\/www.ae2serpa.pt\/index.php\/concursos-docentes\/procedimento-concursal-horario-n-o-27\/#primaryimage\",\"url\":\"https:\/\/www.ae2serpa.pt\/wp-content\/uploads\/2022\/08\/C_Escola.png\",\"contentUrl\":\"https:\/\/www.ae2serpa.pt\/wp-content\/uploads\/2022\/08\/C_Escola.png\",\"width\":378,\"height\":189},{\"@type\":\"BreadcrumbList\",\"@id\":\"https:\/\/www.ae2serpa.pt\/index.php\/concursos-docentes\/procedimento-concursal-horario-n-o-27\/#breadcrumb\",\"itemListElement\":[{\"@type\":\"ListItem\",\"position\":1,\"name\":\"In\u00edcio\",\"item\":\"https:\/\/www.ae2serpa.pt\/\"},{\"@type\":\"ListItem\",\"position\":2,\"name\":\"CONCURSOS DOCENTES\",\"item\":\"https:\/\/www.ae2serpa.pt\/index.php\/concursos-docentes\/\"},{\"@type\":\"ListItem\",\"position\":3,\"name\":\"Procedimento Concursal &#8211; Hor\u00e1rio n.\u00ba 27\"}]},{\"@type\":\"WebSite\",\"@id\":\"https:\/\/www.ae2serpa.pt\/#website\",\"url\":\"https:\/\/www.ae2serpa.pt\/\",\"name\":\"AGRUPAMENTO DE ESCOLAS N.\u00ba 2 DE SERPA\",\"description\":\"Agrupamento de Escolas n.\u00ba 2 de Serpa\",\"publisher\":{\"@id\":\"https:\/\/www.ae2serpa.pt\/#organization\"},\"potentialAction\":[{\"@type\":\"SearchAction\",\"target\":{\"@type\":\"EntryPoint\",\"urlTemplate\":\"https:\/\/www.ae2serpa.pt\/?s={search_term_string}\"},\"query-input\":\"required name=search_term_string\"}],\"inLanguage\":\"pt-PT\"},{\"@type\":\"Organization\",\"@id\":\"https:\/\/www.ae2serpa.pt\/#organization\",\"name\":\"AGRUMANENTO DE ESOLAS N.\u00ba 2 DE SERPA\",\"url\":\"https:\/\/www.ae2serpa.pt\/\",\"logo\":{\"@type\":\"ImageObject\",\"inLanguage\":\"pt-PT\",\"@id\":\"https:\/\/www.ae2serpa.pt\/#\/schema\/logo\/image\/\",\"url\":\"https:\/\/www.ae2serpa.pt\/wp-content\/uploads\/2021\/07\/AE2Serpa_LogoNovo-e1627067148639.png\",\"contentUrl\":\"https:\/\/www.ae2serpa.pt\/wp-content\/uploads\/2021\/07\/AE2Serpa_LogoNovo-e1627067148639.png\",\"width\":250,\"height\":149,\"caption\":\"AGRUMANENTO DE ESOLAS N.\u00ba 2 DE SERPA\"},\"image\":{\"@id\":\"https:\/\/www.ae2serpa.pt\/#\/schema\/logo\/image\/\"},\"sameAs\":[\"https:\/\/www.facebook.com\/AE2Serpa\/\",\"https:\/\/x.com\/ae2serpa\",\"https:\/\/www.instagram.com\/agresc2serpa\/\"]}]}<\/script>\n<!-- \/ Yoast SEO plugin. -->","yoast_head_json":{"title":"Procedimento Concursal - Hor\u00e1rio n.\u00ba 27 - Agrupamento de Escolas n.\u00ba 2 de Serpa","description":"Procedimento concursal para recrutamento de T\u00e9cnico Especializado na \u00e1rea de Tecnologias da M\u00fasica. Escola Secund\u00e1ria de Serpa.","robots":{"index":"index","follow":"follow","max-snippet":"max-snippet:-1","max-image-preview":"max-image-preview:large","max-video-preview":"max-video-preview:-1"},"canonical":"https:\/\/www.ae2serpa.pt\/index.php\/concursos-docentes\/procedimento-concursal-horario-n-o-27\/","og_locale":"pt_PT","og_type":"article","og_title":"Procedimento Concursal - Hor\u00e1rio n.\u00ba 27 - Agrupamento de Escolas n.\u00ba 2 de Serpa","og_description":"Procedimento concursal para recrutamento de T\u00e9cnico Especializado na \u00e1rea de Tecnologias da M\u00fasica. Escola Secund\u00e1ria de Serpa.","og_url":"https:\/\/www.ae2serpa.pt\/index.php\/concursos-docentes\/procedimento-concursal-horario-n-o-27\/","og_site_name":"Agrupamento de Escolas n.\u00ba 2 de Serpa","article_publisher":"https:\/\/www.facebook.com\/AE2Serpa\/","article_modified_time":"2023-03-29T11:22:41+00:00","og_image":[{"width":378,"height":189,"url":"https:\/\/www.ae2serpa.pt\/wp-content\/uploads\/2022\/08\/C_Escola.png","type":"image\/png"}],"twitter_card":"summary_large_image","twitter_site":"@ae2serpa","twitter_misc":{"Tempo estimado de leitura":"1 minuto"},"schema":{"@context":"https:\/\/schema.org","@graph":[{"@type":"WebPage","@id":"https:\/\/www.ae2serpa.pt\/index.php\/concursos-docentes\/procedimento-concursal-horario-n-o-27\/","url":"https:\/\/www.ae2serpa.pt\/index.php\/concursos-docentes\/procedimento-concursal-horario-n-o-27\/","name":"Procedimento Concursal - Hor\u00e1rio n.\u00ba 27 - Agrupamento de Escolas n.\u00ba 2 de Serpa","isPartOf":{"@id":"https:\/\/www.ae2serpa.pt\/#website"},"primaryImageOfPage":{"@id":"https:\/\/www.ae2serpa.pt\/index.php\/concursos-docentes\/procedimento-concursal-horario-n-o-27\/#primaryimage"},"image":{"@id":"https:\/\/www.ae2serpa.pt\/index.php\/concursos-docentes\/procedimento-concursal-horario-n-o-27\/#primaryimage"},"thumbnailUrl":"https:\/\/www.ae2serpa.pt\/wp-content\/uploads\/2022\/08\/C_Escola.png","datePublished":"2023-03-13T11:00:14+00:00","dateModified":"2023-03-29T11:22:41+00:00","description":"Procedimento concursal para recrutamento de T\u00e9cnico Especializado na \u00e1rea de Tecnologias da M\u00fasica. Escola Secund\u00e1ria de Serpa.","breadcrumb":{"@id":"https:\/\/www.ae2serpa.pt\/index.php\/concursos-docentes\/procedimento-concursal-horario-n-o-27\/#breadcrumb"},"inLanguage":"pt-PT","potentialAction":[{"@type":"ReadAction","target":["https:\/\/www.ae2serpa.pt\/index.php\/concursos-docentes\/procedimento-concursal-horario-n-o-27\/"]}]},{"@type":"ImageObject","inLanguage":"pt-PT","@id":"https:\/\/www.ae2serpa.pt\/index.php\/concursos-docentes\/procedimento-concursal-horario-n-o-27\/#primaryimage","url":"https:\/\/www.ae2serpa.pt\/wp-content\/uploads\/2022\/08\/C_Escola.png","contentUrl":"https:\/\/www.ae2serpa.pt\/wp-content\/uploads\/2022\/08\/C_Escola.png","width":378,"height":189},{"@type":"BreadcrumbList","@id":"https:\/\/www.ae2serpa.pt\/index.php\/concursos-docentes\/procedimento-concursal-horario-n-o-27\/#breadcrumb","itemListElement":[{"@type":"ListItem","position":1,"name":"In\u00edcio","item":"https:\/\/www.ae2serpa.pt\/"},{"@type":"ListItem","position":2,"name":"CONCURSOS DOCENTES","item":"https:\/\/www.ae2serpa.pt\/index.php\/concursos-docentes\/"},{"@type":"ListItem","position":3,"name":"Procedimento Concursal &#8211; Hor\u00e1rio n.\u00ba 27"}]},{"@type":"WebSite","@id":"https:\/\/www.ae2serpa.pt\/#website","url":"https:\/\/www.ae2serpa.pt\/","name":"AGRUPAMENTO DE ESCOLAS N.\u00ba 2 DE SERPA","description":"Agrupamento de Escolas n.\u00ba 2 de Serpa","publisher":{"@id":"https:\/\/www.ae2serpa.pt\/#organization"},"potentialAction":[{"@type":"SearchAction","target":{"@type":"EntryPoint","urlTemplate":"https:\/\/www.ae2serpa.pt\/?s={search_term_string}"},"query-input":"required name=search_term_string"}],"inLanguage":"pt-PT"},{"@type":"Organization","@id":"https:\/\/www.ae2serpa.pt\/#organization","name":"AGRUMANENTO DE ESOLAS N.\u00ba 2 DE SERPA","url":"https:\/\/www.ae2serpa.pt\/","logo":{"@type":"ImageObject","inLanguage":"pt-PT","@id":"https:\/\/www.ae2serpa.pt\/#\/schema\/logo\/image\/","url":"https:\/\/www.ae2serpa.pt\/wp-content\/uploads\/2021\/07\/AE2Serpa_LogoNovo-e1627067148639.png","contentUrl":"https:\/\/www.ae2serpa.pt\/wp-content\/uploads\/2021\/07\/AE2Serpa_LogoNovo-e1627067148639.png","width":250,"height":149,"caption":"AGRUMANENTO DE ESOLAS N.\u00ba 2 DE SERPA"},"image":{"@id":"https:\/\/www.ae2serpa.pt\/#\/schema\/logo\/image\/"},"sameAs":["https:\/\/www.facebook.com\/AE2Serpa\/","https:\/\/x.com\/ae2serpa","https:\/\/www.instagram.com\/agresc2serpa\/"]}]}},"_links":{"self":[{"href":"https:\/\/www.ae2serpa.pt\/index.php\/wp-json\/wp\/v2\/pages\/5142"}],"collection":[{"href":"https:\/\/www.ae2serpa.pt\/index.php\/wp-json\/wp\/v2\/pages"}],"about":[{"href":"https:\/\/www.ae2serpa.pt\/index.php\/wp-json\/wp\/v2\/types\/page"}],"author":[{"embeddable":true,"href":"https:\/\/www.ae2serpa.pt\/index.php\/wp-json\/wp\/v2\/users\/5"}],"replies":[{"embeddable":true,"href":"https:\/\/www.ae2serpa.pt\/index.php\/wp-json\/wp\/v2\/comments?post=5142"}],"version-history":[{"count":39,"href":"https:\/\/www.ae2serpa.pt\/index.php\/wp-json\/wp\/v2\/pages\/5142\/revisions"}],"predecessor-version":[{"id":7096,"href":"https:\/\/www.ae2serpa.pt\/index.php\/wp-json\/wp\/v2\/pages\/5142\/revisions\/7096"}],"up":[{"embeddable":true,"href":"https:\/\/www.ae2serpa.pt\/index.php\/wp-json\/wp\/v2\/pages\/1116"}],"wp:featuredmedia":[{"embeddable":true,"href":"https:\/\/www.ae2serpa.pt\/index.php\/wp-json\/wp\/v2\/media\/6344"}],"wp:attachment":[{"href":"https:\/\/www.ae2serpa.pt\/index.php\/wp-json\/wp\/v2\/media?parent=5142"}],"curies":[{"name":"wp","href":"https:\/\/api.w.org\/{rel}","templated":true}]}}