{"id":5009,"date":"2022-10-04T15:00:25","date_gmt":"2022-10-04T15:00:25","guid":{"rendered":"https:\/\/www.ae2serpa.pt\/?page_id=5009"},"modified":"2022-10-24T17:49:51","modified_gmt":"2022-10-24T17:49:51","slug":"procedimento-concursal-horario-n-o-19","status":"publish","type":"page","link":"https:\/\/www.ae2serpa.pt\/index.php\/concursos-docentes\/procedimento-concursal-horario-n-o-19\/","title":{"rendered":"Procedimento Concursal &#8211; Hor\u00e1rio n.\u00ba 19"},"content":{"rendered":"\t\t<div data-elementor-type=\"wp-page\" data-elementor-id=\"5009\" class=\"elementor elementor-5009\">\n\t\t\t\t\t\t\t\t\t<section class=\"elementor-section elementor-top-section elementor-element elementor-element-7d5e57b elementor-section-boxed elementor-section-height-default elementor-section-height-default\" data-id=\"7d5e57b\" data-element_type=\"section\">\n\t\t\t\t\t\t<div class=\"elementor-container elementor-column-gap-default\">\n\t\t\t\t\t<div class=\"elementor-column elementor-col-100 elementor-top-column elementor-element elementor-element-557b980\" data-id=\"557b980\" data-element_type=\"column\">\n\t\t\t<div class=\"elementor-widget-wrap elementor-element-populated\">\n\t\t\t\t\t\t\t\t<div class=\"elementor-element elementor-element-ede7dbc elementor-widget elementor-widget-heading\" data-id=\"ede7dbc\" data-element_type=\"widget\" data-widget_type=\"heading.default\">\n\t\t\t\t<div class=\"elementor-widget-container\">\n\t\t\t<h3 class=\"elementor-heading-title elementor-size-default\">Hor\u00e1rio n.\u00ba 19 - Recrutamento de T\u00e9cnico Especializado<br>- Express\u00e3o Dram\u00e1tica -<br>&lt;12 horas letivas - anual&gt;<\/h3>\t\t<\/div>\n\t\t\t\t<\/div>\n\t\t\t\t\t<\/div>\n\t\t<\/div>\n\t\t\t\t\t\t\t<\/div>\n\t\t<\/section>\n\t\t\t\t<section class=\"elementor-section elementor-top-section elementor-element elementor-element-5776e9c elementor-section-boxed elementor-section-height-default elementor-section-height-default\" data-id=\"5776e9c\" data-element_type=\"section\">\n\t\t\t\t\t\t<div class=\"elementor-container elementor-column-gap-default\">\n\t\t\t\t\t<div class=\"elementor-column elementor-col-100 elementor-top-column elementor-element elementor-element-75fa499\" data-id=\"75fa499\" data-element_type=\"column\">\n\t\t\t<div class=\"elementor-widget-wrap elementor-element-populated\">\n\t\t\t\t\t\t\t\t<div class=\"elementor-element elementor-element-2bb47c1 elementor-widget elementor-widget-text-editor\" data-id=\"2bb47c1\" data-element_type=\"widget\" data-widget_type=\"text-editor.default\">\n\t\t\t\t<div class=\"elementor-widget-container\">\n\t\t\t\t\t\t\t<p>Procedimento concursal de contrata\u00e7\u00e3o de T\u00e9cnico Especializado em Express\u00e3o Dram\u00e1tica (Teatro), para exerc\u00edcio de fun\u00e7\u00f5es no Agrupamento de Escolas n\u00ba 2 de Serpa.<br \/>Hor\u00e1rio anual: <strong>12 horas letivas.<\/strong><\/p><p><strong>Apresenta\u00e7\u00e3o da candidatura:<\/strong> 4 a 10 de outubro de 2022 (plataforma <a href=\"https:\/\/sigrhe.dgae.mec.pt\/openerp\/login\" target=\"_blank\" rel=\"noopener\">SIGRHE<\/a>)<\/p>\t\t\t\t\t\t<\/div>\n\t\t\t\t<\/div>\n\t\t\t\t\t<\/div>\n\t\t<\/div>\n\t\t\t\t\t\t\t<\/div>\n\t\t<\/section>\n\t\t\t\t<section class=\"elementor-section elementor-top-section elementor-element elementor-element-5677d6a elementor-section-boxed elementor-section-height-default elementor-section-height-default\" data-id=\"5677d6a\" data-element_type=\"section\">\n\t\t\t\t\t\t<div class=\"elementor-container elementor-column-gap-default\">\n\t\t\t\t\t<div class=\"elementor-column elementor-col-50 elementor-top-column elementor-element elementor-element-728e8f6\" data-id=\"728e8f6\" data-element_type=\"column\">\n\t\t\t<div class=\"elementor-widget-wrap elementor-element-populated\">\n\t\t\t\t\t\t\t\t<div class=\"elementor-element elementor-element-bdef8f3 elementor-widget elementor-widget-image\" data-id=\"bdef8f3\" data-element_type=\"widget\" data-widget_type=\"image.default\">\n\t\t\t\t<div class=\"elementor-widget-container\">\n\t\t\t\t\t\t\t\t\t\t\t\t\t\t\t\t<a href=\"https:\/\/www.ae2serpa.pt\/wp-content\/uploads\/2022\/10\/H19-TE-Expressao-Dramatica.pdf\" target=\"_blank\" rel=\"nofollow\">\n\t\t\t\t\t\t\t<img decoding=\"async\" src=\"https:\/\/www.ae2serpa.pt\/wp-content\/uploads\/2021\/08\/PDF.svg\" title=\"PDF\" alt=\"PDF\" loading=\"lazy\" \/>\t\t\t\t\t\t\t\t<\/a>\n\t\t\t\t\t\t\t\t\t\t\t\t\t\t\t<\/div>\n\t\t\t\t<\/div>\n\t\t\t\t\t<\/div>\n\t\t<\/div>\n\t\t\t\t<div class=\"elementor-column elementor-col-50 elementor-top-column elementor-element elementor-element-b35344f\" data-id=\"b35344f\" data-element_type=\"column\">\n\t\t\t<div class=\"elementor-widget-wrap elementor-element-populated\">\n\t\t\t\t\t\t\t\t<div class=\"elementor-element elementor-element-d6b82db elementor-widget elementor-widget-text-editor\" data-id=\"d6b82db\" data-element_type=\"widget\" data-widget_type=\"text-editor.default\">\n\t\t\t\t<div class=\"elementor-widget-container\">\n\t\t\t\t\t\t\t<p><strong>Aviso de Abertura e Crit\u00e9rios de Avalia\u00e7\u00e3o, Seria\u00e7\u00e3o e Sele\u00e7\u00e3o<\/strong><\/p>\t\t\t\t\t\t<\/div>\n\t\t\t\t<\/div>\n\t\t\t\t\t<\/div>\n\t\t<\/div>\n\t\t\t\t\t\t\t<\/div>\n\t\t<\/section>\n\t\t\t\t<section class=\"elementor-section elementor-top-section elementor-element elementor-element-be3d61d elementor-section-boxed elementor-section-height-default elementor-section-height-default\" data-id=\"be3d61d\" data-element_type=\"section\">\n\t\t\t\t\t\t<div class=\"elementor-container elementor-column-gap-default\">\n\t\t\t\t\t<div class=\"elementor-column elementor-col-50 elementor-top-column elementor-element elementor-element-76cc9b6\" data-id=\"76cc9b6\" data-element_type=\"column\">\n\t\t\t<div class=\"elementor-widget-wrap elementor-element-populated\">\n\t\t\t\t\t\t\t\t<div class=\"elementor-element elementor-element-ff2ca70 elementor-widget elementor-widget-image\" data-id=\"ff2ca70\" data-element_type=\"widget\" data-widget_type=\"image.default\">\n\t\t\t\t<div class=\"elementor-widget-container\">\n\t\t\t\t\t\t\t\t\t\t\t\t\t\t\t\t<a href=\"https:\/\/www.ae2serpa.pt\/wp-content\/uploads\/2022\/10\/H19_Lista_Admissao_Exclusao.pdf\" target=\"_blank\" rel=\"nofollow\">\n\t\t\t\t\t\t\t<img decoding=\"async\" src=\"https:\/\/www.ae2serpa.pt\/wp-content\/uploads\/2021\/08\/PDF.svg\" title=\"PDF\" alt=\"PDF\" loading=\"lazy\" \/>\t\t\t\t\t\t\t\t<\/a>\n\t\t\t\t\t\t\t\t\t\t\t\t\t\t\t<\/div>\n\t\t\t\t<\/div>\n\t\t\t\t\t<\/div>\n\t\t<\/div>\n\t\t\t\t<div class=\"elementor-column elementor-col-50 elementor-top-column elementor-element elementor-element-ba72902\" data-id=\"ba72902\" data-element_type=\"column\">\n\t\t\t<div class=\"elementor-widget-wrap elementor-element-populated\">\n\t\t\t\t\t\t\t\t<div class=\"elementor-element elementor-element-bc2813f elementor-widget elementor-widget-text-editor\" data-id=\"bc2813f\" data-element_type=\"widget\" data-widget_type=\"text-editor.default\">\n\t\t\t\t<div class=\"elementor-widget-container\">\n\t\t\t\t\t\t\t<p><strong>Lista de Admiss\u00e3o e Exclus\u00e3o do procedimento (publicada em 13.10.2022)<\/strong><\/p>\t\t\t\t\t\t<\/div>\n\t\t\t\t<\/div>\n\t\t\t\t\t<\/div>\n\t\t<\/div>\n\t\t\t\t\t\t\t<\/div>\n\t\t<\/section>\n\t\t\t\t<section class=\"elementor-section elementor-top-section elementor-element elementor-element-6e2bde9 elementor-section-boxed elementor-section-height-default elementor-section-height-default\" data-id=\"6e2bde9\" data-element_type=\"section\">\n\t\t\t\t\t\t<div class=\"elementor-container elementor-column-gap-default\">\n\t\t\t\t\t<div class=\"elementor-column elementor-col-50 elementor-top-column elementor-element elementor-element-2c6ced5\" data-id=\"2c6ced5\" data-element_type=\"column\">\n\t\t\t<div class=\"elementor-widget-wrap elementor-element-populated\">\n\t\t\t\t\t\t\t\t<div class=\"elementor-element elementor-element-786a1a7 elementor-widget elementor-widget-image\" data-id=\"786a1a7\" data-element_type=\"widget\" data-widget_type=\"image.default\">\n\t\t\t\t<div class=\"elementor-widget-container\">\n\t\t\t\t\t\t\t\t\t\t\t\t\t\t\t\t<a href=\"https:\/\/www.ae2serpa.pt\/wp-content\/uploads\/2022\/10\/H19-Resultados_Criterios1e2.pdf\" target=\"_blank\" rel=\"nofollow\">\n\t\t\t\t\t\t\t<img decoding=\"async\" src=\"https:\/\/www.ae2serpa.pt\/wp-content\/uploads\/2021\/08\/PDF.svg\" title=\"PDF\" alt=\"PDF\" loading=\"lazy\" \/>\t\t\t\t\t\t\t\t<\/a>\n\t\t\t\t\t\t\t\t\t\t\t\t\t\t\t<\/div>\n\t\t\t\t<\/div>\n\t\t\t\t\t<\/div>\n\t\t<\/div>\n\t\t\t\t<div class=\"elementor-column elementor-col-50 elementor-top-column elementor-element elementor-element-726d016\" data-id=\"726d016\" data-element_type=\"column\">\n\t\t\t<div class=\"elementor-widget-wrap elementor-element-populated\">\n\t\t\t\t\t\t\t\t<div class=\"elementor-element elementor-element-7d3a4c9 elementor-widget elementor-widget-text-editor\" data-id=\"7d3a4c9\" data-element_type=\"widget\" data-widget_type=\"text-editor.default\">\n\t\t\t\t<div class=\"elementor-widget-container\">\n\t\t\t\t\t\t\t<p><strong>Resultado da Avalia\u00e7\u00e3o dos Crit\u00e9rio 1 e 2 (publicada em 19.10.2022)<\/strong><\/p>\t\t\t\t\t\t<\/div>\n\t\t\t\t<\/div>\n\t\t\t\t\t<\/div>\n\t\t<\/div>\n\t\t\t\t\t\t\t<\/div>\n\t\t<\/section>\n\t\t\t\t<section class=\"elementor-section elementor-top-section elementor-element elementor-element-e465dfd elementor-section-boxed elementor-section-height-default elementor-section-height-default\" data-id=\"e465dfd\" data-element_type=\"section\">\n\t\t\t\t\t\t<div class=\"elementor-container elementor-column-gap-default\">\n\t\t\t\t\t<div class=\"elementor-column elementor-col-50 elementor-top-column elementor-element elementor-element-478dbd6\" data-id=\"478dbd6\" data-element_type=\"column\">\n\t\t\t<div class=\"elementor-widget-wrap elementor-element-populated\">\n\t\t\t\t\t\t\t\t<div class=\"elementor-element elementor-element-cfbe7ad elementor-widget elementor-widget-image\" data-id=\"cfbe7ad\" data-element_type=\"widget\" data-widget_type=\"image.default\">\n\t\t\t\t<div class=\"elementor-widget-container\">\n\t\t\t\t\t\t\t\t\t\t\t\t\t\t\t\t<a href=\"https:\/\/www.ae2serpa.pt\/wp-content\/uploads\/2022\/10\/H19-Lista-Ordenada-Final.pdf\" target=\"_blank\" rel=\"nofollow\">\n\t\t\t\t\t\t\t<img decoding=\"async\" src=\"https:\/\/www.ae2serpa.pt\/wp-content\/uploads\/2021\/08\/PDF.svg\" title=\"PDF\" alt=\"PDF\" loading=\"lazy\" \/>\t\t\t\t\t\t\t\t<\/a>\n\t\t\t\t\t\t\t\t\t\t\t\t\t\t\t<\/div>\n\t\t\t\t<\/div>\n\t\t\t\t\t<\/div>\n\t\t<\/div>\n\t\t\t\t<div class=\"elementor-column elementor-col-50 elementor-top-column elementor-element elementor-element-98e22d9\" data-id=\"98e22d9\" data-element_type=\"column\">\n\t\t\t<div class=\"elementor-widget-wrap elementor-element-populated\">\n\t\t\t\t\t\t\t\t<div class=\"elementor-element elementor-element-5b8fb2e elementor-widget elementor-widget-text-editor\" data-id=\"5b8fb2e\" data-element_type=\"widget\" data-widget_type=\"text-editor.default\">\n\t\t\t\t<div class=\"elementor-widget-container\">\n\t\t\t\t\t\t\t<p><strong>Resultado Lista Ordenada Final (publicada em 24.10.2022)<\/strong><\/p>\t\t\t\t\t\t<\/div>\n\t\t\t\t<\/div>\n\t\t\t\t\t<\/div>\n\t\t<\/div>\n\t\t\t\t\t\t\t<\/div>\n\t\t<\/section>\n\t\t\t\t\t\t\t<\/div>\n\t\t","protected":false},"excerpt":{"rendered":"<p>Hor\u00e1rio n.\u00ba 19 &#8211; Recrutamento de T\u00e9cnico Especializado&#8211; Express\u00e3o Dram\u00e1tica &#8211;&lt;12 horas letivas &#8211; anual&gt; Procedimento concursal de contrata\u00e7\u00e3o de T\u00e9cnico Especializado em Express\u00e3o Dram\u00e1tica (Teatro), para exerc\u00edcio de fun\u00e7\u00f5es no Agrupamento de Escolas n\u00ba 2 de Serpa.Hor\u00e1rio anual: 12 horas letivas. Apresenta\u00e7\u00e3o da candidatura: 4 a 10 de outubro de 2022 (plataforma SIGRHE) Aviso [&hellip;]<\/p>\n","protected":false},"author":5,"featured_media":6344,"parent":1116,"menu_order":0,"comment_status":"closed","ping_status":"closed","template":"","meta":{"footnotes":""},"yoast_head":"<!-- This site is optimized with the Yoast SEO plugin v22.8 - https:\/\/yoast.com\/wordpress\/plugins\/seo\/ -->\n<title>Procedimento Concursal - Hor\u00e1rio n.\u00ba 19 - Agrupamento de Escolas n.\u00ba 2 de Serpa<\/title>\n<meta name=\"robots\" content=\"index, follow, max-snippet:-1, max-image-preview:large, max-video-preview:-1\" \/>\n<link rel=\"canonical\" href=\"https:\/\/www.ae2serpa.pt\/index.php\/concursos-docentes\/procedimento-concursal-horario-n-o-19\/\" \/>\n<meta property=\"og:locale\" content=\"pt_PT\" \/>\n<meta property=\"og:type\" content=\"article\" \/>\n<meta property=\"og:title\" content=\"Procedimento Concursal - Hor\u00e1rio n.\u00ba 19 - Agrupamento de Escolas n.\u00ba 2 de Serpa\" \/>\n<meta property=\"og:description\" content=\"Hor\u00e1rio n.\u00ba 19 &#8211; Recrutamento de T\u00e9cnico Especializado&#8211; Express\u00e3o Dram\u00e1tica &#8211;&lt;12 horas letivas &#8211; anual&gt; Procedimento concursal de contrata\u00e7\u00e3o de T\u00e9cnico Especializado em Express\u00e3o Dram\u00e1tica (Teatro), para exerc\u00edcio de fun\u00e7\u00f5es no Agrupamento de Escolas n\u00ba 2 de Serpa.Hor\u00e1rio anual: 12 horas letivas. Apresenta\u00e7\u00e3o da candidatura: 4 a 10 de outubro de 2022 (plataforma SIGRHE) Aviso [&hellip;]\" \/>\n<meta property=\"og:url\" content=\"https:\/\/www.ae2serpa.pt\/index.php\/concursos-docentes\/procedimento-concursal-horario-n-o-19\/\" \/>\n<meta property=\"og:site_name\" content=\"Agrupamento de Escolas n.\u00ba 2 de Serpa\" \/>\n<meta property=\"article:publisher\" content=\"https:\/\/www.facebook.com\/AE2Serpa\/\" \/>\n<meta property=\"article:modified_time\" content=\"2022-10-24T17:49:51+00:00\" \/>\n<meta property=\"og:image\" content=\"https:\/\/www.ae2serpa.pt\/wp-content\/uploads\/2022\/08\/C_Escola.png\" \/>\n\t<meta property=\"og:image:width\" content=\"378\" \/>\n\t<meta property=\"og:image:height\" content=\"189\" \/>\n\t<meta property=\"og:image:type\" content=\"image\/png\" \/>\n<meta name=\"twitter:card\" content=\"summary_large_image\" \/>\n<meta name=\"twitter:site\" content=\"@ae2serpa\" \/>\n<meta name=\"twitter:label1\" content=\"Tempo estimado de leitura\" \/>\n\t<meta name=\"twitter:data1\" content=\"1 minuto\" \/>\n<script type=\"application\/ld+json\" class=\"yoast-schema-graph\">{\"@context\":\"https:\/\/schema.org\",\"@graph\":[{\"@type\":\"WebPage\",\"@id\":\"https:\/\/www.ae2serpa.pt\/index.php\/concursos-docentes\/procedimento-concursal-horario-n-o-19\/\",\"url\":\"https:\/\/www.ae2serpa.pt\/index.php\/concursos-docentes\/procedimento-concursal-horario-n-o-19\/\",\"name\":\"Procedimento Concursal - Hor\u00e1rio n.\u00ba 19 - Agrupamento de Escolas n.\u00ba 2 de Serpa\",\"isPartOf\":{\"@id\":\"https:\/\/www.ae2serpa.pt\/#website\"},\"primaryImageOfPage\":{\"@id\":\"https:\/\/www.ae2serpa.pt\/index.php\/concursos-docentes\/procedimento-concursal-horario-n-o-19\/#primaryimage\"},\"image\":{\"@id\":\"https:\/\/www.ae2serpa.pt\/index.php\/concursos-docentes\/procedimento-concursal-horario-n-o-19\/#primaryimage\"},\"thumbnailUrl\":\"https:\/\/www.ae2serpa.pt\/wp-content\/uploads\/2022\/08\/C_Escola.png\",\"datePublished\":\"2022-10-04T15:00:25+00:00\",\"dateModified\":\"2022-10-24T17:49:51+00:00\",\"breadcrumb\":{\"@id\":\"https:\/\/www.ae2serpa.pt\/index.php\/concursos-docentes\/procedimento-concursal-horario-n-o-19\/#breadcrumb\"},\"inLanguage\":\"pt-PT\",\"potentialAction\":[{\"@type\":\"ReadAction\",\"target\":[\"https:\/\/www.ae2serpa.pt\/index.php\/concursos-docentes\/procedimento-concursal-horario-n-o-19\/\"]}]},{\"@type\":\"ImageObject\",\"inLanguage\":\"pt-PT\",\"@id\":\"https:\/\/www.ae2serpa.pt\/index.php\/concursos-docentes\/procedimento-concursal-horario-n-o-19\/#primaryimage\",\"url\":\"https:\/\/www.ae2serpa.pt\/wp-content\/uploads\/2022\/08\/C_Escola.png\",\"contentUrl\":\"https:\/\/www.ae2serpa.pt\/wp-content\/uploads\/2022\/08\/C_Escola.png\",\"width\":378,\"height\":189},{\"@type\":\"BreadcrumbList\",\"@id\":\"https:\/\/www.ae2serpa.pt\/index.php\/concursos-docentes\/procedimento-concursal-horario-n-o-19\/#breadcrumb\",\"itemListElement\":[{\"@type\":\"ListItem\",\"position\":1,\"name\":\"In\u00edcio\",\"item\":\"https:\/\/www.ae2serpa.pt\/\"},{\"@type\":\"ListItem\",\"position\":2,\"name\":\"CONCURSOS DOCENTES\",\"item\":\"https:\/\/www.ae2serpa.pt\/index.php\/concursos-docentes\/\"},{\"@type\":\"ListItem\",\"position\":3,\"name\":\"Procedimento Concursal &#8211; Hor\u00e1rio n.\u00ba 19\"}]},{\"@type\":\"WebSite\",\"@id\":\"https:\/\/www.ae2serpa.pt\/#website\",\"url\":\"https:\/\/www.ae2serpa.pt\/\",\"name\":\"AGRUPAMENTO DE ESCOLAS N.\u00ba 2 DE SERPA\",\"description\":\"Agrupamento de Escolas n.\u00ba 2 de Serpa\",\"publisher\":{\"@id\":\"https:\/\/www.ae2serpa.pt\/#organization\"},\"potentialAction\":[{\"@type\":\"SearchAction\",\"target\":{\"@type\":\"EntryPoint\",\"urlTemplate\":\"https:\/\/www.ae2serpa.pt\/?s={search_term_string}\"},\"query-input\":\"required name=search_term_string\"}],\"inLanguage\":\"pt-PT\"},{\"@type\":\"Organization\",\"@id\":\"https:\/\/www.ae2serpa.pt\/#organization\",\"name\":\"AGRUMANENTO DE ESOLAS N.\u00ba 2 DE SERPA\",\"url\":\"https:\/\/www.ae2serpa.pt\/\",\"logo\":{\"@type\":\"ImageObject\",\"inLanguage\":\"pt-PT\",\"@id\":\"https:\/\/www.ae2serpa.pt\/#\/schema\/logo\/image\/\",\"url\":\"https:\/\/www.ae2serpa.pt\/wp-content\/uploads\/2021\/07\/AE2Serpa_LogoNovo-e1627067148639.png\",\"contentUrl\":\"https:\/\/www.ae2serpa.pt\/wp-content\/uploads\/2021\/07\/AE2Serpa_LogoNovo-e1627067148639.png\",\"width\":250,\"height\":149,\"caption\":\"AGRUMANENTO DE ESOLAS N.\u00ba 2 DE SERPA\"},\"image\":{\"@id\":\"https:\/\/www.ae2serpa.pt\/#\/schema\/logo\/image\/\"},\"sameAs\":[\"https:\/\/www.facebook.com\/AE2Serpa\/\",\"https:\/\/x.com\/ae2serpa\",\"https:\/\/www.instagram.com\/agresc2serpa\/\"]}]}<\/script>\n<!-- \/ Yoast SEO plugin. -->","yoast_head_json":{"title":"Procedimento Concursal - Hor\u00e1rio n.\u00ba 19 - Agrupamento de Escolas n.\u00ba 2 de Serpa","robots":{"index":"index","follow":"follow","max-snippet":"max-snippet:-1","max-image-preview":"max-image-preview:large","max-video-preview":"max-video-preview:-1"},"canonical":"https:\/\/www.ae2serpa.pt\/index.php\/concursos-docentes\/procedimento-concursal-horario-n-o-19\/","og_locale":"pt_PT","og_type":"article","og_title":"Procedimento Concursal - Hor\u00e1rio n.\u00ba 19 - Agrupamento de Escolas n.\u00ba 2 de Serpa","og_description":"Hor\u00e1rio n.\u00ba 19 &#8211; Recrutamento de T\u00e9cnico Especializado&#8211; Express\u00e3o Dram\u00e1tica &#8211;&lt;12 horas letivas &#8211; anual&gt; Procedimento concursal de contrata\u00e7\u00e3o de T\u00e9cnico Especializado em Express\u00e3o Dram\u00e1tica (Teatro), para exerc\u00edcio de fun\u00e7\u00f5es no Agrupamento de Escolas n\u00ba 2 de Serpa.Hor\u00e1rio anual: 12 horas letivas. Apresenta\u00e7\u00e3o da candidatura: 4 a 10 de outubro de 2022 (plataforma SIGRHE) Aviso [&hellip;]","og_url":"https:\/\/www.ae2serpa.pt\/index.php\/concursos-docentes\/procedimento-concursal-horario-n-o-19\/","og_site_name":"Agrupamento de Escolas n.\u00ba 2 de Serpa","article_publisher":"https:\/\/www.facebook.com\/AE2Serpa\/","article_modified_time":"2022-10-24T17:49:51+00:00","og_image":[{"width":378,"height":189,"url":"https:\/\/www.ae2serpa.pt\/wp-content\/uploads\/2022\/08\/C_Escola.png","type":"image\/png"}],"twitter_card":"summary_large_image","twitter_site":"@ae2serpa","twitter_misc":{"Tempo estimado de leitura":"1 minuto"},"schema":{"@context":"https:\/\/schema.org","@graph":[{"@type":"WebPage","@id":"https:\/\/www.ae2serpa.pt\/index.php\/concursos-docentes\/procedimento-concursal-horario-n-o-19\/","url":"https:\/\/www.ae2serpa.pt\/index.php\/concursos-docentes\/procedimento-concursal-horario-n-o-19\/","name":"Procedimento Concursal - Hor\u00e1rio n.\u00ba 19 - Agrupamento de Escolas n.\u00ba 2 de Serpa","isPartOf":{"@id":"https:\/\/www.ae2serpa.pt\/#website"},"primaryImageOfPage":{"@id":"https:\/\/www.ae2serpa.pt\/index.php\/concursos-docentes\/procedimento-concursal-horario-n-o-19\/#primaryimage"},"image":{"@id":"https:\/\/www.ae2serpa.pt\/index.php\/concursos-docentes\/procedimento-concursal-horario-n-o-19\/#primaryimage"},"thumbnailUrl":"https:\/\/www.ae2serpa.pt\/wp-content\/uploads\/2022\/08\/C_Escola.png","datePublished":"2022-10-04T15:00:25+00:00","dateModified":"2022-10-24T17:49:51+00:00","breadcrumb":{"@id":"https:\/\/www.ae2serpa.pt\/index.php\/concursos-docentes\/procedimento-concursal-horario-n-o-19\/#breadcrumb"},"inLanguage":"pt-PT","potentialAction":[{"@type":"ReadAction","target":["https:\/\/www.ae2serpa.pt\/index.php\/concursos-docentes\/procedimento-concursal-horario-n-o-19\/"]}]},{"@type":"ImageObject","inLanguage":"pt-PT","@id":"https:\/\/www.ae2serpa.pt\/index.php\/concursos-docentes\/procedimento-concursal-horario-n-o-19\/#primaryimage","url":"https:\/\/www.ae2serpa.pt\/wp-content\/uploads\/2022\/08\/C_Escola.png","contentUrl":"https:\/\/www.ae2serpa.pt\/wp-content\/uploads\/2022\/08\/C_Escola.png","width":378,"height":189},{"@type":"BreadcrumbList","@id":"https:\/\/www.ae2serpa.pt\/index.php\/concursos-docentes\/procedimento-concursal-horario-n-o-19\/#breadcrumb","itemListElement":[{"@type":"ListItem","position":1,"name":"In\u00edcio","item":"https:\/\/www.ae2serpa.pt\/"},{"@type":"ListItem","position":2,"name":"CONCURSOS DOCENTES","item":"https:\/\/www.ae2serpa.pt\/index.php\/concursos-docentes\/"},{"@type":"ListItem","position":3,"name":"Procedimento Concursal &#8211; Hor\u00e1rio n.\u00ba 19"}]},{"@type":"WebSite","@id":"https:\/\/www.ae2serpa.pt\/#website","url":"https:\/\/www.ae2serpa.pt\/","name":"AGRUPAMENTO DE ESCOLAS N.\u00ba 2 DE SERPA","description":"Agrupamento de Escolas n.\u00ba 2 de Serpa","publisher":{"@id":"https:\/\/www.ae2serpa.pt\/#organization"},"potentialAction":[{"@type":"SearchAction","target":{"@type":"EntryPoint","urlTemplate":"https:\/\/www.ae2serpa.pt\/?s={search_term_string}"},"query-input":"required name=search_term_string"}],"inLanguage":"pt-PT"},{"@type":"Organization","@id":"https:\/\/www.ae2serpa.pt\/#organization","name":"AGRUMANENTO DE ESOLAS N.\u00ba 2 DE SERPA","url":"https:\/\/www.ae2serpa.pt\/","logo":{"@type":"ImageObject","inLanguage":"pt-PT","@id":"https:\/\/www.ae2serpa.pt\/#\/schema\/logo\/image\/","url":"https:\/\/www.ae2serpa.pt\/wp-content\/uploads\/2021\/07\/AE2Serpa_LogoNovo-e1627067148639.png","contentUrl":"https:\/\/www.ae2serpa.pt\/wp-content\/uploads\/2021\/07\/AE2Serpa_LogoNovo-e1627067148639.png","width":250,"height":149,"caption":"AGRUMANENTO DE ESOLAS N.\u00ba 2 DE SERPA"},"image":{"@id":"https:\/\/www.ae2serpa.pt\/#\/schema\/logo\/image\/"},"sameAs":["https:\/\/www.facebook.com\/AE2Serpa\/","https:\/\/x.com\/ae2serpa","https:\/\/www.instagram.com\/agresc2serpa\/"]}]}},"_links":{"self":[{"href":"https:\/\/www.ae2serpa.pt\/index.php\/wp-json\/wp\/v2\/pages\/5009"}],"collection":[{"href":"https:\/\/www.ae2serpa.pt\/index.php\/wp-json\/wp\/v2\/pages"}],"about":[{"href":"https:\/\/www.ae2serpa.pt\/index.php\/wp-json\/wp\/v2\/types\/page"}],"author":[{"embeddable":true,"href":"https:\/\/www.ae2serpa.pt\/index.php\/wp-json\/wp\/v2\/users\/5"}],"replies":[{"embeddable":true,"href":"https:\/\/www.ae2serpa.pt\/index.php\/wp-json\/wp\/v2\/comments?post=5009"}],"version-history":[{"count":32,"href":"https:\/\/www.ae2serpa.pt\/index.php\/wp-json\/wp\/v2\/pages\/5009\/revisions"}],"predecessor-version":[{"id":6686,"href":"https:\/\/www.ae2serpa.pt\/index.php\/wp-json\/wp\/v2\/pages\/5009\/revisions\/6686"}],"up":[{"embeddable":true,"href":"https:\/\/www.ae2serpa.pt\/index.php\/wp-json\/wp\/v2\/pages\/1116"}],"wp:featuredmedia":[{"embeddable":true,"href":"https:\/\/www.ae2serpa.pt\/index.php\/wp-json\/wp\/v2\/media\/6344"}],"wp:attachment":[{"href":"https:\/\/www.ae2serpa.pt\/index.php\/wp-json\/wp\/v2\/media?parent=5009"}],"curies":[{"name":"wp","href":"https:\/\/api.w.org\/{rel}","templated":true}]}}