{"id":4949,"date":"2022-02-23T19:13:26","date_gmt":"2022-02-23T19:13:26","guid":{"rendered":"https:\/\/www.ae2serpa.pt\/?page_id=4949"},"modified":"2022-09-29T20:10:06","modified_gmt":"2022-09-29T20:10:06","slug":"elementor-4949","status":"publish","type":"page","link":"https:\/\/www.ae2serpa.pt\/index.php\/concursos-docentes\/elementor-4949\/","title":{"rendered":"Procedimento Concursal &#8211; Hor\u00e1rio n.\u00ba 6"},"content":{"rendered":"\t\t<div data-elementor-type=\"wp-page\" data-elementor-id=\"4949\" class=\"elementor elementor-4949\">\n\t\t\t\t\t\t\t\t\t<section class=\"elementor-section elementor-top-section elementor-element elementor-element-f557adf elementor-section-boxed elementor-section-height-default elementor-section-height-default\" data-id=\"f557adf\" data-element_type=\"section\">\n\t\t\t\t\t\t<div class=\"elementor-container elementor-column-gap-default\">\n\t\t\t\t\t<div class=\"elementor-column elementor-col-100 elementor-top-column elementor-element elementor-element-37d6b06\" data-id=\"37d6b06\" data-element_type=\"column\">\n\t\t\t<div class=\"elementor-widget-wrap elementor-element-populated\">\n\t\t\t\t\t\t\t\t<div class=\"elementor-element elementor-element-ef3fb81 elementor-widget elementor-widget-heading\" data-id=\"ef3fb81\" data-element_type=\"widget\" data-widget_type=\"heading.default\">\n\t\t\t\t<div class=\"elementor-widget-container\">\n\t\t\t<h3 class=\"elementor-heading-title elementor-size-default\">Hor\u00e1rio n.\u00ba 6 - Recrutamento de docente do grupo 400<br>(Hist\u00f3ria)<\/h3>\t\t<\/div>\n\t\t\t\t<\/div>\n\t\t\t\t\t<\/div>\n\t\t<\/div>\n\t\t\t\t\t\t\t<\/div>\n\t\t<\/section>\n\t\t\t\t<section class=\"elementor-section elementor-top-section elementor-element elementor-element-9787c35 elementor-section-boxed elementor-section-height-default elementor-section-height-default\" data-id=\"9787c35\" data-element_type=\"section\">\n\t\t\t\t\t\t<div class=\"elementor-container elementor-column-gap-default\">\n\t\t\t\t\t<div class=\"elementor-column elementor-col-100 elementor-top-column elementor-element elementor-element-5f36ee4\" data-id=\"5f36ee4\" data-element_type=\"column\">\n\t\t\t<div class=\"elementor-widget-wrap elementor-element-populated\">\n\t\t\t\t\t\t\t\t<div class=\"elementor-element elementor-element-7134444 elementor-widget elementor-widget-text-editor\" data-id=\"7134444\" data-element_type=\"widget\" data-widget_type=\"text-editor.default\">\n\t\t\t\t<div class=\"elementor-widget-container\">\n\t\t\t\t\t\t\t<p>Procedimento concursal de contrata\u00e7\u00e3o de docente do <strong>grupo de recrutamento 400 (Hist\u00f3ria)<\/strong>, com exerc\u00edcio de fun\u00e7\u00f5es no Agrupamento de Escolas n\u00ba 2 de Serpa.<br \/>Hor\u00e1rio anual: <strong>22\u00a0horas letivas.<\/strong><\/p><p><strong>Apresenta\u00e7\u00e3o da candidatura:<\/strong> 23 a 28 de setembro de 2022 (plataforma <a href=\"https:\/\/sigrhe.dgae.mec.pt\/openerp\/login\" target=\"_blank\" rel=\"noopener\">SIGRHE<\/a>)<\/p>\t\t\t\t\t\t<\/div>\n\t\t\t\t<\/div>\n\t\t\t\t\t<\/div>\n\t\t<\/div>\n\t\t\t\t\t\t\t<\/div>\n\t\t<\/section>\n\t\t\t\t<section class=\"elementor-section elementor-top-section elementor-element elementor-element-081064f elementor-section-boxed elementor-section-height-default elementor-section-height-default\" data-id=\"081064f\" data-element_type=\"section\">\n\t\t\t\t\t\t<div class=\"elementor-container elementor-column-gap-default\">\n\t\t\t\t\t<div class=\"elementor-column elementor-col-50 elementor-top-column elementor-element elementor-element-b477c54\" data-id=\"b477c54\" data-element_type=\"column\">\n\t\t\t<div class=\"elementor-widget-wrap elementor-element-populated\">\n\t\t\t\t\t\t\t\t<div class=\"elementor-element elementor-element-a2d8634 elementor-widget elementor-widget-image\" data-id=\"a2d8634\" data-element_type=\"widget\" data-widget_type=\"image.default\">\n\t\t\t\t<div class=\"elementor-widget-container\">\n\t\t\t\t\t\t\t\t\t\t\t\t\t\t\t\t<a href=\"https:\/\/www.ae2serpa.pt\/wp-content\/uploads\/2022\/09\/H6-GR-400-Historia.pdf\" target=\"_blank\" rel=\"nofollow\">\n\t\t\t\t\t\t\t<img decoding=\"async\" src=\"https:\/\/www.ae2serpa.pt\/wp-content\/uploads\/2021\/08\/PDF.svg\" title=\"PDF\" alt=\"PDF\" loading=\"lazy\" \/>\t\t\t\t\t\t\t\t<\/a>\n\t\t\t\t\t\t\t\t\t\t\t\t\t\t\t<\/div>\n\t\t\t\t<\/div>\n\t\t\t\t\t<\/div>\n\t\t<\/div>\n\t\t\t\t<div class=\"elementor-column elementor-col-50 elementor-top-column elementor-element elementor-element-ee2f76a\" data-id=\"ee2f76a\" data-element_type=\"column\">\n\t\t\t<div class=\"elementor-widget-wrap elementor-element-populated\">\n\t\t\t\t\t\t\t\t<div class=\"elementor-element elementor-element-fd18161 elementor-widget elementor-widget-text-editor\" data-id=\"fd18161\" data-element_type=\"widget\" data-widget_type=\"text-editor.default\">\n\t\t\t\t<div class=\"elementor-widget-container\">\n\t\t\t\t\t\t\t<p><strong>Aviso de Abertura e Crit\u00e9rios de Avalia\u00e7\u00e3o, Seria\u00e7\u00e3o e Sele\u00e7\u00e3o<\/strong><\/p>\t\t\t\t\t\t<\/div>\n\t\t\t\t<\/div>\n\t\t\t\t\t<\/div>\n\t\t<\/div>\n\t\t\t\t\t\t\t<\/div>\n\t\t<\/section>\n\t\t\t\t<section class=\"elementor-section elementor-top-section elementor-element elementor-element-6a224a9 elementor-section-boxed elementor-section-height-default elementor-section-height-default\" data-id=\"6a224a9\" data-element_type=\"section\">\n\t\t\t\t\t\t<div class=\"elementor-container elementor-column-gap-default\">\n\t\t\t\t\t<div class=\"elementor-column elementor-col-50 elementor-top-column elementor-element elementor-element-88fa9e2\" data-id=\"88fa9e2\" data-element_type=\"column\">\n\t\t\t<div class=\"elementor-widget-wrap elementor-element-populated\">\n\t\t\t\t\t\t\t\t<div class=\"elementor-element elementor-element-bb9efa8 elementor-widget elementor-widget-image\" data-id=\"bb9efa8\" data-element_type=\"widget\" data-widget_type=\"image.default\">\n\t\t\t\t<div class=\"elementor-widget-container\">\n\t\t\t\t\t\t\t\t\t\t\t\t\t\t\t\t<a href=\"https:\/\/www.ae2serpa.pt\/wp-content\/uploads\/2022\/09\/H6-GR-400-Lista-Ordenada-de-Graduacao.pdf\" target=\"_blank\" rel=\"nofollow\">\n\t\t\t\t\t\t\t<img decoding=\"async\" src=\"https:\/\/www.ae2serpa.pt\/wp-content\/uploads\/2021\/08\/PDF.svg\" title=\"PDF\" alt=\"PDF\" loading=\"lazy\" \/>\t\t\t\t\t\t\t\t<\/a>\n\t\t\t\t\t\t\t\t\t\t\t\t\t\t\t<\/div>\n\t\t\t\t<\/div>\n\t\t\t\t\t<\/div>\n\t\t<\/div>\n\t\t\t\t<div class=\"elementor-column elementor-col-50 elementor-top-column elementor-element elementor-element-3432ac7\" data-id=\"3432ac7\" data-element_type=\"column\">\n\t\t\t<div class=\"elementor-widget-wrap elementor-element-populated\">\n\t\t\t\t\t\t\t\t<div class=\"elementor-element elementor-element-eb6cdac elementor-widget elementor-widget-text-editor\" data-id=\"eb6cdac\" data-element_type=\"widget\" data-widget_type=\"text-editor.default\">\n\t\t\t\t<div class=\"elementor-widget-container\">\n\t\t\t\t\t\t\t<p><strong>Lista Ordenada de Gradua\u00e7\u00e3o<\/strong><\/p>\t\t\t\t\t\t<\/div>\n\t\t\t\t<\/div>\n\t\t\t\t\t<\/div>\n\t\t<\/div>\n\t\t\t\t\t\t\t<\/div>\n\t\t<\/section>\n\t\t\t\t\t\t\t<\/div>\n\t\t","protected":false},"excerpt":{"rendered":"<p>Hor\u00e1rio n.\u00ba 6 &#8211; Recrutamento de docente do grupo 400(Hist\u00f3ria) Procedimento concursal de contrata\u00e7\u00e3o de docente do grupo de recrutamento 400 (Hist\u00f3ria), com exerc\u00edcio de fun\u00e7\u00f5es no Agrupamento de Escolas n\u00ba 2 de Serpa.Hor\u00e1rio anual: 22\u00a0horas letivas. Apresenta\u00e7\u00e3o da candidatura: 23 a 28 de setembro de 2022 (plataforma SIGRHE) Aviso de Abertura e Crit\u00e9rios de [&hellip;]<\/p>\n","protected":false},"author":5,"featured_media":0,"parent":1116,"menu_order":0,"comment_status":"closed","ping_status":"closed","template":"","meta":{"footnotes":""},"yoast_head":"<!-- This site is optimized with the Yoast SEO plugin v22.8 - https:\/\/yoast.com\/wordpress\/plugins\/seo\/ -->\n<title>Procedimento Concursal - Hor\u00e1rio n.\u00ba 6 - Agrupamento de Escolas n.\u00ba 2 de Serpa<\/title>\n<meta name=\"robots\" content=\"index, follow, max-snippet:-1, max-image-preview:large, max-video-preview:-1\" \/>\n<link rel=\"canonical\" href=\"https:\/\/www.ae2serpa.pt\/index.php\/concursos-docentes\/elementor-4949\/\" \/>\n<meta property=\"og:locale\" content=\"pt_PT\" \/>\n<meta property=\"og:type\" content=\"article\" \/>\n<meta property=\"og:title\" content=\"Procedimento Concursal - Hor\u00e1rio n.\u00ba 6 - Agrupamento de Escolas n.\u00ba 2 de Serpa\" \/>\n<meta property=\"og:description\" content=\"Hor\u00e1rio n.\u00ba 6 &#8211; Recrutamento de docente do grupo 400(Hist\u00f3ria) Procedimento concursal de contrata\u00e7\u00e3o de docente do grupo de recrutamento 400 (Hist\u00f3ria), com exerc\u00edcio de fun\u00e7\u00f5es no Agrupamento de Escolas n\u00ba 2 de Serpa.Hor\u00e1rio anual: 22\u00a0horas letivas. Apresenta\u00e7\u00e3o da candidatura: 23 a 28 de setembro de 2022 (plataforma SIGRHE) Aviso de Abertura e Crit\u00e9rios de [&hellip;]\" \/>\n<meta property=\"og:url\" content=\"https:\/\/www.ae2serpa.pt\/index.php\/concursos-docentes\/elementor-4949\/\" \/>\n<meta property=\"og:site_name\" content=\"Agrupamento de Escolas n.\u00ba 2 de Serpa\" \/>\n<meta property=\"article:publisher\" content=\"https:\/\/www.facebook.com\/AE2Serpa\/\" \/>\n<meta property=\"article:modified_time\" content=\"2022-09-29T20:10:06+00:00\" \/>\n<meta property=\"og:image\" content=\"https:\/\/www.ae2serpa.pt\/wp-content\/uploads\/2021\/08\/PDF.svg\" \/>\n<meta name=\"twitter:card\" content=\"summary_large_image\" \/>\n<meta name=\"twitter:site\" content=\"@ae2serpa\" \/>\n<meta name=\"twitter:label1\" content=\"Tempo estimado de leitura\" \/>\n\t<meta name=\"twitter:data1\" content=\"1 minuto\" \/>\n<script type=\"application\/ld+json\" class=\"yoast-schema-graph\">{\"@context\":\"https:\/\/schema.org\",\"@graph\":[{\"@type\":\"WebPage\",\"@id\":\"https:\/\/www.ae2serpa.pt\/index.php\/concursos-docentes\/elementor-4949\/\",\"url\":\"https:\/\/www.ae2serpa.pt\/index.php\/concursos-docentes\/elementor-4949\/\",\"name\":\"Procedimento Concursal - Hor\u00e1rio n.\u00ba 6 - Agrupamento de Escolas n.\u00ba 2 de Serpa\",\"isPartOf\":{\"@id\":\"https:\/\/www.ae2serpa.pt\/#website\"},\"primaryImageOfPage\":{\"@id\":\"https:\/\/www.ae2serpa.pt\/index.php\/concursos-docentes\/elementor-4949\/#primaryimage\"},\"image\":{\"@id\":\"https:\/\/www.ae2serpa.pt\/index.php\/concursos-docentes\/elementor-4949\/#primaryimage\"},\"thumbnailUrl\":\"https:\/\/www.ae2serpa.pt\/wp-content\/uploads\/2021\/08\/PDF.svg\",\"datePublished\":\"2022-02-23T19:13:26+00:00\",\"dateModified\":\"2022-09-29T20:10:06+00:00\",\"breadcrumb\":{\"@id\":\"https:\/\/www.ae2serpa.pt\/index.php\/concursos-docentes\/elementor-4949\/#breadcrumb\"},\"inLanguage\":\"pt-PT\",\"potentialAction\":[{\"@type\":\"ReadAction\",\"target\":[\"https:\/\/www.ae2serpa.pt\/index.php\/concursos-docentes\/elementor-4949\/\"]}]},{\"@type\":\"ImageObject\",\"inLanguage\":\"pt-PT\",\"@id\":\"https:\/\/www.ae2serpa.pt\/index.php\/concursos-docentes\/elementor-4949\/#primaryimage\",\"url\":\"https:\/\/www.ae2serpa.pt\/wp-content\/uploads\/2021\/08\/PDF.svg\",\"contentUrl\":\"https:\/\/www.ae2serpa.pt\/wp-content\/uploads\/2021\/08\/PDF.svg\",\"width\":833,\"height\":1023},{\"@type\":\"BreadcrumbList\",\"@id\":\"https:\/\/www.ae2serpa.pt\/index.php\/concursos-docentes\/elementor-4949\/#breadcrumb\",\"itemListElement\":[{\"@type\":\"ListItem\",\"position\":1,\"name\":\"In\u00edcio\",\"item\":\"https:\/\/www.ae2serpa.pt\/\"},{\"@type\":\"ListItem\",\"position\":2,\"name\":\"CONCURSOS DOCENTES\",\"item\":\"https:\/\/www.ae2serpa.pt\/index.php\/concursos-docentes\/\"},{\"@type\":\"ListItem\",\"position\":3,\"name\":\"Procedimento Concursal &#8211; Hor\u00e1rio n.\u00ba 6\"}]},{\"@type\":\"WebSite\",\"@id\":\"https:\/\/www.ae2serpa.pt\/#website\",\"url\":\"https:\/\/www.ae2serpa.pt\/\",\"name\":\"AGRUPAMENTO DE ESCOLAS N.\u00ba 2 DE SERPA\",\"description\":\"Agrupamento de Escolas n.\u00ba 2 de Serpa\",\"publisher\":{\"@id\":\"https:\/\/www.ae2serpa.pt\/#organization\"},\"potentialAction\":[{\"@type\":\"SearchAction\",\"target\":{\"@type\":\"EntryPoint\",\"urlTemplate\":\"https:\/\/www.ae2serpa.pt\/?s={search_term_string}\"},\"query-input\":\"required name=search_term_string\"}],\"inLanguage\":\"pt-PT\"},{\"@type\":\"Organization\",\"@id\":\"https:\/\/www.ae2serpa.pt\/#organization\",\"name\":\"AGRUMANENTO DE ESOLAS N.\u00ba 2 DE SERPA\",\"url\":\"https:\/\/www.ae2serpa.pt\/\",\"logo\":{\"@type\":\"ImageObject\",\"inLanguage\":\"pt-PT\",\"@id\":\"https:\/\/www.ae2serpa.pt\/#\/schema\/logo\/image\/\",\"url\":\"https:\/\/www.ae2serpa.pt\/wp-content\/uploads\/2021\/07\/AE2Serpa_LogoNovo-e1627067148639.png\",\"contentUrl\":\"https:\/\/www.ae2serpa.pt\/wp-content\/uploads\/2021\/07\/AE2Serpa_LogoNovo-e1627067148639.png\",\"width\":250,\"height\":149,\"caption\":\"AGRUMANENTO DE ESOLAS N.\u00ba 2 DE SERPA\"},\"image\":{\"@id\":\"https:\/\/www.ae2serpa.pt\/#\/schema\/logo\/image\/\"},\"sameAs\":[\"https:\/\/www.facebook.com\/AE2Serpa\/\",\"https:\/\/x.com\/ae2serpa\",\"https:\/\/www.instagram.com\/agresc2serpa\/\"]}]}<\/script>\n<!-- \/ Yoast SEO plugin. -->","yoast_head_json":{"title":"Procedimento Concursal - Hor\u00e1rio n.\u00ba 6 - Agrupamento de Escolas n.\u00ba 2 de Serpa","robots":{"index":"index","follow":"follow","max-snippet":"max-snippet:-1","max-image-preview":"max-image-preview:large","max-video-preview":"max-video-preview:-1"},"canonical":"https:\/\/www.ae2serpa.pt\/index.php\/concursos-docentes\/elementor-4949\/","og_locale":"pt_PT","og_type":"article","og_title":"Procedimento Concursal - Hor\u00e1rio n.\u00ba 6 - Agrupamento de Escolas n.\u00ba 2 de Serpa","og_description":"Hor\u00e1rio n.\u00ba 6 &#8211; Recrutamento de docente do grupo 400(Hist\u00f3ria) Procedimento concursal de contrata\u00e7\u00e3o de docente do grupo de recrutamento 400 (Hist\u00f3ria), com exerc\u00edcio de fun\u00e7\u00f5es no Agrupamento de Escolas n\u00ba 2 de Serpa.Hor\u00e1rio anual: 22\u00a0horas letivas. Apresenta\u00e7\u00e3o da candidatura: 23 a 28 de setembro de 2022 (plataforma SIGRHE) Aviso de Abertura e Crit\u00e9rios de [&hellip;]","og_url":"https:\/\/www.ae2serpa.pt\/index.php\/concursos-docentes\/elementor-4949\/","og_site_name":"Agrupamento de Escolas n.\u00ba 2 de Serpa","article_publisher":"https:\/\/www.facebook.com\/AE2Serpa\/","article_modified_time":"2022-09-29T20:10:06+00:00","og_image":[{"url":"https:\/\/www.ae2serpa.pt\/wp-content\/uploads\/2021\/08\/PDF.svg"}],"twitter_card":"summary_large_image","twitter_site":"@ae2serpa","twitter_misc":{"Tempo estimado de leitura":"1 minuto"},"schema":{"@context":"https:\/\/schema.org","@graph":[{"@type":"WebPage","@id":"https:\/\/www.ae2serpa.pt\/index.php\/concursos-docentes\/elementor-4949\/","url":"https:\/\/www.ae2serpa.pt\/index.php\/concursos-docentes\/elementor-4949\/","name":"Procedimento Concursal - Hor\u00e1rio n.\u00ba 6 - Agrupamento de Escolas n.\u00ba 2 de Serpa","isPartOf":{"@id":"https:\/\/www.ae2serpa.pt\/#website"},"primaryImageOfPage":{"@id":"https:\/\/www.ae2serpa.pt\/index.php\/concursos-docentes\/elementor-4949\/#primaryimage"},"image":{"@id":"https:\/\/www.ae2serpa.pt\/index.php\/concursos-docentes\/elementor-4949\/#primaryimage"},"thumbnailUrl":"https:\/\/www.ae2serpa.pt\/wp-content\/uploads\/2021\/08\/PDF.svg","datePublished":"2022-02-23T19:13:26+00:00","dateModified":"2022-09-29T20:10:06+00:00","breadcrumb":{"@id":"https:\/\/www.ae2serpa.pt\/index.php\/concursos-docentes\/elementor-4949\/#breadcrumb"},"inLanguage":"pt-PT","potentialAction":[{"@type":"ReadAction","target":["https:\/\/www.ae2serpa.pt\/index.php\/concursos-docentes\/elementor-4949\/"]}]},{"@type":"ImageObject","inLanguage":"pt-PT","@id":"https:\/\/www.ae2serpa.pt\/index.php\/concursos-docentes\/elementor-4949\/#primaryimage","url":"https:\/\/www.ae2serpa.pt\/wp-content\/uploads\/2021\/08\/PDF.svg","contentUrl":"https:\/\/www.ae2serpa.pt\/wp-content\/uploads\/2021\/08\/PDF.svg","width":833,"height":1023},{"@type":"BreadcrumbList","@id":"https:\/\/www.ae2serpa.pt\/index.php\/concursos-docentes\/elementor-4949\/#breadcrumb","itemListElement":[{"@type":"ListItem","position":1,"name":"In\u00edcio","item":"https:\/\/www.ae2serpa.pt\/"},{"@type":"ListItem","position":2,"name":"CONCURSOS DOCENTES","item":"https:\/\/www.ae2serpa.pt\/index.php\/concursos-docentes\/"},{"@type":"ListItem","position":3,"name":"Procedimento Concursal &#8211; Hor\u00e1rio n.\u00ba 6"}]},{"@type":"WebSite","@id":"https:\/\/www.ae2serpa.pt\/#website","url":"https:\/\/www.ae2serpa.pt\/","name":"AGRUPAMENTO DE ESCOLAS N.\u00ba 2 DE SERPA","description":"Agrupamento de Escolas n.\u00ba 2 de Serpa","publisher":{"@id":"https:\/\/www.ae2serpa.pt\/#organization"},"potentialAction":[{"@type":"SearchAction","target":{"@type":"EntryPoint","urlTemplate":"https:\/\/www.ae2serpa.pt\/?s={search_term_string}"},"query-input":"required name=search_term_string"}],"inLanguage":"pt-PT"},{"@type":"Organization","@id":"https:\/\/www.ae2serpa.pt\/#organization","name":"AGRUMANENTO DE ESOLAS N.\u00ba 2 DE SERPA","url":"https:\/\/www.ae2serpa.pt\/","logo":{"@type":"ImageObject","inLanguage":"pt-PT","@id":"https:\/\/www.ae2serpa.pt\/#\/schema\/logo\/image\/","url":"https:\/\/www.ae2serpa.pt\/wp-content\/uploads\/2021\/07\/AE2Serpa_LogoNovo-e1627067148639.png","contentUrl":"https:\/\/www.ae2serpa.pt\/wp-content\/uploads\/2021\/07\/AE2Serpa_LogoNovo-e1627067148639.png","width":250,"height":149,"caption":"AGRUMANENTO DE ESOLAS N.\u00ba 2 DE SERPA"},"image":{"@id":"https:\/\/www.ae2serpa.pt\/#\/schema\/logo\/image\/"},"sameAs":["https:\/\/www.facebook.com\/AE2Serpa\/","https:\/\/x.com\/ae2serpa","https:\/\/www.instagram.com\/agresc2serpa\/"]}]}},"_links":{"self":[{"href":"https:\/\/www.ae2serpa.pt\/index.php\/wp-json\/wp\/v2\/pages\/4949"}],"collection":[{"href":"https:\/\/www.ae2serpa.pt\/index.php\/wp-json\/wp\/v2\/pages"}],"about":[{"href":"https:\/\/www.ae2serpa.pt\/index.php\/wp-json\/wp\/v2\/types\/page"}],"author":[{"embeddable":true,"href":"https:\/\/www.ae2serpa.pt\/index.php\/wp-json\/wp\/v2\/users\/5"}],"replies":[{"embeddable":true,"href":"https:\/\/www.ae2serpa.pt\/index.php\/wp-json\/wp\/v2\/comments?post=4949"}],"version-history":[{"count":37,"href":"https:\/\/www.ae2serpa.pt\/index.php\/wp-json\/wp\/v2\/pages\/4949\/revisions"}],"predecessor-version":[{"id":6613,"href":"https:\/\/www.ae2serpa.pt\/index.php\/wp-json\/wp\/v2\/pages\/4949\/revisions\/6613"}],"up":[{"embeddable":true,"href":"https:\/\/www.ae2serpa.pt\/index.php\/wp-json\/wp\/v2\/pages\/1116"}],"wp:attachment":[{"href":"https:\/\/www.ae2serpa.pt\/index.php\/wp-json\/wp\/v2\/media?parent=4949"}],"curies":[{"name":"wp","href":"https:\/\/api.w.org\/{rel}","templated":true}]}}