{"id":4128,"date":"2022-08-25T23:59:19","date_gmt":"2022-08-25T23:59:19","guid":{"rendered":"https:\/\/www.ae2serpa.pt\/?page_id=4128"},"modified":"2023-03-12T21:42:42","modified_gmt":"2023-03-12T21:42:42","slug":"procedimento-concursal-horario-n-o-5","status":"publish","type":"page","link":"https:\/\/www.ae2serpa.pt\/index.php\/concursos-docentes\/procedimento-concursal-horario-n-o-5\/","title":{"rendered":"Procedimento Concursal: Hor\u00e1rio n.\u00ba 5"},"content":{"rendered":"\t\t<div data-elementor-type=\"wp-page\" data-elementor-id=\"4128\" class=\"elementor elementor-4128\">\n\t\t\t\t\t\t\t\t\t<section class=\"elementor-section elementor-top-section elementor-element elementor-element-a1a83cc elementor-section-boxed elementor-section-height-default elementor-section-height-default\" data-id=\"a1a83cc\" data-element_type=\"section\">\n\t\t\t\t\t\t<div class=\"elementor-container elementor-column-gap-default\">\n\t\t\t\t\t<div class=\"elementor-column elementor-col-100 elementor-top-column elementor-element elementor-element-60c16bb\" data-id=\"60c16bb\" data-element_type=\"column\">\n\t\t\t<div class=\"elementor-widget-wrap elementor-element-populated\">\n\t\t\t\t\t\t\t\t<div class=\"elementor-element elementor-element-6e56095 elementor-widget elementor-widget-heading\" data-id=\"6e56095\" data-element_type=\"widget\" data-widget_type=\"heading.default\">\n\t\t\t\t<div class=\"elementor-widget-container\">\n\t\t\t<h3 class=\"elementor-heading-title elementor-size-default\">Hor\u00e1rio n.\u00ba 5<br>\nRecrutamento de docente do Grupo 550 (Inform\u00e1tica)<\/h3>\t\t<\/div>\n\t\t\t\t<\/div>\n\t\t\t\t\t<\/div>\n\t\t<\/div>\n\t\t\t\t\t\t\t<\/div>\n\t\t<\/section>\n\t\t\t\t<section class=\"elementor-section elementor-top-section elementor-element elementor-element-b71259e elementor-section-boxed elementor-section-height-default elementor-section-height-default\" data-id=\"b71259e\" data-element_type=\"section\">\n\t\t\t\t\t\t<div class=\"elementor-container elementor-column-gap-default\">\n\t\t\t\t\t<div class=\"elementor-column elementor-col-100 elementor-top-column elementor-element elementor-element-ddfd2e3\" data-id=\"ddfd2e3\" data-element_type=\"column\">\n\t\t\t<div class=\"elementor-widget-wrap elementor-element-populated\">\n\t\t\t\t\t\t\t\t<div class=\"elementor-element elementor-element-cd03db4 elementor-widget elementor-widget-text-editor\" data-id=\"cd03db4\" data-element_type=\"widget\" data-widget_type=\"text-editor.default\">\n\t\t\t\t<div class=\"elementor-widget-container\">\n\t\t\t\t\t\t\t<section class=\"elementor-section elementor-top-section elementor-element elementor-element-3023abc elementor-section-boxed elementor-section-height-default elementor-section-height-default\" data-id=\"3023abc\" data-element_type=\"section\"><div class=\"elementor-container elementor-column-gap-default\"><div class=\"elementor-row\"><div class=\"elementor-column elementor-col-100 elementor-top-column elementor-element elementor-element-481c6fd\" data-id=\"481c6fd\" data-element_type=\"column\"><div class=\"elementor-column-wrap elementor-element-populated\"><div class=\"elementor-widget-wrap\"><div class=\"elementor-element elementor-element-39f60a8 elementor-widget elementor-widget-text-editor\" data-id=\"39f60a8\" data-element_type=\"widget\" data-widget_type=\"text-editor.default\"><div class=\"elementor-widget-container\"><div class=\"elementor-text-editor elementor-clearfix\">Procedimento concursal de contrata\u00e7\u00e3o de docente do grupo de recrutamento 550 (Inform\u00e1tica), com exerc\u00edcio de fun\u00e7\u00f5es no Agrupamento de Escolas n\u00ba 2 de Serpa.<br \/>Hor\u00e1rio anual: 22 horas letivas.<\/div><\/div><\/div><\/div><\/div><\/div><\/div><\/div><\/section><section class=\"elementor-section elementor-top-section elementor-element elementor-element-24c2962 elementor-section-boxed elementor-section-height-default elementor-section-height-default\" data-id=\"24c2962\" data-element_type=\"section\"><div class=\"elementor-container elementor-column-gap-default\"><div class=\"elementor-row\"><div class=\"elementor-column elementor-col-100 elementor-top-column elementor-element elementor-element-c306abb\" data-id=\"c306abb\" data-element_type=\"column\"><div class=\"elementor-column-wrap elementor-element-populated\"><div class=\"elementor-widget-wrap\"><div class=\"elementor-element elementor-element-727e772 elementor-widget elementor-widget-text-editor\" data-id=\"727e772\" data-element_type=\"widget\" data-widget_type=\"text-editor.default\"><div class=\"elementor-widget-container\"><div class=\"elementor-text-editor elementor-clearfix\"><strong>Apresenta\u00e7\u00e3o da candidatura:<\/strong> 25 a 30 de agosto de 2022 (plataforma <a href=\"https:\/\/sigrhe.dgae.mec.pt\/\" target=\"_blank\" rel=\"noopener\">SIGRHE<\/a>)<\/div><\/div><\/div><\/div><\/div><\/div><\/div><\/div><\/section>\t\t\t\t\t\t<\/div>\n\t\t\t\t<\/div>\n\t\t\t\t\t<\/div>\n\t\t<\/div>\n\t\t\t\t\t\t\t<\/div>\n\t\t<\/section>\n\t\t\t\t<section class=\"elementor-section elementor-top-section elementor-element elementor-element-7a68bcd elementor-section-boxed elementor-section-height-default elementor-section-height-default\" data-id=\"7a68bcd\" data-element_type=\"section\">\n\t\t\t\t\t\t<div class=\"elementor-container elementor-column-gap-default\">\n\t\t\t\t\t<div class=\"elementor-column elementor-col-33 elementor-top-column elementor-element elementor-element-5e74196\" data-id=\"5e74196\" data-element_type=\"column\">\n\t\t\t<div class=\"elementor-widget-wrap elementor-element-populated\">\n\t\t\t\t\t\t\t\t<div class=\"elementor-element elementor-element-cc778f3 elementor-widget elementor-widget-image\" data-id=\"cc778f3\" data-element_type=\"widget\" data-widget_type=\"image.default\">\n\t\t\t\t<div class=\"elementor-widget-container\">\n\t\t\t\t\t\t\t\t\t\t\t\t\t\t\t\t<a href=\"https:\/\/www.ae2serpa.pt\/wp-content\/uploads\/2022\/08\/H5-Informatica.pdf\">\n\t\t\t\t\t\t\t<img decoding=\"async\" src=\"https:\/\/www.ae2serpa.pt\/wp-content\/uploads\/2021\/08\/PDF.svg\" title=\"PDF\" alt=\"PDF\" loading=\"lazy\" \/>\t\t\t\t\t\t\t\t<\/a>\n\t\t\t\t\t\t\t\t\t\t\t\t\t\t\t<\/div>\n\t\t\t\t<\/div>\n\t\t\t\t\t<\/div>\n\t\t<\/div>\n\t\t\t\t<div class=\"elementor-column elementor-col-66 elementor-top-column elementor-element elementor-element-0dfd405\" data-id=\"0dfd405\" data-element_type=\"column\">\n\t\t\t<div class=\"elementor-widget-wrap elementor-element-populated\">\n\t\t\t\t\t\t\t\t<div class=\"elementor-element elementor-element-7e57020 elementor-widget elementor-widget-text-editor\" data-id=\"7e57020\" data-element_type=\"widget\" data-widget_type=\"text-editor.default\">\n\t\t\t\t<div class=\"elementor-widget-container\">\n\t\t\t\t\t\t\t<p><strong>Aviso de Abertura e Crit\u00e9rios de Avalia\u00e7\u00e3o, Seria\u00e7\u00e3o e Sele\u00e7\u00e3o<\/strong><\/p>\t\t\t\t\t\t<\/div>\n\t\t\t\t<\/div>\n\t\t\t\t\t<\/div>\n\t\t<\/div>\n\t\t\t\t\t\t\t<\/div>\n\t\t<\/section>\n\t\t\t\t<section class=\"elementor-section elementor-top-section elementor-element elementor-element-fad00eb elementor-section-boxed elementor-section-height-default elementor-section-height-default\" data-id=\"fad00eb\" data-element_type=\"section\">\n\t\t\t\t\t\t<div class=\"elementor-container elementor-column-gap-default\">\n\t\t\t\t\t<div class=\"elementor-column elementor-col-100 elementor-top-column elementor-element elementor-element-c5a665a\" data-id=\"c5a665a\" data-element_type=\"column\">\n\t\t\t<div class=\"elementor-widget-wrap elementor-element-populated\">\n\t\t\t\t\t\t\t\t<div class=\"elementor-element elementor-element-d71533d elementor-widget elementor-widget-text-editor\" data-id=\"d71533d\" data-element_type=\"widget\" data-widget_type=\"text-editor.default\">\n\t\t\t\t<div class=\"elementor-widget-container\">\n\t\t\t\t\t\t\t<p>Nota: A publica\u00e7\u00e3o do Decreto-Lei n.\u00ba 53\/2022, de 12 de agosto, conjugado com o disposto no Despacho n.\u00ba\u00a0 10914-A\/2022, de 8 de setembro, atualizou os requisitos para o reconhecimento da Habilita\u00e7\u00e3o Pr\u00f3pria para o GR 550-Inform\u00e1tica.<\/p>\t\t\t\t\t\t<\/div>\n\t\t\t\t<\/div>\n\t\t\t\t\t<\/div>\n\t\t<\/div>\n\t\t\t\t\t\t\t<\/div>\n\t\t<\/section>\n\t\t\t\t<section class=\"elementor-section elementor-top-section elementor-element elementor-element-d7cb64b elementor-section-boxed elementor-section-height-default elementor-section-height-default\" data-id=\"d7cb64b\" data-element_type=\"section\">\n\t\t\t\t\t\t<div class=\"elementor-container elementor-column-gap-default\">\n\t\t\t\t\t<div class=\"elementor-column elementor-col-33 elementor-top-column elementor-element elementor-element-f39c4b4\" data-id=\"f39c4b4\" data-element_type=\"column\">\n\t\t\t<div class=\"elementor-widget-wrap elementor-element-populated\">\n\t\t\t\t\t\t\t\t<div class=\"elementor-element elementor-element-ed27479 elementor-widget elementor-widget-image\" data-id=\"ed27479\" data-element_type=\"widget\" data-widget_type=\"image.default\">\n\t\t\t\t<div class=\"elementor-widget-container\">\n\t\t\t\t\t\t\t\t\t\t\t\t\t\t\t\t<a href=\"https:\/\/www.ae2serpa.pt\/wp-content\/uploads\/2022\/09\/H5-GR-550-Lista-Ordenada-de-Graduacao.pdf\">\n\t\t\t\t\t\t\t<img decoding=\"async\" src=\"https:\/\/www.ae2serpa.pt\/wp-content\/uploads\/2021\/08\/PDF.svg\" title=\"PDF\" alt=\"PDF\" loading=\"lazy\" \/>\t\t\t\t\t\t\t\t<\/a>\n\t\t\t\t\t\t\t\t\t\t\t\t\t\t\t<\/div>\n\t\t\t\t<\/div>\n\t\t\t\t\t<\/div>\n\t\t<\/div>\n\t\t\t\t<div class=\"elementor-column elementor-col-66 elementor-top-column elementor-element elementor-element-d19a40b\" data-id=\"d19a40b\" data-element_type=\"column\">\n\t\t\t<div class=\"elementor-widget-wrap elementor-element-populated\">\n\t\t\t\t\t\t\t\t<div class=\"elementor-element elementor-element-0de5f84 elementor-widget elementor-widget-text-editor\" data-id=\"0de5f84\" data-element_type=\"widget\" data-widget_type=\"text-editor.default\">\n\t\t\t\t<div class=\"elementor-widget-container\">\n\t\t\t\t\t\t\t<p><strong>Lista Ordenada de Gradua\u00e7\u00e3o<\/strong><\/p>\t\t\t\t\t\t<\/div>\n\t\t\t\t<\/div>\n\t\t\t\t\t<\/div>\n\t\t<\/div>\n\t\t\t\t\t\t\t<\/div>\n\t\t<\/section>\n\t\t\t\t\t\t\t<\/div>\n\t\t","protected":false},"excerpt":{"rendered":"<p>Hor\u00e1rio n.\u00ba 5 Recrutamento de docente do Grupo 550 (Inform\u00e1tica) Procedimento concursal de contrata\u00e7\u00e3o de docente do grupo de recrutamento 550 (Inform\u00e1tica), com exerc\u00edcio de fun\u00e7\u00f5es no Agrupamento de Escolas n\u00ba 2 de Serpa.Hor\u00e1rio anual: 22 horas letivas. Apresenta\u00e7\u00e3o da candidatura: 25 a 30 de agosto de 2022 (plataforma SIGRHE) Aviso de Abertura e Crit\u00e9rios [&hellip;]<\/p>\n","protected":false},"author":5,"featured_media":6344,"parent":1116,"menu_order":0,"comment_status":"closed","ping_status":"closed","template":"","meta":{"footnotes":""},"yoast_head":"<!-- This site is optimized with the Yoast SEO plugin v22.8 - https:\/\/yoast.com\/wordpress\/plugins\/seo\/ -->\n<title>Procedimento Concursal: Hor\u00e1rio n.\u00ba 5 - Agrupamento de Escolas n.\u00ba 2 de Serpa<\/title>\n<meta name=\"description\" content=\"Contrata\u00e7\u00e3o de docente do GR 550 - Inform\u00e1tica. Fun\u00e7\u00f5es no Agrupamento de Escolas n\u00ba 2 de Serpa. Hor\u00e1rio anual: 22 horas letivas.\" \/>\n<meta name=\"robots\" content=\"index, follow, max-snippet:-1, max-image-preview:large, max-video-preview:-1\" \/>\n<link rel=\"canonical\" href=\"https:\/\/www.ae2serpa.pt\/index.php\/concursos-docentes\/procedimento-concursal-horario-n-o-5\/\" \/>\n<meta property=\"og:locale\" content=\"pt_PT\" \/>\n<meta property=\"og:type\" content=\"article\" \/>\n<meta property=\"og:title\" content=\"Procedimento Concursal: Hor\u00e1rio n.\u00ba 5 - Agrupamento de Escolas n.\u00ba 2 de Serpa\" \/>\n<meta property=\"og:description\" content=\"Contrata\u00e7\u00e3o de docente do GR 550 - Inform\u00e1tica. Fun\u00e7\u00f5es no Agrupamento de Escolas n\u00ba 2 de Serpa. Hor\u00e1rio anual: 22 horas letivas.\" \/>\n<meta property=\"og:url\" content=\"https:\/\/www.ae2serpa.pt\/index.php\/concursos-docentes\/procedimento-concursal-horario-n-o-5\/\" \/>\n<meta property=\"og:site_name\" content=\"Agrupamento de Escolas n.\u00ba 2 de Serpa\" \/>\n<meta property=\"article:publisher\" content=\"https:\/\/www.facebook.com\/AE2Serpa\/\" \/>\n<meta property=\"article:modified_time\" content=\"2023-03-12T21:42:42+00:00\" \/>\n<meta property=\"og:image\" content=\"https:\/\/www.ae2serpa.pt\/wp-content\/uploads\/2022\/08\/C_Escola.png\" \/>\n\t<meta property=\"og:image:width\" content=\"378\" \/>\n\t<meta property=\"og:image:height\" content=\"189\" \/>\n\t<meta property=\"og:image:type\" content=\"image\/png\" \/>\n<meta name=\"twitter:card\" content=\"summary_large_image\" \/>\n<meta name=\"twitter:site\" content=\"@ae2serpa\" \/>\n<meta name=\"twitter:label1\" content=\"Tempo estimado de leitura\" \/>\n\t<meta name=\"twitter:data1\" content=\"2 minutos\" \/>\n<script type=\"application\/ld+json\" class=\"yoast-schema-graph\">{\"@context\":\"https:\/\/schema.org\",\"@graph\":[{\"@type\":\"WebPage\",\"@id\":\"https:\/\/www.ae2serpa.pt\/index.php\/concursos-docentes\/procedimento-concursal-horario-n-o-5\/\",\"url\":\"https:\/\/www.ae2serpa.pt\/index.php\/concursos-docentes\/procedimento-concursal-horario-n-o-5\/\",\"name\":\"Procedimento Concursal: Hor\u00e1rio n.\u00ba 5 - Agrupamento de Escolas n.\u00ba 2 de Serpa\",\"isPartOf\":{\"@id\":\"https:\/\/www.ae2serpa.pt\/#website\"},\"primaryImageOfPage\":{\"@id\":\"https:\/\/www.ae2serpa.pt\/index.php\/concursos-docentes\/procedimento-concursal-horario-n-o-5\/#primaryimage\"},\"image\":{\"@id\":\"https:\/\/www.ae2serpa.pt\/index.php\/concursos-docentes\/procedimento-concursal-horario-n-o-5\/#primaryimage\"},\"thumbnailUrl\":\"https:\/\/www.ae2serpa.pt\/wp-content\/uploads\/2022\/08\/C_Escola.png\",\"datePublished\":\"2022-08-25T23:59:19+00:00\",\"dateModified\":\"2023-03-12T21:42:42+00:00\",\"description\":\"Contrata\u00e7\u00e3o de docente do GR 550 - Inform\u00e1tica. Fun\u00e7\u00f5es no Agrupamento de Escolas n\u00ba 2 de Serpa. Hor\u00e1rio anual: 22 horas letivas.\",\"breadcrumb\":{\"@id\":\"https:\/\/www.ae2serpa.pt\/index.php\/concursos-docentes\/procedimento-concursal-horario-n-o-5\/#breadcrumb\"},\"inLanguage\":\"pt-PT\",\"potentialAction\":[{\"@type\":\"ReadAction\",\"target\":[\"https:\/\/www.ae2serpa.pt\/index.php\/concursos-docentes\/procedimento-concursal-horario-n-o-5\/\"]}]},{\"@type\":\"ImageObject\",\"inLanguage\":\"pt-PT\",\"@id\":\"https:\/\/www.ae2serpa.pt\/index.php\/concursos-docentes\/procedimento-concursal-horario-n-o-5\/#primaryimage\",\"url\":\"https:\/\/www.ae2serpa.pt\/wp-content\/uploads\/2022\/08\/C_Escola.png\",\"contentUrl\":\"https:\/\/www.ae2serpa.pt\/wp-content\/uploads\/2022\/08\/C_Escola.png\",\"width\":378,\"height\":189},{\"@type\":\"BreadcrumbList\",\"@id\":\"https:\/\/www.ae2serpa.pt\/index.php\/concursos-docentes\/procedimento-concursal-horario-n-o-5\/#breadcrumb\",\"itemListElement\":[{\"@type\":\"ListItem\",\"position\":1,\"name\":\"In\u00edcio\",\"item\":\"https:\/\/www.ae2serpa.pt\/\"},{\"@type\":\"ListItem\",\"position\":2,\"name\":\"CONCURSOS DOCENTES\",\"item\":\"https:\/\/www.ae2serpa.pt\/index.php\/concursos-docentes\/\"},{\"@type\":\"ListItem\",\"position\":3,\"name\":\"Procedimento Concursal: Hor\u00e1rio n.\u00ba 5\"}]},{\"@type\":\"WebSite\",\"@id\":\"https:\/\/www.ae2serpa.pt\/#website\",\"url\":\"https:\/\/www.ae2serpa.pt\/\",\"name\":\"AGRUPAMENTO DE ESCOLAS N.\u00ba 2 DE SERPA\",\"description\":\"Agrupamento de Escolas n.\u00ba 2 de Serpa\",\"publisher\":{\"@id\":\"https:\/\/www.ae2serpa.pt\/#organization\"},\"potentialAction\":[{\"@type\":\"SearchAction\",\"target\":{\"@type\":\"EntryPoint\",\"urlTemplate\":\"https:\/\/www.ae2serpa.pt\/?s={search_term_string}\"},\"query-input\":\"required name=search_term_string\"}],\"inLanguage\":\"pt-PT\"},{\"@type\":\"Organization\",\"@id\":\"https:\/\/www.ae2serpa.pt\/#organization\",\"name\":\"AGRUMANENTO DE ESOLAS N.\u00ba 2 DE SERPA\",\"url\":\"https:\/\/www.ae2serpa.pt\/\",\"logo\":{\"@type\":\"ImageObject\",\"inLanguage\":\"pt-PT\",\"@id\":\"https:\/\/www.ae2serpa.pt\/#\/schema\/logo\/image\/\",\"url\":\"https:\/\/www.ae2serpa.pt\/wp-content\/uploads\/2021\/07\/AE2Serpa_LogoNovo-e1627067148639.png\",\"contentUrl\":\"https:\/\/www.ae2serpa.pt\/wp-content\/uploads\/2021\/07\/AE2Serpa_LogoNovo-e1627067148639.png\",\"width\":250,\"height\":149,\"caption\":\"AGRUMANENTO DE ESOLAS N.\u00ba 2 DE SERPA\"},\"image\":{\"@id\":\"https:\/\/www.ae2serpa.pt\/#\/schema\/logo\/image\/\"},\"sameAs\":[\"https:\/\/www.facebook.com\/AE2Serpa\/\",\"https:\/\/x.com\/ae2serpa\",\"https:\/\/www.instagram.com\/agresc2serpa\/\"]}]}<\/script>\n<!-- \/ Yoast SEO plugin. -->","yoast_head_json":{"title":"Procedimento Concursal: Hor\u00e1rio n.\u00ba 5 - Agrupamento de Escolas n.\u00ba 2 de Serpa","description":"Contrata\u00e7\u00e3o de docente do GR 550 - Inform\u00e1tica. Fun\u00e7\u00f5es no Agrupamento de Escolas n\u00ba 2 de Serpa. Hor\u00e1rio anual: 22 horas letivas.","robots":{"index":"index","follow":"follow","max-snippet":"max-snippet:-1","max-image-preview":"max-image-preview:large","max-video-preview":"max-video-preview:-1"},"canonical":"https:\/\/www.ae2serpa.pt\/index.php\/concursos-docentes\/procedimento-concursal-horario-n-o-5\/","og_locale":"pt_PT","og_type":"article","og_title":"Procedimento Concursal: Hor\u00e1rio n.\u00ba 5 - Agrupamento de Escolas n.\u00ba 2 de Serpa","og_description":"Contrata\u00e7\u00e3o de docente do GR 550 - Inform\u00e1tica. Fun\u00e7\u00f5es no Agrupamento de Escolas n\u00ba 2 de Serpa. Hor\u00e1rio anual: 22 horas letivas.","og_url":"https:\/\/www.ae2serpa.pt\/index.php\/concursos-docentes\/procedimento-concursal-horario-n-o-5\/","og_site_name":"Agrupamento de Escolas n.\u00ba 2 de Serpa","article_publisher":"https:\/\/www.facebook.com\/AE2Serpa\/","article_modified_time":"2023-03-12T21:42:42+00:00","og_image":[{"width":378,"height":189,"url":"https:\/\/www.ae2serpa.pt\/wp-content\/uploads\/2022\/08\/C_Escola.png","type":"image\/png"}],"twitter_card":"summary_large_image","twitter_site":"@ae2serpa","twitter_misc":{"Tempo estimado de leitura":"2 minutos"},"schema":{"@context":"https:\/\/schema.org","@graph":[{"@type":"WebPage","@id":"https:\/\/www.ae2serpa.pt\/index.php\/concursos-docentes\/procedimento-concursal-horario-n-o-5\/","url":"https:\/\/www.ae2serpa.pt\/index.php\/concursos-docentes\/procedimento-concursal-horario-n-o-5\/","name":"Procedimento Concursal: Hor\u00e1rio n.\u00ba 5 - Agrupamento de Escolas n.\u00ba 2 de Serpa","isPartOf":{"@id":"https:\/\/www.ae2serpa.pt\/#website"},"primaryImageOfPage":{"@id":"https:\/\/www.ae2serpa.pt\/index.php\/concursos-docentes\/procedimento-concursal-horario-n-o-5\/#primaryimage"},"image":{"@id":"https:\/\/www.ae2serpa.pt\/index.php\/concursos-docentes\/procedimento-concursal-horario-n-o-5\/#primaryimage"},"thumbnailUrl":"https:\/\/www.ae2serpa.pt\/wp-content\/uploads\/2022\/08\/C_Escola.png","datePublished":"2022-08-25T23:59:19+00:00","dateModified":"2023-03-12T21:42:42+00:00","description":"Contrata\u00e7\u00e3o de docente do GR 550 - Inform\u00e1tica. Fun\u00e7\u00f5es no Agrupamento de Escolas n\u00ba 2 de Serpa. Hor\u00e1rio anual: 22 horas letivas.","breadcrumb":{"@id":"https:\/\/www.ae2serpa.pt\/index.php\/concursos-docentes\/procedimento-concursal-horario-n-o-5\/#breadcrumb"},"inLanguage":"pt-PT","potentialAction":[{"@type":"ReadAction","target":["https:\/\/www.ae2serpa.pt\/index.php\/concursos-docentes\/procedimento-concursal-horario-n-o-5\/"]}]},{"@type":"ImageObject","inLanguage":"pt-PT","@id":"https:\/\/www.ae2serpa.pt\/index.php\/concursos-docentes\/procedimento-concursal-horario-n-o-5\/#primaryimage","url":"https:\/\/www.ae2serpa.pt\/wp-content\/uploads\/2022\/08\/C_Escola.png","contentUrl":"https:\/\/www.ae2serpa.pt\/wp-content\/uploads\/2022\/08\/C_Escola.png","width":378,"height":189},{"@type":"BreadcrumbList","@id":"https:\/\/www.ae2serpa.pt\/index.php\/concursos-docentes\/procedimento-concursal-horario-n-o-5\/#breadcrumb","itemListElement":[{"@type":"ListItem","position":1,"name":"In\u00edcio","item":"https:\/\/www.ae2serpa.pt\/"},{"@type":"ListItem","position":2,"name":"CONCURSOS DOCENTES","item":"https:\/\/www.ae2serpa.pt\/index.php\/concursos-docentes\/"},{"@type":"ListItem","position":3,"name":"Procedimento Concursal: Hor\u00e1rio n.\u00ba 5"}]},{"@type":"WebSite","@id":"https:\/\/www.ae2serpa.pt\/#website","url":"https:\/\/www.ae2serpa.pt\/","name":"AGRUPAMENTO DE ESCOLAS N.\u00ba 2 DE SERPA","description":"Agrupamento de Escolas n.\u00ba 2 de Serpa","publisher":{"@id":"https:\/\/www.ae2serpa.pt\/#organization"},"potentialAction":[{"@type":"SearchAction","target":{"@type":"EntryPoint","urlTemplate":"https:\/\/www.ae2serpa.pt\/?s={search_term_string}"},"query-input":"required name=search_term_string"}],"inLanguage":"pt-PT"},{"@type":"Organization","@id":"https:\/\/www.ae2serpa.pt\/#organization","name":"AGRUMANENTO DE ESOLAS N.\u00ba 2 DE SERPA","url":"https:\/\/www.ae2serpa.pt\/","logo":{"@type":"ImageObject","inLanguage":"pt-PT","@id":"https:\/\/www.ae2serpa.pt\/#\/schema\/logo\/image\/","url":"https:\/\/www.ae2serpa.pt\/wp-content\/uploads\/2021\/07\/AE2Serpa_LogoNovo-e1627067148639.png","contentUrl":"https:\/\/www.ae2serpa.pt\/wp-content\/uploads\/2021\/07\/AE2Serpa_LogoNovo-e1627067148639.png","width":250,"height":149,"caption":"AGRUMANENTO DE ESOLAS N.\u00ba 2 DE SERPA"},"image":{"@id":"https:\/\/www.ae2serpa.pt\/#\/schema\/logo\/image\/"},"sameAs":["https:\/\/www.facebook.com\/AE2Serpa\/","https:\/\/x.com\/ae2serpa","https:\/\/www.instagram.com\/agresc2serpa\/"]}]}},"_links":{"self":[{"href":"https:\/\/www.ae2serpa.pt\/index.php\/wp-json\/wp\/v2\/pages\/4128"}],"collection":[{"href":"https:\/\/www.ae2serpa.pt\/index.php\/wp-json\/wp\/v2\/pages"}],"about":[{"href":"https:\/\/www.ae2serpa.pt\/index.php\/wp-json\/wp\/v2\/types\/page"}],"author":[{"embeddable":true,"href":"https:\/\/www.ae2serpa.pt\/index.php\/wp-json\/wp\/v2\/users\/5"}],"replies":[{"embeddable":true,"href":"https:\/\/www.ae2serpa.pt\/index.php\/wp-json\/wp\/v2\/comments?post=4128"}],"version-history":[{"count":42,"href":"https:\/\/www.ae2serpa.pt\/index.php\/wp-json\/wp\/v2\/pages\/4128\/revisions"}],"predecessor-version":[{"id":6528,"href":"https:\/\/www.ae2serpa.pt\/index.php\/wp-json\/wp\/v2\/pages\/4128\/revisions\/6528"}],"up":[{"embeddable":true,"href":"https:\/\/www.ae2serpa.pt\/index.php\/wp-json\/wp\/v2\/pages\/1116"}],"wp:featuredmedia":[{"embeddable":true,"href":"https:\/\/www.ae2serpa.pt\/index.php\/wp-json\/wp\/v2\/media\/6344"}],"wp:attachment":[{"href":"https:\/\/www.ae2serpa.pt\/index.php\/wp-json\/wp\/v2\/media?parent=4128"}],"curies":[{"name":"wp","href":"https:\/\/api.w.org\/{rel}","templated":true}]}}