{"id":327,"date":"2021-07-24T00:15:27","date_gmt":"2021-07-24T00:15:27","guid":{"rendered":"https:\/\/www.ae2serpa.pt\/?page_id=327"},"modified":"2021-08-14T11:20:17","modified_gmt":"2021-08-14T10:20:17","slug":"agrupamento-2","status":"publish","type":"page","link":"https:\/\/www.ae2serpa.pt\/index.php\/agrupamento-2\/","title":{"rendered":"AGRUPAMENTO"},"content":{"rendered":"\t\t<div data-elementor-type=\"wp-page\" data-elementor-id=\"327\" class=\"elementor elementor-327\">\n\t\t\t\t\t\t\t\t\t<section class=\"elementor-section elementor-top-section elementor-element elementor-element-b8a2154 elementor-section-boxed elementor-section-height-default elementor-section-height-default\" data-id=\"b8a2154\" data-element_type=\"section\">\n\t\t\t\t\t\t<div class=\"elementor-container elementor-column-gap-default\">\n\t\t\t\t\t<div class=\"elementor-column elementor-col-100 elementor-top-column elementor-element elementor-element-65fdfd5 animated-slow elementor-invisible\" data-id=\"65fdfd5\" data-element_type=\"column\" data-settings=\"{&quot;animation&quot;:&quot;fadeIn&quot;}\">\n\t\t\t<div class=\"elementor-widget-wrap elementor-element-populated\">\n\t\t\t\t\t\t\t\t<div class=\"elementor-element elementor-element-af5000e elementor-widget elementor-widget-image\" data-id=\"af5000e\" data-element_type=\"widget\" data-widget_type=\"image.default\">\n\t\t\t\t<div class=\"elementor-widget-container\">\n\t\t\t\t\t\t\t\t\t\t\t\t\t\t\t<img loading=\"lazy\" decoding=\"async\" width=\"589\" height=\"177\" src=\"https:\/\/www.ae2serpa.pt\/wp-content\/uploads\/2021\/07\/CompAE2Serpa.png\" class=\"attachment-large size-large wp-image-1131\" alt=\"\" srcset=\"https:\/\/www.ae2serpa.pt\/wp-content\/uploads\/2021\/07\/CompAE2Serpa.png 589w, https:\/\/www.ae2serpa.pt\/wp-content\/uploads\/2021\/07\/CompAE2Serpa-300x90.png 300w\" sizes=\"(max-width: 589px) 100vw, 589px\" \/>\t\t\t\t\t\t\t\t\t\t\t\t\t\t\t<\/div>\n\t\t\t\t<\/div>\n\t\t\t\t\t<\/div>\n\t\t<\/div>\n\t\t\t\t\t\t\t<\/div>\n\t\t<\/section>\n\t\t\t\t<section class=\"elementor-section elementor-top-section elementor-element elementor-element-045add3 elementor-section-boxed elementor-section-height-default elementor-section-height-default\" data-id=\"045add3\" data-element_type=\"section\">\n\t\t\t\t\t\t<div class=\"elementor-container elementor-column-gap-default\">\n\t\t\t\t\t<div class=\"elementor-column elementor-col-100 elementor-top-column elementor-element elementor-element-f3c7406\" data-id=\"f3c7406\" data-element_type=\"column\">\n\t\t\t<div class=\"elementor-widget-wrap elementor-element-populated\">\n\t\t\t\t\t\t\t\t<div class=\"elementor-element elementor-element-19b227f elementor-align-center elementor-widget elementor-widget-button\" data-id=\"19b227f\" data-element_type=\"widget\" data-widget_type=\"button.default\">\n\t\t\t\t<div class=\"elementor-widget-container\">\n\t\t\t\t\t<div class=\"elementor-button-wrapper\">\n\t\t\t<a class=\"elementor-button elementor-button-link elementor-size-sm\" href=\"https:\/\/www.ae2serpa.pt\/index.php\/quem-somos\/\">\n\t\t\t\t\t\t<span class=\"elementor-button-content-wrapper\">\n\t\t\t\t\t\t<span class=\"elementor-button-text\">QUEM SOMOS?<\/span>\n\t\t<\/span>\n\t\t\t\t\t<\/a>\n\t\t<\/div>\n\t\t\t\t<\/div>\n\t\t\t\t<\/div>\n\t\t\t\t\t<\/div>\n\t\t<\/div>\n\t\t\t\t\t\t\t<\/div>\n\t\t<\/section>\n\t\t\t\t<section class=\"elementor-section elementor-top-section elementor-element elementor-element-6cb6792 elementor-section-boxed elementor-section-height-default elementor-section-height-default\" data-id=\"6cb6792\" data-element_type=\"section\">\n\t\t\t\t\t\t<div class=\"elementor-container elementor-column-gap-default\">\n\t\t\t\t\t<div class=\"elementor-column elementor-col-100 elementor-top-column elementor-element elementor-element-de211b5\" data-id=\"de211b5\" data-element_type=\"column\">\n\t\t\t<div class=\"elementor-widget-wrap elementor-element-populated\">\n\t\t\t\t\t\t\t\t<div class=\"elementor-element elementor-element-42fc111 elementor-align-center elementor-widget elementor-widget-button\" data-id=\"42fc111\" data-element_type=\"widget\" data-widget_type=\"button.default\">\n\t\t\t\t<div class=\"elementor-widget-container\">\n\t\t\t\t\t<div class=\"elementor-button-wrapper\">\n\t\t\t<a class=\"elementor-button elementor-button-link elementor-size-sm\" href=\"https:\/\/www.ae2serpa.pt\/index.php\/documentos-orientadores\/\">\n\t\t\t\t\t\t<span class=\"elementor-button-content-wrapper\">\n\t\t\t\t\t\t<span class=\"elementor-button-text\">DOCUMENTOS ORIENTADORES<\/span>\n\t\t<\/span>\n\t\t\t\t\t<\/a>\n\t\t<\/div>\n\t\t\t\t<\/div>\n\t\t\t\t<\/div>\n\t\t\t\t\t<\/div>\n\t\t<\/div>\n\t\t\t\t\t\t\t<\/div>\n\t\t<\/section>\n\t\t\t\t<section class=\"elementor-section elementor-top-section elementor-element elementor-element-f914e15 elementor-section-boxed elementor-section-height-default elementor-section-height-default\" data-id=\"f914e15\" data-element_type=\"section\">\n\t\t\t\t\t\t<div class=\"elementor-container elementor-column-gap-default\">\n\t\t\t\t\t<div class=\"elementor-column elementor-col-100 elementor-top-column elementor-element elementor-element-43f1a70\" data-id=\"43f1a70\" data-element_type=\"column\">\n\t\t\t<div class=\"elementor-widget-wrap elementor-element-populated\">\n\t\t\t\t\t\t\t\t<div class=\"elementor-element elementor-element-d1439d9 elementor-align-center elementor-widget elementor-widget-button\" data-id=\"d1439d9\" data-element_type=\"widget\" data-widget_type=\"button.default\">\n\t\t\t\t<div class=\"elementor-widget-container\">\n\t\t\t\t\t<div class=\"elementor-button-wrapper\">\n\t\t\t<a class=\"elementor-button elementor-button-link elementor-size-sm\" href=\"https:\/\/www.ae2serpa.pt\/index.php\/orgaos-de-gestao-2\/\">\n\t\t\t\t\t\t<span class=\"elementor-button-content-wrapper\">\n\t\t\t\t\t\t<span class=\"elementor-button-text\">\u00d3RG\u00c3OS DE GEST\u00c3O<\/span>\n\t\t<\/span>\n\t\t\t\t\t<\/a>\n\t\t<\/div>\n\t\t\t\t<\/div>\n\t\t\t\t<\/div>\n\t\t\t\t\t<\/div>\n\t\t<\/div>\n\t\t\t\t\t\t\t<\/div>\n\t\t<\/section>\n\t\t\t\t<section class=\"elementor-section elementor-top-section elementor-element elementor-element-9bfa47b elementor-section-boxed elementor-section-height-default elementor-section-height-default\" data-id=\"9bfa47b\" data-element_type=\"section\">\n\t\t\t\t\t\t<div class=\"elementor-container elementor-column-gap-default\">\n\t\t\t\t\t<div class=\"elementor-column elementor-col-100 elementor-top-column elementor-element elementor-element-4cf14c0\" data-id=\"4cf14c0\" data-element_type=\"column\">\n\t\t\t<div class=\"elementor-widget-wrap elementor-element-populated\">\n\t\t\t\t\t\t\t\t<div class=\"elementor-element elementor-element-abca38f elementor-align-center elementor-widget elementor-widget-button\" data-id=\"abca38f\" data-element_type=\"widget\" data-widget_type=\"button.default\">\n\t\t\t\t<div class=\"elementor-widget-container\">\n\t\t\t\t\t<div class=\"elementor-button-wrapper\">\n\t\t\t<a class=\"elementor-button elementor-button-link elementor-size-sm\" href=\"https:\/\/www.ae2serpa.pt\/index.php\/estruturas\/\">\n\t\t\t\t\t\t<span class=\"elementor-button-content-wrapper\">\n\t\t\t\t\t\t<span class=\"elementor-button-text\">ESTRUTURAS INTERM\u00c9DIAS<\/span>\n\t\t<\/span>\n\t\t\t\t\t<\/a>\n\t\t<\/div>\n\t\t\t\t<\/div>\n\t\t\t\t<\/div>\n\t\t\t\t\t<\/div>\n\t\t<\/div>\n\t\t\t\t\t\t\t<\/div>\n\t\t<\/section>\n\t\t\t\t<section class=\"elementor-section elementor-top-section elementor-element elementor-element-cad1233 elementor-section-boxed elementor-section-height-default elementor-section-height-default\" data-id=\"cad1233\" data-element_type=\"section\">\n\t\t\t\t\t\t<div class=\"elementor-container elementor-column-gap-default\">\n\t\t\t\t\t<div class=\"elementor-column elementor-col-100 elementor-top-column elementor-element elementor-element-08ba670\" data-id=\"08ba670\" data-element_type=\"column\">\n\t\t\t<div class=\"elementor-widget-wrap elementor-element-populated\">\n\t\t\t\t\t\t\t\t<div class=\"elementor-element elementor-element-3d0dd0b elementor-align-center elementor-widget elementor-widget-button\" data-id=\"3d0dd0b\" data-element_type=\"widget\" data-widget_type=\"button.default\">\n\t\t\t\t<div class=\"elementor-widget-container\">\n\t\t\t\t\t<div class=\"elementor-button-wrapper\">\n\t\t\t<a class=\"elementor-button elementor-button-link elementor-size-sm\" href=\"https:\/\/www.ae2serpa.pt\/index.php\/escolas\/\">\n\t\t\t\t\t\t<span class=\"elementor-button-content-wrapper\">\n\t\t\t\t\t\t<span class=\"elementor-button-text\">ESCOLAS<\/span>\n\t\t<\/span>\n\t\t\t\t\t<\/a>\n\t\t<\/div>\n\t\t\t\t<\/div>\n\t\t\t\t<\/div>\n\t\t\t\t\t<\/div>\n\t\t<\/div>\n\t\t\t\t\t\t\t<\/div>\n\t\t<\/section>\n\t\t\t\t<section class=\"elementor-section elementor-top-section elementor-element elementor-element-69bba8b elementor-section-boxed elementor-section-height-default elementor-section-height-default\" data-id=\"69bba8b\" data-element_type=\"section\">\n\t\t\t\t\t\t<div class=\"elementor-container elementor-column-gap-default\">\n\t\t\t\t\t<div class=\"elementor-column elementor-col-100 elementor-top-column elementor-element elementor-element-6b6a895\" data-id=\"6b6a895\" data-element_type=\"column\">\n\t\t\t<div class=\"elementor-widget-wrap elementor-element-populated\">\n\t\t\t\t\t\t\t\t<div class=\"elementor-element elementor-element-d507d2c elementor-align-center elementor-widget elementor-widget-button\" data-id=\"d507d2c\" data-element_type=\"widget\" data-widget_type=\"button.default\">\n\t\t\t\t<div class=\"elementor-widget-container\">\n\t\t\t\t\t<div class=\"elementor-button-wrapper\">\n\t\t\t<a class=\"elementor-button elementor-button-link elementor-size-sm\" href=\"https:\/\/www.ae2serpa.pt\/index.php\/bibliotecas-escolares\/\">\n\t\t\t\t\t\t<span class=\"elementor-button-content-wrapper\">\n\t\t\t\t\t\t<span class=\"elementor-button-text\">BIBLIOTECAS ESCOLARES<\/span>\n\t\t<\/span>\n\t\t\t\t\t<\/a>\n\t\t<\/div>\n\t\t\t\t<\/div>\n\t\t\t\t<\/div>\n\t\t\t\t\t<\/div>\n\t\t<\/div>\n\t\t\t\t\t\t\t<\/div>\n\t\t<\/section>\n\t\t\t\t<section class=\"elementor-section elementor-top-section elementor-element elementor-element-3ab9143 elementor-section-boxed elementor-section-height-default elementor-section-height-default\" data-id=\"3ab9143\" data-element_type=\"section\">\n\t\t\t\t\t\t<div class=\"elementor-container elementor-column-gap-default\">\n\t\t\t\t\t<div class=\"elementor-column elementor-col-100 elementor-top-column elementor-element elementor-element-e4d133b\" data-id=\"e4d133b\" data-element_type=\"column\">\n\t\t\t<div class=\"elementor-widget-wrap elementor-element-populated\">\n\t\t\t\t\t\t\t\t<div class=\"elementor-element elementor-element-d2ff5fc elementor-align-center elementor-widget elementor-widget-button\" data-id=\"d2ff5fc\" data-element_type=\"widget\" data-widget_type=\"button.default\">\n\t\t\t\t<div class=\"elementor-widget-container\">\n\t\t\t\t\t<div class=\"elementor-button-wrapper\">\n\t\t\t<a class=\"elementor-button elementor-button-link elementor-size-sm\" href=\"https:\/\/www.ae2serpa.pt\/index.php\/parcerias-e-protocolos\/\">\n\t\t\t\t\t\t<span class=\"elementor-button-content-wrapper\">\n\t\t\t\t\t\t<span class=\"elementor-button-text\">PARCERIAS  E PROTOCOLOS<\/span>\n\t\t<\/span>\n\t\t\t\t\t<\/a>\n\t\t<\/div>\n\t\t\t\t<\/div>\n\t\t\t\t<\/div>\n\t\t\t\t\t<\/div>\n\t\t<\/div>\n\t\t\t\t\t\t\t<\/div>\n\t\t<\/section>\n\t\t\t\t<section class=\"elementor-section elementor-top-section elementor-element elementor-element-b2cbd96 elementor-section-boxed elementor-section-height-default elementor-section-height-default\" data-id=\"b2cbd96\" data-element_type=\"section\">\n\t\t\t\t\t\t<div class=\"elementor-container elementor-column-gap-default\">\n\t\t\t\t\t<div class=\"elementor-column elementor-col-100 elementor-top-column elementor-element elementor-element-dff8e8b\" data-id=\"dff8e8b\" data-element_type=\"column\">\n\t\t\t<div class=\"elementor-widget-wrap elementor-element-populated\">\n\t\t\t\t\t\t\t\t<div class=\"elementor-element elementor-element-74dd1e3 elementor-align-center elementor-widget elementor-widget-button\" data-id=\"74dd1e3\" data-element_type=\"widget\" data-widget_type=\"button.default\">\n\t\t\t\t<div class=\"elementor-widget-container\">\n\t\t\t\t\t<div class=\"elementor-button-wrapper\">\n\t\t\t<a class=\"elementor-button elementor-button-link elementor-size-sm\" href=\"https:\/\/www.ae2serpa.pt\/index.php\/praca-da-historia-galerias\/\">\n\t\t\t\t\t\t<span class=\"elementor-button-content-wrapper\">\n\t\t\t\t\t\t<span class=\"elementor-button-text\">PRA\u00c7A DA HIST\u00d3RIA  | GALERIAS<\/span>\n\t\t<\/span>\n\t\t\t\t\t<\/a>\n\t\t<\/div>\n\t\t\t\t<\/div>\n\t\t\t\t<\/div>\n\t\t\t\t\t<\/div>\n\t\t<\/div>\n\t\t\t\t\t\t\t<\/div>\n\t\t<\/section>\n\t\t\t\t<section class=\"elementor-section elementor-top-section elementor-element elementor-element-d4392bb elementor-section-boxed elementor-section-height-default elementor-section-height-default\" data-id=\"d4392bb\" data-element_type=\"section\">\n\t\t\t\t\t\t<div class=\"elementor-container elementor-column-gap-default\">\n\t\t\t\t\t<div class=\"elementor-column elementor-col-100 elementor-top-column elementor-element elementor-element-e1d5709\" data-id=\"e1d5709\" data-element_type=\"column\">\n\t\t\t<div class=\"elementor-widget-wrap elementor-element-populated\">\n\t\t\t\t\t\t\t\t<div class=\"elementor-element elementor-element-3cf0281 elementor-align-center elementor-widget elementor-widget-button\" data-id=\"3cf0281\" data-element_type=\"widget\" data-widget_type=\"button.default\">\n\t\t\t\t<div class=\"elementor-widget-container\">\n\t\t\t\t\t<div class=\"elementor-button-wrapper\">\n\t\t\t<a class=\"elementor-button elementor-button-link elementor-size-sm\" href=\"https:\/\/www.ae2serpa.pt\/index.php\/covid-19\/\">\n\t\t\t\t\t\t<span class=\"elementor-button-content-wrapper\">\n\t\t\t\t\t\t<span class=\"elementor-button-text\">COVID-19<\/span>\n\t\t<\/span>\n\t\t\t\t\t<\/a>\n\t\t<\/div>\n\t\t\t\t<\/div>\n\t\t\t\t<\/div>\n\t\t\t\t\t<\/div>\n\t\t<\/div>\n\t\t\t\t\t\t\t<\/div>\n\t\t<\/section>\n\t\t\t\t\t\t\t<\/div>\n\t\t","protected":false},"excerpt":{"rendered":"<p>QUEM SOMOS? DOCUMENTOS ORIENTADORES \u00d3RG\u00c3OS DE GEST\u00c3O ESTRUTURAS INTERM\u00c9DIAS ESCOLAS BIBLIOTECAS ESCOLARES PARCERIAS E PROTOCOLOS PRA\u00c7A DA HIST\u00d3RIA | GALERIAS COVID-19<\/p>\n","protected":false},"author":4,"featured_media":0,"parent":0,"menu_order":0,"comment_status":"closed","ping_status":"closed","template":"","meta":{"footnotes":""},"yoast_head":"<!-- This site is optimized with the Yoast SEO plugin v22.8 - https:\/\/yoast.com\/wordpress\/plugins\/seo\/ -->\n<title>AGRUPAMENTO - Agrupamento de Escolas n.\u00ba 2 de Serpa<\/title>\n<meta name=\"robots\" content=\"index, follow, max-snippet:-1, max-image-preview:large, max-video-preview:-1\" \/>\n<link rel=\"canonical\" href=\"https:\/\/www.ae2serpa.pt\/index.php\/agrupamento-2\/\" \/>\n<meta property=\"og:locale\" content=\"pt_PT\" \/>\n<meta property=\"og:type\" content=\"article\" \/>\n<meta property=\"og:title\" content=\"AGRUPAMENTO - Agrupamento de Escolas n.\u00ba 2 de Serpa\" \/>\n<meta property=\"og:description\" content=\"QUEM SOMOS? DOCUMENTOS ORIENTADORES \u00d3RG\u00c3OS DE GEST\u00c3O ESTRUTURAS INTERM\u00c9DIAS ESCOLAS BIBLIOTECAS ESCOLARES PARCERIAS E PROTOCOLOS PRA\u00c7A DA HIST\u00d3RIA | GALERIAS COVID-19\" \/>\n<meta property=\"og:url\" content=\"https:\/\/www.ae2serpa.pt\/index.php\/agrupamento-2\/\" \/>\n<meta property=\"og:site_name\" content=\"Agrupamento de Escolas n.\u00ba 2 de Serpa\" \/>\n<meta property=\"article:publisher\" content=\"https:\/\/www.facebook.com\/AE2Serpa\/\" \/>\n<meta property=\"article:modified_time\" content=\"2021-08-14T10:20:17+00:00\" \/>\n<meta property=\"og:image\" content=\"https:\/\/www.ae2serpa.pt\/wp-content\/uploads\/2021\/07\/CompAE2Serpa.png\" \/>\n<meta name=\"twitter:card\" content=\"summary_large_image\" \/>\n<meta name=\"twitter:site\" content=\"@ae2serpa\" \/>\n<meta name=\"twitter:label1\" content=\"Tempo estimado de leitura\" \/>\n\t<meta name=\"twitter:data1\" content=\"1 minuto\" \/>\n<script type=\"application\/ld+json\" class=\"yoast-schema-graph\">{\"@context\":\"https:\/\/schema.org\",\"@graph\":[{\"@type\":\"WebPage\",\"@id\":\"https:\/\/www.ae2serpa.pt\/index.php\/agrupamento-2\/\",\"url\":\"https:\/\/www.ae2serpa.pt\/index.php\/agrupamento-2\/\",\"name\":\"AGRUPAMENTO - Agrupamento de Escolas n.\u00ba 2 de Serpa\",\"isPartOf\":{\"@id\":\"https:\/\/www.ae2serpa.pt\/#website\"},\"primaryImageOfPage\":{\"@id\":\"https:\/\/www.ae2serpa.pt\/index.php\/agrupamento-2\/#primaryimage\"},\"image\":{\"@id\":\"https:\/\/www.ae2serpa.pt\/index.php\/agrupamento-2\/#primaryimage\"},\"thumbnailUrl\":\"https:\/\/www.ae2serpa.pt\/wp-content\/uploads\/2021\/07\/CompAE2Serpa.png\",\"datePublished\":\"2021-07-24T00:15:27+00:00\",\"dateModified\":\"2021-08-14T10:20:17+00:00\",\"breadcrumb\":{\"@id\":\"https:\/\/www.ae2serpa.pt\/index.php\/agrupamento-2\/#breadcrumb\"},\"inLanguage\":\"pt-PT\",\"potentialAction\":[{\"@type\":\"ReadAction\",\"target\":[\"https:\/\/www.ae2serpa.pt\/index.php\/agrupamento-2\/\"]}]},{\"@type\":\"ImageObject\",\"inLanguage\":\"pt-PT\",\"@id\":\"https:\/\/www.ae2serpa.pt\/index.php\/agrupamento-2\/#primaryimage\",\"url\":\"https:\/\/www.ae2serpa.pt\/wp-content\/uploads\/2021\/07\/CompAE2Serpa.png\",\"contentUrl\":\"https:\/\/www.ae2serpa.pt\/wp-content\/uploads\/2021\/07\/CompAE2Serpa.png\",\"width\":589,\"height\":177},{\"@type\":\"BreadcrumbList\",\"@id\":\"https:\/\/www.ae2serpa.pt\/index.php\/agrupamento-2\/#breadcrumb\",\"itemListElement\":[{\"@type\":\"ListItem\",\"position\":1,\"name\":\"In\u00edcio\",\"item\":\"https:\/\/www.ae2serpa.pt\/\"},{\"@type\":\"ListItem\",\"position\":2,\"name\":\"AGRUPAMENTO\"}]},{\"@type\":\"WebSite\",\"@id\":\"https:\/\/www.ae2serpa.pt\/#website\",\"url\":\"https:\/\/www.ae2serpa.pt\/\",\"name\":\"AGRUPAMENTO DE ESCOLAS N.\u00ba 2 DE SERPA\",\"description\":\"Agrupamento de Escolas n.\u00ba 2 de Serpa\",\"publisher\":{\"@id\":\"https:\/\/www.ae2serpa.pt\/#organization\"},\"potentialAction\":[{\"@type\":\"SearchAction\",\"target\":{\"@type\":\"EntryPoint\",\"urlTemplate\":\"https:\/\/www.ae2serpa.pt\/?s={search_term_string}\"},\"query-input\":\"required name=search_term_string\"}],\"inLanguage\":\"pt-PT\"},{\"@type\":\"Organization\",\"@id\":\"https:\/\/www.ae2serpa.pt\/#organization\",\"name\":\"AGRUMANENTO DE ESOLAS N.\u00ba 2 DE SERPA\",\"url\":\"https:\/\/www.ae2serpa.pt\/\",\"logo\":{\"@type\":\"ImageObject\",\"inLanguage\":\"pt-PT\",\"@id\":\"https:\/\/www.ae2serpa.pt\/#\/schema\/logo\/image\/\",\"url\":\"https:\/\/www.ae2serpa.pt\/wp-content\/uploads\/2021\/07\/AE2Serpa_LogoNovo-e1627067148639.png\",\"contentUrl\":\"https:\/\/www.ae2serpa.pt\/wp-content\/uploads\/2021\/07\/AE2Serpa_LogoNovo-e1627067148639.png\",\"width\":250,\"height\":149,\"caption\":\"AGRUMANENTO DE ESOLAS N.\u00ba 2 DE SERPA\"},\"image\":{\"@id\":\"https:\/\/www.ae2serpa.pt\/#\/schema\/logo\/image\/\"},\"sameAs\":[\"https:\/\/www.facebook.com\/AE2Serpa\/\",\"https:\/\/x.com\/ae2serpa\",\"https:\/\/www.instagram.com\/agresc2serpa\/\"]}]}<\/script>\n<!-- \/ Yoast SEO plugin. -->","yoast_head_json":{"title":"AGRUPAMENTO - Agrupamento de Escolas n.\u00ba 2 de Serpa","robots":{"index":"index","follow":"follow","max-snippet":"max-snippet:-1","max-image-preview":"max-image-preview:large","max-video-preview":"max-video-preview:-1"},"canonical":"https:\/\/www.ae2serpa.pt\/index.php\/agrupamento-2\/","og_locale":"pt_PT","og_type":"article","og_title":"AGRUPAMENTO - Agrupamento de Escolas n.\u00ba 2 de Serpa","og_description":"QUEM SOMOS? DOCUMENTOS ORIENTADORES \u00d3RG\u00c3OS DE GEST\u00c3O ESTRUTURAS INTERM\u00c9DIAS ESCOLAS BIBLIOTECAS ESCOLARES PARCERIAS E PROTOCOLOS PRA\u00c7A DA HIST\u00d3RIA | GALERIAS COVID-19","og_url":"https:\/\/www.ae2serpa.pt\/index.php\/agrupamento-2\/","og_site_name":"Agrupamento de Escolas n.\u00ba 2 de Serpa","article_publisher":"https:\/\/www.facebook.com\/AE2Serpa\/","article_modified_time":"2021-08-14T10:20:17+00:00","og_image":[{"url":"https:\/\/www.ae2serpa.pt\/wp-content\/uploads\/2021\/07\/CompAE2Serpa.png"}],"twitter_card":"summary_large_image","twitter_site":"@ae2serpa","twitter_misc":{"Tempo estimado de leitura":"1 minuto"},"schema":{"@context":"https:\/\/schema.org","@graph":[{"@type":"WebPage","@id":"https:\/\/www.ae2serpa.pt\/index.php\/agrupamento-2\/","url":"https:\/\/www.ae2serpa.pt\/index.php\/agrupamento-2\/","name":"AGRUPAMENTO - Agrupamento de Escolas n.\u00ba 2 de Serpa","isPartOf":{"@id":"https:\/\/www.ae2serpa.pt\/#website"},"primaryImageOfPage":{"@id":"https:\/\/www.ae2serpa.pt\/index.php\/agrupamento-2\/#primaryimage"},"image":{"@id":"https:\/\/www.ae2serpa.pt\/index.php\/agrupamento-2\/#primaryimage"},"thumbnailUrl":"https:\/\/www.ae2serpa.pt\/wp-content\/uploads\/2021\/07\/CompAE2Serpa.png","datePublished":"2021-07-24T00:15:27+00:00","dateModified":"2021-08-14T10:20:17+00:00","breadcrumb":{"@id":"https:\/\/www.ae2serpa.pt\/index.php\/agrupamento-2\/#breadcrumb"},"inLanguage":"pt-PT","potentialAction":[{"@type":"ReadAction","target":["https:\/\/www.ae2serpa.pt\/index.php\/agrupamento-2\/"]}]},{"@type":"ImageObject","inLanguage":"pt-PT","@id":"https:\/\/www.ae2serpa.pt\/index.php\/agrupamento-2\/#primaryimage","url":"https:\/\/www.ae2serpa.pt\/wp-content\/uploads\/2021\/07\/CompAE2Serpa.png","contentUrl":"https:\/\/www.ae2serpa.pt\/wp-content\/uploads\/2021\/07\/CompAE2Serpa.png","width":589,"height":177},{"@type":"BreadcrumbList","@id":"https:\/\/www.ae2serpa.pt\/index.php\/agrupamento-2\/#breadcrumb","itemListElement":[{"@type":"ListItem","position":1,"name":"In\u00edcio","item":"https:\/\/www.ae2serpa.pt\/"},{"@type":"ListItem","position":2,"name":"AGRUPAMENTO"}]},{"@type":"WebSite","@id":"https:\/\/www.ae2serpa.pt\/#website","url":"https:\/\/www.ae2serpa.pt\/","name":"AGRUPAMENTO DE ESCOLAS N.\u00ba 2 DE SERPA","description":"Agrupamento de Escolas n.\u00ba 2 de Serpa","publisher":{"@id":"https:\/\/www.ae2serpa.pt\/#organization"},"potentialAction":[{"@type":"SearchAction","target":{"@type":"EntryPoint","urlTemplate":"https:\/\/www.ae2serpa.pt\/?s={search_term_string}"},"query-input":"required name=search_term_string"}],"inLanguage":"pt-PT"},{"@type":"Organization","@id":"https:\/\/www.ae2serpa.pt\/#organization","name":"AGRUMANENTO DE ESOLAS N.\u00ba 2 DE SERPA","url":"https:\/\/www.ae2serpa.pt\/","logo":{"@type":"ImageObject","inLanguage":"pt-PT","@id":"https:\/\/www.ae2serpa.pt\/#\/schema\/logo\/image\/","url":"https:\/\/www.ae2serpa.pt\/wp-content\/uploads\/2021\/07\/AE2Serpa_LogoNovo-e1627067148639.png","contentUrl":"https:\/\/www.ae2serpa.pt\/wp-content\/uploads\/2021\/07\/AE2Serpa_LogoNovo-e1627067148639.png","width":250,"height":149,"caption":"AGRUMANENTO DE ESOLAS N.\u00ba 2 DE SERPA"},"image":{"@id":"https:\/\/www.ae2serpa.pt\/#\/schema\/logo\/image\/"},"sameAs":["https:\/\/www.facebook.com\/AE2Serpa\/","https:\/\/x.com\/ae2serpa","https:\/\/www.instagram.com\/agresc2serpa\/"]}]}},"_links":{"self":[{"href":"https:\/\/www.ae2serpa.pt\/index.php\/wp-json\/wp\/v2\/pages\/327"}],"collection":[{"href":"https:\/\/www.ae2serpa.pt\/index.php\/wp-json\/wp\/v2\/pages"}],"about":[{"href":"https:\/\/www.ae2serpa.pt\/index.php\/wp-json\/wp\/v2\/types\/page"}],"author":[{"embeddable":true,"href":"https:\/\/www.ae2serpa.pt\/index.php\/wp-json\/wp\/v2\/users\/4"}],"replies":[{"embeddable":true,"href":"https:\/\/www.ae2serpa.pt\/index.php\/wp-json\/wp\/v2\/comments?post=327"}],"version-history":[{"count":25,"href":"https:\/\/www.ae2serpa.pt\/index.php\/wp-json\/wp\/v2\/pages\/327\/revisions"}],"predecessor-version":[{"id":3606,"href":"https:\/\/www.ae2serpa.pt\/index.php\/wp-json\/wp\/v2\/pages\/327\/revisions\/3606"}],"wp:attachment":[{"href":"https:\/\/www.ae2serpa.pt\/index.php\/wp-json\/wp\/v2\/media?parent=327"}],"curies":[{"name":"wp","href":"https:\/\/api.w.org\/{rel}","templated":true}]}}