{"id":2558,"date":"2021-08-07T14:58:48","date_gmt":"2021-08-07T13:58:48","guid":{"rendered":"https:\/\/www.ae2serpa.pt\/?page_id=2558"},"modified":"2024-05-16T14:19:55","modified_gmt":"2024-05-16T14:19:55","slug":"parcerias-e-protocolos","status":"publish","type":"page","link":"https:\/\/www.ae2serpa.pt\/index.php\/parcerias-e-protocolos\/","title":{"rendered":"PARCERIAS E PROTOCOLOS"},"content":{"rendered":"\t\t<div data-elementor-type=\"wp-page\" data-elementor-id=\"2558\" class=\"elementor elementor-2558\">\n\t\t\t\t\t\t\t\t\t<section class=\"elementor-section elementor-top-section elementor-element elementor-element-125ef6d elementor-section-boxed elementor-section-height-default elementor-section-height-default\" data-id=\"125ef6d\" data-element_type=\"section\">\n\t\t\t\t\t\t<div class=\"elementor-container elementor-column-gap-default\">\n\t\t\t\t\t<div class=\"elementor-column elementor-col-100 elementor-top-column elementor-element elementor-element-b06fc7a\" data-id=\"b06fc7a\" data-element_type=\"column\">\n\t\t\t<div class=\"elementor-widget-wrap elementor-element-populated\">\n\t\t\t\t\t\t\t\t<div class=\"elementor-element elementor-element-421fc5c elementor-widget elementor-widget-heading\" data-id=\"421fc5c\" data-element_type=\"widget\" data-widget_type=\"heading.default\">\n\t\t\t\t<div class=\"elementor-widget-container\">\n\t\t\t<h2 class=\"elementor-heading-title elementor-size-default\">PARCERIAS E PROTOCOLOS<\/h2>\t\t<\/div>\n\t\t\t\t<\/div>\n\t\t\t\t\t<\/div>\n\t\t<\/div>\n\t\t\t\t\t\t\t<\/div>\n\t\t<\/section>\n\t\t\t\t<section class=\"elementor-section elementor-top-section elementor-element elementor-element-c38a1b9 elementor-section-boxed elementor-section-height-default elementor-section-height-default\" data-id=\"c38a1b9\" data-element_type=\"section\">\n\t\t\t\t\t\t<div class=\"elementor-container elementor-column-gap-default\">\n\t\t\t\t\t<div class=\"elementor-column elementor-col-100 elementor-top-column elementor-element elementor-element-ceb7a4e\" data-id=\"ceb7a4e\" data-element_type=\"column\">\n\t\t\t<div class=\"elementor-widget-wrap elementor-element-populated\">\n\t\t\t\t\t\t\t\t<div class=\"elementor-element elementor-element-a20d775 elementor-widget elementor-widget-text-editor\" data-id=\"a20d775\" data-element_type=\"widget\" data-widget_type=\"text-editor.default\">\n\t\t\t\t<div class=\"elementor-widget-container\">\n\t\t\t\t\t\t\t<p>Nesta p\u00e1gina, apresentamos os nossos parceiros estrat\u00e9gicos, com os quais colaboramos no desenvolvimento de atividades e a\u00e7\u00f5es, tendo em vista o nosso desenvolvimento organizacional e o cumprimento dos objetivos do nosso Projeto Educativo.<\/p><p>Tamb\u00e9m, e paralelamente, damos a conhecer os aspetos principais dos protocolos que suportam a nossa a\u00e7\u00e3o articulada e colaborativa, tendo como fim \u00faltimo o desenvolvimento das aprendizagens e compet\u00eancias dos nossos alunos, e o desenvolvimento estrat\u00e9gico do nosso agrupamento.<\/p>\t\t\t\t\t\t<\/div>\n\t\t\t\t<\/div>\n\t\t\t\t\t<\/div>\n\t\t<\/div>\n\t\t\t\t\t\t\t<\/div>\n\t\t<\/section>\n\t\t\t\t<section class=\"elementor-section elementor-top-section elementor-element elementor-element-93dee11 elementor-section-boxed elementor-section-height-default elementor-section-height-default\" data-id=\"93dee11\" data-element_type=\"section\">\n\t\t\t\t\t\t<div class=\"elementor-container elementor-column-gap-default\">\n\t\t\t\t\t<div class=\"elementor-column elementor-col-100 elementor-top-column elementor-element elementor-element-1a80353\" data-id=\"1a80353\" data-element_type=\"column\">\n\t\t\t<div class=\"elementor-widget-wrap elementor-element-populated\">\n\t\t\t\t\t\t\t\t<div class=\"elementor-element elementor-element-2f5c314 elementor-widget elementor-widget-text-editor\" data-id=\"2f5c314\" data-element_type=\"widget\" data-widget_type=\"text-editor.default\">\n\t\t\t\t<div class=\"elementor-widget-container\">\n\t\t\t\t\t\t\t<ul><li><span style=\"color: #800000;\">Programas de Voluntariado<\/span><\/li><li><span style=\"color: #800000;\">Academia S\u00e9nior de Serpa<\/span><\/li><li><span style=\"color: #800000;\">Musib\u00e9ria \/ Cultb\u00e9ria<\/span><\/li><li><span style=\"color: #800000;\">BAAL17<\/span><\/li><li><span style=\"color: #800000;\">Associa\u00e7\u00e3o \u201cOs Filhos de Lumi\u00e8re\u201d<\/span><\/li><li><span style=\"color: #800000;\">Instituto Polit\u00e9cnico de Beja (IPBeja)<\/span><\/li><li><span style=\"color: #800000;\">Empresa de Desenvolvimento e Infraestruturas de Alqueva (EDIA)<\/span><\/li><li><span style=\"color: #800000;\">Centro de Forma\u00e7\u00e3o da Associa\u00e7\u00e3o de Escolas <i>Margens do Guadiana<\/i> (CFAE)<\/span><\/li><li><span style=\"color: #800000;\">Comunidade Intermunicipal do Baixo Alentejo (CIMBAL)<\/span><\/li><li><span style=\"color: #800000;\">EPIS (Empres\u00e1rios Pela Inclus\u00e3o Social) | AGROVETE<\/span><\/li><li><span style=\"color: #800000;\"><i>Europe Direct<\/i> do Baixo Alentejo<\/span><\/li><li><span style=\"color: #800000;\">AMEG, Associa\u00e7\u00e3o Margem Esquerda do Guadiana<\/span><\/li><li><span style=\"color: #800000;\">Parque Natural do Vale do Guadiana<\/span><\/li><li><span style=\"color: #800000;\">Instituto de Conserva\u00e7\u00e3o da Natureza e Florestas (ICNF)<\/span><\/li><li><span style=\"color: #800000;\">Ag\u00eancia Portuguesa do Ambiente<\/span><\/li><li><span style=\"color: #800000;\">Rota do Guadiana (ADL)<\/span><\/li><li><span style=\"color: #800000;\">Guarda Nacional Republicana e Bombeiros Volunt\u00e1rios de Serpa<\/span><\/li><li><span style=\"color: #800000;\">C\u00e2mara Municipal de Serpa<\/span><\/li><li><span style=\"color: #800000;\">Uni\u00f5es de Freguesias e Juntas de Freguesia<\/span><\/li><li><span style=\"color: #800000;\">Agrupamentos e Escolas do concelho<\/span><\/li><li><span style=\"color: #800000;\">V\u00e1rios no \u00e2mbito da Forma\u00e7\u00e3o em Contexto de Trabalho dos cursos qualificantes de dupla certifica\u00e7\u00e3o<\/span><\/li><\/ul>\t\t\t\t\t\t<\/div>\n\t\t\t\t<\/div>\n\t\t\t\t\t<\/div>\n\t\t<\/div>\n\t\t\t\t\t\t\t<\/div>\n\t\t<\/section>\n\t\t\t\t\t\t\t<\/div>\n\t\t","protected":false},"excerpt":{"rendered":"<p>PARCERIAS E PROTOCOLOS Nesta p\u00e1gina, apresentamos os nossos parceiros estrat\u00e9gicos, com os quais colaboramos no desenvolvimento de atividades e a\u00e7\u00f5es, tendo em vista o nosso desenvolvimento organizacional e o cumprimento dos objetivos do nosso Projeto Educativo. Tamb\u00e9m, e paralelamente, damos a conhecer os aspetos principais dos protocolos que suportam a nossa a\u00e7\u00e3o articulada e colaborativa, [&hellip;]<\/p>\n","protected":false},"author":5,"featured_media":0,"parent":0,"menu_order":0,"comment_status":"closed","ping_status":"closed","template":"","meta":{"footnotes":""},"yoast_head":"<!-- This site is optimized with the Yoast SEO plugin v22.8 - https:\/\/yoast.com\/wordpress\/plugins\/seo\/ -->\n<title>PARCERIAS E PROTOCOLOS - Agrupamento de Escolas n.\u00ba 2 de Serpa<\/title>\n<meta name=\"robots\" content=\"index, follow, max-snippet:-1, max-image-preview:large, max-video-preview:-1\" \/>\n<link rel=\"canonical\" href=\"https:\/\/www.ae2serpa.pt\/index.php\/parcerias-e-protocolos\/\" \/>\n<meta property=\"og:locale\" content=\"pt_PT\" \/>\n<meta property=\"og:type\" content=\"article\" \/>\n<meta property=\"og:title\" content=\"PARCERIAS E PROTOCOLOS - Agrupamento de Escolas n.\u00ba 2 de Serpa\" \/>\n<meta property=\"og:description\" content=\"PARCERIAS E PROTOCOLOS Nesta p\u00e1gina, apresentamos os nossos parceiros estrat\u00e9gicos, com os quais colaboramos no desenvolvimento de atividades e a\u00e7\u00f5es, tendo em vista o nosso desenvolvimento organizacional e o cumprimento dos objetivos do nosso Projeto Educativo. Tamb\u00e9m, e paralelamente, damos a conhecer os aspetos principais dos protocolos que suportam a nossa a\u00e7\u00e3o articulada e colaborativa, [&hellip;]\" \/>\n<meta property=\"og:url\" content=\"https:\/\/www.ae2serpa.pt\/index.php\/parcerias-e-protocolos\/\" \/>\n<meta property=\"og:site_name\" content=\"Agrupamento de Escolas n.\u00ba 2 de Serpa\" \/>\n<meta property=\"article:publisher\" content=\"https:\/\/www.facebook.com\/AE2Serpa\/\" \/>\n<meta property=\"article:modified_time\" content=\"2024-05-16T14:19:55+00:00\" \/>\n<meta name=\"twitter:card\" content=\"summary_large_image\" \/>\n<meta name=\"twitter:site\" content=\"@ae2serpa\" \/>\n<meta name=\"twitter:label1\" content=\"Tempo estimado de leitura\" \/>\n\t<meta name=\"twitter:data1\" content=\"1 minuto\" \/>\n<script type=\"application\/ld+json\" class=\"yoast-schema-graph\">{\"@context\":\"https:\/\/schema.org\",\"@graph\":[{\"@type\":\"WebPage\",\"@id\":\"https:\/\/www.ae2serpa.pt\/index.php\/parcerias-e-protocolos\/\",\"url\":\"https:\/\/www.ae2serpa.pt\/index.php\/parcerias-e-protocolos\/\",\"name\":\"PARCERIAS E PROTOCOLOS - Agrupamento de Escolas n.\u00ba 2 de Serpa\",\"isPartOf\":{\"@id\":\"https:\/\/www.ae2serpa.pt\/#website\"},\"datePublished\":\"2021-08-07T13:58:48+00:00\",\"dateModified\":\"2024-05-16T14:19:55+00:00\",\"breadcrumb\":{\"@id\":\"https:\/\/www.ae2serpa.pt\/index.php\/parcerias-e-protocolos\/#breadcrumb\"},\"inLanguage\":\"pt-PT\",\"potentialAction\":[{\"@type\":\"ReadAction\",\"target\":[\"https:\/\/www.ae2serpa.pt\/index.php\/parcerias-e-protocolos\/\"]}]},{\"@type\":\"BreadcrumbList\",\"@id\":\"https:\/\/www.ae2serpa.pt\/index.php\/parcerias-e-protocolos\/#breadcrumb\",\"itemListElement\":[{\"@type\":\"ListItem\",\"position\":1,\"name\":\"In\u00edcio\",\"item\":\"https:\/\/www.ae2serpa.pt\/\"},{\"@type\":\"ListItem\",\"position\":2,\"name\":\"PARCERIAS E PROTOCOLOS\"}]},{\"@type\":\"WebSite\",\"@id\":\"https:\/\/www.ae2serpa.pt\/#website\",\"url\":\"https:\/\/www.ae2serpa.pt\/\",\"name\":\"AGRUPAMENTO DE ESCOLAS N.\u00ba 2 DE SERPA\",\"description\":\"Agrupamento de Escolas n.\u00ba 2 de Serpa\",\"publisher\":{\"@id\":\"https:\/\/www.ae2serpa.pt\/#organization\"},\"potentialAction\":[{\"@type\":\"SearchAction\",\"target\":{\"@type\":\"EntryPoint\",\"urlTemplate\":\"https:\/\/www.ae2serpa.pt\/?s={search_term_string}\"},\"query-input\":\"required name=search_term_string\"}],\"inLanguage\":\"pt-PT\"},{\"@type\":\"Organization\",\"@id\":\"https:\/\/www.ae2serpa.pt\/#organization\",\"name\":\"AGRUMANENTO DE ESOLAS N.\u00ba 2 DE SERPA\",\"url\":\"https:\/\/www.ae2serpa.pt\/\",\"logo\":{\"@type\":\"ImageObject\",\"inLanguage\":\"pt-PT\",\"@id\":\"https:\/\/www.ae2serpa.pt\/#\/schema\/logo\/image\/\",\"url\":\"https:\/\/www.ae2serpa.pt\/wp-content\/uploads\/2021\/07\/AE2Serpa_LogoNovo-e1627067148639.png\",\"contentUrl\":\"https:\/\/www.ae2serpa.pt\/wp-content\/uploads\/2021\/07\/AE2Serpa_LogoNovo-e1627067148639.png\",\"width\":250,\"height\":149,\"caption\":\"AGRUMANENTO DE ESOLAS N.\u00ba 2 DE SERPA\"},\"image\":{\"@id\":\"https:\/\/www.ae2serpa.pt\/#\/schema\/logo\/image\/\"},\"sameAs\":[\"https:\/\/www.facebook.com\/AE2Serpa\/\",\"https:\/\/x.com\/ae2serpa\",\"https:\/\/www.instagram.com\/agresc2serpa\/\"]}]}<\/script>\n<!-- \/ Yoast SEO plugin. -->","yoast_head_json":{"title":"PARCERIAS E PROTOCOLOS - Agrupamento de Escolas n.\u00ba 2 de Serpa","robots":{"index":"index","follow":"follow","max-snippet":"max-snippet:-1","max-image-preview":"max-image-preview:large","max-video-preview":"max-video-preview:-1"},"canonical":"https:\/\/www.ae2serpa.pt\/index.php\/parcerias-e-protocolos\/","og_locale":"pt_PT","og_type":"article","og_title":"PARCERIAS E PROTOCOLOS - Agrupamento de Escolas n.\u00ba 2 de Serpa","og_description":"PARCERIAS E PROTOCOLOS Nesta p\u00e1gina, apresentamos os nossos parceiros estrat\u00e9gicos, com os quais colaboramos no desenvolvimento de atividades e a\u00e7\u00f5es, tendo em vista o nosso desenvolvimento organizacional e o cumprimento dos objetivos do nosso Projeto Educativo. Tamb\u00e9m, e paralelamente, damos a conhecer os aspetos principais dos protocolos que suportam a nossa a\u00e7\u00e3o articulada e colaborativa, [&hellip;]","og_url":"https:\/\/www.ae2serpa.pt\/index.php\/parcerias-e-protocolos\/","og_site_name":"Agrupamento de Escolas n.\u00ba 2 de Serpa","article_publisher":"https:\/\/www.facebook.com\/AE2Serpa\/","article_modified_time":"2024-05-16T14:19:55+00:00","twitter_card":"summary_large_image","twitter_site":"@ae2serpa","twitter_misc":{"Tempo estimado de leitura":"1 minuto"},"schema":{"@context":"https:\/\/schema.org","@graph":[{"@type":"WebPage","@id":"https:\/\/www.ae2serpa.pt\/index.php\/parcerias-e-protocolos\/","url":"https:\/\/www.ae2serpa.pt\/index.php\/parcerias-e-protocolos\/","name":"PARCERIAS E PROTOCOLOS - Agrupamento de Escolas n.\u00ba 2 de Serpa","isPartOf":{"@id":"https:\/\/www.ae2serpa.pt\/#website"},"datePublished":"2021-08-07T13:58:48+00:00","dateModified":"2024-05-16T14:19:55+00:00","breadcrumb":{"@id":"https:\/\/www.ae2serpa.pt\/index.php\/parcerias-e-protocolos\/#breadcrumb"},"inLanguage":"pt-PT","potentialAction":[{"@type":"ReadAction","target":["https:\/\/www.ae2serpa.pt\/index.php\/parcerias-e-protocolos\/"]}]},{"@type":"BreadcrumbList","@id":"https:\/\/www.ae2serpa.pt\/index.php\/parcerias-e-protocolos\/#breadcrumb","itemListElement":[{"@type":"ListItem","position":1,"name":"In\u00edcio","item":"https:\/\/www.ae2serpa.pt\/"},{"@type":"ListItem","position":2,"name":"PARCERIAS E PROTOCOLOS"}]},{"@type":"WebSite","@id":"https:\/\/www.ae2serpa.pt\/#website","url":"https:\/\/www.ae2serpa.pt\/","name":"AGRUPAMENTO DE ESCOLAS N.\u00ba 2 DE SERPA","description":"Agrupamento de Escolas n.\u00ba 2 de Serpa","publisher":{"@id":"https:\/\/www.ae2serpa.pt\/#organization"},"potentialAction":[{"@type":"SearchAction","target":{"@type":"EntryPoint","urlTemplate":"https:\/\/www.ae2serpa.pt\/?s={search_term_string}"},"query-input":"required name=search_term_string"}],"inLanguage":"pt-PT"},{"@type":"Organization","@id":"https:\/\/www.ae2serpa.pt\/#organization","name":"AGRUMANENTO DE ESOLAS N.\u00ba 2 DE SERPA","url":"https:\/\/www.ae2serpa.pt\/","logo":{"@type":"ImageObject","inLanguage":"pt-PT","@id":"https:\/\/www.ae2serpa.pt\/#\/schema\/logo\/image\/","url":"https:\/\/www.ae2serpa.pt\/wp-content\/uploads\/2021\/07\/AE2Serpa_LogoNovo-e1627067148639.png","contentUrl":"https:\/\/www.ae2serpa.pt\/wp-content\/uploads\/2021\/07\/AE2Serpa_LogoNovo-e1627067148639.png","width":250,"height":149,"caption":"AGRUMANENTO DE ESOLAS N.\u00ba 2 DE SERPA"},"image":{"@id":"https:\/\/www.ae2serpa.pt\/#\/schema\/logo\/image\/"},"sameAs":["https:\/\/www.facebook.com\/AE2Serpa\/","https:\/\/x.com\/ae2serpa","https:\/\/www.instagram.com\/agresc2serpa\/"]}]}},"_links":{"self":[{"href":"https:\/\/www.ae2serpa.pt\/index.php\/wp-json\/wp\/v2\/pages\/2558"}],"collection":[{"href":"https:\/\/www.ae2serpa.pt\/index.php\/wp-json\/wp\/v2\/pages"}],"about":[{"href":"https:\/\/www.ae2serpa.pt\/index.php\/wp-json\/wp\/v2\/types\/page"}],"author":[{"embeddable":true,"href":"https:\/\/www.ae2serpa.pt\/index.php\/wp-json\/wp\/v2\/users\/5"}],"replies":[{"embeddable":true,"href":"https:\/\/www.ae2serpa.pt\/index.php\/wp-json\/wp\/v2\/comments?post=2558"}],"version-history":[{"count":32,"href":"https:\/\/www.ae2serpa.pt\/index.php\/wp-json\/wp\/v2\/pages\/2558\/revisions"}],"predecessor-version":[{"id":8355,"href":"https:\/\/www.ae2serpa.pt\/index.php\/wp-json\/wp\/v2\/pages\/2558\/revisions\/8355"}],"wp:attachment":[{"href":"https:\/\/www.ae2serpa.pt\/index.php\/wp-json\/wp\/v2\/media?parent=2558"}],"curies":[{"name":"wp","href":"https:\/\/api.w.org\/{rel}","templated":true}]}}