{"id":192,"date":"2020-07-09T14:34:00","date_gmt":"2020-07-09T14:34:00","guid":{"rendered":"http:\/\/www.ae2serpa.pt\/?page_id=192"},"modified":"2021-07-26T19:44:55","modified_gmt":"2021-07-26T18:44:55","slug":"contactos","status":"publish","type":"page","link":"https:\/\/www.ae2serpa.pt\/index.php\/contactos\/","title":{"rendered":"CONTACTOS"},"content":{"rendered":"\t\t<div data-elementor-type=\"wp-page\" data-elementor-id=\"192\" class=\"elementor elementor-192\">\n\t\t\t\t\t\t\t\t\t<section class=\"elementor-section elementor-top-section elementor-element elementor-element-3354c8a elementor-section-boxed elementor-section-height-default elementor-section-height-default\" data-id=\"3354c8a\" data-element_type=\"section\">\n\t\t\t\t\t\t<div class=\"elementor-container elementor-column-gap-default\">\n\t\t\t\t\t<div class=\"elementor-column elementor-col-100 elementor-top-column elementor-element elementor-element-da078e5\" data-id=\"da078e5\" data-element_type=\"column\">\n\t\t\t<div class=\"elementor-widget-wrap elementor-element-populated\">\n\t\t\t\t\t\t\t\t<div class=\"elementor-element elementor-element-094af1c elementor-tabs-view-horizontal elementor-widget elementor-widget-tabs\" data-id=\"094af1c\" data-element_type=\"widget\" data-widget_type=\"tabs.default\">\n\t\t\t\t<div class=\"elementor-widget-container\">\n\t\t\t\t\t<div class=\"elementor-tabs\">\n\t\t\t<div class=\"elementor-tabs-wrapper\" role=\"tablist\" >\n\t\t\t\t\t\t\t\t\t<div id=\"elementor-tab-title-9741\" class=\"elementor-tab-title elementor-tab-desktop-title\" aria-selected=\"true\" data-tab=\"1\" role=\"tab\" tabindex=\"0\" aria-controls=\"elementor-tab-content-9741\" aria-expanded=\"false\">Dire\u00e7\u00e3o<\/div>\n\t\t\t\t\t\t\t\t\t<div id=\"elementor-tab-title-9742\" class=\"elementor-tab-title elementor-tab-desktop-title\" aria-selected=\"false\" data-tab=\"2\" role=\"tab\" tabindex=\"-1\" aria-controls=\"elementor-tab-content-9742\" aria-expanded=\"false\">Servi\u00e7os Administrativos<\/div>\n\t\t\t\t\t\t\t\t\t<div id=\"elementor-tab-title-9743\" class=\"elementor-tab-title elementor-tab-desktop-title\" aria-selected=\"false\" data-tab=\"3\" role=\"tab\" tabindex=\"-1\" aria-controls=\"elementor-tab-content-9743\" aria-expanded=\"false\">Escolas<\/div>\n\t\t\t\t\t\t\t<\/div>\n\t\t\t<div class=\"elementor-tabs-content-wrapper\" role=\"tablist\" aria-orientation=\"vertical\">\n\t\t\t\t\t\t\t\t\t<div class=\"elementor-tab-title elementor-tab-mobile-title\" aria-selected=\"true\" data-tab=\"1\" role=\"tab\" tabindex=\"0\" aria-controls=\"elementor-tab-content-9741\" aria-expanded=\"false\">Dire\u00e7\u00e3o<\/div>\n\t\t\t\t\t<div id=\"elementor-tab-content-9741\" class=\"elementor-tab-content elementor-clearfix\" data-tab=\"1\" role=\"tabpanel\" aria-labelledby=\"elementor-tab-title-9741\" tabindex=\"0\" hidden=\"false\"><h5><strong>Sede \u2013 Escola Secund\u00e1ria de Serpa<\/strong><\/h5><p class=\"font_8\">Morada: Rua Jos\u00e9 Maria da Gra\u00e7a Affreixo, Serpa<\/p><p class=\"font_8\">Telefone:\u00a0284540200<\/p><p class=\"font_8\">Fax:\u00a0284540202<\/p><h5><strong>Polo &#8211; EB1 de Vila Nova de S\u00e3o Bento<\/strong><\/h5><p class=\"font_8\">Morada: Largo do Rossio Grande, Vila Nova de S\u00e3o Bento<\/p><p class=\"font_8\">Telefone:\u00a0284540080<\/p><p class=\"font_8\">Fax:\u00a0284580089<\/p><\/div>\n\t\t\t\t\t\t\t\t\t<div class=\"elementor-tab-title elementor-tab-mobile-title\" aria-selected=\"false\" data-tab=\"2\" role=\"tab\" tabindex=\"-1\" aria-controls=\"elementor-tab-content-9742\" aria-expanded=\"false\">Servi\u00e7os Administrativos<\/div>\n\t\t\t\t\t<div id=\"elementor-tab-content-9742\" class=\"elementor-tab-content elementor-clearfix\" data-tab=\"2\" role=\"tabpanel\" aria-labelledby=\"elementor-tab-title-9742\" tabindex=\"0\" hidden=\"hidden\"><h5><strong>Sede \u2013 Escola Secund\u00e1ria de Serpa<\/strong><\/h5><p class=\"font_8\">Morada: Rua Jos\u00e9 Maria da Gra\u00e7a Affreixo, Serpa<\/p><p class=\"font_8\">Telefone:\u00a0284540200<\/p><p class=\"font_8\">Fax:\u00a0284540202<\/p><p class=\"font_8\">Email:\u00a0<a href=\"mailto:geral.sede@ae2serpa.pt\" target=\"_self\" data-content=\"geral.sede@ae2serpa.pt\" data-type=\"mail\">geral.sede@ae2serpa.pt<\/a><\/p><h5><strong>Polo &#8211; EB1 de Vila Nova de S\u00e3o Bento<\/strong><\/h5><p class=\"font_8\">Morada: Largo do Rossio Grande, Vila Nova de S\u00e3o Bento<\/p><p class=\"font_8\">Telefone:\u00a0284540080<\/p><p class=\"font_8\">Fax:\u00a0284580089<\/p><p class=\"font_8\">Email:\u00a0<a href=\"mailto:geral.eb1vnsb@ae2serpa.pt\" target=\"_self\" data-content=\"geral.eb1vnsb@ae2serpa.pt\" data-type=\"mail\">geral.eb1vnsb@ae2serpa.pt<\/a><\/p><\/div>\n\t\t\t\t\t\t\t\t\t<div class=\"elementor-tab-title elementor-tab-mobile-title\" aria-selected=\"false\" data-tab=\"3\" role=\"tab\" tabindex=\"-1\" aria-controls=\"elementor-tab-content-9743\" aria-expanded=\"false\">Escolas<\/div>\n\t\t\t\t\t<div id=\"elementor-tab-content-9743\" class=\"elementor-tab-content elementor-clearfix\" data-tab=\"3\" role=\"tabpanel\" aria-labelledby=\"elementor-tab-title-9743\" tabindex=\"0\" hidden=\"hidden\"><h5><strong>Escola Secund\u00e1ria de Serpa<\/strong><\/h5>\n<p class=\"font_8\">Telefone:&nbsp;284540200<\/p>\n<p class=\"font_8\">Fax&nbsp;:&nbsp;284540202<span class=\"wixGuard\"><\/span><\/p>\n<h5><strong>Escola B\u00e1sica n.\u00ba1 de Vila Nova de S\u00e3o Bento<\/strong><\/h5><h5><strong>Escola B\u00e1sica n.\u00ba2 de Vila Nova de S\u00e3o Bento<\/strong><\/h5>\n<p class=\"font_8\">Telefone:&nbsp;284540080<\/p>\n<p class=\"font_8\">&nbsp;Fax:&nbsp;284580089<span class=\"wixGuard\"><\/span><\/p>\n<h5><strong>Escola B\u00e1sica de Vila Verde de Ficalho<\/strong><\/h5><h5><strong>Jardim de Inf\u00e2ncia de Vila Verde de Ficalho<\/strong><\/h5>\n<p class=\"font_8\">Telefone:&nbsp;284575596<\/p>\n<h5><strong>Escola B\u00e1sica de Montes do Pinto<br><\/strong><strong>EPEI de A-do-Pinto<\/strong><\/h5>\n<p class=\"font_8\">Telefone:&nbsp;284588250<\/p>\n<p class=\"font_8\"><span class=\"wixGuard\"><\/span><\/p><\/div>\n\t\t\t\t\t\t\t<\/div>\n\t\t<\/div>\n\t\t\t\t<\/div>\n\t\t\t\t<\/div>\n\t\t\t\t\t<\/div>\n\t\t<\/div>\n\t\t\t\t\t\t\t<\/div>\n\t\t<\/section>\n\t\t\t\t\t\t\t<\/div>\n\t\t","protected":false},"excerpt":{"rendered":"<p>Dire\u00e7\u00e3o Servi\u00e7os Administrativos Escolas Dire\u00e7\u00e3o Sede \u2013 Escola Secund\u00e1ria de Serpa Morada: Rua Jos\u00e9 Maria da Gra\u00e7a Affreixo, Serpa Telefone:\u00a0284540200 Fax:\u00a0284540202 Polo &#8211; EB1 de Vila Nova de S\u00e3o Bento Morada: Largo do Rossio Grande, Vila Nova de S\u00e3o Bento Telefone:\u00a0284540080 Fax:\u00a0284580089 Servi\u00e7os Administrativos Sede \u2013 Escola Secund\u00e1ria de Serpa Morada: Rua Jos\u00e9 Maria da [&hellip;]<\/p>\n","protected":false},"author":5,"featured_media":0,"parent":0,"menu_order":0,"comment_status":"closed","ping_status":"closed","template":"","meta":{"footnotes":""},"yoast_head":"<!-- This site is optimized with the Yoast SEO plugin v22.8 - https:\/\/yoast.com\/wordpress\/plugins\/seo\/ -->\n<title>CONTACTOS - Agrupamento de Escolas n.\u00ba 2 de Serpa<\/title>\n<meta name=\"robots\" content=\"index, follow, max-snippet:-1, max-image-preview:large, max-video-preview:-1\" \/>\n<link rel=\"canonical\" href=\"https:\/\/www.ae2serpa.pt\/index.php\/contactos\/\" \/>\n<meta property=\"og:locale\" content=\"pt_PT\" \/>\n<meta property=\"og:type\" content=\"article\" \/>\n<meta property=\"og:title\" content=\"CONTACTOS - Agrupamento de Escolas n.\u00ba 2 de Serpa\" \/>\n<meta property=\"og:description\" content=\"Dire\u00e7\u00e3o Servi\u00e7os Administrativos Escolas Dire\u00e7\u00e3o Sede \u2013 Escola Secund\u00e1ria de Serpa Morada: Rua Jos\u00e9 Maria da Gra\u00e7a Affreixo, Serpa Telefone:\u00a0284540200 Fax:\u00a0284540202 Polo &#8211; EB1 de Vila Nova de S\u00e3o Bento Morada: Largo do Rossio Grande, Vila Nova de S\u00e3o Bento Telefone:\u00a0284540080 Fax:\u00a0284580089 Servi\u00e7os Administrativos Sede \u2013 Escola Secund\u00e1ria de Serpa Morada: Rua Jos\u00e9 Maria da [&hellip;]\" \/>\n<meta property=\"og:url\" content=\"https:\/\/www.ae2serpa.pt\/index.php\/contactos\/\" \/>\n<meta property=\"og:site_name\" content=\"Agrupamento de Escolas n.\u00ba 2 de Serpa\" \/>\n<meta property=\"article:publisher\" content=\"https:\/\/www.facebook.com\/AE2Serpa\/\" \/>\n<meta property=\"article:modified_time\" content=\"2021-07-26T18:44:55+00:00\" \/>\n<meta name=\"twitter:card\" content=\"summary_large_image\" \/>\n<meta name=\"twitter:site\" content=\"@ae2serpa\" \/>\n<meta name=\"twitter:label1\" content=\"Tempo estimado de leitura\" \/>\n\t<meta name=\"twitter:data1\" content=\"1 minuto\" \/>\n<script type=\"application\/ld+json\" class=\"yoast-schema-graph\">{\"@context\":\"https:\/\/schema.org\",\"@graph\":[{\"@type\":\"WebPage\",\"@id\":\"https:\/\/www.ae2serpa.pt\/index.php\/contactos\/\",\"url\":\"https:\/\/www.ae2serpa.pt\/index.php\/contactos\/\",\"name\":\"CONTACTOS - Agrupamento de Escolas n.\u00ba 2 de Serpa\",\"isPartOf\":{\"@id\":\"https:\/\/www.ae2serpa.pt\/#website\"},\"datePublished\":\"2020-07-09T14:34:00+00:00\",\"dateModified\":\"2021-07-26T18:44:55+00:00\",\"breadcrumb\":{\"@id\":\"https:\/\/www.ae2serpa.pt\/index.php\/contactos\/#breadcrumb\"},\"inLanguage\":\"pt-PT\",\"potentialAction\":[{\"@type\":\"ReadAction\",\"target\":[\"https:\/\/www.ae2serpa.pt\/index.php\/contactos\/\"]}]},{\"@type\":\"BreadcrumbList\",\"@id\":\"https:\/\/www.ae2serpa.pt\/index.php\/contactos\/#breadcrumb\",\"itemListElement\":[{\"@type\":\"ListItem\",\"position\":1,\"name\":\"In\u00edcio\",\"item\":\"https:\/\/www.ae2serpa.pt\/\"},{\"@type\":\"ListItem\",\"position\":2,\"name\":\"CONTACTOS\"}]},{\"@type\":\"WebSite\",\"@id\":\"https:\/\/www.ae2serpa.pt\/#website\",\"url\":\"https:\/\/www.ae2serpa.pt\/\",\"name\":\"AGRUPAMENTO DE ESCOLAS N.\u00ba 2 DE SERPA\",\"description\":\"Agrupamento de Escolas n.\u00ba 2 de Serpa\",\"publisher\":{\"@id\":\"https:\/\/www.ae2serpa.pt\/#organization\"},\"potentialAction\":[{\"@type\":\"SearchAction\",\"target\":{\"@type\":\"EntryPoint\",\"urlTemplate\":\"https:\/\/www.ae2serpa.pt\/?s={search_term_string}\"},\"query-input\":\"required name=search_term_string\"}],\"inLanguage\":\"pt-PT\"},{\"@type\":\"Organization\",\"@id\":\"https:\/\/www.ae2serpa.pt\/#organization\",\"name\":\"AGRUMANENTO DE ESOLAS N.\u00ba 2 DE SERPA\",\"url\":\"https:\/\/www.ae2serpa.pt\/\",\"logo\":{\"@type\":\"ImageObject\",\"inLanguage\":\"pt-PT\",\"@id\":\"https:\/\/www.ae2serpa.pt\/#\/schema\/logo\/image\/\",\"url\":\"https:\/\/www.ae2serpa.pt\/wp-content\/uploads\/2021\/07\/AE2Serpa_LogoNovo-e1627067148639.png\",\"contentUrl\":\"https:\/\/www.ae2serpa.pt\/wp-content\/uploads\/2021\/07\/AE2Serpa_LogoNovo-e1627067148639.png\",\"width\":250,\"height\":149,\"caption\":\"AGRUMANENTO DE ESOLAS N.\u00ba 2 DE SERPA\"},\"image\":{\"@id\":\"https:\/\/www.ae2serpa.pt\/#\/schema\/logo\/image\/\"},\"sameAs\":[\"https:\/\/www.facebook.com\/AE2Serpa\/\",\"https:\/\/x.com\/ae2serpa\",\"https:\/\/www.instagram.com\/agresc2serpa\/\"]}]}<\/script>\n<!-- \/ Yoast SEO plugin. -->","yoast_head_json":{"title":"CONTACTOS - Agrupamento de Escolas n.\u00ba 2 de Serpa","robots":{"index":"index","follow":"follow","max-snippet":"max-snippet:-1","max-image-preview":"max-image-preview:large","max-video-preview":"max-video-preview:-1"},"canonical":"https:\/\/www.ae2serpa.pt\/index.php\/contactos\/","og_locale":"pt_PT","og_type":"article","og_title":"CONTACTOS - Agrupamento de Escolas n.\u00ba 2 de Serpa","og_description":"Dire\u00e7\u00e3o Servi\u00e7os Administrativos Escolas Dire\u00e7\u00e3o Sede \u2013 Escola Secund\u00e1ria de Serpa Morada: Rua Jos\u00e9 Maria da Gra\u00e7a Affreixo, Serpa Telefone:\u00a0284540200 Fax:\u00a0284540202 Polo &#8211; EB1 de Vila Nova de S\u00e3o Bento Morada: Largo do Rossio Grande, Vila Nova de S\u00e3o Bento Telefone:\u00a0284540080 Fax:\u00a0284580089 Servi\u00e7os Administrativos Sede \u2013 Escola Secund\u00e1ria de Serpa Morada: Rua Jos\u00e9 Maria da [&hellip;]","og_url":"https:\/\/www.ae2serpa.pt\/index.php\/contactos\/","og_site_name":"Agrupamento de Escolas n.\u00ba 2 de Serpa","article_publisher":"https:\/\/www.facebook.com\/AE2Serpa\/","article_modified_time":"2021-07-26T18:44:55+00:00","twitter_card":"summary_large_image","twitter_site":"@ae2serpa","twitter_misc":{"Tempo estimado de leitura":"1 minuto"},"schema":{"@context":"https:\/\/schema.org","@graph":[{"@type":"WebPage","@id":"https:\/\/www.ae2serpa.pt\/index.php\/contactos\/","url":"https:\/\/www.ae2serpa.pt\/index.php\/contactos\/","name":"CONTACTOS - Agrupamento de Escolas n.\u00ba 2 de Serpa","isPartOf":{"@id":"https:\/\/www.ae2serpa.pt\/#website"},"datePublished":"2020-07-09T14:34:00+00:00","dateModified":"2021-07-26T18:44:55+00:00","breadcrumb":{"@id":"https:\/\/www.ae2serpa.pt\/index.php\/contactos\/#breadcrumb"},"inLanguage":"pt-PT","potentialAction":[{"@type":"ReadAction","target":["https:\/\/www.ae2serpa.pt\/index.php\/contactos\/"]}]},{"@type":"BreadcrumbList","@id":"https:\/\/www.ae2serpa.pt\/index.php\/contactos\/#breadcrumb","itemListElement":[{"@type":"ListItem","position":1,"name":"In\u00edcio","item":"https:\/\/www.ae2serpa.pt\/"},{"@type":"ListItem","position":2,"name":"CONTACTOS"}]},{"@type":"WebSite","@id":"https:\/\/www.ae2serpa.pt\/#website","url":"https:\/\/www.ae2serpa.pt\/","name":"AGRUPAMENTO DE ESCOLAS N.\u00ba 2 DE SERPA","description":"Agrupamento de Escolas n.\u00ba 2 de Serpa","publisher":{"@id":"https:\/\/www.ae2serpa.pt\/#organization"},"potentialAction":[{"@type":"SearchAction","target":{"@type":"EntryPoint","urlTemplate":"https:\/\/www.ae2serpa.pt\/?s={search_term_string}"},"query-input":"required name=search_term_string"}],"inLanguage":"pt-PT"},{"@type":"Organization","@id":"https:\/\/www.ae2serpa.pt\/#organization","name":"AGRUMANENTO DE ESOLAS N.\u00ba 2 DE SERPA","url":"https:\/\/www.ae2serpa.pt\/","logo":{"@type":"ImageObject","inLanguage":"pt-PT","@id":"https:\/\/www.ae2serpa.pt\/#\/schema\/logo\/image\/","url":"https:\/\/www.ae2serpa.pt\/wp-content\/uploads\/2021\/07\/AE2Serpa_LogoNovo-e1627067148639.png","contentUrl":"https:\/\/www.ae2serpa.pt\/wp-content\/uploads\/2021\/07\/AE2Serpa_LogoNovo-e1627067148639.png","width":250,"height":149,"caption":"AGRUMANENTO DE ESOLAS N.\u00ba 2 DE SERPA"},"image":{"@id":"https:\/\/www.ae2serpa.pt\/#\/schema\/logo\/image\/"},"sameAs":["https:\/\/www.facebook.com\/AE2Serpa\/","https:\/\/x.com\/ae2serpa","https:\/\/www.instagram.com\/agresc2serpa\/"]}]}},"_links":{"self":[{"href":"https:\/\/www.ae2serpa.pt\/index.php\/wp-json\/wp\/v2\/pages\/192"}],"collection":[{"href":"https:\/\/www.ae2serpa.pt\/index.php\/wp-json\/wp\/v2\/pages"}],"about":[{"href":"https:\/\/www.ae2serpa.pt\/index.php\/wp-json\/wp\/v2\/types\/page"}],"author":[{"embeddable":true,"href":"https:\/\/www.ae2serpa.pt\/index.php\/wp-json\/wp\/v2\/users\/5"}],"replies":[{"embeddable":true,"href":"https:\/\/www.ae2serpa.pt\/index.php\/wp-json\/wp\/v2\/comments?post=192"}],"version-history":[{"count":20,"href":"https:\/\/www.ae2serpa.pt\/index.php\/wp-json\/wp\/v2\/pages\/192\/revisions"}],"predecessor-version":[{"id":1109,"href":"https:\/\/www.ae2serpa.pt\/index.php\/wp-json\/wp\/v2\/pages\/192\/revisions\/1109"}],"wp:attachment":[{"href":"https:\/\/www.ae2serpa.pt\/index.php\/wp-json\/wp\/v2\/media?parent=192"}],"curies":[{"name":"wp","href":"https:\/\/api.w.org\/{rel}","templated":true}]}}