{"id":1118,"date":"2021-07-26T20:22:35","date_gmt":"2021-07-26T19:22:35","guid":{"rendered":"https:\/\/www.ae2serpa.pt\/?page_id=1118"},"modified":"2022-01-08T16:01:24","modified_gmt":"2022-01-08T16:01:24","slug":"add-siadap","status":"publish","type":"page","link":"https:\/\/www.ae2serpa.pt\/index.php\/add-siadap\/","title":{"rendered":"ADD | SIADAP"},"content":{"rendered":"\t\t<div data-elementor-type=\"wp-page\" data-elementor-id=\"1118\" class=\"elementor elementor-1118\">\n\t\t\t\t\t\t\t\t\t<section class=\"elementor-section elementor-top-section elementor-element elementor-element-ae1b3fe elementor-section-boxed elementor-section-height-default elementor-section-height-default\" data-id=\"ae1b3fe\" data-element_type=\"section\">\n\t\t\t\t\t\t<div class=\"elementor-container elementor-column-gap-default\">\n\t\t\t\t\t<div class=\"elementor-column elementor-col-100 elementor-top-column elementor-element elementor-element-c768797\" data-id=\"c768797\" data-element_type=\"column\">\n\t\t\t<div class=\"elementor-widget-wrap elementor-element-populated\">\n\t\t\t\t\t\t\t\t<div class=\"elementor-element elementor-element-9fd097e elementor-widget elementor-widget-heading\" data-id=\"9fd097e\" data-element_type=\"widget\" data-widget_type=\"heading.default\">\n\t\t\t\t<div class=\"elementor-widget-container\">\n\t\t\t<h2 class=\"elementor-heading-title elementor-size-default\">AVALIA\u00c7\u00c3O DE DESEMPENHO DOCENTE<\/h2>\t\t<\/div>\n\t\t\t\t<\/div>\n\t\t\t\t\t<\/div>\n\t\t<\/div>\n\t\t\t\t\t\t\t<\/div>\n\t\t<\/section>\n\t\t\t\t<section class=\"elementor-section elementor-top-section elementor-element elementor-element-cacff49 elementor-section-boxed elementor-section-height-default elementor-section-height-default\" data-id=\"cacff49\" data-element_type=\"section\">\n\t\t\t\t\t\t<div class=\"elementor-container elementor-column-gap-default\">\n\t\t\t\t\t<div class=\"elementor-column elementor-col-100 elementor-top-column elementor-element elementor-element-f5f8340\" data-id=\"f5f8340\" data-element_type=\"column\">\n\t\t\t<div class=\"elementor-widget-wrap elementor-element-populated\">\n\t\t\t\t\t\t\t\t<div class=\"elementor-element elementor-element-f332139 elementor-tabs-view-horizontal elementor-widget elementor-widget-tabs\" data-id=\"f332139\" data-element_type=\"widget\" data-widget_type=\"tabs.default\">\n\t\t\t\t<div class=\"elementor-widget-container\">\n\t\t\t\t\t<div class=\"elementor-tabs\">\n\t\t\t<div class=\"elementor-tabs-wrapper\" role=\"tablist\" >\n\t\t\t\t\t\t\t\t\t<div id=\"elementor-tab-title-2551\" class=\"elementor-tab-title elementor-tab-desktop-title\" aria-selected=\"true\" data-tab=\"1\" role=\"tab\" tabindex=\"0\" aria-controls=\"elementor-tab-content-2551\" aria-expanded=\"false\">Legisla\u00e7\u00e3o<\/div>\n\t\t\t\t\t\t\t\t\t<div id=\"elementor-tab-title-2552\" class=\"elementor-tab-title elementor-tab-desktop-title\" aria-selected=\"false\" data-tab=\"2\" role=\"tab\" tabindex=\"-1\" aria-controls=\"elementor-tab-content-2552\" aria-expanded=\"false\">Notas e Orienta\u00e7\u00f5es<\/div>\n\t\t\t\t\t\t\t\t\t<div id=\"elementor-tab-title-2553\" class=\"elementor-tab-title elementor-tab-desktop-title\" aria-selected=\"false\" data-tab=\"3\" role=\"tab\" tabindex=\"-1\" aria-controls=\"elementor-tab-content-2553\" aria-expanded=\"false\">Documentos e Formul\u00e1rios<\/div>\n\t\t\t\t\t\t\t<\/div>\n\t\t\t<div class=\"elementor-tabs-content-wrapper\" role=\"tablist\" aria-orientation=\"vertical\">\n\t\t\t\t\t\t\t\t\t<div class=\"elementor-tab-title elementor-tab-mobile-title\" aria-selected=\"true\" data-tab=\"1\" role=\"tab\" tabindex=\"0\" aria-controls=\"elementor-tab-content-2551\" aria-expanded=\"false\">Legisla\u00e7\u00e3o<\/div>\n\t\t\t\t\t<div id=\"elementor-tab-content-2551\" class=\"elementor-tab-content elementor-clearfix\" data-tab=\"1\" role=\"tabpanel\" aria-labelledby=\"elementor-tab-title-2551\" tabindex=\"0\" hidden=\"false\"><ul><li><a href=\"https:\/\/dre.pt\/dre\/legislacao-consolidada\/decreto-lei\/2012-117105579\" target=\"_blank\" rel=\"noopener\">Decreto-Lei n.\u00ba 41\/2012<\/a> (Estatuto da Carreira Docente)<\/li><li><a href=\"https:\/\/dre.pt\/dre\/detalhe\/decreto-regulamentar\/26-2012-542995\" target=\"_blank\" rel=\"noopener\">Decreto Regulamentar n.\u00ba 26\/2012<\/a> (modelo de avalia\u00e7\u00e3o)<\/li><li><a href=\"https:\/\/dre.pt\/dre\/detalhe\/despacho-normativo\/19-2012-2624346\" target=\"_blank\" rel=\"noopener\">Despacho Normativo n.\u00ba 19\/2012<\/a> (suprimento por Pondera\u00e7\u00e3o Curricular)<\/li><li><a href=\"https:\/\/dre.pt\/dre\/detalhe\/despacho\/12567-2012-1584033\" target=\"_blank\" rel=\"noopener\">Despacho n.\u00ba 12567\/2012<\/a> (Universos e Percentis)<\/li><li><a href=\"https:\/\/dre.pt\/dre\/detalhe\/despacho\/12635-2012-1596787\" target=\"_blank\" rel=\"noopener\">Despacho n.\u00ba 12635\/2012<\/a> (correspond\u00eancia SIADAP\/ADD)<\/li><li><a href=\"https:\/\/dre.pt\/dre\/detalhe\/despacho\/13981-2012-3293884\" target=\"_blank\" rel=\"noopener\">Despacho n.\u00ba 13981\/2012<\/a> (par\u00e2metros para a Avalia\u00e7\u00e3o Externa)<\/li><li><a href=\"https:\/\/dre.pt\/dre\/detalhe\/despacho-normativo\/24-2012-3293885\" target=\"_blank\" rel=\"noopener\">Despacho Normativo n.\u00ba 24\/2012<\/a> (constitui\u00e7\u00e3o da Bolsa de Avaliadores Externos)<\/li><li><a href=\"https:\/\/dre.pt\/dre\/detalhe\/portaria\/266-2012-174816\" target=\"_blank\" rel=\"noopener\">Portaria n.\u00ba 266\/2012<\/a> (modelo de avalia\u00e7\u00e3o dos Diretores)<\/li><li><a href=\"https:\/\/dre.pt\/dre\/detalhe\/portaria\/15-2013-256432\" target=\"_blank\" rel=\"noopener\">Portaria n.\u00ba 15\/2013<\/a> (regime de ADD de docentes em mobilidade noutros minist\u00e9rios)<\/li><li><a href=\"https:\/\/dre.pt\/dre\/detalhe\/portaria\/75-2015-66727182\" target=\"_blank\" rel=\"noopener\">Portaria n.\u00ba 75\/2015<\/a> (ADD de docentes em fun\u00e7\u00f5es no Min. da Defesa Nacional)<\/li><li><a href=\"https:\/\/dre.pt\/dre\/detalhe\/despacho\/4272-a-2021-162199941\" target=\"_blank\" rel=\"noopener\">Despacho n.\u00ba 4272-A\/2021<\/a> (adequa\u00e7\u00e3o dos prazos dos ciclos avaliativos)<\/li><\/ul><\/div>\n\t\t\t\t\t\t\t\t\t<div class=\"elementor-tab-title elementor-tab-mobile-title\" aria-selected=\"false\" data-tab=\"2\" role=\"tab\" tabindex=\"-1\" aria-controls=\"elementor-tab-content-2552\" aria-expanded=\"false\">Notas e Orienta\u00e7\u00f5es<\/div>\n\t\t\t\t\t<div id=\"elementor-tab-content-2552\" class=\"elementor-tab-content elementor-clearfix\" data-tab=\"2\" role=\"tabpanel\" aria-labelledby=\"elementor-tab-title-2552\" tabindex=\"0\" hidden=\"hidden\"><ul><li><a href=\"https:\/\/www.ae2serpa.pt\/wp-content\/uploads\/2022\/01\/C-I-R-C-U-L-A-R-No-B18002577F.pdf\" target=\"_blank\" rel=\"noopener\">Circular B18002577F, de 09\/02\/2018<\/a> (Progress\u00e3o, Form. Cont\u00ednua e Ob. de Aulas)<\/li><li><a href=\"https:\/\/www.ae2serpa.pt\/wp-content\/uploads\/2022\/01\/Circular-B20028014G-Formacao-e-Observacao-de-Aulas.pdf\" target=\"_blank\" rel=\"noopener\">Circular B20028014G, de 15\/04\/2020<\/a>\u00a0 (Pandemia: medidas excecionais na Forma\u00e7\u00e3o Cont\u00ednua e Observa\u00e7\u00e3o de Aulas)<\/li><li><a href=\"https:\/\/www.dgae.mec.pt\/download\/gestrechumanos\/pessoal_docente\/carreira\/avaliacao_de_desempenho\/docentes\/documentacao\/20200521-grh-faqs-circular-b20028014g.pdf\" target=\"_blank\" rel=\"noopener\">FAQs da Circular B20028014G<\/a> (21.05.2020)<\/li><li><a href=\"https:\/\/www.ae2serpa.pt\/wp-content\/uploads\/2022\/01\/NI-ADD-15.01.2019.pdf\" target=\"_blank\" rel=\"noopener\">Nota Informativa DGAE, de 15\/01\/2019<\/a> (Orienta\u00e7\u00f5es ADD)<\/li><li><a href=\"https:\/\/www.ae2serpa.pt\/wp-content\/uploads\/2022\/01\/NI-ADD-e-Formacao-15.06.2020.pdf\" target=\"_blank\" rel=\"noopener\">Nota Informativa DGAE, de 15\/06\/2020<\/a> (Atualiza orienta\u00e7\u00f5es da ADD e Form. Cont\u00ednua)<\/li><\/ul><p><strong>Descongelamento e Recupera\u00e7\u00e3o do Tempo de Servi\u00e7o (Notas Informativas DGAE)<\/strong><\/p><ol><li><a href=\"https:\/\/www.ae2serpa.pt\/wp-content\/uploads\/2022\/01\/NI-DGAE-9.1.2018-Descongelamento-e-Progressao.pdf\" target=\"_blank\" rel=\"noopener\">Nota Informativa de 09\/01\/2018<\/a> (descongelamento e progress\u00e3o)<\/li><li><a href=\"https:\/\/www.ae2serpa.pt\/wp-content\/uploads\/2022\/01\/NI-DGAE-2A9M18D-7.6.2019.pdf\" target=\"_blank\" rel=\"noopener\">Nota Informativa de 07\/06\/2019<\/a> (orienta\u00e7\u00f5es RTS em 2018\/2019)<\/li><li><a href=\"https:\/\/www.ae2serpa.pt\/wp-content\/uploads\/2022\/01\/2a-NI-DGAE-RTS_2A9M18D-10-de-Agosto_2020.pdf\" target=\"_blank\" rel=\"noopener\">Nota Informativa de 10\/08\/2020<\/a> (orienta\u00e7\u00f5es RTS em 2019\/2020)<\/li><li><a href=\"https:\/\/www.ae2serpa.pt\/wp-content\/uploads\/2022\/01\/3aNI_DGAE-RTS-5.11.2021.pdf\" target=\"_blank\" rel=\"noopener\">Nota Informativa de 05\/11\/2021<\/a> (orienta\u00e7\u00f5es RTS em 2020\/2021)<\/li><\/ol><\/div>\n\t\t\t\t\t\t\t\t\t<div class=\"elementor-tab-title elementor-tab-mobile-title\" aria-selected=\"false\" data-tab=\"3\" role=\"tab\" tabindex=\"-1\" aria-controls=\"elementor-tab-content-2553\" aria-expanded=\"false\">Documentos e Formul\u00e1rios<\/div>\n\t\t\t\t\t<div id=\"elementor-tab-content-2553\" class=\"elementor-tab-content elementor-clearfix\" data-tab=\"3\" role=\"tabpanel\" aria-labelledby=\"elementor-tab-title-2553\" tabindex=\"0\" hidden=\"hidden\"><a href=\"https:\/\/www.ae2serpa.pt\/wp-content\/uploads\/2022\/01\/ADD-Doc_Orientacoes-2021_2022.pdf\" target=\"_blank\" rel=\"noopener\">Documento Orientador da ADD<br>\n<ul>\n<\/a>(crit\u00e9rios, par\u00e2metros e descritores de desempenho -avalia\u00e7\u00e3o interna)<p> \n \t<li><a href=\"https:\/\/www.ae2serpa.pt\/wp-content\/uploads\/2022\/01\/Autoavaliacao-Regime-Geral-Modelo-orientado.docx\" target=\"_blank\" rel=\"noopener\">Formul\u00e1rio para a autoavalia\u00e7\u00e3o (regime geral)<\/a><\/li>\n \t<li><a href=\"https:\/\/www.ae2serpa.pt\/wp-content\/uploads\/2022\/01\/Autoavaliacao-Regime-Especial.docx\" target=\"_blank\" rel=\"noopener\">Formul\u00e1rio para a autoavalia\u00e7\u00e3o (regime especial)<\/a><\/li>\n \t<li><a href=\"https:\/\/www.ae2serpa.pt\/wp-content\/uploads\/2022\/01\/Ficha-de-Avaliacao-Global-Regime-Geral-e-Especial.docx\" target=\"_blank\" rel=\"noopener\">Formul\u00e1rio-Ficha de Avalia\u00e7\u00e3o Final\/Global (regime geral e especial)<\/a><\/li>\n \t<li><a href=\"https:\/\/www.ae2serpa.pt\/wp-content\/uploads\/2022\/01\/Ficha-de-Avaliacao-Global-Ponderacao-Curricular.docx\" target=\"_blank\" rel=\"noopener\">Formul\u00e1rio-Ficha de Avalia\u00e7\u00e3o (pondera\u00e7\u00e3o curricular)<\/a><\/li>\n \t<li><a href=\"https:\/\/www.ae2serpa.pt\/wp-content\/uploads\/2022\/01\/Designacao-Avaliador-Interno.docx\" target=\"_blank\" rel=\"noopener\">Formul\u00e1rio Designa\u00e7\u00e3o de Avaliador Interno<\/a> (delega\u00e7\u00e3o de compet\u00eancias)<\/li>\n<\/ul>\n<span style=\"color: #008000;\"><strong>Modelos de Requerimento<\/strong><\/span>\n<ul>\n \t<li><a href=\"https:\/\/www.ae2serpa.pt\/wp-content\/uploads\/2022\/01\/Requerimento_OA-CFAE.docx\" target=\"_blank\" rel=\"noopener\">Requerimento p\/ Observa\u00e7\u00e3o de Aulas<\/a><\/li>\n \t<li><a href=\"https:\/\/www.ae2serpa.pt\/wp-content\/uploads\/2022\/01\/Recuperacao-de-Avaliacao-Anterior.docx\" target=\"_blank\" rel=\"noopener\">Requerimento p\/recupera\u00e7\u00e3o de avalia\u00e7\u00e3o<\/a> (em modelo anterior)<\/li>\n \t<li><a href=\"https:\/\/www.ae2serpa.pt\/wp-content\/uploads\/2022\/01\/Recuperacao-de-Aulas.docx\" target=\"_blank\" rel=\"noopener\">Requerimento p\/ recupera\u00e7\u00e3o de aulas observadas<\/a> (em modelo anterior)<\/li>\n \t<li><a href=\"https:\/\/www.ae2serpa.pt\/wp-content\/uploads\/2022\/01\/Req_Ponderacao-Curricular.docx\" target=\"_blank\" rel=\"noopener\">Requerimento p\/ suprimento de ADD\u00a0 por Pondera\u00e7\u00e3o Curricular<\/a><\/li>\n \t<li><a href=\"https:\/\/www.ae2serpa.pt\/wp-content\/uploads\/2022\/01\/Requerimento-PEspecial_RGeral.docx\" target=\"_blank\" rel=\"noopener\">Requerimento p\/ transi\u00e7\u00e3o do Regime Especial para o Regime Geral da ADD<\/a><\/li>\n \t<li><a href=\"https:\/\/www.ae2serpa.pt\/wp-content\/uploads\/2022\/01\/Requerimento-NI_DGAE_5.11.2021.docx\" target=\"_blank\" rel=\"noopener\">Requerimento p\/ aplica\u00e7\u00e3o dos termos de NI da DGAE em vigor<\/a><\/li>\n<\/ul><\/div>\n\t\t\t\t\t\t\t<\/div>\n\t\t<\/div>\n\t\t\t\t<\/div>\n\t\t\t\t<\/div>\n\t\t\t\t\t<\/div>\n\t\t<\/div>\n\t\t\t\t\t\t\t<\/div>\n\t\t<\/section>\n\t\t\t\t<section class=\"elementor-section elementor-top-section elementor-element elementor-element-bb20aad elementor-section-boxed elementor-section-height-default elementor-section-height-default\" data-id=\"bb20aad\" data-element_type=\"section\">\n\t\t\t\t\t\t<div class=\"elementor-container elementor-column-gap-default\">\n\t\t\t\t\t<div class=\"elementor-column elementor-col-100 elementor-top-column elementor-element elementor-element-83b4acb\" data-id=\"83b4acb\" data-element_type=\"column\">\n\t\t\t<div class=\"elementor-widget-wrap elementor-element-populated\">\n\t\t\t\t\t\t\t\t<div class=\"elementor-element elementor-element-f10744b elementor-widget elementor-widget-heading\" data-id=\"f10744b\" data-element_type=\"widget\" data-widget_type=\"heading.default\">\n\t\t\t\t<div class=\"elementor-widget-container\">\n\t\t\t<h2 class=\"elementor-heading-title elementor-size-default\">SIADAP - AVALIA\u00c7\u00c3O DO PESSOAL N\u00c3O DOCENTE<\/h2>\t\t<\/div>\n\t\t\t\t<\/div>\n\t\t\t\t\t<\/div>\n\t\t<\/div>\n\t\t\t\t\t\t\t<\/div>\n\t\t<\/section>\n\t\t\t\t<section class=\"elementor-section elementor-top-section elementor-element elementor-element-2d32e37 elementor-section-boxed elementor-section-height-default elementor-section-height-default\" data-id=\"2d32e37\" data-element_type=\"section\">\n\t\t\t\t\t\t<div class=\"elementor-container elementor-column-gap-default\">\n\t\t\t\t\t<div class=\"elementor-column elementor-col-100 elementor-top-column elementor-element elementor-element-6680f57\" data-id=\"6680f57\" data-element_type=\"column\">\n\t\t\t<div class=\"elementor-widget-wrap elementor-element-populated\">\n\t\t\t\t\t\t\t\t<div class=\"elementor-element elementor-element-3e0b769 elementor-tabs-view-horizontal elementor-widget elementor-widget-tabs\" data-id=\"3e0b769\" data-element_type=\"widget\" data-widget_type=\"tabs.default\">\n\t\t\t\t<div class=\"elementor-widget-container\">\n\t\t\t\t\t<div class=\"elementor-tabs\">\n\t\t\t<div class=\"elementor-tabs-wrapper\" role=\"tablist\" >\n\t\t\t\t\t\t\t\t\t<div id=\"elementor-tab-title-6501\" class=\"elementor-tab-title elementor-tab-desktop-title\" aria-selected=\"true\" data-tab=\"1\" role=\"tab\" tabindex=\"0\" aria-controls=\"elementor-tab-content-6501\" aria-expanded=\"false\">Legisla\u00e7\u00e3o<\/div>\n\t\t\t\t\t\t\t\t\t<div id=\"elementor-tab-title-6502\" class=\"elementor-tab-title elementor-tab-desktop-title\" aria-selected=\"false\" data-tab=\"2\" role=\"tab\" tabindex=\"-1\" aria-controls=\"elementor-tab-content-6502\" aria-expanded=\"false\">Notas e Orienta\u00e7\u00f5es<\/div>\n\t\t\t\t\t\t\t\t\t<div id=\"elementor-tab-title-6503\" class=\"elementor-tab-title elementor-tab-desktop-title\" aria-selected=\"false\" data-tab=\"3\" role=\"tab\" tabindex=\"-1\" aria-controls=\"elementor-tab-content-6503\" aria-expanded=\"false\">Documentos e Formul\u00e1rios<\/div>\n\t\t\t\t\t\t\t<\/div>\n\t\t\t<div class=\"elementor-tabs-content-wrapper\" role=\"tablist\" aria-orientation=\"vertical\">\n\t\t\t\t\t\t\t\t\t<div class=\"elementor-tab-title elementor-tab-mobile-title\" aria-selected=\"true\" data-tab=\"1\" role=\"tab\" tabindex=\"0\" aria-controls=\"elementor-tab-content-6501\" aria-expanded=\"false\">Legisla\u00e7\u00e3o<\/div>\n\t\t\t\t\t<div id=\"elementor-tab-content-6501\" class=\"elementor-tab-content elementor-clearfix\" data-tab=\"1\" role=\"tabpanel\" aria-labelledby=\"elementor-tab-title-6501\" tabindex=\"0\" hidden=\"false\">Lorem ipsum dolor sit amet, consectetur adipiscing elit. Ut elit tellus, luctus nec ullamcorper mattis, pulvinar dapibus leo.<\/div>\n\t\t\t\t\t\t\t\t\t<div class=\"elementor-tab-title elementor-tab-mobile-title\" aria-selected=\"false\" data-tab=\"2\" role=\"tab\" tabindex=\"-1\" aria-controls=\"elementor-tab-content-6502\" aria-expanded=\"false\">Notas e Orienta\u00e7\u00f5es<\/div>\n\t\t\t\t\t<div id=\"elementor-tab-content-6502\" class=\"elementor-tab-content elementor-clearfix\" data-tab=\"2\" role=\"tabpanel\" aria-labelledby=\"elementor-tab-title-6502\" tabindex=\"0\" hidden=\"hidden\">Lorem ipsum dolor sit amet, consectetur adipiscing elit. Ut elit tellus, luctus nec ullamcorper mattis, pulvinar dapibus leo.<\/div>\n\t\t\t\t\t\t\t\t\t<div class=\"elementor-tab-title elementor-tab-mobile-title\" aria-selected=\"false\" data-tab=\"3\" role=\"tab\" tabindex=\"-1\" aria-controls=\"elementor-tab-content-6503\" aria-expanded=\"false\">Documentos e Formul\u00e1rios<\/div>\n\t\t\t\t\t<div id=\"elementor-tab-content-6503\" class=\"elementor-tab-content elementor-clearfix\" data-tab=\"3\" role=\"tabpanel\" aria-labelledby=\"elementor-tab-title-6503\" tabindex=\"0\" hidden=\"hidden\">Conte\u00fado do separador<\/div>\n\t\t\t\t\t\t\t<\/div>\n\t\t<\/div>\n\t\t\t\t<\/div>\n\t\t\t\t<\/div>\n\t\t\t\t\t<\/div>\n\t\t<\/div>\n\t\t\t\t\t\t\t<\/div>\n\t\t<\/section>\n\t\t\t\t\t\t\t<\/div>\n\t\t","protected":false},"excerpt":{"rendered":"<p>AVALIA\u00c7\u00c3O DE DESEMPENHO DOCENTE Legisla\u00e7\u00e3o Notas e Orienta\u00e7\u00f5es Documentos e Formul\u00e1rios Legisla\u00e7\u00e3o Decreto-Lei n.\u00ba 41\/2012 (Estatuto da Carreira Docente) Decreto Regulamentar n.\u00ba 26\/2012 (modelo de avalia\u00e7\u00e3o) Despacho Normativo n.\u00ba 19\/2012 (suprimento por Pondera\u00e7\u00e3o Curricular) Despacho n.\u00ba 12567\/2012 (Universos e Percentis) Despacho n.\u00ba 12635\/2012 (correspond\u00eancia SIADAP\/ADD) Despacho n.\u00ba 13981\/2012 (par\u00e2metros para a Avalia\u00e7\u00e3o Externa) Despacho Normativo [&hellip;]<\/p>\n","protected":false},"author":4,"featured_media":0,"parent":0,"menu_order":0,"comment_status":"closed","ping_status":"closed","template":"","meta":{"footnotes":""},"yoast_head":"<!-- This site is optimized with the Yoast SEO plugin v22.8 - https:\/\/yoast.com\/wordpress\/plugins\/seo\/ -->\n<title>ADD | SIADAP - Agrupamento de Escolas n.\u00ba 2 de Serpa<\/title>\n<meta name=\"robots\" content=\"index, follow, max-snippet:-1, max-image-preview:large, max-video-preview:-1\" \/>\n<link rel=\"canonical\" href=\"https:\/\/www.ae2serpa.pt\/index.php\/add-siadap\/\" \/>\n<meta property=\"og:locale\" content=\"pt_PT\" \/>\n<meta property=\"og:type\" content=\"article\" \/>\n<meta property=\"og:title\" content=\"ADD | SIADAP - Agrupamento de Escolas n.\u00ba 2 de Serpa\" \/>\n<meta property=\"og:description\" content=\"AVALIA\u00c7\u00c3O DE DESEMPENHO DOCENTE Legisla\u00e7\u00e3o Notas e Orienta\u00e7\u00f5es Documentos e Formul\u00e1rios Legisla\u00e7\u00e3o Decreto-Lei n.\u00ba 41\/2012 (Estatuto da Carreira Docente) Decreto Regulamentar n.\u00ba 26\/2012 (modelo de avalia\u00e7\u00e3o) Despacho Normativo n.\u00ba 19\/2012 (suprimento por Pondera\u00e7\u00e3o Curricular) Despacho n.\u00ba 12567\/2012 (Universos e Percentis) Despacho n.\u00ba 12635\/2012 (correspond\u00eancia SIADAP\/ADD) Despacho n.\u00ba 13981\/2012 (par\u00e2metros para a Avalia\u00e7\u00e3o Externa) Despacho Normativo [&hellip;]\" \/>\n<meta property=\"og:url\" content=\"https:\/\/www.ae2serpa.pt\/index.php\/add-siadap\/\" \/>\n<meta property=\"og:site_name\" content=\"Agrupamento de Escolas n.\u00ba 2 de Serpa\" \/>\n<meta property=\"article:publisher\" content=\"https:\/\/www.facebook.com\/AE2Serpa\/\" \/>\n<meta property=\"article:modified_time\" content=\"2022-01-08T16:01:24+00:00\" \/>\n<meta name=\"twitter:card\" content=\"summary_large_image\" \/>\n<meta name=\"twitter:site\" content=\"@ae2serpa\" \/>\n<meta name=\"twitter:label1\" content=\"Tempo estimado de leitura\" \/>\n\t<meta name=\"twitter:data1\" content=\"2 minutos\" \/>\n<script type=\"application\/ld+json\" class=\"yoast-schema-graph\">{\"@context\":\"https:\/\/schema.org\",\"@graph\":[{\"@type\":\"WebPage\",\"@id\":\"https:\/\/www.ae2serpa.pt\/index.php\/add-siadap\/\",\"url\":\"https:\/\/www.ae2serpa.pt\/index.php\/add-siadap\/\",\"name\":\"ADD | SIADAP - Agrupamento de Escolas n.\u00ba 2 de Serpa\",\"isPartOf\":{\"@id\":\"https:\/\/www.ae2serpa.pt\/#website\"},\"datePublished\":\"2021-07-26T19:22:35+00:00\",\"dateModified\":\"2022-01-08T16:01:24+00:00\",\"breadcrumb\":{\"@id\":\"https:\/\/www.ae2serpa.pt\/index.php\/add-siadap\/#breadcrumb\"},\"inLanguage\":\"pt-PT\",\"potentialAction\":[{\"@type\":\"ReadAction\",\"target\":[\"https:\/\/www.ae2serpa.pt\/index.php\/add-siadap\/\"]}]},{\"@type\":\"BreadcrumbList\",\"@id\":\"https:\/\/www.ae2serpa.pt\/index.php\/add-siadap\/#breadcrumb\",\"itemListElement\":[{\"@type\":\"ListItem\",\"position\":1,\"name\":\"In\u00edcio\",\"item\":\"https:\/\/www.ae2serpa.pt\/\"},{\"@type\":\"ListItem\",\"position\":2,\"name\":\"ADD | SIADAP\"}]},{\"@type\":\"WebSite\",\"@id\":\"https:\/\/www.ae2serpa.pt\/#website\",\"url\":\"https:\/\/www.ae2serpa.pt\/\",\"name\":\"AGRUPAMENTO DE ESCOLAS N.\u00ba 2 DE SERPA\",\"description\":\"Agrupamento de Escolas n.\u00ba 2 de Serpa\",\"publisher\":{\"@id\":\"https:\/\/www.ae2serpa.pt\/#organization\"},\"potentialAction\":[{\"@type\":\"SearchAction\",\"target\":{\"@type\":\"EntryPoint\",\"urlTemplate\":\"https:\/\/www.ae2serpa.pt\/?s={search_term_string}\"},\"query-input\":\"required name=search_term_string\"}],\"inLanguage\":\"pt-PT\"},{\"@type\":\"Organization\",\"@id\":\"https:\/\/www.ae2serpa.pt\/#organization\",\"name\":\"AGRUMANENTO DE ESOLAS N.\u00ba 2 DE SERPA\",\"url\":\"https:\/\/www.ae2serpa.pt\/\",\"logo\":{\"@type\":\"ImageObject\",\"inLanguage\":\"pt-PT\",\"@id\":\"https:\/\/www.ae2serpa.pt\/#\/schema\/logo\/image\/\",\"url\":\"https:\/\/www.ae2serpa.pt\/wp-content\/uploads\/2021\/07\/AE2Serpa_LogoNovo-e1627067148639.png\",\"contentUrl\":\"https:\/\/www.ae2serpa.pt\/wp-content\/uploads\/2021\/07\/AE2Serpa_LogoNovo-e1627067148639.png\",\"width\":250,\"height\":149,\"caption\":\"AGRUMANENTO DE ESOLAS N.\u00ba 2 DE SERPA\"},\"image\":{\"@id\":\"https:\/\/www.ae2serpa.pt\/#\/schema\/logo\/image\/\"},\"sameAs\":[\"https:\/\/www.facebook.com\/AE2Serpa\/\",\"https:\/\/x.com\/ae2serpa\",\"https:\/\/www.instagram.com\/agresc2serpa\/\"]}]}<\/script>\n<!-- \/ Yoast SEO plugin. -->","yoast_head_json":{"title":"ADD | SIADAP - Agrupamento de Escolas n.\u00ba 2 de Serpa","robots":{"index":"index","follow":"follow","max-snippet":"max-snippet:-1","max-image-preview":"max-image-preview:large","max-video-preview":"max-video-preview:-1"},"canonical":"https:\/\/www.ae2serpa.pt\/index.php\/add-siadap\/","og_locale":"pt_PT","og_type":"article","og_title":"ADD | SIADAP - Agrupamento de Escolas n.\u00ba 2 de Serpa","og_description":"AVALIA\u00c7\u00c3O DE DESEMPENHO DOCENTE Legisla\u00e7\u00e3o Notas e Orienta\u00e7\u00f5es Documentos e Formul\u00e1rios Legisla\u00e7\u00e3o Decreto-Lei n.\u00ba 41\/2012 (Estatuto da Carreira Docente) Decreto Regulamentar n.\u00ba 26\/2012 (modelo de avalia\u00e7\u00e3o) Despacho Normativo n.\u00ba 19\/2012 (suprimento por Pondera\u00e7\u00e3o Curricular) Despacho n.\u00ba 12567\/2012 (Universos e Percentis) Despacho n.\u00ba 12635\/2012 (correspond\u00eancia SIADAP\/ADD) Despacho n.\u00ba 13981\/2012 (par\u00e2metros para a Avalia\u00e7\u00e3o Externa) Despacho Normativo [&hellip;]","og_url":"https:\/\/www.ae2serpa.pt\/index.php\/add-siadap\/","og_site_name":"Agrupamento de Escolas n.\u00ba 2 de Serpa","article_publisher":"https:\/\/www.facebook.com\/AE2Serpa\/","article_modified_time":"2022-01-08T16:01:24+00:00","twitter_card":"summary_large_image","twitter_site":"@ae2serpa","twitter_misc":{"Tempo estimado de leitura":"2 minutos"},"schema":{"@context":"https:\/\/schema.org","@graph":[{"@type":"WebPage","@id":"https:\/\/www.ae2serpa.pt\/index.php\/add-siadap\/","url":"https:\/\/www.ae2serpa.pt\/index.php\/add-siadap\/","name":"ADD | SIADAP - Agrupamento de Escolas n.\u00ba 2 de Serpa","isPartOf":{"@id":"https:\/\/www.ae2serpa.pt\/#website"},"datePublished":"2021-07-26T19:22:35+00:00","dateModified":"2022-01-08T16:01:24+00:00","breadcrumb":{"@id":"https:\/\/www.ae2serpa.pt\/index.php\/add-siadap\/#breadcrumb"},"inLanguage":"pt-PT","potentialAction":[{"@type":"ReadAction","target":["https:\/\/www.ae2serpa.pt\/index.php\/add-siadap\/"]}]},{"@type":"BreadcrumbList","@id":"https:\/\/www.ae2serpa.pt\/index.php\/add-siadap\/#breadcrumb","itemListElement":[{"@type":"ListItem","position":1,"name":"In\u00edcio","item":"https:\/\/www.ae2serpa.pt\/"},{"@type":"ListItem","position":2,"name":"ADD | SIADAP"}]},{"@type":"WebSite","@id":"https:\/\/www.ae2serpa.pt\/#website","url":"https:\/\/www.ae2serpa.pt\/","name":"AGRUPAMENTO DE ESCOLAS N.\u00ba 2 DE SERPA","description":"Agrupamento de Escolas n.\u00ba 2 de Serpa","publisher":{"@id":"https:\/\/www.ae2serpa.pt\/#organization"},"potentialAction":[{"@type":"SearchAction","target":{"@type":"EntryPoint","urlTemplate":"https:\/\/www.ae2serpa.pt\/?s={search_term_string}"},"query-input":"required name=search_term_string"}],"inLanguage":"pt-PT"},{"@type":"Organization","@id":"https:\/\/www.ae2serpa.pt\/#organization","name":"AGRUMANENTO DE ESOLAS N.\u00ba 2 DE SERPA","url":"https:\/\/www.ae2serpa.pt\/","logo":{"@type":"ImageObject","inLanguage":"pt-PT","@id":"https:\/\/www.ae2serpa.pt\/#\/schema\/logo\/image\/","url":"https:\/\/www.ae2serpa.pt\/wp-content\/uploads\/2021\/07\/AE2Serpa_LogoNovo-e1627067148639.png","contentUrl":"https:\/\/www.ae2serpa.pt\/wp-content\/uploads\/2021\/07\/AE2Serpa_LogoNovo-e1627067148639.png","width":250,"height":149,"caption":"AGRUMANENTO DE ESOLAS N.\u00ba 2 DE SERPA"},"image":{"@id":"https:\/\/www.ae2serpa.pt\/#\/schema\/logo\/image\/"},"sameAs":["https:\/\/www.facebook.com\/AE2Serpa\/","https:\/\/x.com\/ae2serpa","https:\/\/www.instagram.com\/agresc2serpa\/"]}]}},"_links":{"self":[{"href":"https:\/\/www.ae2serpa.pt\/index.php\/wp-json\/wp\/v2\/pages\/1118"}],"collection":[{"href":"https:\/\/www.ae2serpa.pt\/index.php\/wp-json\/wp\/v2\/pages"}],"about":[{"href":"https:\/\/www.ae2serpa.pt\/index.php\/wp-json\/wp\/v2\/types\/page"}],"author":[{"embeddable":true,"href":"https:\/\/www.ae2serpa.pt\/index.php\/wp-json\/wp\/v2\/users\/4"}],"replies":[{"embeddable":true,"href":"https:\/\/www.ae2serpa.pt\/index.php\/wp-json\/wp\/v2\/comments?post=1118"}],"version-history":[{"count":100,"href":"https:\/\/www.ae2serpa.pt\/index.php\/wp-json\/wp\/v2\/pages\/1118\/revisions"}],"predecessor-version":[{"id":4623,"href":"https:\/\/www.ae2serpa.pt\/index.php\/wp-json\/wp\/v2\/pages\/1118\/revisions\/4623"}],"wp:attachment":[{"href":"https:\/\/www.ae2serpa.pt\/index.php\/wp-json\/wp\/v2\/media?parent=1118"}],"curies":[{"name":"wp","href":"https:\/\/api.w.org\/{rel}","templated":true}]}}