{"id":1117,"date":"2021-07-26T20:22:35","date_gmt":"2021-07-26T19:22:35","guid":{"rendered":"https:\/\/www.ae2serpa.pt\/?page_id=1117"},"modified":"2026-02-26T16:06:48","modified_gmt":"2026-02-26T16:06:48","slug":"concursos-nao-docentes","status":"publish","type":"page","link":"https:\/\/www.ae2serpa.pt\/index.php\/concursos-nao-docentes\/","title":{"rendered":"CONCURSOS N\u00c3O DOCENTES"},"content":{"rendered":"\t\t<div data-elementor-type=\"wp-page\" data-elementor-id=\"1117\" class=\"elementor elementor-1117\">\n\t\t\t\t\t\t\t\t\t<section class=\"elementor-section elementor-top-section elementor-element elementor-element-e16d995 elementor-section-boxed elementor-section-height-default elementor-section-height-default\" data-id=\"e16d995\" data-element_type=\"section\">\n\t\t\t\t\t\t<div class=\"elementor-container elementor-column-gap-default\">\n\t\t\t\t\t<div class=\"elementor-column elementor-col-100 elementor-top-column elementor-element elementor-element-b14ef4d\" data-id=\"b14ef4d\" data-element_type=\"column\">\n\t\t\t<div class=\"elementor-widget-wrap elementor-element-populated\">\n\t\t\t\t\t\t\t\t<div class=\"elementor-element elementor-element-bdd1a92 elementor-widget elementor-widget-heading\" data-id=\"bdd1a92\" data-element_type=\"widget\" data-widget_type=\"heading.default\">\n\t\t\t\t<div class=\"elementor-widget-container\">\n\t\t\t<h2 class=\"elementor-heading-title elementor-size-default\">RECRUTAMENTO PARA FUN\u00c7\u00d5ES N\u00c3O DOCENTES<\/h2>\t\t<\/div>\n\t\t\t\t<\/div>\n\t\t\t\t\t<\/div>\n\t\t<\/div>\n\t\t\t\t\t\t\t<\/div>\n\t\t<\/section>\n\t\t\t\t<section class=\"elementor-section elementor-top-section elementor-element elementor-element-d55eb30 elementor-section-boxed elementor-section-height-default elementor-section-height-default\" data-id=\"d55eb30\" data-element_type=\"section\">\n\t\t\t\t\t\t<div class=\"elementor-container elementor-column-gap-default\">\n\t\t\t\t\t<div class=\"elementor-column elementor-col-100 elementor-top-column elementor-element elementor-element-f8754d3\" data-id=\"f8754d3\" data-element_type=\"column\">\n\t\t\t<div class=\"elementor-widget-wrap elementor-element-populated\">\n\t\t\t\t\t\t\t\t<div class=\"elementor-element elementor-element-00ca4f7 elementor-tabs-view-horizontal elementor-widget elementor-widget-tabs\" data-id=\"00ca4f7\" data-element_type=\"widget\" data-widget_type=\"tabs.default\">\n\t\t\t\t<div class=\"elementor-widget-container\">\n\t\t\t\t\t<div class=\"elementor-tabs\">\n\t\t\t<div class=\"elementor-tabs-wrapper\" role=\"tablist\" >\n\t\t\t\t\t\t\t\t\t<div id=\"elementor-tab-title-8281\" class=\"elementor-tab-title elementor-tab-desktop-title\" aria-selected=\"true\" data-tab=\"1\" role=\"tab\" tabindex=\"0\" aria-controls=\"elementor-tab-content-8281\" aria-expanded=\"false\">Assistentes Operacionais<\/div>\n\t\t\t\t\t\t\t\t\t<div id=\"elementor-tab-title-8282\" class=\"elementor-tab-title elementor-tab-desktop-title\" aria-selected=\"false\" data-tab=\"2\" role=\"tab\" tabindex=\"-1\" aria-controls=\"elementor-tab-content-8282\" aria-expanded=\"false\">Assistentes T\u00e9cnicos<\/div>\n\t\t\t\t\t\t\t\t\t<div id=\"elementor-tab-title-8283\" class=\"elementor-tab-title elementor-tab-desktop-title\" aria-selected=\"false\" data-tab=\"3\" role=\"tab\" tabindex=\"-1\" aria-controls=\"elementor-tab-content-8283\" aria-expanded=\"false\">T\u00e9cnicos Especializados<\/div>\n\t\t\t\t\t\t\t<\/div>\n\t\t\t<div class=\"elementor-tabs-content-wrapper\" role=\"tablist\" aria-orientation=\"vertical\">\n\t\t\t\t\t\t\t\t\t<div class=\"elementor-tab-title elementor-tab-mobile-title\" aria-selected=\"true\" data-tab=\"1\" role=\"tab\" tabindex=\"0\" aria-controls=\"elementor-tab-content-8281\" aria-expanded=\"false\">Assistentes Operacionais<\/div>\n\t\t\t\t\t<div id=\"elementor-tab-content-8281\" class=\"elementor-tab-content elementor-clearfix\" data-tab=\"1\" role=\"tabpanel\" aria-labelledby=\"elementor-tab-title-8281\" tabindex=\"0\" hidden=\"false\"><p>Neste momento n\u00e3o existem hor\u00e1rios em oferta<\/p><\/div>\n\t\t\t\t\t\t\t\t\t<div class=\"elementor-tab-title elementor-tab-mobile-title\" aria-selected=\"false\" data-tab=\"2\" role=\"tab\" tabindex=\"-1\" aria-controls=\"elementor-tab-content-8282\" aria-expanded=\"false\">Assistentes T\u00e9cnicos<\/div>\n\t\t\t\t\t<div id=\"elementor-tab-content-8282\" class=\"elementor-tab-content elementor-clearfix\" data-tab=\"2\" role=\"tabpanel\" aria-labelledby=\"elementor-tab-title-8282\" tabindex=\"0\" hidden=\"hidden\"><p>Neste momento n\u00e3o existem hor\u00e1rios em oferta<\/p><\/div>\n\t\t\t\t\t\t\t\t\t<div class=\"elementor-tab-title elementor-tab-mobile-title\" aria-selected=\"false\" data-tab=\"3\" role=\"tab\" tabindex=\"-1\" aria-controls=\"elementor-tab-content-8283\" aria-expanded=\"false\">T\u00e9cnicos Especializados<\/div>\n\t\t\t\t\t<div id=\"elementor-tab-content-8283\" class=\"elementor-tab-content elementor-clearfix\" data-tab=\"3\" role=\"tabpanel\" aria-labelledby=\"elementor-tab-title-8283\" tabindex=\"0\" hidden=\"hidden\"><p><em><strong>Hor\u00e1rio n.\u00ba 14 | Contrata\u00e7\u00e3o de Psic\u00f3logo(a) Educacional (35 horas semanais \/ at\u00e9 31\/08\/2026)<\/strong><\/em><br \/>\u00a0 \u00a0 \u00a0&gt; <a href=\"https:\/\/www.ae2serpa.pt\/wp-content\/uploads\/2026\/01\/Aviso-de-Abertura-Concurso-Psi.pdf\">Aviso de Abertura<\/a> (Descri\u00e7\u00e3o, prazos, termos e crit\u00e9rios)<br \/>\u00a0 \u00a0 \u00a0&gt; Modelo de apoio ao Porf\u00f3lio (anexo) | <a href=\"https:\/\/www.ae2serpa.pt\/wp-content\/uploads\/2026\/01\/Portefolio-Concurso-Psicologia_modelo.docx\">em Word<\/a> | <a href=\"https:\/\/www.ae2serpa.pt\/wp-content\/uploads\/2026\/01\/Portefolio-Concurso-Psicologia_modelo.pdf\">em PDF<\/a><br \/>\u00a0 \u00a0 \u00a0&gt; <a href=\"https:\/\/www.ae2serpa.pt\/wp-content\/uploads\/2026\/01\/Lista-de-candidatos.pdf\">Lista de Candidatos<\/a>\u00a0 \u00a0|\u00a0 \u00a0<a href=\"https:\/\/www.ae2serpa.pt\/wp-content\/uploads\/2026\/01\/Lista-de-admitidos-e-excluidos.pdf\">Lista de Admiss\u00e3o e Exclus\u00e3o<\/a><br \/>\u00a0 \u00a0 \u00a0&gt; <a href=\"https:\/\/www.ae2serpa.pt\/wp-content\/uploads\/2026\/01\/Lista-Crit-A.pdf\">Avalia\u00e7\u00e3o do Portf\u00f3lio<\/a> (crit\u00e9rio 1\/A)\u00a0 |\u00a0 <a href=\"https:\/\/www.ae2serpa.pt\/wp-content\/uploads\/2026\/01\/Lista-Crit-AB.pdf\">Pondera\u00e7\u00e3o da Experi\u00eancia Profissional<\/a> (crit\u00e9rio 2\/B)<br \/>\u00a0 \u00a0 \u00a0&gt; <a href=\"https:\/\/www.ae2serpa.pt\/wp-content\/uploads\/2026\/01\/H_14-TE-PSI-35h-JAN-2026-1_signed-2.pdf\">Avalia\u00e7\u00e3o da Entrevista<\/a> (crit\u00e9rio 3\/C)\u00a0 |\u00a0 <a href=\"https:\/\/www.ae2serpa.pt\/wp-content\/uploads\/2026\/01\/H_14-TE-PSI-35h-JAN-2026-2_signed.pdf\">Avalia\u00e7\u00e3o Final Global<\/a> (Lista de Seria\u00e7\u00e3o)<\/p><p><em><strong>Hor\u00e1rio n.\u00ba 21<\/strong><\/em> | <em><strong>Contrata\u00e7\u00e3o de Animador Sociocultural c\/ Mestrado\/Forma\u00e7\u00e3o Especializada em Educa\u00e7\u00e3o Especial (35 horas &#8211; substitui\u00e7\u00e3o)<\/strong><\/em><br \/>\u00a0 \u00a0 \u00a0&gt; <a href=\"https:\/\/www.ae2serpa.pt\/wp-content\/uploads\/2026\/01\/H21-TE-ASC_Ed_Especial_1.pdf\">Aviso de Abertura<\/a> (Descri\u00e7\u00e3o, prazos, termos e crit\u00e9rios)<br \/>\u00a0 \u00a0 \u00a0&gt; <a href=\"https:\/\/www.ae2serpa.pt\/wp-content\/uploads\/2026\/02\/H21-TE-Lista-de-Candidatos.pdf\">Lista de Candidatos<\/a> e <a href=\"https:\/\/www.ae2serpa.pt\/wp-content\/uploads\/2026\/02\/H21-TE-Lista-Admissao.pdf\">Lista de Admiss\u00e3o e Exclus\u00e3o<\/a>\u00a0<br \/>\u00a0 \u00a0 \u00a0&gt; Avalia\u00e7\u00e3o: <a href=\"https:\/\/www.ae2serpa.pt\/wp-content\/uploads\/2026\/02\/H21-TE-Lista-criterio-A.pdf\">Crit\u00e9rio A<\/a><br \/>\u00a0 \u00a0 \u00a0&gt; Avalia\u00e7\u00e3o: <a href=\"https:\/\/www.ae2serpa.pt\/wp-content\/uploads\/2026\/02\/H21-TE-Lista-criterios-A-e-B.pdf\">Crit\u00e9rio A e B<\/a><br \/>\u00a0 \u00a0 \u00a0&gt; Avalia\u00e7\u00e3o: <a href=\"https:\/\/www.ae2serpa.pt\/wp-content\/uploads\/2026\/02\/H_21-TE-Lista-criterio-C_signed.pdf\">Crit\u00e9rio C (entrevista)<\/a><br \/>\u00a0 \u00a0 \u00a0&gt; Avalia\u00e7\u00e3o: <a href=\"https:\/\/www.ae2serpa.pt\/wp-content\/uploads\/2026\/02\/H_21-TE-Lista-Final-Global_signed.pdf\">Final Global (Seria\u00e7\u00e3o)<\/a><\/p><\/div>\n\t\t\t\t\t\t\t<\/div>\n\t\t<\/div>\n\t\t\t\t<\/div>\n\t\t\t\t<\/div>\n\t\t\t\t\t<\/div>\n\t\t<\/div>\n\t\t\t\t\t\t\t<\/div>\n\t\t<\/section>\n\t\t\t\t\t\t\t<\/div>\n\t\t","protected":false},"excerpt":{"rendered":"<p>RECRUTAMENTO PARA FUN\u00c7\u00d5ES N\u00c3O DOCENTES Assistentes Operacionais Assistentes T\u00e9cnicos T\u00e9cnicos Especializados Assistentes Operacionais Neste momento n\u00e3o existem hor\u00e1rios em oferta Assistentes T\u00e9cnicos Neste momento n\u00e3o existem hor\u00e1rios em oferta T\u00e9cnicos Especializados Hor\u00e1rio n.\u00ba 14 | Contrata\u00e7\u00e3o de Psic\u00f3logo(a) Educacional (35 horas semanais \/ at\u00e9 31\/08\/2026)\u00a0 \u00a0 \u00a0&gt; Aviso de Abertura (Descri\u00e7\u00e3o, prazos, termos e crit\u00e9rios)\u00a0 [&hellip;]<\/p>\n","protected":false},"author":4,"featured_media":0,"parent":0,"menu_order":0,"comment_status":"closed","ping_status":"closed","template":"","meta":{"footnotes":""},"yoast_head":"<!-- This site is optimized with the Yoast SEO plugin v22.8 - https:\/\/yoast.com\/wordpress\/plugins\/seo\/ -->\n<title>CONCURSOS N\u00c3O DOCENTES - Agrupamento de Escolas n.\u00ba 2 de Serpa<\/title>\n<meta name=\"robots\" content=\"index, follow, max-snippet:-1, max-image-preview:large, max-video-preview:-1\" \/>\n<link rel=\"canonical\" href=\"https:\/\/www.ae2serpa.pt\/index.php\/concursos-nao-docentes\/\" \/>\n<meta property=\"og:locale\" content=\"pt_PT\" \/>\n<meta property=\"og:type\" content=\"article\" \/>\n<meta property=\"og:title\" content=\"CONCURSOS N\u00c3O DOCENTES - Agrupamento de Escolas n.\u00ba 2 de Serpa\" \/>\n<meta property=\"og:description\" content=\"RECRUTAMENTO PARA FUN\u00c7\u00d5ES N\u00c3O DOCENTES Assistentes Operacionais Assistentes T\u00e9cnicos T\u00e9cnicos Especializados Assistentes Operacionais Neste momento n\u00e3o existem hor\u00e1rios em oferta Assistentes T\u00e9cnicos Neste momento n\u00e3o existem hor\u00e1rios em oferta T\u00e9cnicos Especializados Hor\u00e1rio n.\u00ba 14 | Contrata\u00e7\u00e3o de Psic\u00f3logo(a) Educacional (35 horas semanais \/ at\u00e9 31\/08\/2026)\u00a0 \u00a0 \u00a0&gt; Aviso de Abertura (Descri\u00e7\u00e3o, prazos, termos e crit\u00e9rios)\u00a0 [&hellip;]\" \/>\n<meta property=\"og:url\" content=\"https:\/\/www.ae2serpa.pt\/index.php\/concursos-nao-docentes\/\" \/>\n<meta property=\"og:site_name\" content=\"Agrupamento de Escolas n.\u00ba 2 de Serpa\" \/>\n<meta property=\"article:publisher\" content=\"https:\/\/www.facebook.com\/AE2Serpa\/\" \/>\n<meta property=\"article:modified_time\" content=\"2026-02-26T16:06:48+00:00\" \/>\n<meta name=\"twitter:card\" content=\"summary_large_image\" \/>\n<meta name=\"twitter:site\" content=\"@ae2serpa\" \/>\n<meta name=\"twitter:label1\" content=\"Tempo estimado de leitura\" \/>\n\t<meta name=\"twitter:data1\" content=\"1 minuto\" \/>\n<script type=\"application\/ld+json\" class=\"yoast-schema-graph\">{\"@context\":\"https:\/\/schema.org\",\"@graph\":[{\"@type\":\"WebPage\",\"@id\":\"https:\/\/www.ae2serpa.pt\/index.php\/concursos-nao-docentes\/\",\"url\":\"https:\/\/www.ae2serpa.pt\/index.php\/concursos-nao-docentes\/\",\"name\":\"CONCURSOS N\u00c3O DOCENTES - Agrupamento de Escolas n.\u00ba 2 de Serpa\",\"isPartOf\":{\"@id\":\"https:\/\/www.ae2serpa.pt\/#website\"},\"datePublished\":\"2021-07-26T19:22:35+00:00\",\"dateModified\":\"2026-02-26T16:06:48+00:00\",\"breadcrumb\":{\"@id\":\"https:\/\/www.ae2serpa.pt\/index.php\/concursos-nao-docentes\/#breadcrumb\"},\"inLanguage\":\"pt-PT\",\"potentialAction\":[{\"@type\":\"ReadAction\",\"target\":[\"https:\/\/www.ae2serpa.pt\/index.php\/concursos-nao-docentes\/\"]}]},{\"@type\":\"BreadcrumbList\",\"@id\":\"https:\/\/www.ae2serpa.pt\/index.php\/concursos-nao-docentes\/#breadcrumb\",\"itemListElement\":[{\"@type\":\"ListItem\",\"position\":1,\"name\":\"In\u00edcio\",\"item\":\"https:\/\/www.ae2serpa.pt\/\"},{\"@type\":\"ListItem\",\"position\":2,\"name\":\"CONCURSOS N\u00c3O DOCENTES\"}]},{\"@type\":\"WebSite\",\"@id\":\"https:\/\/www.ae2serpa.pt\/#website\",\"url\":\"https:\/\/www.ae2serpa.pt\/\",\"name\":\"AGRUPAMENTO DE ESCOLAS N.\u00ba 2 DE SERPA\",\"description\":\"Agrupamento de Escolas n.\u00ba 2 de Serpa\",\"publisher\":{\"@id\":\"https:\/\/www.ae2serpa.pt\/#organization\"},\"potentialAction\":[{\"@type\":\"SearchAction\",\"target\":{\"@type\":\"EntryPoint\",\"urlTemplate\":\"https:\/\/www.ae2serpa.pt\/?s={search_term_string}\"},\"query-input\":\"required name=search_term_string\"}],\"inLanguage\":\"pt-PT\"},{\"@type\":\"Organization\",\"@id\":\"https:\/\/www.ae2serpa.pt\/#organization\",\"name\":\"AGRUMANENTO DE ESOLAS N.\u00ba 2 DE SERPA\",\"url\":\"https:\/\/www.ae2serpa.pt\/\",\"logo\":{\"@type\":\"ImageObject\",\"inLanguage\":\"pt-PT\",\"@id\":\"https:\/\/www.ae2serpa.pt\/#\/schema\/logo\/image\/\",\"url\":\"https:\/\/www.ae2serpa.pt\/wp-content\/uploads\/2021\/07\/AE2Serpa_LogoNovo-e1627067148639.png\",\"contentUrl\":\"https:\/\/www.ae2serpa.pt\/wp-content\/uploads\/2021\/07\/AE2Serpa_LogoNovo-e1627067148639.png\",\"width\":250,\"height\":149,\"caption\":\"AGRUMANENTO DE ESOLAS N.\u00ba 2 DE SERPA\"},\"image\":{\"@id\":\"https:\/\/www.ae2serpa.pt\/#\/schema\/logo\/image\/\"},\"sameAs\":[\"https:\/\/www.facebook.com\/AE2Serpa\/\",\"https:\/\/x.com\/ae2serpa\",\"https:\/\/www.instagram.com\/agresc2serpa\/\"]}]}<\/script>\n<!-- \/ Yoast SEO plugin. -->","yoast_head_json":{"title":"CONCURSOS N\u00c3O DOCENTES - Agrupamento de Escolas n.\u00ba 2 de Serpa","robots":{"index":"index","follow":"follow","max-snippet":"max-snippet:-1","max-image-preview":"max-image-preview:large","max-video-preview":"max-video-preview:-1"},"canonical":"https:\/\/www.ae2serpa.pt\/index.php\/concursos-nao-docentes\/","og_locale":"pt_PT","og_type":"article","og_title":"CONCURSOS N\u00c3O DOCENTES - Agrupamento de Escolas n.\u00ba 2 de Serpa","og_description":"RECRUTAMENTO PARA FUN\u00c7\u00d5ES N\u00c3O DOCENTES Assistentes Operacionais Assistentes T\u00e9cnicos T\u00e9cnicos Especializados Assistentes Operacionais Neste momento n\u00e3o existem hor\u00e1rios em oferta Assistentes T\u00e9cnicos Neste momento n\u00e3o existem hor\u00e1rios em oferta T\u00e9cnicos Especializados Hor\u00e1rio n.\u00ba 14 | Contrata\u00e7\u00e3o de Psic\u00f3logo(a) Educacional (35 horas semanais \/ at\u00e9 31\/08\/2026)\u00a0 \u00a0 \u00a0&gt; Aviso de Abertura (Descri\u00e7\u00e3o, prazos, termos e crit\u00e9rios)\u00a0 [&hellip;]","og_url":"https:\/\/www.ae2serpa.pt\/index.php\/concursos-nao-docentes\/","og_site_name":"Agrupamento de Escolas n.\u00ba 2 de Serpa","article_publisher":"https:\/\/www.facebook.com\/AE2Serpa\/","article_modified_time":"2026-02-26T16:06:48+00:00","twitter_card":"summary_large_image","twitter_site":"@ae2serpa","twitter_misc":{"Tempo estimado de leitura":"1 minuto"},"schema":{"@context":"https:\/\/schema.org","@graph":[{"@type":"WebPage","@id":"https:\/\/www.ae2serpa.pt\/index.php\/concursos-nao-docentes\/","url":"https:\/\/www.ae2serpa.pt\/index.php\/concursos-nao-docentes\/","name":"CONCURSOS N\u00c3O DOCENTES - Agrupamento de Escolas n.\u00ba 2 de Serpa","isPartOf":{"@id":"https:\/\/www.ae2serpa.pt\/#website"},"datePublished":"2021-07-26T19:22:35+00:00","dateModified":"2026-02-26T16:06:48+00:00","breadcrumb":{"@id":"https:\/\/www.ae2serpa.pt\/index.php\/concursos-nao-docentes\/#breadcrumb"},"inLanguage":"pt-PT","potentialAction":[{"@type":"ReadAction","target":["https:\/\/www.ae2serpa.pt\/index.php\/concursos-nao-docentes\/"]}]},{"@type":"BreadcrumbList","@id":"https:\/\/www.ae2serpa.pt\/index.php\/concursos-nao-docentes\/#breadcrumb","itemListElement":[{"@type":"ListItem","position":1,"name":"In\u00edcio","item":"https:\/\/www.ae2serpa.pt\/"},{"@type":"ListItem","position":2,"name":"CONCURSOS N\u00c3O DOCENTES"}]},{"@type":"WebSite","@id":"https:\/\/www.ae2serpa.pt\/#website","url":"https:\/\/www.ae2serpa.pt\/","name":"AGRUPAMENTO DE ESCOLAS N.\u00ba 2 DE SERPA","description":"Agrupamento de Escolas n.\u00ba 2 de Serpa","publisher":{"@id":"https:\/\/www.ae2serpa.pt\/#organization"},"potentialAction":[{"@type":"SearchAction","target":{"@type":"EntryPoint","urlTemplate":"https:\/\/www.ae2serpa.pt\/?s={search_term_string}"},"query-input":"required name=search_term_string"}],"inLanguage":"pt-PT"},{"@type":"Organization","@id":"https:\/\/www.ae2serpa.pt\/#organization","name":"AGRUMANENTO DE ESOLAS N.\u00ba 2 DE SERPA","url":"https:\/\/www.ae2serpa.pt\/","logo":{"@type":"ImageObject","inLanguage":"pt-PT","@id":"https:\/\/www.ae2serpa.pt\/#\/schema\/logo\/image\/","url":"https:\/\/www.ae2serpa.pt\/wp-content\/uploads\/2021\/07\/AE2Serpa_LogoNovo-e1627067148639.png","contentUrl":"https:\/\/www.ae2serpa.pt\/wp-content\/uploads\/2021\/07\/AE2Serpa_LogoNovo-e1627067148639.png","width":250,"height":149,"caption":"AGRUMANENTO DE ESOLAS N.\u00ba 2 DE SERPA"},"image":{"@id":"https:\/\/www.ae2serpa.pt\/#\/schema\/logo\/image\/"},"sameAs":["https:\/\/www.facebook.com\/AE2Serpa\/","https:\/\/x.com\/ae2serpa","https:\/\/www.instagram.com\/agresc2serpa\/"]}]}},"_links":{"self":[{"href":"https:\/\/www.ae2serpa.pt\/index.php\/wp-json\/wp\/v2\/pages\/1117"}],"collection":[{"href":"https:\/\/www.ae2serpa.pt\/index.php\/wp-json\/wp\/v2\/pages"}],"about":[{"href":"https:\/\/www.ae2serpa.pt\/index.php\/wp-json\/wp\/v2\/types\/page"}],"author":[{"embeddable":true,"href":"https:\/\/www.ae2serpa.pt\/index.php\/wp-json\/wp\/v2\/users\/4"}],"replies":[{"embeddable":true,"href":"https:\/\/www.ae2serpa.pt\/index.php\/wp-json\/wp\/v2\/comments?post=1117"}],"version-history":[{"count":92,"href":"https:\/\/www.ae2serpa.pt\/index.php\/wp-json\/wp\/v2\/pages\/1117\/revisions"}],"predecessor-version":[{"id":10322,"href":"https:\/\/www.ae2serpa.pt\/index.php\/wp-json\/wp\/v2\/pages\/1117\/revisions\/10322"}],"wp:attachment":[{"href":"https:\/\/www.ae2serpa.pt\/index.php\/wp-json\/wp\/v2\/media?parent=1117"}],"curies":[{"name":"wp","href":"https:\/\/api.w.org\/{rel}","templated":true}]}}