{"id":10460,"date":"2026-04-14T10:31:04","date_gmt":"2026-04-14T10:31:04","guid":{"rendered":"https:\/\/www.ae2serpa.pt\/?page_id=10460"},"modified":"2026-04-14T10:52:32","modified_gmt":"2026-04-14T10:52:32","slug":"eleicoes-conselho-geral-2026-2030","status":"publish","type":"page","link":"https:\/\/www.ae2serpa.pt\/index.php\/eleicoes-conselho-geral-2026-2030\/","title":{"rendered":"Elei\u00e7\u00f5es: Conselho Geral (2026\/2030)"},"content":{"rendered":"\t\t<div data-elementor-type=\"wp-page\" data-elementor-id=\"10460\" class=\"elementor elementor-10460\">\n\t\t\t\t\t\t\t\t\t<section class=\"elementor-section elementor-top-section elementor-element elementor-element-d8cff68 elementor-section-boxed elementor-section-height-default elementor-section-height-default\" data-id=\"d8cff68\" data-element_type=\"section\">\n\t\t\t\t\t\t<div class=\"elementor-container elementor-column-gap-default\">\n\t\t\t\t\t<div class=\"elementor-column elementor-col-100 elementor-top-column elementor-element elementor-element-da65f38\" data-id=\"da65f38\" data-element_type=\"column\">\n\t\t\t<div class=\"elementor-widget-wrap elementor-element-populated\">\n\t\t\t\t\t\t\t\t<div class=\"elementor-element elementor-element-eb7545c elementor-widget elementor-widget-heading\" data-id=\"eb7545c\" data-element_type=\"widget\" data-widget_type=\"heading.default\">\n\t\t\t\t<div class=\"elementor-widget-container\">\n\t\t\t<h1 class=\"elementor-heading-title elementor-size-default\">Elei\u00e7\u00e3o dos Representantes<br>\nPessoal Docente | Pessoal N\u00e3o Docente | Alunos<\/h1>\t\t<\/div>\n\t\t\t\t<\/div>\n\t\t\t\t\t<\/div>\n\t\t<\/div>\n\t\t\t\t\t\t\t<\/div>\n\t\t<\/section>\n\t\t\t\t<section class=\"elementor-section elementor-top-section elementor-element elementor-element-2dd302c elementor-section-boxed elementor-section-height-default elementor-section-height-default\" data-id=\"2dd302c\" data-element_type=\"section\">\n\t\t\t\t\t\t<div class=\"elementor-container elementor-column-gap-default\">\n\t\t\t\t\t<div class=\"elementor-column elementor-col-100 elementor-top-column elementor-element elementor-element-7afd790\" data-id=\"7afd790\" data-element_type=\"column\">\n\t\t\t<div class=\"elementor-widget-wrap elementor-element-populated\">\n\t\t\t\t\t\t\t\t<div class=\"elementor-element elementor-element-40b2be9 elementor-widget elementor-widget-heading\" data-id=\"40b2be9\" data-element_type=\"widget\" data-widget_type=\"heading.default\">\n\t\t\t\t<div class=\"elementor-widget-container\">\n\t\t\t<h2 class=\"elementor-heading-title elementor-size-default\">Documentos Orientadores e de Apoio<\/h2>\t\t<\/div>\n\t\t\t\t<\/div>\n\t\t\t\t\t<\/div>\n\t\t<\/div>\n\t\t\t\t\t\t\t<\/div>\n\t\t<\/section>\n\t\t\t\t<section class=\"elementor-section elementor-top-section elementor-element elementor-element-83ed23b elementor-section-boxed elementor-section-height-default elementor-section-height-default\" data-id=\"83ed23b\" data-element_type=\"section\">\n\t\t\t\t\t\t<div class=\"elementor-container elementor-column-gap-default\">\n\t\t\t\t\t<div class=\"elementor-column elementor-col-100 elementor-top-column elementor-element elementor-element-1ef0698\" data-id=\"1ef0698\" data-element_type=\"column\">\n\t\t\t<div class=\"elementor-widget-wrap elementor-element-populated\">\n\t\t\t\t\t\t\t\t<div class=\"elementor-element elementor-element-761f09c elementor-widget__width-initial elementor-widget elementor-widget-text-editor\" data-id=\"761f09c\" data-element_type=\"widget\" data-widget_type=\"text-editor.default\">\n\t\t\t\t<div class=\"elementor-widget-container\">\n\t\t\t\t\t\t\t<p style=\"text-align: right;\">Calend\u00e1rio dos Procedimentos Eleitorais &#8211; <a href=\"https:\/\/www.ae2serpa.pt\/wp-content\/uploads\/2026\/04\/Calendario-Eleitoral-Conselho-Geral-assinado.pdf\"><img loading=\"lazy\" decoding=\"async\" class=\"alignnone wp-image-1233\" src=\"https:\/\/www.ae2serpa.pt\/wp-content\/uploads\/2021\/07\/PDF-244x300.png\" alt=\"\" width=\"40\" height=\"49\" \/><\/a><\/p><p style=\"text-align: right;\">Edital (Abertura dos Procedimentos) &#8211; <a href=\"https:\/\/www.ae2serpa.pt\/wp-content\/uploads\/2026\/04\/EDITAL-Abertura-dos-procedimentos-eleitoraisassinado.pdf\"><img loading=\"lazy\" decoding=\"async\" class=\"alignnone wp-image-1233\" src=\"https:\/\/www.ae2serpa.pt\/wp-content\/uploads\/2021\/07\/PDF-244x300.png\" alt=\"\" width=\"40\" height=\"49\" \/><\/a><\/p><p style=\"text-align: right;\">Regulamento Eleitoral &#8211; <a href=\"https:\/\/www.ae2serpa.pt\/wp-content\/uploads\/2026\/04\/Regulamentoassinado.pdf\"><img loading=\"lazy\" decoding=\"async\" class=\"alignnone wp-image-1233 alignright\" src=\"https:\/\/www.ae2serpa.pt\/wp-content\/uploads\/2021\/07\/PDF-244x300.png\" alt=\"\" width=\"40\" height=\"49\" \/><\/a><\/p>\t\t\t\t\t\t<\/div>\n\t\t\t\t<\/div>\n\t\t\t\t\t<\/div>\n\t\t<\/div>\n\t\t\t\t\t\t\t<\/div>\n\t\t<\/section>\n\t\t\t\t<section class=\"elementor-section elementor-top-section elementor-element elementor-element-158b5bc elementor-section-boxed elementor-section-height-default elementor-section-height-default\" data-id=\"158b5bc\" data-element_type=\"section\">\n\t\t\t\t\t\t<div class=\"elementor-container elementor-column-gap-default\">\n\t\t\t\t\t<div class=\"elementor-column elementor-col-100 elementor-top-column elementor-element elementor-element-936a97e\" data-id=\"936a97e\" data-element_type=\"column\">\n\t\t\t<div class=\"elementor-widget-wrap elementor-element-populated\">\n\t\t\t\t\t\t\t\t<div class=\"elementor-element elementor-element-85fbdbd elementor-widget-divider--view-line elementor-widget elementor-widget-divider\" data-id=\"85fbdbd\" data-element_type=\"widget\" data-widget_type=\"divider.default\">\n\t\t\t\t<div class=\"elementor-widget-container\">\n\t\t\t\t\t<div class=\"elementor-divider\">\n\t\t\t<span class=\"elementor-divider-separator\">\n\t\t\t\t\t\t<\/span>\n\t\t<\/div>\n\t\t\t\t<\/div>\n\t\t\t\t<\/div>\n\t\t\t\t\t<\/div>\n\t\t<\/div>\n\t\t\t\t\t\t\t<\/div>\n\t\t<\/section>\n\t\t\t\t<section class=\"elementor-section elementor-top-section elementor-element elementor-element-68cc027 elementor-section-boxed elementor-section-height-default elementor-section-height-default\" data-id=\"68cc027\" data-element_type=\"section\">\n\t\t\t\t\t\t<div class=\"elementor-container elementor-column-gap-default\">\n\t\t\t\t\t<div class=\"elementor-column elementor-col-100 elementor-top-column elementor-element elementor-element-05d8a14\" data-id=\"05d8a14\" data-element_type=\"column\">\n\t\t\t<div class=\"elementor-widget-wrap elementor-element-populated\">\n\t\t\t\t\t\t\t\t<div class=\"elementor-element elementor-element-769e678 elementor-widget elementor-widget-heading\" data-id=\"769e678\" data-element_type=\"widget\" data-widget_type=\"heading.default\">\n\t\t\t\t<div class=\"elementor-widget-container\">\n\t\t\t<h2 class=\"elementor-heading-title elementor-size-default\">Modelos das Listas<\/h2>\t\t<\/div>\n\t\t\t\t<\/div>\n\t\t\t\t\t<\/div>\n\t\t<\/div>\n\t\t\t\t\t\t\t<\/div>\n\t\t<\/section>\n\t\t\t\t<section class=\"elementor-section elementor-top-section elementor-element elementor-element-5443109 elementor-section-boxed elementor-section-height-default elementor-section-height-default\" data-id=\"5443109\" data-element_type=\"section\">\n\t\t\t\t\t\t<div class=\"elementor-container elementor-column-gap-default\">\n\t\t\t\t\t<div class=\"elementor-column elementor-col-100 elementor-top-column elementor-element elementor-element-e89eb9e\" data-id=\"e89eb9e\" data-element_type=\"column\">\n\t\t\t<div class=\"elementor-widget-wrap elementor-element-populated\">\n\t\t\t\t\t\t\t\t<div class=\"elementor-element elementor-element-fc72b6f elementor-widget elementor-widget-text-editor\" data-id=\"fc72b6f\" data-element_type=\"widget\" data-widget_type=\"text-editor.default\">\n\t\t\t\t<div class=\"elementor-widget-container\">\n\t\t\t\t\t\t\t<ul><li>\u00a0Modelo das Listas dos Alunos &#8211; <a href=\"https:\/\/www.ae2serpa.pt\/wp-content\/uploads\/2026\/04\/Modelo_lista-alunos.doc\"><img loading=\"lazy\" decoding=\"async\" class=\"attachment-thumbnail  alignnone wp-image-8120\" src=\"https:\/\/www.ae2serpa.pt\/wp-content\/uploads\/2024\/04\/docx_icon.svg-150x150.png\" sizes=\"(max-width: 150px) 100vw, 150px\" srcset=\"https:\/\/www.ae2serpa.pt\/wp-content\/uploads\/2024\/04\/docx_icon.svg-150x150.png 150w, https:\/\/www.ae2serpa.pt\/wp-content\/uploads\/2024\/04\/docx_icon.svg-300x300.png 300w, https:\/\/www.ae2serpa.pt\/wp-content\/uploads\/2024\/04\/docx_icon.svg-1024x1024.png 1024w, https:\/\/www.ae2serpa.pt\/wp-content\/uploads\/2024\/04\/docx_icon.svg-768x768.png 768w, https:\/\/www.ae2serpa.pt\/wp-content\/uploads\/2024\/04\/docx_icon.svg-1536x1536.png 1536w, https:\/\/www.ae2serpa.pt\/wp-content\/uploads\/2024\/04\/docx_icon.svg.png 2048w\" alt=\"\" width=\"40\" height=\"40\" data-pagespeed-url-hash=\"240335867\" \/><\/a><\/li><li>Modelo das Listas do Pessoal Docente &#8211; <a href=\"https:\/\/www.ae2serpa.pt\/wp-content\/uploads\/2026\/04\/Modelo_lista-docentes.doc\"><img loading=\"lazy\" decoding=\"async\" class=\"attachment-thumbnail  alignnone wp-image-8120\" src=\"https:\/\/www.ae2serpa.pt\/wp-content\/uploads\/2024\/04\/docx_icon.svg-150x150.png\" sizes=\"(max-width: 150px) 100vw, 150px\" srcset=\"https:\/\/www.ae2serpa.pt\/wp-content\/uploads\/2024\/04\/docx_icon.svg-150x150.png 150w, https:\/\/www.ae2serpa.pt\/wp-content\/uploads\/2024\/04\/docx_icon.svg-300x300.png 300w, https:\/\/www.ae2serpa.pt\/wp-content\/uploads\/2024\/04\/docx_icon.svg-1024x1024.png 1024w, https:\/\/www.ae2serpa.pt\/wp-content\/uploads\/2024\/04\/docx_icon.svg-768x768.png 768w, https:\/\/www.ae2serpa.pt\/wp-content\/uploads\/2024\/04\/docx_icon.svg-1536x1536.png 1536w, https:\/\/www.ae2serpa.pt\/wp-content\/uploads\/2024\/04\/docx_icon.svg.png 2048w\" alt=\"\" width=\"40\" height=\"40\" data-pagespeed-url-hash=\"240335867\" \/><\/a><\/li><li>Modelo das Listas do Pessoal N\u00e3o Docente &#8211; <a href=\"https:\/\/www.ae2serpa.pt\/wp-content\/uploads\/2026\/04\/Modelo_lista_nao_docente.doc\"><img loading=\"lazy\" decoding=\"async\" class=\"attachment-thumbnail  alignnone wp-image-8120\" src=\"https:\/\/www.ae2serpa.pt\/wp-content\/uploads\/2024\/04\/docx_icon.svg-150x150.png\" sizes=\"(max-width: 150px) 100vw, 150px\" srcset=\"https:\/\/www.ae2serpa.pt\/wp-content\/uploads\/2024\/04\/docx_icon.svg-150x150.png 150w, https:\/\/www.ae2serpa.pt\/wp-content\/uploads\/2024\/04\/docx_icon.svg-300x300.png 300w, https:\/\/www.ae2serpa.pt\/wp-content\/uploads\/2024\/04\/docx_icon.svg-1024x1024.png 1024w, https:\/\/www.ae2serpa.pt\/wp-content\/uploads\/2024\/04\/docx_icon.svg-768x768.png 768w, https:\/\/www.ae2serpa.pt\/wp-content\/uploads\/2024\/04\/docx_icon.svg-1536x1536.png 1536w, https:\/\/www.ae2serpa.pt\/wp-content\/uploads\/2024\/04\/docx_icon.svg.png 2048w\" alt=\"\" width=\"40\" height=\"40\" data-pagespeed-url-hash=\"240335867\" \/><\/a><\/li><\/ul>\t\t\t\t\t\t<\/div>\n\t\t\t\t<\/div>\n\t\t\t\t\t<\/div>\n\t\t<\/div>\n\t\t\t\t\t\t\t<\/div>\n\t\t<\/section>\n\t\t\t\t\t\t\t<\/div>\n\t\t","protected":false},"excerpt":{"rendered":"<p>Elei\u00e7\u00e3o dos Representantes Pessoal Docente | Pessoal N\u00e3o Docente | Alunos Documentos Orientadores e de Apoio Calend\u00e1rio dos Procedimentos Eleitorais &#8211; Edital (Abertura dos Procedimentos) &#8211; Regulamento Eleitoral &#8211; Modelos das Listas \u00a0Modelo das Listas dos Alunos &#8211; Modelo das Listas do Pessoal Docente &#8211; Modelo das Listas do Pessoal N\u00e3o Docente &#8211;<\/p>\n","protected":false},"author":5,"featured_media":0,"parent":0,"menu_order":0,"comment_status":"closed","ping_status":"closed","template":"","meta":{"footnotes":""},"yoast_head":"<!-- This site is optimized with the Yoast SEO plugin v22.8 - https:\/\/yoast.com\/wordpress\/plugins\/seo\/ -->\n<title>Elei\u00e7\u00f5es: Conselho Geral (2026\/2030) - Agrupamento de Escolas n.\u00ba 2 de Serpa<\/title>\n<meta name=\"robots\" content=\"index, follow, max-snippet:-1, max-image-preview:large, max-video-preview:-1\" \/>\n<link rel=\"canonical\" href=\"https:\/\/www.ae2serpa.pt\/index.php\/eleicoes-conselho-geral-2026-2030\/\" \/>\n<meta property=\"og:locale\" content=\"pt_PT\" \/>\n<meta property=\"og:type\" content=\"article\" \/>\n<meta property=\"og:title\" content=\"Elei\u00e7\u00f5es: Conselho Geral (2026\/2030) - Agrupamento de Escolas n.\u00ba 2 de Serpa\" \/>\n<meta property=\"og:description\" content=\"Elei\u00e7\u00e3o dos Representantes Pessoal Docente | Pessoal N\u00e3o Docente | Alunos Documentos Orientadores e de Apoio Calend\u00e1rio dos Procedimentos Eleitorais &#8211; Edital (Abertura dos Procedimentos) &#8211; Regulamento Eleitoral &#8211; Modelos das Listas \u00a0Modelo das Listas dos Alunos &#8211; Modelo das Listas do Pessoal Docente &#8211; Modelo das Listas do Pessoal N\u00e3o Docente &#8211;\" \/>\n<meta property=\"og:url\" content=\"https:\/\/www.ae2serpa.pt\/index.php\/eleicoes-conselho-geral-2026-2030\/\" \/>\n<meta property=\"og:site_name\" content=\"Agrupamento de Escolas n.\u00ba 2 de Serpa\" \/>\n<meta property=\"article:publisher\" content=\"https:\/\/www.facebook.com\/AE2Serpa\/\" \/>\n<meta property=\"article:modified_time\" content=\"2026-04-14T10:52:32+00:00\" \/>\n<meta property=\"og:image\" content=\"https:\/\/www.ae2serpa.pt\/wp-content\/uploads\/2021\/07\/PDF-244x300.png\" \/>\n<meta name=\"twitter:card\" content=\"summary_large_image\" \/>\n<meta name=\"twitter:site\" content=\"@ae2serpa\" \/>\n<script type=\"application\/ld+json\" class=\"yoast-schema-graph\">{\"@context\":\"https:\/\/schema.org\",\"@graph\":[{\"@type\":\"WebPage\",\"@id\":\"https:\/\/www.ae2serpa.pt\/index.php\/eleicoes-conselho-geral-2026-2030\/\",\"url\":\"https:\/\/www.ae2serpa.pt\/index.php\/eleicoes-conselho-geral-2026-2030\/\",\"name\":\"Elei\u00e7\u00f5es: Conselho Geral (2026\/2030) - Agrupamento de Escolas n.\u00ba 2 de Serpa\",\"isPartOf\":{\"@id\":\"https:\/\/www.ae2serpa.pt\/#website\"},\"primaryImageOfPage\":{\"@id\":\"https:\/\/www.ae2serpa.pt\/index.php\/eleicoes-conselho-geral-2026-2030\/#primaryimage\"},\"image\":{\"@id\":\"https:\/\/www.ae2serpa.pt\/index.php\/eleicoes-conselho-geral-2026-2030\/#primaryimage\"},\"thumbnailUrl\":\"https:\/\/www.ae2serpa.pt\/wp-content\/uploads\/2021\/07\/PDF-244x300.png\",\"datePublished\":\"2026-04-14T10:31:04+00:00\",\"dateModified\":\"2026-04-14T10:52:32+00:00\",\"breadcrumb\":{\"@id\":\"https:\/\/www.ae2serpa.pt\/index.php\/eleicoes-conselho-geral-2026-2030\/#breadcrumb\"},\"inLanguage\":\"pt-PT\",\"potentialAction\":[{\"@type\":\"ReadAction\",\"target\":[\"https:\/\/www.ae2serpa.pt\/index.php\/eleicoes-conselho-geral-2026-2030\/\"]}]},{\"@type\":\"ImageObject\",\"inLanguage\":\"pt-PT\",\"@id\":\"https:\/\/www.ae2serpa.pt\/index.php\/eleicoes-conselho-geral-2026-2030\/#primaryimage\",\"url\":\"https:\/\/www.ae2serpa.pt\/wp-content\/uploads\/2021\/07\/PDF-e1628017176183.png\",\"contentUrl\":\"https:\/\/www.ae2serpa.pt\/wp-content\/uploads\/2021\/07\/PDF-e1628017176183.png\",\"width\":40,\"height\":49},{\"@type\":\"BreadcrumbList\",\"@id\":\"https:\/\/www.ae2serpa.pt\/index.php\/eleicoes-conselho-geral-2026-2030\/#breadcrumb\",\"itemListElement\":[{\"@type\":\"ListItem\",\"position\":1,\"name\":\"In\u00edcio\",\"item\":\"https:\/\/www.ae2serpa.pt\/\"},{\"@type\":\"ListItem\",\"position\":2,\"name\":\"Elei\u00e7\u00f5es: Conselho Geral (2026\/2030)\"}]},{\"@type\":\"WebSite\",\"@id\":\"https:\/\/www.ae2serpa.pt\/#website\",\"url\":\"https:\/\/www.ae2serpa.pt\/\",\"name\":\"AGRUPAMENTO DE ESCOLAS N.\u00ba 2 DE SERPA\",\"description\":\"Agrupamento de Escolas n.\u00ba 2 de Serpa\",\"publisher\":{\"@id\":\"https:\/\/www.ae2serpa.pt\/#organization\"},\"potentialAction\":[{\"@type\":\"SearchAction\",\"target\":{\"@type\":\"EntryPoint\",\"urlTemplate\":\"https:\/\/www.ae2serpa.pt\/?s={search_term_string}\"},\"query-input\":\"required name=search_term_string\"}],\"inLanguage\":\"pt-PT\"},{\"@type\":\"Organization\",\"@id\":\"https:\/\/www.ae2serpa.pt\/#organization\",\"name\":\"AGRUMANENTO DE ESOLAS N.\u00ba 2 DE SERPA\",\"url\":\"https:\/\/www.ae2serpa.pt\/\",\"logo\":{\"@type\":\"ImageObject\",\"inLanguage\":\"pt-PT\",\"@id\":\"https:\/\/www.ae2serpa.pt\/#\/schema\/logo\/image\/\",\"url\":\"https:\/\/www.ae2serpa.pt\/wp-content\/uploads\/2021\/07\/AE2Serpa_LogoNovo-e1627067148639.png\",\"contentUrl\":\"https:\/\/www.ae2serpa.pt\/wp-content\/uploads\/2021\/07\/AE2Serpa_LogoNovo-e1627067148639.png\",\"width\":250,\"height\":149,\"caption\":\"AGRUMANENTO DE ESOLAS N.\u00ba 2 DE SERPA\"},\"image\":{\"@id\":\"https:\/\/www.ae2serpa.pt\/#\/schema\/logo\/image\/\"},\"sameAs\":[\"https:\/\/www.facebook.com\/AE2Serpa\/\",\"https:\/\/x.com\/ae2serpa\",\"https:\/\/www.instagram.com\/agresc2serpa\/\"]}]}<\/script>\n<!-- \/ Yoast SEO plugin. -->","yoast_head_json":{"title":"Elei\u00e7\u00f5es: Conselho Geral (2026\/2030) - Agrupamento de Escolas n.\u00ba 2 de Serpa","robots":{"index":"index","follow":"follow","max-snippet":"max-snippet:-1","max-image-preview":"max-image-preview:large","max-video-preview":"max-video-preview:-1"},"canonical":"https:\/\/www.ae2serpa.pt\/index.php\/eleicoes-conselho-geral-2026-2030\/","og_locale":"pt_PT","og_type":"article","og_title":"Elei\u00e7\u00f5es: Conselho Geral (2026\/2030) - Agrupamento de Escolas n.\u00ba 2 de Serpa","og_description":"Elei\u00e7\u00e3o dos Representantes Pessoal Docente | Pessoal N\u00e3o Docente | Alunos Documentos Orientadores e de Apoio Calend\u00e1rio dos Procedimentos Eleitorais &#8211; Edital (Abertura dos Procedimentos) &#8211; Regulamento Eleitoral &#8211; Modelos das Listas \u00a0Modelo das Listas dos Alunos &#8211; Modelo das Listas do Pessoal Docente &#8211; Modelo das Listas do Pessoal N\u00e3o Docente &#8211;","og_url":"https:\/\/www.ae2serpa.pt\/index.php\/eleicoes-conselho-geral-2026-2030\/","og_site_name":"Agrupamento de Escolas n.\u00ba 2 de Serpa","article_publisher":"https:\/\/www.facebook.com\/AE2Serpa\/","article_modified_time":"2026-04-14T10:52:32+00:00","og_image":[{"url":"https:\/\/www.ae2serpa.pt\/wp-content\/uploads\/2021\/07\/PDF-244x300.png"}],"twitter_card":"summary_large_image","twitter_site":"@ae2serpa","schema":{"@context":"https:\/\/schema.org","@graph":[{"@type":"WebPage","@id":"https:\/\/www.ae2serpa.pt\/index.php\/eleicoes-conselho-geral-2026-2030\/","url":"https:\/\/www.ae2serpa.pt\/index.php\/eleicoes-conselho-geral-2026-2030\/","name":"Elei\u00e7\u00f5es: Conselho Geral (2026\/2030) - Agrupamento de Escolas n.\u00ba 2 de Serpa","isPartOf":{"@id":"https:\/\/www.ae2serpa.pt\/#website"},"primaryImageOfPage":{"@id":"https:\/\/www.ae2serpa.pt\/index.php\/eleicoes-conselho-geral-2026-2030\/#primaryimage"},"image":{"@id":"https:\/\/www.ae2serpa.pt\/index.php\/eleicoes-conselho-geral-2026-2030\/#primaryimage"},"thumbnailUrl":"https:\/\/www.ae2serpa.pt\/wp-content\/uploads\/2021\/07\/PDF-244x300.png","datePublished":"2026-04-14T10:31:04+00:00","dateModified":"2026-04-14T10:52:32+00:00","breadcrumb":{"@id":"https:\/\/www.ae2serpa.pt\/index.php\/eleicoes-conselho-geral-2026-2030\/#breadcrumb"},"inLanguage":"pt-PT","potentialAction":[{"@type":"ReadAction","target":["https:\/\/www.ae2serpa.pt\/index.php\/eleicoes-conselho-geral-2026-2030\/"]}]},{"@type":"ImageObject","inLanguage":"pt-PT","@id":"https:\/\/www.ae2serpa.pt\/index.php\/eleicoes-conselho-geral-2026-2030\/#primaryimage","url":"https:\/\/www.ae2serpa.pt\/wp-content\/uploads\/2021\/07\/PDF-e1628017176183.png","contentUrl":"https:\/\/www.ae2serpa.pt\/wp-content\/uploads\/2021\/07\/PDF-e1628017176183.png","width":40,"height":49},{"@type":"BreadcrumbList","@id":"https:\/\/www.ae2serpa.pt\/index.php\/eleicoes-conselho-geral-2026-2030\/#breadcrumb","itemListElement":[{"@type":"ListItem","position":1,"name":"In\u00edcio","item":"https:\/\/www.ae2serpa.pt\/"},{"@type":"ListItem","position":2,"name":"Elei\u00e7\u00f5es: Conselho Geral (2026\/2030)"}]},{"@type":"WebSite","@id":"https:\/\/www.ae2serpa.pt\/#website","url":"https:\/\/www.ae2serpa.pt\/","name":"AGRUPAMENTO DE ESCOLAS N.\u00ba 2 DE SERPA","description":"Agrupamento de Escolas n.\u00ba 2 de Serpa","publisher":{"@id":"https:\/\/www.ae2serpa.pt\/#organization"},"potentialAction":[{"@type":"SearchAction","target":{"@type":"EntryPoint","urlTemplate":"https:\/\/www.ae2serpa.pt\/?s={search_term_string}"},"query-input":"required name=search_term_string"}],"inLanguage":"pt-PT"},{"@type":"Organization","@id":"https:\/\/www.ae2serpa.pt\/#organization","name":"AGRUMANENTO DE ESOLAS N.\u00ba 2 DE SERPA","url":"https:\/\/www.ae2serpa.pt\/","logo":{"@type":"ImageObject","inLanguage":"pt-PT","@id":"https:\/\/www.ae2serpa.pt\/#\/schema\/logo\/image\/","url":"https:\/\/www.ae2serpa.pt\/wp-content\/uploads\/2021\/07\/AE2Serpa_LogoNovo-e1627067148639.png","contentUrl":"https:\/\/www.ae2serpa.pt\/wp-content\/uploads\/2021\/07\/AE2Serpa_LogoNovo-e1627067148639.png","width":250,"height":149,"caption":"AGRUMANENTO DE ESOLAS N.\u00ba 2 DE SERPA"},"image":{"@id":"https:\/\/www.ae2serpa.pt\/#\/schema\/logo\/image\/"},"sameAs":["https:\/\/www.facebook.com\/AE2Serpa\/","https:\/\/x.com\/ae2serpa","https:\/\/www.instagram.com\/agresc2serpa\/"]}]}},"_links":{"self":[{"href":"https:\/\/www.ae2serpa.pt\/index.php\/wp-json\/wp\/v2\/pages\/10460"}],"collection":[{"href":"https:\/\/www.ae2serpa.pt\/index.php\/wp-json\/wp\/v2\/pages"}],"about":[{"href":"https:\/\/www.ae2serpa.pt\/index.php\/wp-json\/wp\/v2\/types\/page"}],"author":[{"embeddable":true,"href":"https:\/\/www.ae2serpa.pt\/index.php\/wp-json\/wp\/v2\/users\/5"}],"replies":[{"embeddable":true,"href":"https:\/\/www.ae2serpa.pt\/index.php\/wp-json\/wp\/v2\/comments?post=10460"}],"version-history":[{"count":16,"href":"https:\/\/www.ae2serpa.pt\/index.php\/wp-json\/wp\/v2\/pages\/10460\/revisions"}],"predecessor-version":[{"id":10477,"href":"https:\/\/www.ae2serpa.pt\/index.php\/wp-json\/wp\/v2\/pages\/10460\/revisions\/10477"}],"wp:attachment":[{"href":"https:\/\/www.ae2serpa.pt\/index.php\/wp-json\/wp\/v2\/media?parent=10460"}],"curies":[{"name":"wp","href":"https:\/\/api.w.org\/{rel}","templated":true}]}}